{"id":100,"date":"2012-05-11T03:59:36","date_gmt":"2012-05-11T03:59:36","guid":{"rendered":"http:\/\/portalcgm.riobranco.ac.gov.br\/lai\/gabinete-militar\/"},"modified":"2024-01-09T15:53:10","modified_gmt":"2024-01-09T20:53:10","slug":"gabinete-militar","status":"publish","type":"page","link":"https:\/\/cgm.riobranco.ac.gov.br\/lai\/institucional\/gabinete-militar\/","title":{"rendered":"GABINETE MILITAR &#8211; GABMIL"},"content":{"rendered":"<hr \/>\n<p style=\"text-align: justify;\">Endere\u00e7o:\u00a0Rua Rui Barbosa, 285, Centro &#8211;\u00a0CEP:\u00a069.900-120<\/p>\n<p style=\"text-align: justify;\">E-mail:\u00a0<a href=\"mailto:gabmil.prefeitura@gmail.com\">gabmil.prefeitura@gmail.com<\/a><\/p>\n<p style=\"text-align: justify;\">Telefones: (68) 3212-7128<\/p>\n<p style=\"text-align: justify;\">Hor\u00e1rio de Funcionamento:\u00a007:00 \u00e0s 14:00 (DECRETO N\u00ba 2.010 DE 20 DE DEZEMBRO DE 2023)<\/p>\n<hr \/>\n<p style=\"text-align: justify;\">CHEFIA DE\u00a0GABINETE MILITAR<\/p>\n<p style=\"text-align: justify;\"><a href=\"https:\/\/cgm.riobranco.ac.gov.br\/lai\/wp-content\/uploads\/2012\/05\/gabmil.jpg\"><img loading=\"lazy\" decoding=\"async\" class=\"alignnone size-medium wp-image-3708\" src=\"https:\/\/cgm.riobranco.ac.gov.br\/lai\/wp-content\/uploads\/2012\/05\/gabmil-300x200.jpg\" alt=\"gabmil\" width=\"300\" height=\"200\" srcset=\"https:\/\/cgm.riobranco.ac.gov.br\/lai\/wp-content\/uploads\/2012\/05\/gabmil-300x200.jpg 300w, https:\/\/cgm.riobranco.ac.gov.br\/lai\/wp-content\/uploads\/2012\/05\/gabmil-1024x683.jpg 1024w, https:\/\/cgm.riobranco.ac.gov.br\/lai\/wp-content\/uploads\/2012\/05\/gabmil.jpg 1620w\" sizes=\"auto, (max-width: 300px) 100vw, 300px\" \/><\/a><\/p>\n<p style=\"text-align: justify;\"><strong>EZEQUIEL DE OLIVEIRA BINO<\/strong><\/p>\n<p style=\"text-align: justify;\">E-mail:\u00a0<a href=\"mailto:ezequiel.bino@riobranco.ac.gov.br\">ezequiel.bino@riobranco.ac.gov.br<\/a><\/p>\n<p style=\"text-align: justify;\">Ezequiel de Oliveira Bino ou Coronel PM Bino, nasceu em Brasil\u00e9ia &#8211; AC e reside em Rio Branco desde 1994. \u00c9 casado com Kelly Christine Fontenele Gouveia, com quem tem uma filha: Isabel Gouveia Bino, 16 anos. Tamb\u00e9m\u00a0\u00e9 pai de Ant\u00f4nio\u00a0Vitor Bino, 20 anos. \u00c9 Coronel da Pol\u00edcia\u00a0Militar da Acre, onde foi Corregedor Geral, Comandante Geral e Comandante de algumas\u00a0das mais importantes unidades operacionais.<\/p>\n<p>&nbsp;<\/p>\n<p>CHEFIA DE GABINETE<\/p>\n<p><strong>DJENANE COSTA ARA\u00daJO FREITAS<\/strong><\/p>\n<p>E-mail: <a href=\"mailto:nane.caf@gmail.com\">nane.caf@gmail.com<\/a><\/p>\n<p>Telefone: (68) 3212-7128<\/p>\n<p>&nbsp;<\/p>\n<hr \/>\n<p style=\"text-align: justify;\">Arquivos para Download<\/p>\n<p style=\"text-align: justify;\"><strong><a href=\"https:\/\/cgm.riobranco.ac.gov.br\/lai\/wp-content\/uploads\/2012\/05\/GABMIL-COMPET\u00caNCIA.pdf\" target=\"_blank\">GABMIL &#8211; COMPET\u00caNCIAS<\/a><\/strong><\/p>\n<hr \/>\n<p style=\"text-align: justify;\">Estrutura Organizacional<\/p>\n<p style=\"text-align: justify;\"><strong><a href=\"https:\/\/cgm.riobranco.ac.gov.br\/lai\/wp-content\/uploads\/2012\/05\/DECRETO-N\u00ba-036-2019-Estrutura-Adm.-GABMIL.pdf\" target=\"_blank\">DECRETO N\u00ba 036 DE 16 DE JANEIRO DE 2019<\/a><\/strong><\/p>\n<p style=\"text-align: justify;\">\u201cEstabelece a Estrutura Organizacional B\u00e1sica do Gabinete Militar \u2013 GABMIL.\u201d<\/p>\n<p style=\"text-align: justify;\"><a href=\"https:\/\/cgm.riobranco.ac.gov.br\/lai\/wp-content\/uploads\/2012\/05\/DECRETO-N\u00ba-701-2013-Estrutura\u00e7\u00e3o-Gabinete-Militar-GABMIL.pdf\" target=\"_blank\"><strong>DECRETO N\u00ba 701 DE 11 DE MAR\u00c7O DE 2013<\/strong><\/a>\u00a0<span style=\"color: #ff0000;\">(Revogado)<\/span><\/p>\n<p style=\"text-align: justify;\">&#8220;Estabelece a Estrutura Organizacional B\u00e1sica do Gabinete Militar.&#8221;<\/p>\n<hr \/>\n<p style=\"text-align: justify;\">Arquivos para Download<\/p>\n<p style=\"text-align: justify;\"><strong><a href=\"https:\/\/cgm.riobranco.ac.gov.br\/lai\/wp-content\/uploads\/2012\/05\/DECRETO-N\u00ba-1926-2023-Aprova-o-Regimento-Interno-do-Conselho-Municipal-de-Seguran\u00e7a-P\u00fablica-e-Defesa-Social.pdf\" target=\"_blank\">DECRETO N\u00ba 1.926 DE 05 DE DEZEMBRO DE 2023<\/a><\/strong><\/p>\n<p style=\"text-align: justify;\">\u201cAprova o Regimento Interno do Conselho Municipal de Seguran\u00e7a P\u00fablica e Defesa Social e d\u00e1 outras provid\u00eancias\u201d<\/p>\n<p style=\"text-align: justify;\"><strong><a href=\"https:\/\/cgm.riobranco.ac.gov.br\/lai\/wp-content\/uploads\/2012\/05\/LEI-COMPLEMENTAR-N\u00ba-208-DE-09.01.2023-Disp\u00f5e-sobre-o-Conselho-Municipal-de-Seguran\u00e7a-P\u00fablica-e-Defesa-Social.pdf\" target=\"_blank\">LEI COMPLEMENTAR N\u00ba 208 DE 09 DE JANEIRO DE 2023<\/a><\/strong><\/p>\n<p style=\"text-align: justify;\">\u201cDisp\u00f5e sobre o Conselho Municipal de Seguran\u00e7a P\u00fablica e Defesa Social d\u00e1 outras provid\u00eancias\u201d.<\/p>\n<p style=\"text-align: justify;\"><strong><a href=\"https:\/\/cgm.riobranco.ac.gov.br\/lai\/wp-content\/uploads\/2012\/05\/2022-LEI-COMPLEMENTAR-N\u00ba-175-DE-25.07.2022-Institui-a-Pol\u00edtica-Municipal-de-preven\u00e7\u00e3o-combate-ao-furto-roubo-e-recep\u00e7\u00e3o-de-cabos-e-fios.pdf\" target=\"_blank\">LEI COMPLEMENTAR N\u00ba 175 DE 25 DE JULHO DE 2022<\/a><\/strong><\/p>\n<p style=\"text-align: justify;\">\u201cInstitui a Pol\u00edtica Municipal de preven\u00e7\u00e3o, combate ao furto, roubo e recepta\u00e7\u00e3o de cabos, fios met\u00e1licos, geradores, baterias, transformadores, motores, placas met\u00e1licas, l\u00e2mpadas de LED, lumin\u00e1rias, placas fotovoltaicas e itens equivalentes, bem como, equipamentos, eletroeletr\u00f4nicos, eletrodom\u00e9sticos e afins que contenham em suas pe\u00e7as e componentes os materiais descritos acima, e disciplina no Munic\u00edpio o com\u00e9rcio desse material por pessoas f\u00edsicas e jur\u00eddicas, qualquer que seja a sua forma de apresenta\u00e7\u00e3o, e d\u00e1 outras provid\u00eancias\u201d.<\/p>\n<p style=\"text-align: justify;\"><strong><a href=\"https:\/\/cgm.riobranco.ac.gov.br\/lai\/wp-content\/uploads\/2012\/05\/2017-LEI-N\u00ba-2.270-de-20-de-dezembro-de-2017-Institui-o-Programa-Municipal-de-Seguran\u00e7a-Aqu\u00e1tica-do-Munic\u00edpio-de-Rio-Branco.pdf\" target=\"_blank\">LEI N\u00ba 2.270 DE 20 DE DEZEMBRO DE 2017<\/a><\/strong><\/p>\n<p style=\"text-align: justify;\">&#8220;Institui o Programa Municipal de Seguran\u00e7a Aqu\u00e1tica do Munic\u00edpio de Rio Branco e d\u00e1 outras provid\u00eancias&#8221;.<\/p>\n<p style=\"text-align: justify;\"><strong><a href=\"https:\/\/cgm.riobranco.ac.gov.br\/lai\/wp-content\/uploads\/2012\/05\/LEI-N\u00ba-1.559-de-08.12.2005-Cria\u00e7\u00e3o-da-Junta-do-Servi\u00e7o-Militar.pdf\" target=\"_blank\">LEI N\u00ba 1.559 DE 08 DE DEZEMBRO DE 2005<\/a><\/strong><\/p>\n<p style=\"text-align: justify;\">\u201cDisp\u00f5e sobre a cria\u00e7\u00e3o e instala\u00e7\u00e3o da Junta de Servi\u00e7o Militar na estrutura administrativa do Poder Executivo Municipal\u201d.<\/p>\n<p style=\"text-align: justify;\"><strong><a href=\"https:\/\/cgm.riobranco.ac.gov.br\/lai\/wp-content\/uploads\/2012\/05\/NT-03-DSM-NORMAS-T\u00c9CNICAS-PARA-O-FUNCIONAMENTO-DA-JUNTAS-DE-SERVI\u00c7O-MILITAR.pdf\" target=\"_blank\">NT 03-DSM &#8211; NORMAS T\u00c9CNICAS PARA O FUNCIONAMENTO DA JUNTAS DE SERVI\u00c7O MILITAR<\/a><\/strong><\/p>\n","protected":false},"excerpt":{"rendered":"<p>Endere\u00e7o:\u00a0Rua Rui Barbosa, 285, Centro &#8211;\u00a0CEP:\u00a069.900-120 E-mail:\u00a0gabmil.prefeitura@gmail.com Telefones: (68) 3212-7128 Hor\u00e1rio de Funcionamento:\u00a007:00 \u00e0s 14:00 (DECRETO N\u00ba 2.010 DE 20 DE DEZEMBRO DE 2023) CHEFIA DE\u00a0GABINETE MILITAR EZEQUIEL DE OLIVEIRA BINO E-mail:\u00a0ezequiel.bino@riobranco.ac.gov.br Ezequiel de Oliveira Bino ou Coronel PM Bino, nasceu em Brasil\u00e9ia &#8211; AC e reside em Rio Branco desde 1994. \u00c9 casado com [&hellip;]<\/p>\n","protected":false},"author":2,"featured_media":0,"parent":12,"menu_order":6,"comment_status":"open","ping_status":"open","template":"","meta":{"footnotes":""},"class_list":["post-100","page","type-page","status-publish","hentry"],"_links":{"self":[{"href":"https:\/\/cgm.riobranco.ac.gov.br\/lai\/wp-json\/wp\/v2\/pages\/100","targetHints":{"allow":["GET"]}}],"collection":[{"href":"https:\/\/cgm.riobranco.ac.gov.br\/lai\/wp-json\/wp\/v2\/pages"}],"about":[{"href":"https:\/\/cgm.riobranco.ac.gov.br\/lai\/wp-json\/wp\/v2\/types\/page"}],"author":[{"embeddable":true,"href":"https:\/\/cgm.riobranco.ac.gov.br\/lai\/wp-json\/wp\/v2\/users\/2"}],"replies":[{"embeddable":true,"href":"https:\/\/cgm.riobranco.ac.gov.br\/lai\/wp-json\/wp\/v2\/comments?post=100"}],"version-history":[{"count":51,"href":"https:\/\/cgm.riobranco.ac.gov.br\/lai\/wp-json\/wp\/v2\/pages\/100\/revisions"}],"predecessor-version":[{"id":5530,"href":"https:\/\/cgm.riobranco.ac.gov.br\/lai\/wp-json\/wp\/v2\/pages\/100\/revisions\/5530"}],"up":[{"embeddable":true,"href":"https:\/\/cgm.riobranco.ac.gov.br\/lai\/wp-json\/wp\/v2\/pages\/12"}],"wp:attachment":[{"href":"https:\/\/cgm.riobranco.ac.gov.br\/lai\/wp-json\/wp\/v2\/media?parent=100"}],"curies":[{"name":"wp","href":"https:\/\/api.w.org\/{rel}","templated":true}]}}