{"id":104,"date":"2012-05-11T15:29:29","date_gmt":"2012-05-11T15:29:29","guid":{"rendered":"http:\/\/portalcgm.riobranco.ac.gov.br\/lai\/secretaria-de-financas\/"},"modified":"2024-01-22T15:28:08","modified_gmt":"2024-01-22T20:28:08","slug":"secretaria-de-financas","status":"publish","type":"page","link":"https:\/\/cgm.riobranco.ac.gov.br\/lai\/institucional\/secretaria-de-financas\/","title":{"rendered":"SECRETARIA MUNICIPAL DE FINAN\u00c7AS &#8211; SEFIN"},"content":{"rendered":"<hr \/>\n<p>Endere\u00e7o:\u00a0Rua Rui Barbosa, 285, Centro &#8211; CEP:\u00a069.900-901<\/p>\n<p>E-mail:\u00a0<a href=\"mailto:gabinete.sefin@riobranco.ac.gov.br\">gabinete.sefin@riobranco.ac.gov.br<\/a><\/p>\n<p>Telefone: (68) 3212-7026<\/p>\n<p>Hor\u00e1rio de Funcionamento:\u00a007:00 \u00e0s 14:00 (DECRETO N\u00ba 2.010 DE 20 DE DEZEMBRO DE 2023)<\/p>\n<hr \/>\n<p>SECRET\u00c1RIO MUNICIPAL DE FINAN\u00c7AS &#8211; SEFIN<\/p>\n<p><strong><a href=\"https:\/\/cgm.riobranco.ac.gov.br\/lai\/wp-content\/uploads\/2012\/05\/SEFIN.jpg\"><img loading=\"lazy\" decoding=\"async\" class=\"alignnone size-medium wp-image-4560\" src=\"https:\/\/cgm.riobranco.ac.gov.br\/lai\/wp-content\/uploads\/2012\/05\/SEFIN-292x300.jpg\" alt=\"sefin\" width=\"292\" height=\"300\" \/><\/a><\/strong><\/p>\n<p><strong>WILSON JOS\u00c9 DAS CHAGAS SENA LEITE<\/strong><\/p>\n<p>E-mail:\u00a0<a href=\"mailto:wilson.leite@riobranco.ac.gov.br\" target=\"_blank\">wilson.leite@riobranco.ac.gov.br<\/a><\/p>\n<p>SECRET\u00c1RIO ADJUNTO DE RECEITAS<\/p>\n<p><strong>FLAVIANE AGUSTINI STEDILLE<\/strong><\/p>\n<p>E-mail:\u00a0<a href=\"mailto:flaviane.stedille@riobranco.ac.gov.br\" target=\"_blank\">flaviane.stedille@riobranco.ac.gov.br<\/a><\/p>\n<p>&nbsp;<\/p>\n<p>CHEFIA DE GABINETE<\/p>\n<p><strong>ELZIRA MARIA RODRIGUES REIS<\/strong><\/p>\n<p>E-mail: <a href=\"mailto:elzira.reis@riobranco.ac.gov.br\" target=\"_blank\">elzira.reis@riobranco.ac.gov.br<\/a><\/p>\n<p>Telefone:\u00a0(68) 3212-7026<\/p>\n<p>&nbsp;<\/p>\n<p>UNIDADE DE CONTROLE INTERNO &#8211; UCI\/SEFIN<\/p>\n<p><strong>IANN\u00c1 KARINA BIANCARDI DE SOUZA NAUA<\/strong><\/p>\n<p>E-mail:\u00a0<a href=\"mailto:ianna.naua@riobranco.ac.gov.br\" target=\"_blank\">ianna.naua@riobranco.ac.gov.br<\/a><\/p>\n<p>&nbsp;<\/p>\n<p>DIRETORIA DE CONTABILIDADE &#8211; DICON<\/p>\n<p><strong>CARLOS F\u00c1BIO ALVES MONTEIRO PEREIRA<\/strong><\/p>\n<p>E-mail: <a href=\"mailto:carlos.monenterio@riobranco.ac.gov.br\" target=\"_blank\">carlos.pereira@<\/a><a href=\"mailto:carlos.monenterio@riobranco.ac.gov.br\" target=\"_blank\">riobranco.ac.gov.br<\/a><\/p>\n<p>Telefone:\u00a0(68) 3212-7115<\/p>\n<p>&nbsp;<\/p>\n<hr \/>\n<p>Arquivos para Download<\/p>\n<p><strong><a href=\"https:\/\/cgm.riobranco.ac.gov.br\/lai\/wp-content\/uploads\/2012\/05\/SEFIN-COMPET\u00caNCIA.pdf\" target=\"_blank\">SEFIN &#8211; COMPET\u00caNCIAS<\/a><\/strong><\/p>\n<p><strong><a href=\"\/lai\/wp-content\/uploads\/images\/ARQUIVOS\/08_Financas\/Centros_de_Atendimento_ao_Cidad\u00e3o_-_CAC.pdf\" target=\"_blank\">Centro de Atendimento ao Cidad\u00e3o &#8211; CAC<\/a><\/strong><\/p>\n<hr \/>\n<p>Estrutura Administrativa<\/p>\n<p><strong><a href=\"https:\/\/cgm.riobranco.ac.gov.br\/lai\/wp-content\/uploads\/2012\/05\/DECRETO-N\u00ba-131-2022-Estrutura-Organizacional-da-SEFIN.pdf\" target=\"_blank\">DECRETO N\u00ba 131 DE 10 DE FEVEREIRO DE 2022<\/a><\/strong><\/p>\n<p>\u201cEstabelece a Estrutura Organizacional B\u00e1sica da Secretaria Municipal de Finan\u00e7as &#8211; SEFIN.\u201d<\/p>\n<p><strong><a href=\"https:\/\/cgm.riobranco.ac.gov.br\/lai\/wp-content\/uploads\/2012\/05\/DECRETO-N\u00ba-043-2019-Estrutura-Adm.-SEFIN.pdf\" target=\"_blank\">DECRETO N\u00ba 043 DE 16 DE JANEIRO DE 2019<\/a><\/strong><\/p>\n<p>\u201cEstabelece a Estrutura Organizacional B\u00e1sica da Secretaria Municipal de Finan\u00e7as &#8211; SEFIN.\u201d<\/p>\n<p><strong><a href=\"https:\/\/cgm.riobranco.ac.gov.br\/lai\/wp-content\/uploads\/2012\/05\/DECRETO-N\u00ba-705-2013-Estrutura\u00e7\u00e3o-Secretaria-Municipal-de-Desenvolvimento-Econ\u00f4mico-e-Finan\u00e7as-SEFIN.pdf\" target=\"_blank\">DECRETO N\u00ba 705 DE 11 DE MAR\u00c7O DE 2013<\/a>\u00a0<\/strong><span style=\"color: #ff0000;\">(Revogado)<\/span><\/p>\n<p>&#8220;Estabelece a Estrutura Organizacional B\u00e1sica da Secretaria Municipal de Desenvolvimento Econ\u00f4mico e Finan\u00e7as &#8211; SEFIN.&#8221;<\/p>\n<hr \/>\n<p style=\"text-align: justify;\">Arquivos para Download<\/p>\n<p style=\"text-align: justify;\"><strong><a href=\"https:\/\/cgm.riobranco.ac.gov.br\/lai\/wp-content\/uploads\/2012\/05\/DECRETO-N\u00ba-040-2024-Cria\u00e7\u00e3o-da-Sala-do-Empreendedor.pdf\" target=\"_blank\">DECRETO N\u00ba 040 DE 09 DE JANEIRO DE 2024<\/a><\/strong><\/p>\n<p style=\"text-align: justify;\">\u201cDisp\u00f5e sobre a cria\u00e7\u00e3o da Sala do Empreendedor e d\u00e1 outras provid\u00eancias.&#8221;<\/p>\n<p style=\"text-align: justify;\"><strong><a href=\"https:\/\/cgm.riobranco.ac.gov.br\/lai\/wp-content\/uploads\/2012\/05\/DECRETO-N\u00ba-1880-2023-Disp\u00f5e-sobre-a-reten\u00e7\u00e3o-de-Imposto-de-Renda-na-Fonte-nos-pagamentos-a-fornecedores.pdf\" target=\"_blank\">DECRETO N\u00ba 1.880 DE 28 DE NOVEMBRO DE 2023<\/a><\/strong><\/p>\n<p style=\"text-align: justify;\">\u201cDisp\u00f5e sobre a reten\u00e7\u00e3o de Imposto de Renda (IR) na Fonte nos pagamentos a fornecedores por \u00d3rg\u00e3os e Entidades da Administra\u00e7\u00e3o Direta e Indireta e d\u00e1 outras provid\u00eancias\u201d.<\/p>\n<p style=\"text-align: justify;\"><strong><a href=\"https:\/\/cgm.riobranco.ac.gov.br\/lai\/wp-content\/uploads\/2012\/05\/LEI-COMPLEMENTAR-N\u00ba-228-DE-04.07.2023-Institui-o-Domic\u00edlio-Tribut\u00e1rio-Eletr\u00f4nico-\u2013-DT-e-no-Munic\u00edpio-de-Rio-Branco.pdf\" target=\"_blank\">LEI COMPLEMENTAR N\u00ba 228 DE 04 DE JULHO DE 2023<\/a><\/strong><\/p>\n<p style=\"text-align: justify;\">\u201cInstitui o Domic\u00edlio Tribut\u00e1rio Eletr\u00f4nico \u2013 DT-e no Munic\u00edpio de Rio Branco e d\u00e1 outras provid\u00eancias\u201d.<\/p>\n<p style=\"text-align: justify;\"><strong><a href=\"https:\/\/cgm.riobranco.ac.gov.br\/lai\/wp-content\/uploads\/2012\/05\/PORTARIA-N\u00ba-007-2023-SIAFIC-DOE.pdf\" target=\"_blank\">PORTARIA N\u00ba 07, DE 6 DE FEVEREIRO DE 2023<\/a><\/strong>\u00a0&#8211; DOE<\/p>\n<p style=\"text-align: justify;\">&#8220;Fica institu\u00edda a Comiss\u00e3o Especial para Elabora\u00e7\u00e3o de Plano de A\u00e7\u00e3o para implementa\u00e7\u00e3o do SIAFIC composta pelos seguintes \u00f3rg\u00e3os.&#8221;<\/p>\n<p style=\"text-align: left;\"><strong><a href=\"https:\/\/cgm.riobranco.ac.gov.br\/lai\/wp-content\/uploads\/2012\/05\/DECRETO-N\u00ba-101-2023-Regulamenta-o-padr\u00e3o-m\u00ednimo-de-qualidade-do-Financeira-e-Controle-SIAFIC.pdf\" target=\"_blank\">DECRETO N\u00ba 101 DE 31 DE JANEIRO DE 2023<\/a><\/strong><\/p>\n<p style=\"text-align: justify;\">\u201cDisp\u00f5e sobre o cumprimento do Decreto Federal n\u00ba 10.540\/2020, que regulamenta o padr\u00e3o m\u00ednimo de qualidade do Sistema \u00danico e Integrado de Execu\u00e7\u00e3o Or\u00e7ament\u00e1ria, Administra\u00e7\u00e3o Financeira e Controle (SIAFIC) e d\u00e1 outras provid\u00eancias\u201d.<\/p>\n<p style=\"text-align: justify;\"><strong><a href=\"https:\/\/cgm.riobranco.ac.gov.br\/lai\/wp-content\/uploads\/2012\/05\/DECRETO-N\u00ba-1229-2022-Regulamenta-a-substitui\u00e7\u00e3o-autom\u00e1tica-de-ocupantes-dos-cargos-de-dire\u00e7\u00e3o-da-SEFIN.pdf\" target=\"_blank\">DECRETO N\u00ba 1.229 DE 19 DE AGOSTO DE 2022<\/a><\/strong><\/p>\n<p style=\"text-align: justify;\">\u201cRegulamenta a substitui\u00e7\u00e3o de ocupante de cargo ou fun\u00e7\u00e3o de dire\u00e7\u00e3o ou chefia dos titulares de unidades administrativas no \u00e2mbito da Secretaria Municipal de Finan\u00e7as -SEFIN.&#8221;<\/p>\n<p style=\"text-align: justify;\"><strong><a href=\"https:\/\/cgm.riobranco.ac.gov.br\/portal\/wp-content\/uploads\/2013\/10\/LEI-COMPLEMENTAR-N%C2%BA-176-de-25.07.2022-Altera-a-Lei-Complementar-N%C2%BA-33-2017-Lei-Geral-da-Fiscaliza%C3%A7%C3%A3o.pdf\" target=\"_blank\">LEI COMPLEMENTAR N\u00ba 176 DE 25 DE JULHO DE 2022<\/a><\/strong><\/p>\n<p style=\"text-align: justify;\">\u201cAltera a Lei Complementar n\u00b0 33, de 14 de dezembro de 2017\u201d.<\/p>\n<p style=\"text-align: justify;\"><strong><a href=\"https:\/\/cgm.riobranco.ac.gov.br\/lai\/wp-content\/uploads\/2012\/05\/DECRETO-N\u00ba-1040-2022-Regulamenta-a-Lei-Complementar-n\u00ba-033-2017-Carteira-de-Identidade-Funcional-dos-Auditores-Fiscais.pdf\" target=\"_blank\">DECRETO N\u00ba 1.040 DE 04 DE JULHO DE 2022<\/a><\/strong><\/p>\n<p style=\"text-align: justify;\">\u201cRegulamenta o inciso I, do art. 41 da Lei Complementar Municipal n\u00b033, de 14 de dezembro de 2017, para instituir a Carteira de Identidade Funcional dos Auditores Fiscais do Munic\u00edpio de Rio Branco.\u201d<\/p>\n<p style=\"text-align: justify;\"><strong><a href=\"https:\/\/cgm.riobranco.ac.gov.br\/lai\/wp-content\/uploads\/2012\/05\/2021-DECRETO-N\u00ba-1712-2021-Regulamenta-a-Declara\u00e7\u00e3o-Eletr\u00f4nica-de-Servi\u00e7os-de-Institui\u00e7\u00f5es-Financeiras-DES-IF.pdf\" target=\"_blank\">DECRETO N\u00ba 1.712 DE 23 DE DEZEMBRO DE 2021<\/a><\/strong><\/p>\n<p style=\"text-align: justify;\">\u201cRegulamenta a Declara\u00e7\u00e3o Eletr\u00f4nica de Servi\u00e7os de Institui\u00e7\u00f5es Financeiras &#8211; DESIF e d\u00e1 novas provid\u00eancias.\u201d<\/p>\n<p style=\"text-align: justify;\"><strong><a href=\"https:\/\/cgm.riobranco.ac.gov.br\/lai\/wp-content\/uploads\/2012\/05\/SEFIN-INSTRU\u00c7\u00c3O-NORMATIVA-N\u00ba-002-DE-01-DE-JULHO-DE-2021-Suprimento-de-Fundos1.pdf\" target=\"_blank\">INSTRU\u00c7\u00c3O NORMATIVA SEFIN N\u00ba 002 DE 01 DE JULHO DE 2021<\/a><\/strong><\/p>\n<p style=\"text-align: justify;\">&#8220;Estabelece procedimentos operacionais para a execu\u00e7\u00e3o de despesas por meio de Suprimento de Fundos, no \u00e2mbito da Administra\u00e7\u00e3o Direta e Indireta do Munic\u00edpio de Rio Branco.&#8221;<\/p>\n<p style=\"text-align: justify;\"><strong><a href=\"https:\/\/cgm.riobranco.ac.gov.br\/lai\/wp-content\/uploads\/2012\/05\/SEFIN-INSTRU\u00c7\u00c3O-NORMATIVA-N\u00ba-001-DE-28-DE-JUNHO-DE-2021-Protesto-de-Certid\u00e3o-de-D\u00edvida-Ativa-CDA.pdf\" target=\"_blank\">INSTRU\u00c7\u00c3O NORMATIVA SEFIN N\u00ba 001 DE 28 DE JUNHO DE 2021<\/a><\/strong><\/p>\n<p style=\"text-align: justify;\">&#8220;Autoriza o Protesto de Certid\u00e3o de D\u00edvida Ativa &#8211; CDA de cr\u00e9ditos tribut\u00e1rios e n\u00e3o tribut\u00e1rios, ajuizados ou n\u00e3o, do Munic\u00edpio de Rio Branco e d\u00e1 outras provid\u00eancias.&#8221;<\/p>\n<p style=\"text-align: justify;\"><strong><a href=\"https:\/\/cgm.riobranco.ac.gov.br\/lai\/wp-content\/uploads\/2012\/05\/SEFIN-PORTARIA-N\u00ba-019-2021-Afastamento.pdf\" target=\"_blank\">SEFIN-PORTARIA N\u00ba 019 DE 19 DE ABRIL DE 2021<\/a><\/strong><\/p>\n<p style=\"text-align: justify;\">&#8220;Os chefes de Divis\u00f5es, em decorr\u00eancia de afastamentos, faltas, folgas, f\u00e9rias, impedimentos, licen\u00e7as e suspei\u00e7\u00f5es, ser\u00e3o substitu\u00eddos automaticamente, sem \u00f4nus para esta municipalidade, de acordo com a seguinte ordem.&#8221;<\/p>\n<p style=\"text-align: justify;\"><strong><a href=\"https:\/\/cgm.riobranco.ac.gov.br\/lai\/wp-content\/uploads\/2012\/05\/SEFIN-SEMSA-SEMEIA-INSTRU\u00c7\u00c3O-NORMATIVA-CONJUNTA-N\u00ba-001-2021-DOE.pdf\" target=\"_blank\">SEFIN-SEMSA-SEMEIA-INSTRU\u00c7\u00c3O NORMATIVA CONJUNTA N\u00ba 001\/2021<\/a><\/strong><\/p>\n<p style=\"text-align: justify;\">&#8220;Disp\u00f5e sobre a classifica\u00e7\u00e3o de risco das atividades econ\u00f4micas em\u00a0baixo risco ou \u201cbaixo risco A\u201d, m\u00e9dio risco ou \u201cbaixo risco B\u201d e Alto Risco para fins de aplica\u00e7\u00e3o pelos auditores fiscais municipais da Prefeitura de Rio Branco\/AC.&#8221;<\/p>\n<p style=\"text-align: justify;\"><strong><a href=\"https:\/\/cgm.riobranco.ac.gov.br\/lai\/wp-content\/uploads\/2012\/05\/SEFIN-INSTRU\u00c7\u00c3O-NORMATIVA-N\u00ba-011-2020.pdf\" target=\"_blank\">INSTRU\u00c7\u00c3O NORMATIVA N\u00ba 011 DE 14 DE OUTUBRO DE 2020<\/a><\/strong><\/p>\n<p style=\"text-align: justify;\">\u201cAltera a Instru\u00e7\u00e3o Normativa n\u00ba 03 de 1\u00ba\/03\/2016, que regulamenta o monitoramento dos contribuintes cadastrados no Munic\u00edpio de Rio Branco\u201d.<\/p>\n<p style=\"text-align: justify;\"><strong><a href=\"https:\/\/cgm.riobranco.ac.gov.br\/lai\/wp-content\/uploads\/2012\/05\/SEFIN-INSTRU\u00c7\u00c3O-NORMATIVA-N\u00ba-010-2020.pdf\" target=\"_blank\">INSTRU\u00c7\u00c3O NORMATIVA N\u00ba 010 DE 04 DE MAIO DE 2020<\/a><\/strong><\/p>\n<p style=\"text-align: justify;\">\u201cAltera a Instru\u00e7\u00e3o Normativa SMDEF n\u00ba 2 de 30\/09\/2015, que regulamenta o ISSQN nos servi\u00e7os de ensino com bolsas de estudos PROUNI e\/ou financiamento estudantil pelo FIES no Munic\u00edpio de Rio Branco\/AC.\u201d<\/p>\n<p style=\"text-align: justify;\"><strong><a href=\"https:\/\/cgm.riobranco.ac.gov.br\/lai\/wp-content\/uploads\/2012\/05\/2019-Lei-N\u00ba-2.330-de-16-de-setembro-de-2019-Disp\u00f5e-sobre-a-obrigatoriedade-do-fornecimento-de-contas-e-carn\u00eas-impressos-em-braile-pelas-empresas.pdf\" target=\"_blank\">LEI N\u00ba 2.330 DE 16 DE SETEMBRO DE 2019<\/a><\/strong><\/p>\n<p style=\"text-align: justify;\">\u201cDisp\u00f5e sobre a obrigatoriedade do fornecimento de contas e carn\u00eas impressos em braile pelas empresas concession\u00e1rias prestadoras de servi\u00e7os p\u00fablicos e demais \u00f3rg\u00e3os a servi\u00e7o da Administra\u00e7\u00e3o P\u00fablica do Munic\u00edpio de Rio Branco e d\u00e1 outras provid\u00eancias.\u201d<\/p>\n<p style=\"text-align: justify;\"><strong><a href=\"https:\/\/cgm.riobranco.ac.gov.br\/lai\/wp-content\/uploads\/2012\/05\/SEFIN-IN-N\u00ba-009-2019-Normas-aplic\u00e1veis-ao-Processo-de-ITBI-DOE.pdf\" target=\"_blank\">INSTRU\u00c7\u00c3O NORMATIVA N\u00ba 009 DE 21 DE MAIO DE 2019<\/a><\/strong><\/p>\n<p style=\"text-align: justify;\">\u201cDisp\u00f5e sobre as normas aplic\u00e1veis ao Processo de ITBI, e aprova os modelos padronizados de formul\u00e1rios e documentos a serem utilizados no processo.\u201d<\/p>\n<p style=\"text-align: justify;\"><strong><a href=\"https:\/\/cgm.riobranco.ac.gov.br\/lai\/wp-content\/uploads\/2012\/05\/SEFIN-INSTRU\u00c7\u00c3O-NORMATIVA-N\u00ba-008-DE-22-DE-ABRIL-DE-2019-DOE.pdf\" target=\"_blank\">INSTRU\u00c7\u00c3O NORMATIVA N\u00ba 008 DE 22 DE ABRIL DE 2019<\/a><\/strong><\/p>\n<p style=\"text-align: justify;\">\u201cEstabelece normas para a designa\u00e7\u00e3o, instru\u00e7\u00e3o e controle de a\u00e7\u00f5es fiscais relacionadas com os tributos municipais e aprova os modelos padronizados de documentos a serem utilizados nos procedimentos fiscais.\u201d<\/p>\n<p style=\"text-align: justify;\"><strong><a href=\"https:\/\/cgm.riobranco.ac.gov.br\/lai\/wp-content\/uploads\/2012\/05\/SEFIN-IS-N\u00ba-002-2019-Disp\u00f5e-sobre-procedimentos-de-monitoramento-fiscal.pdf\" target=\"_blank\">INSTRU\u00c7\u00c3O DE SERVI\u00c7O N\u00ba 002 DE 22 DE ABRIL DE 2019<\/a><\/strong><\/p>\n<p style=\"text-align: justify;\">\u201cDisp\u00f5e sobre procedimentos de monitoramento fiscal para acompanhamento, controle e avalia\u00e7\u00e3o das obriga\u00e7\u00f5es tribut\u00e1rias dos contribuintes de maior interesse de arrecada\u00e7\u00e3o. \u201d<\/p>\n<p><strong><a href=\"https:\/\/cgm.riobranco.ac.gov.br\/lai\/wp-content\/uploads\/2012\/05\/SEFIN-INSTRU\u00c7\u00c3O-NORMATIVA-N\u00ba-007-DE-13-DE-FEVEREIRO-DE-2019.pdf\" target=\"_blank\">INSTRU\u00c7\u00c3O NORMATIVA N\u00ba 007 DE 13 DE FEVEREIRO DE 2019<\/a><\/strong><\/p>\n<p>\u201cEstabelece procedimentos para a formaliza\u00e7\u00e3o da representa\u00e7\u00e3o fiscal para fins penais, junto ao Minist\u00e9rio P\u00fablico, referente a fatos que configuram, em tese, crimes contra a ordem tribut\u00e1ria.\u201d<\/p>\n<p><strong><a href=\"https:\/\/cgm.riobranco.ac.gov.br\/lai\/wp-content\/uploads\/2012\/05\/SEFIN-IS-N\u00ba-001-2018-Corre\u00e7\u00e3o-do-Cadastro-Imobili\u00e1rio-DOE.pdf\" target=\"_blank\">INSTRU\u00c7\u00c3O DE SERVI\u00c7O N\u00ba 001 DE 30 DE JULHO DE 2018<\/a><\/strong><\/p>\n<p style=\"text-align: justify;\">\u201cDisp\u00f5e sobre procedimentos para corre\u00e7\u00e3o do cadastro imobili\u00e1rio com inconsist\u00eancias na identifica\u00e7\u00e3o dos contribuintes.\u201d<\/p>\n<p style=\"text-align: justify;\"><strong><a href=\"https:\/\/cgm.riobranco.ac.gov.br\/lai\/wp-content\/uploads\/2012\/05\/SEFIN-IN-N\u00ba-006-2018-Instrumentaliza\u00e7\u00e3o-da-Lei-Federal-n\u00ba-13.352-2016-Sal\u00e3o-Parceiro-DOE.pdf\" target=\"_blank\">INSTRU\u00c7\u00c3O NORMATIVA N\u00ba 06 DE 30 DE JULHO DE 2018<\/a><\/strong><\/p>\n<p style=\"text-align: justify;\">\u201cEstabelece as provid\u00eancias necess\u00e1rias \u00e0 instrumentaliza\u00e7\u00e3o da Lei Federal n\u00ba 13.352\/2016 \u2013 \u201cSal\u00e3o Parceiro\u201d<\/p>\n<p style=\"text-align: justify;\"><strong><a href=\"https:\/\/cgm.riobranco.ac.gov.br\/lai\/wp-content\/uploads\/2012\/05\/LEI-COMPLEMENTAR-N\u00ba-33-DE-14.12.2017-Institui-a-Lei-Geral-da-Fiscaliza\u00e7\u00e3o-da-Administra\u00e7\u00e3o-Direta-do-Munic\u00edpio-de-Rio-Branco.pdf\" target=\"_blank\">LEI COMPLEMENTAR N\u00ba 33 DE 14 DE DEZEMBRO DE 2017<\/a><\/strong><\/p>\n<p style=\"text-align: justify;\">\u201cInstitui a Lei Geral da Fiscaliza\u00e7\u00e3o da Administra\u00e7\u00e3o Direta do Munic\u00edpio de Rio Branco.\u201d<\/p>\n<p style=\"text-align: justify;\"><strong><a href=\"https:\/\/cgm.riobranco.ac.gov.br\/lai\/wp-content\/uploads\/2012\/05\/2017-LEI-COMPLEMENTAR-N\u00ba-30-DE-14.12.2017-Institui-a-Lei-Org\u00e2nica-da-Administra\u00e7\u00e3o-Tribut\u00e1ria-do-Munic\u00edpio-de-Rio-Branco.pdf\" target=\"_blank\">LEI COMPLEMENTAR N\u00ba 30 DE 14 DE DEZEMBRO DE 2017<\/a><\/strong><\/p>\n<p style=\"text-align: justify;\">\u201cInstitui a Lei Org\u00e2nica da Administra\u00e7\u00e3o Tribut\u00e1ria do Munic\u00edpio de Rio Branco e d\u00e1 outras provid\u00eancias\u201d.<\/p>\n<p style=\"text-align: justify;\"><strong><a href=\"https:\/\/cgm.riobranco.ac.gov.br\/lai\/wp-content\/uploads\/2012\/05\/SEFIN-IN-N\u00ba-005-2017-Baixa-de-Inscri\u00e7\u00e3o-Municipal-de-Profissional-Aut\u00f4nomo-CMC-DOE.pdf\" target=\"_blank\">INSTRU\u00c7\u00c3O NORMATIVA N\u00ba 005 DE 04 DE OUTUBRO DE 2017<\/a><\/strong><\/p>\n<p style=\"text-align: justify;\">\u201cDisp\u00f5e sobre a desburocratiza\u00e7\u00e3o para a baixa da inscri\u00e7\u00e3o Municipal de Profissional Aut\u00f4nomo \u2013 CMC e d\u00e1 outras provid\u00eancias.\u201d<\/p>\n<p style=\"text-align: justify;\"><strong><a href=\"https:\/\/cgm.riobranco.ac.gov.br\/lai\/wp-content\/uploads\/2012\/05\/SEFIN-IN-N\u00ba-004-2017-Nota-Fiscal-Eletr\u00f4nica-NF-e-DOE.pdf\" target=\"_blank\">INSTRU\u00c7\u00c3O NORMATIVA N\u00ba 004 DE 04 DE OUTUBRO DE 2017<\/a><\/strong><\/p>\n<p style=\"text-align: justify;\">\u201cDisciplina as regras aplic\u00e1veis ao setor de servi\u00e7os de registros p\u00fablicos, cartor\u00e1rios e notariais, a fim de facilitar a apura\u00e7\u00e3o, constitui\u00e7\u00e3o e declara\u00e7\u00e3o do cr\u00e9dito tribut\u00e1rio devido ao Munic\u00edpio de Rio Branco\/Acre e possibilitar o cumprimento dos requisitos para ades\u00e3o e emiss\u00e3o da Nota Fiscal Eletr\u00f4nica \u2013 NFS-e.\u201d<\/p>\n<p style=\"text-align: justify;\"><strong><a href=\"https:\/\/cgm.riobranco.ac.gov.br\/lai\/wp-content\/uploads\/2012\/05\/SEFIN-IN-N\u00ba-003-2016-Monitoramento-dos-contribuintes-cadastrados-no-Munic\u00edpio-DOE.pdf\" target=\"_blank\">INSTRU\u00c7\u00c3O NORMATIVA N\u00ba 003 DE 1\u00ba DE MAR\u00c7O DE 2016<\/a><\/strong><\/p>\n<p style=\"text-align: justify;\">\u201cRegulamenta as atividades de monitoramento dos contribuintes cadastrados no Munic\u00edpio de Rio Branco.\u201d<\/p>\n<p style=\"text-align: justify;\"><strong><a href=\"https:\/\/cgm.riobranco.ac.gov.br\/lai\/wp-content\/uploads\/2012\/05\/2015-LEI-N\u00ba-2.156-de-22-de-Dezembro-de-2015-Autoriza-o-Munic\u00edpio-de-Rio-Branco-no-CIGA.pdf\" target=\"_blank\">LEI N\u00ba 2.156 DE 22 DE DEZEMBRO DE 2015<\/a><\/strong><\/p>\n<p style=\"text-align: justify;\">\u201cAutoriza o ingresso do Munic\u00edpio de Rio Branco no Cons\u00f3rcio de Inform\u00e1tica na Gest\u00e3o P\u00fablica Municipal \u2013 CIGA.\u201d<\/p>\n<p style=\"text-align: justify;\"><strong><a href=\"https:\/\/cgm.riobranco.ac.gov.br\/lai\/wp-content\/uploads\/2012\/05\/SEFIN-IN-N\u00ba-003-2015-PAAIF.pdf\" target=\"_blank\">INSTRU\u00c7\u00c3O NORMATIVA N\u00ba 003 DE 08 DE OUTUBRO DE 2015<\/a><\/strong><\/p>\n<p style=\"text-align: justify;\">&#8220;Disciplina o rito do Processo Administrativo de Apura\u00e7\u00e3o das Infra\u00e7\u00f5es de Fornecedores &#8211; PAAIF e o procedimento para aplica\u00e7\u00e3o de san\u00e7\u00f5es administrativas de natureza pecuni\u00e1ria ou restritiva de direitos ao fornecedor, de que trata o Decreto n\u00ba 1.127 de 12 de setembro de 2014.&#8221;<\/p>\n<p style=\"text-align: justify;\"><strong><a href=\"https:\/\/cgm.riobranco.ac.gov.br\/lai\/wp-content\/uploads\/2012\/05\/SEFIN-IN-N\u00ba-002-2015-Licita\u00e7\u00e3o-evitar-propostas-inexequ\u00edveis-DOE.pdf\" target=\"_blank\">INSTRU\u00c7\u00c3O NORMATIVA N\u00ba 002 DE 11 DE JUNHO DE 2015<\/a><\/strong><\/p>\n<p style=\"text-align: justify;\">\u201cDetermina no \u00e2mbito da Secretaria Municipal de Desenvolvimento Econ\u00f4mico e Finan\u00e7as, o procedimento e julgamento das propostas de licita\u00e7\u00e3o para execu\u00e7\u00e3o de obras e servi\u00e7os de engenharia, a fim de evitar propostas inexequ\u00edveis.\u201d<\/p>\n<p style=\"text-align: justify;\"><strong><a href=\"https:\/\/cgm.riobranco.ac.gov.br\/lai\/wp-content\/uploads\/2012\/05\/SEFIN-INSTRU\u00c7\u00c3O-NORMATIVA-N\u00ba-01-DE-11-DE-JUNHO-DE-2015-DOE.pdf\" target=\"_blank\">INSTRU\u00c7\u00c3O NORMATIVA N\u00ba 001 DE 11 DE JUNHO DE 2015<\/a><\/strong><\/p>\n<p style=\"text-align: justify;\">&#8220;Institui normas para recolhimento do ISSQN nos servi\u00e7os previstos no Item 8 do Artigo 55 da Lei n\u00ba 1.508\/03, no Munic\u00edpio de Rio Branco\/AC.&#8221;<\/p>\n<p style=\"text-align: justify;\"><strong><a href=\"https:\/\/cgm.riobranco.ac.gov.br\/lai\/wp-content\/uploads\/2012\/05\/2014-DECRETO-N\u00ba-1103-2014-Credenciamento-ades\u00e3o-compra-municipalizada.pdf\" target=\"_blank\">DECRETO N\u00ba 1.103 DE 01 DE SETEMBRO DE 2014<\/a><\/strong><\/p>\n<p style=\"text-align: justify;\">\u201cAutoriza \u00e0 Administra\u00e7\u00e3o P\u00fablica Municipal a aderir aos Editais de Credenciamento no \u00e2mbito do Programa de Compras Municipalizadas do Mobili\u00e1rio com Incentivos \u00e0 Ind\u00fastria institu\u00eddo pela Lei Municipal n\u00ba 2.028, de 19 de dezembro de 2.013.\u201d<\/p>\n","protected":false},"excerpt":{"rendered":"<p>Endere\u00e7o:\u00a0Rua Rui Barbosa, 285, Centro &#8211; CEP:\u00a069.900-901 E-mail:\u00a0gabinete.sefin@riobranco.ac.gov.br Telefone: (68) 3212-7026 Hor\u00e1rio de Funcionamento:\u00a007:00 \u00e0s 14:00 (DECRETO N\u00ba 2.010 DE 20 DE DEZEMBRO DE 2023) SECRET\u00c1RIO MUNICIPAL DE FINAN\u00c7AS &#8211; SEFIN WILSON JOS\u00c9 DAS CHAGAS SENA LEITE E-mail:\u00a0wilson.leite@riobranco.ac.gov.br SECRET\u00c1RIO ADJUNTO DE RECEITAS FLAVIANE AGUSTINI STEDILLE E-mail:\u00a0flaviane.stedille@riobranco.ac.gov.br &nbsp; CHEFIA DE GABINETE ELZIRA MARIA RODRIGUES REIS E-mail: [&hellip;]<\/p>\n","protected":false},"author":2,"featured_media":0,"parent":12,"menu_order":12,"comment_status":"open","ping_status":"open","template":"","meta":{"footnotes":""},"class_list":["post-104","page","type-page","status-publish","hentry"],"_links":{"self":[{"href":"https:\/\/cgm.riobranco.ac.gov.br\/lai\/wp-json\/wp\/v2\/pages\/104","targetHints":{"allow":["GET"]}}],"collection":[{"href":"https:\/\/cgm.riobranco.ac.gov.br\/lai\/wp-json\/wp\/v2\/pages"}],"about":[{"href":"https:\/\/cgm.riobranco.ac.gov.br\/lai\/wp-json\/wp\/v2\/types\/page"}],"author":[{"embeddable":true,"href":"https:\/\/cgm.riobranco.ac.gov.br\/lai\/wp-json\/wp\/v2\/users\/2"}],"replies":[{"embeddable":true,"href":"https:\/\/cgm.riobranco.ac.gov.br\/lai\/wp-json\/wp\/v2\/comments?post=104"}],"version-history":[{"count":111,"href":"https:\/\/cgm.riobranco.ac.gov.br\/lai\/wp-json\/wp\/v2\/pages\/104\/revisions"}],"predecessor-version":[{"id":5597,"href":"https:\/\/cgm.riobranco.ac.gov.br\/lai\/wp-json\/wp\/v2\/pages\/104\/revisions\/5597"}],"up":[{"embeddable":true,"href":"https:\/\/cgm.riobranco.ac.gov.br\/lai\/wp-json\/wp\/v2\/pages\/12"}],"wp:attachment":[{"href":"https:\/\/cgm.riobranco.ac.gov.br\/lai\/wp-json\/wp\/v2\/media?parent=104"}],"curies":[{"name":"wp","href":"https:\/\/api.w.org\/{rel}","templated":true}]}}