{"id":105,"date":"2012-05-11T15:29:56","date_gmt":"2012-05-11T15:29:56","guid":{"rendered":"http:\/\/portalcgm.riobranco.ac.gov.br\/lai\/secretaria-de-planejamento\/"},"modified":"2024-04-09T18:23:25","modified_gmt":"2024-04-09T23:23:25","slug":"secretaria-de-planejamento","status":"publish","type":"page","link":"https:\/\/cgm.riobranco.ac.gov.br\/lai\/institucional\/secretaria-de-planejamento\/","title":{"rendered":"SECRETARIA MUNICIPAL DE PLANEJAMENTO &#8211; SEPLAN"},"content":{"rendered":"<hr \/>\n<p>Endere\u00e7o:\u00a0Rua Rui Barbosa, 285, Centro &#8211; CEP:\u00a069.900-120<\/p>\n<p>E-mail:\u00a0<a href=\"mailto:seplanpmrb@gmail.com\">seplanpmrb@gmail.com<\/a><\/p>\n<p>Telefone: (68) 3212-7002\/3212-7003<\/p>\n<p>Hor\u00e1rio de funcionamento:\u00a007:00 \u00e0s 14:00 (DECRETO N\u00ba 2.010 DE 20 DE DEZEMBRO DE 2023)<\/p>\n<hr \/>\n<p>SECRET\u00c1RIA MUNICIPAL DE PLANEJAMENTO<\/p>\n<p><a href=\"https:\/\/cgm.riobranco.ac.gov.br\/lai\/wp-content\/uploads\/2012\/05\/Neiva-Tessinari-Secretaria-Municipal-de-Planejamento-scaled.jpg\"><img loading=\"lazy\" decoding=\"async\" class=\"alignnone size-medium wp-image-3704\" src=\"https:\/\/cgm.riobranco.ac.gov.br\/lai\/wp-content\/uploads\/2012\/05\/Neiva-Tessinari-Secretaria-Municipal-de-Planejamento-scaled-300x200.jpg\" alt=\"neiva-tessinari-secretaria-municipal-de-planejamento-scaled\" width=\"300\" height=\"200\" \/><\/a><\/p>\n<p><strong>NEIVA AZEVEDO DA SILVA TESSINARI<\/strong><\/p>\n<p>E-mail:\u00a0<a href=\"mailto:neiva.tessinari@riobranco.ac.gov.br\">neiva.tessinari@riobranco.ac.gov.br<\/a><\/p>\n<p style=\"text-align: justify;\">Neiva Azevedo da Silva Tessinari tem 48 anos e nasceu em Rio Branco &#8211; Acre Graduada em Hist\u00f3ria pela Universidade Federal do Acre (UFAC) tamb\u00e9m \u00e9 p\u00f3s-graduada pela Universidade Federal de Minas Gerais (UFMG) como especialista em Projetos Sociais: Formula\u00e7\u00e3o e Monitoramento. Possui Forma\u00e7\u00e3o Inicial \u00e0 Metodologia e Software Rural Invest pela Organizaci\u00f3n de las Naciones Unidas para la Agricultura y la Alimentaci\u00f3n, FAO, Forma\u00e7\u00e3o continuada em Gerenciamento de Processos. Possui vasto conhecimento em Planejamento e Gest\u00e3o, Monitoramento de Projetos e A\u00e7\u00f5es Produtivas, Plano de Neg\u00f3cio, Inclus\u00e3o Socioecon\u00f4mica, Empreendedorismo e Plano de Gest\u00e3o em Terras Ind\u00edgenas, com \u00eanfase no setor p\u00fablico e (Banco Nacional de Desenvolvimento Econ\u00f4mico e Social &#8211; BNDES), bem como, experi\u00eancia profissional com institui\u00e7\u00f5es internacionais: Banco Internacional para Reconstru\u00e7\u00e3o e Desenvolvimento (BIRD e Banco Interamericano de Desenvolvimento (BID). Trabalhou no Governo do Estado do Acre entre os anos de 2001 a 2018 em fun\u00e7\u00f5es de Planejamento e Gest\u00e3o. No ano de 2019 a 2020 foi Diretora Administrativa e Financeira da Secretaria de Estado de Assist\u00eancia Social, dos Direitos Humanos e de Pol\u00edticas para Mulheres \u2013 SEASDHM, assim como da Funda\u00e7\u00e3o do Bem-Estar Social \u2013 FUNBESA e da Funda\u00e7\u00e3o de Apoio ao Desenvolvimento Econ\u00f4mico Social do Acre \u2013 FADES. Na Prefeitura Municipal de Rio Branco, tomou posse no dia 04 de fevereiro de 2021 como Secret\u00e1ria Municipal de Planejamento, ocupando esta fun\u00e7\u00e3o at\u00e9 os dias atuais.<\/p>\n<p>&nbsp;<\/p>\n<p>CHEFIA DE GABINETE<\/p>\n<p><strong>MARIA CELY GOMES BARROSO\u00a0\u00a0<\/strong><\/p>\n<p>E-mail: <a href=\"mailto:maria.cely@riobranco.ac.gov.br\">maria.cely@riobranco.ac.gov.br<\/a><\/p>\n<p>&nbsp;<\/p>\n<p>UNIDADE DE CONTROLE INTERNO &#8211; UCI\/SEPLAN<\/p>\n<p><strong>MARILDA NASCIMENTO DE LIMA FILHO R\u00caGO<\/strong><\/p>\n<p>E-mail: <a href=\"mailto:marilda.filha@riobranco.ac.gov.br\" target=\"_blank\">marilda.filha@riobranco.ac.gov.br<\/a><\/p>\n<p>&nbsp;<\/p>\n<p>DIRETORIA DE PLANEJAMENTO ESTRAT\u00c9GICO<\/p>\n<p><strong>VALDENIR CARDOSO GOMES DE MELO JUNIOR\u00a0<\/strong><\/p>\n<p>E-mail:\u00a0<a href=\"mailto:valdenir.junior@riobranco.ac.gov.br\">valdenir.junior@riobranco.ac.gov.br<\/a><\/p>\n<p>Telefone: (68)\u00a03212-7073<\/p>\n<p>&nbsp;<\/p>\n<hr \/>\n<p style=\"text-align: justify;\">Arquivos para Download<\/p>\n<p style=\"text-align: justify;\"><strong><a href=\"https:\/\/cgm.riobranco.ac.gov.br\/lai\/wp-content\/uploads\/2012\/05\/SEPLAN-COMPET\u00caNCIA.pdf\" target=\"_blank\">SEPLAN &#8211; COMPET\u00caNCIA<\/a><\/strong><\/p>\n<hr \/>\n<p><strong><a href=\"https:\/\/cgm.riobranco.ac.gov.br\/lai\/wp-content\/uploads\/2012\/05\/DECRETO-N\u00ba-1430-2023-Estrutura-Organizacional-da-SEPLAN.pdf\" target=\"_blank\">DECRETO N\u00ba 1.430 DE 23 DE AGOSTO DE 2023<\/a><\/strong><\/p>\n<p>\u201cEstabelece a Estrutura Organizacional B\u00e1sica da Secretaria Municipal de Planejamento &#8211; SEPLAN.\u201d<\/p>\n<p><strong><a href=\"https:\/\/cgm.riobranco.ac.gov.br\/lai\/wp-content\/uploads\/2012\/05\/DECRETO-N\u00ba-113-2022-Estrutura-Organizacional-da-SEPLAN.pdf\" target=\"_blank\">DECRETO N\u00ba 113 DE 10 DE FEVEREIRO DE 2022<\/a>\u00a0<\/strong><span style=\"color: #ff0000;\">(Revogado)<\/span><\/p>\n<p>\u201cEstabelece a Estrutura Organizacional B\u00e1sica da Secretaria Municipal de Planejamento &#8211; SEPLAN.\u201d<\/p>\n<p><strong><a href=\"https:\/\/cgm.riobranco.ac.gov.br\/lai\/wp-content\/uploads\/2012\/05\/DECRETO-N\u00ba-1059-2021-Alterar-o-Decreto-n\u00ba-788-2021-Estrutura-da-SEPLAN.pdf\" target=\"_blank\">DECRETO N\u00ba 1059 DE 14 DE JUNHO DE 2021<\/a>\u00a0<\/strong><span style=\"color: #ff0000;\">(Revogado)<\/span><\/p>\n<p>&#8220;Altera o Decreto n\u00ba 788 de 07 de abril de 2021.&#8221;<\/p>\n<p><strong><a href=\"https:\/\/cgm.riobranco.ac.gov.br\/lai\/wp-content\/uploads\/2012\/05\/DECRETO-N\u00ba-788-2021-Estabelece-a-Estrutura-da-SEPLAN.pdf\" target=\"_blank\">DECRETO N\u00ba 788 DE 07 DE ABRIL DE 2021<\/a>\u00a0<\/strong><span style=\"color: #ff0000;\">(Revogado)<\/span><\/p>\n<p>\u201cEstabelece a Estrutura Organizacional B\u00e1sica da Secretaria Municipal de Planejamento \u2013 SEPLAN.\u201d<\/p>\n<p><strong><a href=\"https:\/\/cgm.riobranco.ac.gov.br\/lai\/wp-content\/uploads\/2012\/05\/DECRETO-N\u00ba-049-2019-Estrutura-Adm.-SEPLAN-rep.pdf\" target=\"_blank\">DECRETO N\u00ba 049 DE 16 DE JANEIRO DE 2019<\/a>\u00a0<\/strong><span style=\"color: #ff0000;\">(Revogado)<\/span><\/p>\n<p>\u201cEstabelece a Estrutura Organizacional B\u00e1sica da Secretaria Municipal de Planejamento \u2013 SEPLAN.\u201d<\/p>\n<p><strong><a href=\"https:\/\/cgm.riobranco.ac.gov.br\/lai\/wp-content\/uploads\/2012\/05\/DECRETO-N\u00ba-1230-2017-Estrutura-Organizacional-da-SEPLAN.pdf\" target=\"_blank\">DECRETO N\u00ba 1.230 DE 04 DE MAIO DE 2017<\/a>\u00a0<\/strong><\/p>\n<p>\u201cEstabelece a Estrutura Organizacional B\u00e1sica da Secretaria Municipal de Planejamento \u2013 SEPLAN\u201d.<\/p>\n<p><strong><a href=\"https:\/\/cgm.riobranco.ac.gov.br\/lai\/wp-content\/uploads\/2012\/05\/DECRETO-N\u00ba-706-2013-Estrutura\u00e7\u00e3o-Secretaria-Municipal-de-Planejamento-SEPLAN.pdf\" target=\"_blank\">DECRETO N\u00ba 706 DE 04 DE MAR\u00c7O DE 2013<\/a>\u00a0<\/strong><span style=\"color: #ff0000;\">(Revogado)<\/span><\/p>\n<p>&#8220;Estabelece a Estrutura Organizacional B\u00e1sica da Secretaria Municipal de Planejamento &#8211; SEPLAN.&#8221;<\/p>\n<hr \/>\n<p style=\"text-align: justify;\"><strong><a href=\"https:\/\/cgm.riobranco.ac.gov.br\/lai\/wp-content\/uploads\/2012\/05\/DECRETO-N\u00ba-405-2024-Disp\u00f5e-sobre-a-anula\u00e7\u00e3o-remanejamento-e-suplementa\u00e7\u00e3o-de-despesas-com-pessoal-e-encargos-sociais.pdf\" target=\"_blank\">DECRETO N\u00ba 405 DE 03 DE ABRIL DE 2024<\/a><\/strong><\/p>\n<p style=\"text-align: justify;\">\u201cDisp\u00f5e sobre a anula\u00e7\u00e3o, remanejamento e suplementa\u00e7\u00e3o de despesas com pessoal e encargos sociais\u201d.<\/p>\n<p style=\"text-align: justify;\"><strong><a href=\"https:\/\/cgm.riobranco.ac.gov.br\/lai\/wp-content\/uploads\/2012\/05\/DECRETO-N\u00ba-1755-2022-Regimento-Interno-da-Comiss\u00e3o-Municipal-para-os-ODS.pdf\" target=\"_blank\">DECRETO N\u00ba 1.755 DE 29 DE NOVEMBRO DE 2022<\/a><\/strong><\/p>\n<p style=\"text-align: justify;\">\u201cDisp\u00f5e sobre o Regimento Interno da Comiss\u00e3o Municipal para os Objetivos de Desenvolvimento Sustent\u00e1vel \u2013 ODS no \u00e2mbito do Munic\u00edpio de Rio Branco\u201d.<\/p>\n<p><strong><a href=\"https:\/\/cgm.riobranco.ac.gov.br\/lai\/wp-content\/uploads\/2012\/05\/DECRETO-N\u00ba-1739-2022-Instituir-GT-Munic\u00edpios-Inteligentes-Smart-Cities.pdf\" target=\"_blank\">DECRETO N\u00ba 1.739 DE 29 DE NOVEMBRO DE 2022<\/a><\/strong><\/p>\n<p>&#8220;Instituir o Grupo de Trabalho &#8211; GT para elabora\u00e7\u00e3o e valida\u00e7\u00e3o dos projetos e atividades relacionados ao tema Munic\u00edpio Inteligente (Smart Cities), no \u00e2mbito do Munic\u00edpio de Rio Branco &#8211; Acre.&#8221;<\/p>\n<p style=\"text-align: justify;\"><strong><a href=\"https:\/\/cgm.riobranco.ac.gov.br\/lai\/wp-content\/uploads\/2012\/05\/DECRETO-N\u00ba-1603-2022-Criar-a-Comiss\u00e3o-Municipal-para-os-Objetivos-de-Desenvolvimento-Sustent\u00e1vel-ODS.pdf\" target=\"_blank\">DECRETO N\u00ba 1.603 DE 31 DE OUTUBRO DE 2022<\/a><\/strong><\/p>\n<p style=\"text-align: justify;\">\u201cCria a Comiss\u00e3o Municipal para os Objetivos de Desenvolvimento Sustent\u00e1vel (ODS) no Munic\u00edpio de Rio Branco, e d\u00e1 outras provid\u00eancias.\u201d<\/p>\n<p style=\"text-align: justify;\"><strong><a href=\"https:\/\/cgm.riobranco.ac.gov.br\/lai\/wp-content\/uploads\/2012\/05\/DECRETO-N\u00ba-936-2022-Altera-o-art.-3\u00ba-do-Decreto-n\u00ba-839-2022-ODS.pdf\" target=\"_blank\">DECRETO N\u00ba 936 DE 13 DE JUNHO DE 2022<\/a><\/strong><\/p>\n<p style=\"text-align: justify;\">&#8220;O art. 3\u00ba do Decreto n\u00ba 839, de 27 de junho de 2022, passa a vigora com seguinte reda\u00e7\u00e3o.&#8221;<\/p>\n<p style=\"text-align: justify;\"><strong><a href=\"https:\/\/cgm.riobranco.ac.gov.br\/lai\/wp-content\/uploads\/2012\/05\/DECRETO-N\u00ba-839-2022-Cria-a-Comiss\u00e3o-Municipal-para-os-Objetivos-de-Desenvolvimento-Sustent\u00e1vel-ODS.pdf\" target=\"_blank\">DECRETO N\u00ba 839 DE 27 DE MAIO DE 2022<\/a><\/strong><\/p>\n<p style=\"text-align: justify;\">\u201cCria a Comiss\u00e3o Municipal para os Objetivos de Desenvolvimento Sustent\u00e1vel (ODS) no Munic\u00edpio de Rio Branco, e d\u00e1 outras provid\u00eancias.\u201d<\/p>\n<p style=\"text-align: justify;\"><strong><a href=\"https:\/\/cgm.riobranco.ac.gov.br\/lai\/wp-content\/uploads\/2012\/05\/DECRETO-N\u00ba-1468-2021-Institui-o-Comite-Gestor-de-Aplica\u00e7\u00e3o-do-modelo-de-exelencia-em-Gest\u00e3o-das-Transfer\u00eancias-Volunt\u00e1rias-da-Uni\u00e3o.pdf\" target=\"_blank\">DECRETO N\u00ba 1468 DE 21 DE OUTUBRO DE 2021<\/a><\/strong><\/p>\n<p style=\"text-align: justify;\">\u201cInstitui o Comit\u00ea Gestor de aplica\u00e7\u00e3o do Modelo de Excel\u00eancia em Gest\u00e3o das Transfer\u00eancias Volunt\u00e1rias da Uni\u00e3o \u2013 MEG-TR no Munic\u00edpio de Rio Branco.\u201d<\/p>\n<p style=\"text-align: justify;\"><strong><a href=\"https:\/\/cgm.riobranco.ac.gov.br\/lai\/wp-content\/uploads\/2012\/05\/DECRETO-N\u00ba-1080-2021-NEMAT.pdf\" target=\"_blank\">DECRETO N\u00ba 1080 DE 22 DE JUNHO DE 2021<\/a><\/strong><\/p>\n<p style=\"text-align: justify;\">&#8220;A composi\u00e7\u00e3o do N\u00facleo Especial de Trabalho para Moderniza\u00e7\u00e3o da Administra\u00e7\u00e3o Tribut\u00e1ria, Or\u00e7ament\u00e1ria e Financeira, e Geral Municipal \u2013 NEMAT.&#8221;<\/p>\n","protected":false},"excerpt":{"rendered":"<p>Endere\u00e7o:\u00a0Rua Rui Barbosa, 285, Centro &#8211; CEP:\u00a069.900-120 E-mail:\u00a0seplanpmrb@gmail.com Telefone: (68) 3212-7002\/3212-7003 Hor\u00e1rio de funcionamento:\u00a007:00 \u00e0s 14:00 (DECRETO N\u00ba 2.010 DE 20 DE DEZEMBRO DE 2023) SECRET\u00c1RIA MUNICIPAL DE PLANEJAMENTO NEIVA AZEVEDO DA SILVA TESSINARI E-mail:\u00a0neiva.tessinari@riobranco.ac.gov.br Neiva Azevedo da Silva Tessinari tem 48 anos e nasceu em Rio Branco &#8211; Acre Graduada em Hist\u00f3ria pela Universidade [&hellip;]<\/p>\n","protected":false},"author":2,"featured_media":0,"parent":12,"menu_order":13,"comment_status":"open","ping_status":"open","template":"","meta":{"footnotes":""},"class_list":["post-105","page","type-page","status-publish","hentry"],"_links":{"self":[{"href":"https:\/\/cgm.riobranco.ac.gov.br\/lai\/wp-json\/wp\/v2\/pages\/105","targetHints":{"allow":["GET"]}}],"collection":[{"href":"https:\/\/cgm.riobranco.ac.gov.br\/lai\/wp-json\/wp\/v2\/pages"}],"about":[{"href":"https:\/\/cgm.riobranco.ac.gov.br\/lai\/wp-json\/wp\/v2\/types\/page"}],"author":[{"embeddable":true,"href":"https:\/\/cgm.riobranco.ac.gov.br\/lai\/wp-json\/wp\/v2\/users\/2"}],"replies":[{"embeddable":true,"href":"https:\/\/cgm.riobranco.ac.gov.br\/lai\/wp-json\/wp\/v2\/comments?post=105"}],"version-history":[{"count":60,"href":"https:\/\/cgm.riobranco.ac.gov.br\/lai\/wp-json\/wp\/v2\/pages\/105\/revisions"}],"predecessor-version":[{"id":5793,"href":"https:\/\/cgm.riobranco.ac.gov.br\/lai\/wp-json\/wp\/v2\/pages\/105\/revisions\/5793"}],"up":[{"embeddable":true,"href":"https:\/\/cgm.riobranco.ac.gov.br\/lai\/wp-json\/wp\/v2\/pages\/12"}],"wp:attachment":[{"href":"https:\/\/cgm.riobranco.ac.gov.br\/lai\/wp-json\/wp\/v2\/media?parent=105"}],"curies":[{"name":"wp","href":"https:\/\/api.w.org\/{rel}","templated":true}]}}