{"id":106,"date":"2012-05-11T15:30:22","date_gmt":"2012-05-11T15:30:22","guid":{"rendered":"http:\/\/portalcgm.riobranco.ac.gov.br\/lai\/secretaria-de-saude\/"},"modified":"2024-11-27T13:03:50","modified_gmt":"2024-11-27T18:03:50","slug":"secretaria-de-saude","status":"publish","type":"page","link":"https:\/\/cgm.riobranco.ac.gov.br\/lai\/institucional\/secretaria-de-saude\/","title":{"rendered":"SECRETARIA MUNICIPAL DE SA\u00daDE &#8211; SEMSA"},"content":{"rendered":"<hr \/>\n<p style=\"text-align: justify;\">Endere\u00e7o:\u00a0Avenida Brasil, 475 &#8211; 2\u00ba andar &#8211; Centro &#8211; CEP:\u00a069.900-078<\/p>\n<p style=\"text-align: justify;\">E-mail:\u00a0<a href=\"mailto:gabinete.semsa@riobranco.ac.gov.br\">gabinete.semsa@riobranco.ac.gov.br<\/a><\/p>\n<p style=\"text-align: justify;\">Telefone: (68) 3213-2526\/ 3213-2516<\/p>\n<p style=\"text-align: justify;\">Hor\u00e1rio de funcionamento:\u00a007:00 \u00e0s 14:00 (DECRETO N\u00ba 2.010 DE 20 DE DEZEMBRO DE 2023)<\/p>\n<hr \/>\n<p>SECRET\u00c1RIA MUNICIPAL DE SA\u00daDE<\/p>\n<p><a href=\"https:\/\/cgm.riobranco.ac.gov.br\/lai\/wp-content\/uploads\/2013\/08\/SMGA.jpeg\"><img loading=\"lazy\" decoding=\"async\" class=\"alignnone size-medium wp-image-4557\" src=\"https:\/\/cgm.riobranco.ac.gov.br\/lai\/wp-content\/uploads\/2013\/08\/SMGA-200x300.jpeg\" alt=\"smga\" width=\"200\" height=\"300\" \/><\/a><\/p>\n<p><strong>DOUGLLAS JONATHAN SANTIAGO DE SOUZA<\/strong><\/p>\n<p>E-mail:\u00a0<a href=\"mailto:dougllas.souza@riobranco.ac.gov.br\">dougllas.souza@riobranco.ac.gov.br<\/a><\/p>\n<p>&nbsp;<\/p>\n<p>CHEFIA DE GABINETE<\/p>\n<p><strong>BIANCA DE SOUZA OLIVEIRA<\/strong><\/p>\n<p>E-mail:\u00a0<a href=\"mailto:bianca.oliveira@riobranco.ac.gov.br\" target=\"_blank\" rel=\"noopener\">bianca.oliveira@riobranco.ac.gov.br<\/a><\/p>\n<p>E-mail:\u00a0<a href=\"mailto:gabinete.semsa@riobranco.ac.gov.br\">gabinete.semsa@riobranco.ac.gov.br<\/a><\/p>\n<p>Telefone: (68)\u00a03213-2500 \/ 3212-7501<\/p>\n<p>&nbsp;<\/p>\n<p>UNIDADE DE OUVIDORIA<\/p>\n<p><strong>BRUNA ROSENO DE SOUZA MAIA<\/strong><\/p>\n<p>E-mail:\u00a0<a href=\"mailto:bruna.maia@riobranco.ac.gov.br\">bruna.maia@riobranco.ac.gov.br<\/a><\/p>\n<p>E-mail:\u00a0<a href=\"mailto:ouvidoria.semsa@riobranco.ac.gov.br\">ouvidoria.semsa@riobranco.ac.gov.br<\/a><\/p>\n<p>&nbsp;<\/p>\n<p>UNIDADE DE CONTROLE INTERNO E AUDITORIA -UCIA<\/p>\n<p><strong>MARIA ROS\u00c2NGELA ROSA DOS SANTOS\u00a0<\/strong><\/p>\n<p>E-mail:\u00a0<a href=\"mailto:rosangela.rosas@riobranco.ac.gov.br\" target=\"_blank\" rel=\"noopener\">rosangela.rosas@riobranco.ac.gov.br<\/a><\/p>\n<p>E-mail:\u00a0<a href=\"mailto:uci.semsa@riobranco.ac.gov.br\">uci.semsa@riobranco.ac.gov.br<\/a><\/p>\n<p>Telefone: (68)\u00a03212-2531<\/p>\n<p>&nbsp;<\/p>\n<p>COORDENADORIA DE GEST\u00c3O DO FUNDO MUNICIPAL DE SA\u00daDE \u2013 FMS<\/p>\n<p><strong>MARCELO LUIZ DE OLIVEIRA COSTA<\/strong><\/p>\n<p>E-mail:\u00a0<a href=\"mailto:mauro.costa@riobranco.ac.gov.br\">marcelo.costa@riobranco.ac.gov.br<\/a><\/p>\n<p>E-mail:\u00a0<a href=\"mailto:fms.semsa@riobranco.ac.gov.br\">fms.semsa@riobranco.ac.gov.br<\/a><\/p>\n<p>Telefone: (68) 3213-2564<\/p>\n<p>&nbsp;<\/p>\n<hr \/>\n<p style=\"text-align: justify;\">Arquivos para Download<\/p>\n<h4 style=\"text-align: justify;\"><a href=\"https:\/\/cgm.riobranco.ac.gov.br\/lai\/wp-content\/uploads\/2012\/05\/SEMSA-COMPET\u00caNCIA.pdf\">SEMSA &#8211; COMPET\u00caNCIA<\/a><\/h4>\n<hr \/>\n<p style=\"text-align: justify;\">Estrutura Organizacional<\/p>\n<p style=\"text-align: justify;\"><strong><a href=\"https:\/\/cgm.riobranco.ac.gov.br\/lai\/wp-content\/uploads\/2012\/05\/DECRETO-N\u00ba-642-2023-Estrutura-Organizacional-da-SEMSA.pdf\" target=\"_blank\" rel=\"noopener\">DECRETO N\u00ba 642 DE 28 DE ABRIL DE 2023<\/a><\/strong><\/p>\n<p style=\"text-align: justify;\">\u201cEstabelece a Estrutura Organizacional B\u00e1sica da Secretaria Municipal de Sa\u00fade &#8211; SEMSA.\u201d<\/p>\n<p style=\"text-align: justify;\"><strong><a href=\"https:\/\/cgm.riobranco.ac.gov.br\/lai\/wp-content\/uploads\/2012\/05\/DECRETO-N\u00ba-840-2022-Estrutura-Organizacional-da-SEMSA.pdf\" target=\"_blank\" rel=\"noopener\">DECRETO N\u00ba 840 DE 27 DE MAIO DE 2022<\/a>\u00a0<\/strong><span style=\"color: #ff0000;\">(Revogado)<\/span><\/p>\n<p style=\"text-align: justify;\">\u201cEstabelece a Estrutura Organizacional B\u00e1sica da Secretaria Municipal de Sa\u00fade &#8211; SEMSA.\u201d<\/p>\n<p style=\"text-align: justify;\"><strong><a href=\"https:\/\/cgm.riobranco.ac.gov.br\/lai\/wp-content\/uploads\/2012\/05\/DECRETO-N\u00ba-106-2022-Estrutura-Organizacional-da-SEMSA.pdf\" target=\"_blank\" rel=\"noopener\">DECRETO N\u00ba 106 DE 08 DE FEVEREIRO DE 2022<\/a>\u00a0<\/strong><span style=\"color: #ff0000;\">(Revogado)<\/span><\/p>\n<p style=\"text-align: justify;\">\u201cEstabelece a Estrutura Organizacional B\u00e1sica da Secretaria Municipal de Sa\u00fade &#8211; SEMSA.\u201d<\/p>\n<p style=\"text-align: justify;\"><strong><a href=\"https:\/\/cgm.riobranco.ac.gov.br\/lai\/wp-content\/uploads\/2012\/05\/DECRETO-N\u00ba-048-2019-Estrutura-Adm.-SEMSA.pdf\" target=\"_blank\" rel=\"noopener\">DECRETO N\u00ba 048 DE 16 DE JANEIRO DE 2019<\/a>\u00a0<\/strong><span style=\"color: #ff0000;\">(Revogado)<\/span><\/p>\n<p style=\"text-align: justify;\">\u201cEstabelece a Estrutura Organizacional da Secretaria Municipal de Sa\u00fade &#8211; SEMSA.\u201d<\/p>\n<p style=\"text-align: justify;\"><strong><a href=\"https:\/\/cgm.riobranco.ac.gov.br\/lai\/wp-content\/uploads\/2012\/05\/DECRETO-N\u00ba-707-2013-Estrutura\u00e7\u00e3o-Secretaria-Municipal-de-Sa\u00fade-SEMSA.pdf\" target=\"_blank\" rel=\"noopener\">DECRETO N\u00ba 707 DE 11 DE MAR\u00c7O DE 2013<\/a><\/strong>\u00a0<span style=\"color: #ff0000;\">(Revogado)<\/span><\/p>\n<p style=\"text-align: justify;\">&#8220;Estabelece a Estrutura Organizacional B\u00e1sica da Secretaria Municipal de Sa\u00fade \u2013 SEMSA.&#8221;<\/p>\n<hr \/>\n<p style=\"text-align: justify;\">Arquivos para Download<\/p>\n<p style=\"text-align: justify;\"><strong><a href=\"https:\/\/cgm.riobranco.ac.gov.br\/lai\/wp-content\/uploads\/2012\/05\/SEMSA-PORTARIA-N\u00ba-015-2024-DOE.pdf\" target=\"_blank\" rel=\"noopener\">SEMSA &#8211; PORTARIA N\u00ba 015\/2024<\/a><\/strong>\u00a0&#8211; DOE<\/p>\n<p style=\"text-align: justify;\">&#8220;O controle de frequ\u00eancia e os registros de entrada e sa\u00edda dos servidores das Unidades de Refer\u00eancia em Aten\u00e7\u00e3o Prim\u00e1ria &#8211; URAP\u2019s, Unidades de Sa\u00fade da Fam\u00edlia \u2013 USF\u2019s, Policl\u00ednicas e demais Unidades Administrativas, inclu\u00edda a sede da SEMSA, far-se-\u00e3o por registro de Ponto Eletr\u00f4nico.&#8221;<\/p>\n<p style=\"text-align: justify;\"><strong><a href=\"https:\/\/cgm.riobranco.ac.gov.br\/lai\/wp-content\/uploads\/2012\/05\/LEI-MUNICIPAL-N\u00ba-2.458-DE-21.06.2023-Altera-a-Lei-Municipal-N\u00ba-1.584-2005-Receitas-M\u00e9dicas-e-Odontol\u00f3gicas.pdf\" target=\"_blank\" rel=\"noopener\">LEI MUNICIPAL N\u00ba 2.458 DE 21 DE JUNHO DE 2023<\/a><\/strong><\/p>\n<p style=\"text-align: justify;\">\u201cAltera a Lei Municipal n\u00ba 1.584, de 23 de dezembro de 2005.\u201d<\/p>\n<p style=\"text-align: justify;\"><strong><a href=\"https:\/\/cgm.riobranco.ac.gov.br\/lai\/wp-content\/uploads\/2012\/05\/LEI-MUNICIPAL-N\u00ba-2.456-DE-22.05.2023-Laudo-pericial-que-ateste-defici\u00eancia-irrevers\u00edvel-para-obten\u00e7\u00e3o-de-benef\u00edcios.pdf\" target=\"_blank\" rel=\"noopener\">LEI MUNICIPAL N\u00ba 2.456 DE 22 DE MAIO DE 2023<\/a><\/strong><\/p>\n<p style=\"text-align: justify;\">\u201cDisp\u00f5e sobre o car\u00e1ter permanente do laudo pericial que ateste defici\u00eancia irrevers\u00edvel para fins de obten\u00e7\u00e3o de benef\u00edcios previstos na legisla\u00e7\u00e3o municipal\u201d.<\/p>\n<p style=\"text-align: justify;\"><strong><a href=\"https:\/\/cgm.riobranco.ac.gov.br\/lai\/wp-content\/uploads\/2012\/05\/DECRETO-N\u00ba-196-2023-Regulamenta-a-Lei-n\u00ba-2.449-2023-Servi\u00e7os-de-sa\u00fade-p\u00fablica-pela-iniciativa-privada.pdf\" target=\"_blank\" rel=\"noopener\">DECRETO N\u00ba 196 DE 17 DE FEVEREIRO DE 2023<\/a><\/strong><\/p>\n<p style=\"text-align: justify;\">\u201cRegulamenta a Lei municipl n\u00ba 2.449, de 12 de janeiro de 2023, que disp\u00f5e sobre a execu\u00e7\u00e3o de a\u00e7\u00f5es e servi\u00e7os de sa\u00fade p\u00fablica atrav\u00e9s da participa\u00e7\u00e3o da iniciativa privada, sob o regime de credenciamento e d\u00e1 outras provid\u00eancias, nos termos do artigo 199, \u00a71\u00ba da constitui\u00e7\u00e3o federal, artigos 6\u00ba, inciso XLIII, e 74, inciso IV, da Lei Federal n\u00ba 14.133\/2021, e Lei Federal n\u00ba 8.080\/1990.\u201d<\/p>\n<p style=\"text-align: justify;\"><strong><a href=\"https:\/\/cgm.riobranco.ac.gov.br\/lai\/wp-content\/uploads\/2012\/05\/LEI-MUNICIPAL-N\u00ba-2.449-DE-12.01.2023-Disp\u00f5e-sobre-a-execu\u00e7\u00e3o-de-a\u00e7\u00f5es-e-servi\u00e7os-de-sa\u00fade-p\u00fablica-atrav\u00e9s-da-participa\u00e7\u00e3o-da-iniciativa-privada.pdf\" target=\"_blank\" rel=\"noopener\">LEI MUNICIPAL N\u00ba 2.449 DE 12 DE JANEIRO DE 2023<\/a><\/strong><\/p>\n<p style=\"text-align: justify;\">\u201cDisp\u00f5e sobre a execu\u00e7\u00e3o de a\u00e7\u00f5es e servi\u00e7os de sa\u00fade p\u00fablica atrav\u00e9s da participa\u00e7\u00e3o da iniciativa privada, sob o regime de credenciamento e d\u00e1 outras provid\u00eancias, nos termos do artigo 199, \u00a71\u00ba da constitui\u00e7\u00e3o federal, artigos 6\u00ba, inciso XLIII, e 74, inciso IV, da Lei Federal n\u00ba 14.133\/2021, e Lei Federal n\u00b0 8.080\/1990\u201d.<\/p>\n<p style=\"text-align: justify;\"><strong><a href=\"https:\/\/cgm.riobranco.ac.gov.br\/lai\/wp-content\/uploads\/2012\/05\/PROGRAMA\u00c7\u00c3O-ANUAL-DE-SA\u00daDE-2022.pdf\" target=\"_blank\" rel=\"noopener\">SEMSA &#8211; PROGRAMA\u00c7\u00c3O ANUAL DE SA\u00daDE 2022<\/a><\/strong><\/p>\n<p style=\"text-align: justify;\"><strong><a href=\"https:\/\/cgm.riobranco.ac.gov.br\/lai\/wp-content\/uploads\/2012\/05\/SEMSA-PORTARIA-N\u00ba-234-2022-COVID19-DOE.pdf\" target=\"_blank\" rel=\"noopener\">SEMSA &#8211; PORTARIA N\u00ba 234\/2022<\/a><\/strong>\u00a0&#8211; DOE<\/p>\n<p style=\"text-align: justify;\">&#8220;Ficam suspensas a contar da data da publica\u00e7\u00e3o desta portaria at\u00e9 o dia 30 de setembro de 2022, a concess\u00e3o de f\u00e9rias, licen\u00e7as ou afastamento legais dos profissionais de sa\u00fade ou daqueles que desempenhem fun\u00e7\u00f5es essenciais em virtude do aumento excessivo de COVID \u2013 19 e S\u00edndromes Gripais no \u00e2mbito do Munic\u00edpio de Rio Branco.&#8221;<\/p>\n<p style=\"text-align: justify;\"><strong><a href=\"https:\/\/cgm.riobranco.ac.gov.br\/lai\/wp-content\/uploads\/2012\/05\/SEMSA-PORTARIA-N\u00ba-101-2022-CIEVS-DOE.pdf\" target=\"_blank\" rel=\"noopener\">SEMSA &#8211; PORTARIA N\u00ba 101\/2022<\/a><\/strong>\u00a0&#8211; DOE<\/p>\n<p style=\"text-align: justify;\">&#8220;Instituir, no \u00e2mbito do Munic\u00edpio de Rio Branco, o Centro de Informa\u00e7\u00f5es Estrat\u00e9gicas de Vigil\u00e2ncia em Sa\u00fade \u2013 CIEVS\/SMS\/Rio Branco, vinculado ao Departamento de Vigil\u00e2ncia Epidemiol\u00f3gica e Ambiental \u2013 DVEA, da Secretaria Municipal de Sa\u00fade compondo uma rede de unidades de intelig\u00eancia epidemiol\u00f3gica para detec\u00e7\u00e3o, verifica\u00e7\u00e3o, avalia\u00e7\u00e3o, monitoramento e comunica\u00e7\u00e3o de risco imediata de potenciais emerg\u00eancias em sa\u00fade p\u00fablica.&#8221;<\/p>\n<p style=\"text-align: justify;\"><strong><a href=\"https:\/\/cgm.riobranco.ac.gov.br\/lai\/wp-content\/uploads\/2012\/05\/LEI-N\u00ba-2.426-DE-05-DE-MAIO-DE-2022-Regulamenta-a-realiza\u00e7\u00e3o-de-consultas-prescri\u00e7\u00f5es-de-medicamentos.pdf\" target=\"_blank\" rel=\"noopener\">LEI N\u00ba 2.426 DE 05 DE MAIO DE 2022<\/a><\/strong><\/p>\n<p style=\"text-align: justify;\">\u201cRegulamenta a realiza\u00e7\u00e3o de consultas, prescri\u00e7\u00f5es de medicamentos, encaminhamentos e a solicita\u00e7\u00e3o de\u00a0 exames de rotina e complementares por enfermeiros, no \u00e2mbito da Aten\u00e7\u00e3o Prim\u00e1ria de Rio Branco\u201d.<\/p>\n<p style=\"text-align: justify;\"><strong><a href=\"https:\/\/cgm.riobranco.ac.gov.br\/lai\/wp-content\/uploads\/2012\/05\/Lei-N\u00ba-2.414-de-13-de-outubro-de-2021-Divulga\u00e7\u00e3o-on-line-das-informa\u00e7\u00f5es-dos-servi\u00e7os-de-sa\u00fade-dispon\u00edveis-e-em-falta-ofertados.pdf\" target=\"_blank\" rel=\"noopener\">LEI N\u00ba 2.414 DE 13 DE OUTUBRO DE 2021<\/a>\u00a0<\/strong><\/p>\n<p style=\"text-align: justify;\">\u201cDisp\u00f5e sobre a divulga\u00e7\u00e3o on-line das informa\u00e7\u00f5es dos servi\u00e7os de sa\u00fade dispon\u00edveis e em falta ofertados pelo Munic\u00edpio de Rio Branco e d\u00e1 outras provid\u00eancias\u201d.<\/p>\n<p style=\"text-align: justify;\"><strong><a href=\"https:\/\/cgm.riobranco.ac.gov.br\/lai\/wp-content\/uploads\/2012\/05\/Lei-N\u00ba-2.413-de-13-de-outubro-de-2021-Divulga\u00e7\u00e3o-on-line-das-escalas-dos-plant\u00f5es-m\u00e9dicos-nas-unidades-de-sa\u00fade.pdf\" target=\"_blank\" rel=\"noopener\">LEI N\u00ba 2.413 DE 13 DE OUTUBRO DE 2021<\/a><\/strong><\/p>\n<p style=\"text-align: justify;\">\u201cDisp\u00f5e sobre a divulga\u00e7\u00e3o on-line das escalas dos plant\u00f5es m\u00e9dicos nas unidades municipais de sa\u00fade\u201d.<\/p>\n<p style=\"text-align: justify;\"><strong><a href=\"https:\/\/cgm.riobranco.ac.gov.br\/lai\/wp-content\/uploads\/2012\/05\/Lei-N\u00ba-2.401-DE-13-de-maio-de-2021-Agendamento-e-Cancelamento-de-consultas-procedimentos-e-exames-m\u00e9dicos-nas-UBS1.pdf\" target=\"_blank\" rel=\"noopener\">LEI N\u00ba 2.401 DE 13 DE MAIO DE 2021<\/a><\/strong><\/p>\n<p style=\"text-align: justify;\">&#8220;Disp\u00f5e sobre a modalidade de agendamento e cancelamento de consultas, procedimentos e exames m\u00e9dicos, odontol\u00f3gicos e de enfermagem nas unidades b\u00e1sicas de sa\u00fade dentro da circunscri\u00e7\u00e3o municipal.&#8221;<\/p>\n<p style=\"text-align: justify;\"><strong><a href=\"https:\/\/cgm.riobranco.ac.gov.br\/lai\/wp-content\/uploads\/2012\/05\/SEFIN-SEMSA-SEMEIA-INSTRU\u00c7\u00c3O-NORMATIVA-CONJUNTA-N\u00ba-001-2021-DOE1.pdf\" target=\"_blank\" rel=\"noopener\">SEFIN-SEMSA-SEMEIA-INSTRU\u00c7\u00c3O NORMATIVA CONJUNTA N\u00ba 001 DE 24 DE FEVEREIRO DE 2021<\/a><\/strong><\/p>\n<p style=\"text-align: justify;\">&#8220;Disp\u00f5e sobre a classifica\u00e7\u00e3o de risco das atividades econ\u00f4micas em baixo risco ou &#8220;baixo risco A&#8221;, m\u00e9dio risco ou &#8220;baixo risco B&#8221; e alto risco para fins de aplica\u00e7\u00e3o pelos auditores fiscais municipais da Prefeitura de Rio Branco\/AC.&#8221;<\/p>\n<p style=\"text-align: justify;\"><strong><a href=\"https:\/\/cgm.riobranco.ac.gov.br\/lai\/wp-content\/uploads\/2012\/05\/2020-SEMSA-IN-N\u00ba-007-2020-Protocolos-de-Vigil\u00e2ncia-Sanit\u00e1ria-para-o-funcionamento-de-restaurantes-Buffet-DOE.pdf\" target=\"_blank\" rel=\"noopener\">SEMSA &#8211; INSTRU\u00c7\u00c3O NORMATIVA N\u00ba 007 DE 18 DE AGOSTO DE 2020<\/a><\/strong><\/p>\n<p style=\"text-align: justify;\">&#8220;Disp\u00f5e sobre os protocolos da vigil\u00e2ncia sanit\u00e1ria para o funcionamento dos restaurantes com a modalidade de atendimento em Buffet (Self-Service) em restaurantes, padarias, casas de eventos e festas, no \u00e2mbito do Munic\u00edpio de Rio Branco\/AC.&#8221;<\/p>\n<p style=\"text-align: justify;\"><strong><a href=\"https:\/\/cgm.riobranco.ac.gov.br\/lai\/wp-content\/uploads\/2012\/05\/SEMSA-SEMEIA-INSTRU\u00c7\u00c3O-NORMATIVA-CONJUNTA-N\u00b0-001-2020-DOE.pdf\" target=\"_blank\" rel=\"noopener\">SEMSA-SEMEIA-INSTRU\u00c7\u00c3O NORMATIVA CONJUNTA N\u00ba 001 DE 12 DE MAR\u00c7O DE 2020<\/a><\/strong><\/p>\n<p style=\"text-align: justify;\">&#8220;Disp\u00f5e sobre a classifica\u00e7\u00e3o de risco das atividades econ\u00f4micas em baixo risco ou &#8220;baixo risco A&#8221;, m\u00e9dio risco ou &#8220;baixo risco B&#8221; e alto risco para fins de aplica\u00e7\u00e3o pelos auditores fiscais municipais da Prefeitura de Rio Branco\/AC.&#8221;<\/p>\n<p style=\"text-align: justify;\"><strong><a href=\"https:\/\/cgm.riobranco.ac.gov.br\/lai\/wp-content\/uploads\/2012\/05\/Lei-N\u00ba-2.325-de-07-de-agosto-de-2019-Obriga-os-laborat\u00f3rios-da-rede-municipal-de-sa\u00fade-e-conveniados-a-realizar-coleta-domiciliar-em-idosos.pdf\" target=\"_blank\" rel=\"noopener\">LEI N\u00ba 2.325 DE 07 DE AGOSTO DE 2019<\/a><\/strong><\/p>\n<p style=\"text-align: justify;\">&#8220;Obriga os laborat\u00f3rios da rede municipal de sa\u00fade e conveniados a realizar coleta domiciliar de material para exames em idosos e pessoas com defici\u00eancia que tenham mobilidade reduzida. \u201d<\/p>\n<p style=\"text-align: justify;\"><strong><a href=\"https:\/\/cgm.riobranco.ac.gov.br\/lai\/wp-content\/uploads\/2012\/05\/LEI-N\u00ba-2.299-de-10-de-agosto-de-2018-Obrigatoriedade-de-divulga\u00e7\u00e3o-de-listagem-dos-pacientes-na-rede-publica-de-sa\u00fade-do-munic\u00edpio.pdf\" target=\"_blank\" rel=\"noopener\">LEI N\u00ba 2.299 DE 10 DE AGOSTO DE 2018<\/a><\/strong><\/p>\n<p style=\"text-align: justify;\">\u201cDisp\u00f5e sobre a obrigatoriedade da divulga\u00e7\u00e3o de listagem dos pacientes que aguardam por consultas com especialistas, exames e cirurgias na rede p\u00fablica de sa\u00fade do munic\u00edpio de Rio Branco e d\u00e1 outras provid\u00eancias.&#8221;<\/p>\n<p style=\"text-align: justify;\"><strong><a href=\"https:\/\/cgm.riobranco.ac.gov.br\/lai\/wp-content\/uploads\/2012\/05\/DECRETO-N\u00ba-748-2018-Presen\u00e7a-de-Doulas-em-Unidades-de-S\u00e1ude-P\u00fablica-Lei-2.245-2017.pdf\" target=\"_blank\" rel=\"noopener\">DECRETO N\u00ba 748 DE 02 DE AGOSTO DE 2018<\/a><\/strong><\/p>\n<p style=\"text-align: justify;\">\u201cInstitui e Regulamenta a obrigatoriedade da permiss\u00e3o da presen\u00e7a de Doulas em Unidades de Sa\u00fade P\u00fablica de compet\u00eancia Municipal.\u201d<\/p>\n<p style=\"text-align: justify;\"><strong><a href=\"https:\/\/cgm.riobranco.ac.gov.br\/lai\/wp-content\/uploads\/2012\/05\/DECRETO-N\u00ba-2159-2017-SEMSA-Institui-o-Sistema-G-MUS-SEMSA.pdf\" target=\"_blank\" rel=\"noopener\">DECRETO N\u00ba 2.159 DE 18 DE DEZEMBRO DE 2017<\/a><\/strong><\/p>\n<p style=\"text-align: justify;\">\u201cInstitui o Sistema de Gest\u00e3o Municipal de Sa\u00fade &#8211; G-MUS como sistema de informa\u00e7\u00e3o oficial da Secretaria Municipal de Sa\u00fade de Rio Branco &#8211; SEMSA, e d\u00e1 outras provid\u00eancias.\u201d<\/p>\n<p style=\"text-align: justify;\"><strong><a href=\"https:\/\/cgm.riobranco.ac.gov.br\/lai\/wp-content\/uploads\/2012\/05\/LEI-N\u00ba-2.245-de-16-de-agosto-de-2017-Institui-a-obrigatoriedade-de-permitir-a-presen\u00e7a-de-doulas-em-trabalho-de-parto.pdf\" target=\"_blank\" rel=\"noopener\">LEI N\u00ba 2.245 DE 16 DE AGOSTO DE 2017<\/a><\/strong><\/p>\n<p style=\"text-align: justify;\">\u201cInstitui a obrigatoriedade de permitir a presen\u00e7a de doulas em per\u00edodo de trabalho de parto, durante o parto e p\u00f3sparto imediato e estabelece outras provid\u00eancias.\u201d<\/p>\n<p style=\"text-align: justify;\"><strong><a href=\"https:\/\/cgm.riobranco.ac.gov.br\/lai\/wp-content\/uploads\/2012\/05\/SEMSA-IN-N\u00ba-001-2016-Normas-e-fluxos-b\u00e1sicos-de-acessibilidade-nos-tr\u00e2mites-de-processos-de-Alvar\u00e1-Sanit\u00e1rio-DOE.pdf\" target=\"_blank\" rel=\"noopener\">INSTRU\u00c7\u00c3O NORMATIVA N\u00ba 001 DE 21 DE MAR\u00c7O 2016<\/a><\/strong><\/p>\n<p style=\"text-align: justify;\">&#8220;Disp\u00f5e sobre as normas e fluxos b\u00e1sicos de acessibilidade a serem observados nos tr\u00e2mites de processos de Alvar\u00e1 Sanit\u00e1rio no \u00e2mbito do Munic\u00edpio de Rio Branco.&#8221;<\/p>\n<p style=\"text-align: justify;\"><strong><a href=\"https:\/\/cgm.riobranco.ac.gov.br\/lai\/wp-content\/uploads\/2012\/05\/LEI-N\u00ba-2.107-de-20-de-Mar\u00e7o-de-2015-Disp\u00f5e-sobre-o-manejo-dos-res\u00edduos-s\u00f3lidos-de-servi\u00e7o-de-sa\u00fade1.pdf\" target=\"_blank\" rel=\"noopener\">LEI N\u00ba 2.107 DE 20 DE MAR\u00c7O DE 2015<\/a><\/strong><\/p>\n<p style=\"text-align: justify;\">\u201cDisp\u00f5e sobre o manejo dos res\u00edduos s\u00f3lidos de servi\u00e7o de sa\u00fade e d\u00e1 outras provid\u00eancias.\u201d<\/p>\n<p style=\"text-align: justify;\"><strong><a href=\"https:\/\/cgm.riobranco.ac.gov.br\/lai\/wp-content\/uploads\/2012\/05\/2012-LEI-N\u00ba-1.943-de-13.11.2012-Institui-a-Politica-de-Prote\u00e7\u00e3o-dos-Direitos-da-Pessoa-com-Transtorno-do-Espectro-Autista.pdf\" target=\"_blank\" rel=\"noopener\">LEI MUNICIPAL N\u00ba 1.943 DE 13 DE NOVEMBRO DE 2012<\/a><\/strong><\/p>\n<p style=\"text-align: justify;\">\u201cInstitui a Pol\u00edtica de Prote\u00e7\u00e3o dos Direitos da Pessoa com Transtorno do Espectro Autista.\u201d<\/p>\n<p style=\"text-align: justify;\"><strong><a href=\"http:\/\/www.planalto.gov.br\/ccivil_03\/_ato2011-2014\/2012\/decreto\/D7827.htm\" target=\"_blank\" rel=\"noopener\">DECRETO FEDERAL N\u00ba 7.827 DE 16 DE OUTUBRO DE 2012<\/a><\/strong><\/p>\n<p style=\"text-align: justify;\">&#8220;Regulamenta os procedimentos de condicionamento e restabelecimento das transfer\u00eancias de recursos provenientes das receitas de\u00a0que tratam o inciso II do\u00a0<b>caput\u00a0<\/b>do art. 158, as al\u00edneas \u201ca\u201d e \u201cb\u201d do inciso I e o inciso II do\u00a0<b>caput\u00a0<\/b>do art. 159 da Constitui\u00e7\u00e3o,\u00a0disp\u00f5e sobre os procedimentos de suspens\u00e3o e restabelecimento das transfer\u00eancias volunt\u00e1rias da Uni\u00e3o,\u00a0nos casos de descumprimento da aplica\u00e7\u00e3o dos recursos em a\u00e7\u00f5es e servi\u00e7os p\u00fablicos de sa\u00fade de que trata\u00a0a Lei Complementar n\u00ba 141, de 13 de janeiro de 2012, e d\u00e1 outras provid\u00eancias.&#8221;<\/p>\n<p style=\"text-align: justify;\"><strong><a href=\"https:\/\/cgm.riobranco.ac.gov.br\/lai\/wp-content\/uploads\/2012\/05\/LEI-N\u00ba-1.934-de-04.09.2012-CRIA-O-GUIA-DE-SA\u00daDE-DA-REDE-MUNICIPAL.pdf\" target=\"_blank\" rel=\"noopener\">LEI N\u00ba 1.934 DE 04 DE SETEMBRO DE 2012<\/a><\/strong><\/p>\n<p style=\"text-align: justify;\">\u201cCria o Guia de Sa\u00fade da Rede Municipal e d\u00e1 outras provid\u00eancias.\u201d<\/p>\n<p style=\"text-align: justify;\"><strong><a href=\"https:\/\/cgm.riobranco.ac.gov.br\/lai\/wp-content\/uploads\/2012\/05\/LEI-N\u00ba-1.645-de-28.09.2007-Determina\u00e7\u00e3o-das-Consultas-m\u00e9dicas-e-Exames.pdf\" target=\"_blank\" rel=\"noopener\">LEI N\u00ba 1.645 DE 28 DE SETEMBRO DE 2007<\/a><\/strong><\/p>\n<p style=\"text-align: justify;\">\u201cDetermina que as consultas m\u00e9dicas e exames de sa\u00fade sejam no prazo m\u00e1ximo de 07 (sete) dias quando o paciente tiver idade igual ou superior a 60 (sessenta) anos.\u201d<\/p>\n<p style=\"text-align: justify;\"><strong><a href=\"https:\/\/cgm.riobranco.ac.gov.br\/lai\/wp-content\/uploads\/2012\/05\/LEI-N\u00ba-1.584-de-23.12.2005-Expedi\u00e7\u00e3o-de-receitas-m\u00e9dicas-e-odontol\u00f3gicas-no-Munic\u00edpio.pdf\" target=\"_blank\" rel=\"noopener\">LEI N\u00ba 1.584 DE 23 DE DEZEMBRO DE 2005<\/a>\u00a0<\/strong><span style=\"color: #ff0000;\">(Alterada pela Lei n\u00ba 2.458 de 21 de junho de 2023)<\/span><\/p>\n<p style=\"text-align: justify;\">\u201cTorna obrigat\u00f3ria a\u00a0expedi\u00e7\u00e3o de receitas m\u00e9dicas e odontol\u00f3gicas, datilografadas ou digitadas, no \u00e2mbito do Munic\u00edpio de Rio Branco, pelos consult\u00f3rios particulares ou da rede p\u00fablica.\u201d<\/p>\n<p style=\"text-align: justify;\"><strong><a href=\"http:\/\/www.planalto.gov.br\/ccivil_03\/decreto\/2001\/D3964.htm\" target=\"_blank\" rel=\"noopener\">DECRETO FEDERAL N\u00ba 3.964 DE 10 DE OUTUBRO DE 2001<\/a><\/strong><\/p>\n<p style=\"text-align: justify;\">&#8220;Disp\u00f5e sobre o Fundo Nacional de Sa\u00fade e d\u00e1 outras provid\u00eancias.&#8221;<\/p>\n","protected":false},"excerpt":{"rendered":"<p>Endere\u00e7o:\u00a0Avenida Brasil, 475 &#8211; 2\u00ba andar &#8211; Centro &#8211; CEP:\u00a069.900-078 E-mail:\u00a0gabinete.semsa@riobranco.ac.gov.br Telefone: (68) 3213-2526\/ 3213-2516 Hor\u00e1rio de funcionamento:\u00a007:00 \u00e0s 14:00 (DECRETO N\u00ba 2.010 DE 20 DE DEZEMBRO DE 2023) SECRET\u00c1RIA MUNICIPAL DE SA\u00daDE DOUGLLAS JONATHAN SANTIAGO DE SOUZA E-mail:\u00a0dougllas.souza@riobranco.ac.gov.br &nbsp; CHEFIA DE GABINETE BIANCA DE SOUZA OLIVEIRA E-mail:\u00a0bianca.oliveira@riobranco.ac.gov.br E-mail:\u00a0gabinete.semsa@riobranco.ac.gov.br Telefone: (68)\u00a03213-2500 \/ 3212-7501 &nbsp; UNIDADE [&hellip;]<\/p>\n","protected":false},"author":2,"featured_media":0,"parent":12,"menu_order":14,"comment_status":"open","ping_status":"open","template":"","meta":{"footnotes":""},"class_list":["post-106","page","type-page","status-publish","hentry"],"_links":{"self":[{"href":"https:\/\/cgm.riobranco.ac.gov.br\/lai\/wp-json\/wp\/v2\/pages\/106","targetHints":{"allow":["GET"]}}],"collection":[{"href":"https:\/\/cgm.riobranco.ac.gov.br\/lai\/wp-json\/wp\/v2\/pages"}],"about":[{"href":"https:\/\/cgm.riobranco.ac.gov.br\/lai\/wp-json\/wp\/v2\/types\/page"}],"author":[{"embeddable":true,"href":"https:\/\/cgm.riobranco.ac.gov.br\/lai\/wp-json\/wp\/v2\/users\/2"}],"replies":[{"embeddable":true,"href":"https:\/\/cgm.riobranco.ac.gov.br\/lai\/wp-json\/wp\/v2\/comments?post=106"}],"version-history":[{"count":93,"href":"https:\/\/cgm.riobranco.ac.gov.br\/lai\/wp-json\/wp\/v2\/pages\/106\/revisions"}],"predecessor-version":[{"id":5864,"href":"https:\/\/cgm.riobranco.ac.gov.br\/lai\/wp-json\/wp\/v2\/pages\/106\/revisions\/5864"}],"up":[{"embeddable":true,"href":"https:\/\/cgm.riobranco.ac.gov.br\/lai\/wp-json\/wp\/v2\/pages\/12"}],"wp:attachment":[{"href":"https:\/\/cgm.riobranco.ac.gov.br\/lai\/wp-json\/wp\/v2\/media?parent=106"}],"curies":[{"name":"wp","href":"https:\/\/api.w.org\/{rel}","templated":true}]}}