{"id":107,"date":"2012-05-11T15:31:18","date_gmt":"2012-05-11T15:31:18","guid":{"rendered":"http:\/\/portalcgm.riobranco.ac.gov.br\/lai\/secretaria-de-obras-publicas\/"},"modified":"2024-03-25T15:18:18","modified_gmt":"2024-03-25T20:18:18","slug":"secretaria-de-obras-publicas","status":"publish","type":"page","link":"https:\/\/cgm.riobranco.ac.gov.br\/lai\/institucional\/secretaria-de-obras-publicas\/","title":{"rendered":"SECRETARIA MUNICIPAL DE INFRAESTRUTURA E MOBILIDADE URBANA &#8211; SEINFRA"},"content":{"rendered":"<hr \/>\n<p style=\"text-align: justify;\">Endere\u00e7o:\u00a0Rua Rui Barbosa, 325 \u2013 CEP 69900-120 (Antigo Mira Shopping)<\/p>\n<p style=\"text-align: justify;\">E-mail: <a href=\"mailto:gabinete.seinfra@riobranco.ac.gov.br\">gabinete.seinfra@riobranco.ac.gov.br<\/a><\/p>\n<p style=\"text-align: justify;\">Telefone:\u00a0(68) 3223-6007<\/p>\n<p style=\"text-align: justify;\">Hor\u00e1rio de funcionamento:\u00a007:00 \u00e0s 14:00 (DECRETO N\u00ba 2.010 DE 20 DE DEZEMBRO DE 2023)<\/p>\n<hr \/>\n<p>SECRET\u00c1RIO MUNICIPAL DE INFRAESTRUTURA E MOBILIDADE URBANA<\/p>\n<p><a href=\"https:\/\/cgm.riobranco.ac.gov.br\/lai\/wp-content\/uploads\/2012\/05\/sefin2.jpg\"><img loading=\"lazy\" decoding=\"async\" class=\"alignnone size-medium wp-image-3693\" src=\"https:\/\/cgm.riobranco.ac.gov.br\/lai\/wp-content\/uploads\/2012\/05\/sefin2-300x200.jpg\" alt=\"SEINFRA\" width=\"300\" height=\"200\" \/><\/a><\/p>\n<p><strong>ANT\u00d4NIO CID RODRIGUES FERREIRA<\/strong><\/p>\n<p>E-mail:\u00a0<a href=\"mailto:antonio.cid@riobranco.ac.gov.br\">antonio.cid@riobranco.ac.gov.br<\/a><\/p>\n<p style=\"text-align: justify;\">Ant\u00f4nio Cid Rodrigues Ferreira\u00a0tem 60 anos, nasceu em Manaus \u2013 AM e mora h\u00e1 59 anos no Acre. \u00c9 casado com Dulcineide de Noronha Ferreira, com quem tem tr\u00eas filhos: Hallen, Anajara e Mariana. Tem tr\u00eas netos. \u00c9 contador formado pela Faculdade Integrada de Rio Branco \u2013 FIRB, P\u00f3s-graduado em Contabilidade P\u00fablica Tribut\u00e1ria e Governan\u00e7a P\u00fablica Gest\u00e3o Administrativa. Tem experi\u00eancia de mais de 35 anos como funcion\u00e1rio efetivo da Secretaria de Estado de Planejamento \u2013 SEPLAG com atua\u00e7\u00e3o na Secretaria de Estado de Apoio aos Munic\u00edpios, Departamento de Estrada de Rodagem do Acre \u2013 DERACRE, Instituto de Meio Ambiente do Acre \u2013 IMAC, Empresa de Assist\u00eancia T\u00e9cnica e Extens\u00e3o Rural do Acre \u2013 EMATER, bem como nas Prefeituras de Acrel\u00e2ndia, Cruzeiro do Sul, Feij\u00f3, Brasileia, Senador Guiomard, Pl\u00e1cido de Castro, Tarauac\u00e1 e de Rio Branco.<\/p>\n<p>&nbsp;<\/p>\n<p>CHEFIA DE GABINETE<\/p>\n<p><strong>RUSMEIRE FREITAS JUC\u00c1 CRUZ<\/strong><\/p>\n<p>E-mail: <a href=\"mailto:rusmeire.cruz@riobranco.ac.gov.br\">rusmeire.cruz@riobranco.ac.gov.br<\/a><\/p>\n<p>E-mail:\u00a0<a href=\"mailto:gabinete.seinfra@riobranco.ac.gov.br\">gabinete.seinfra@riobranco.ac.gov.br<\/a><\/p>\n<p>Telefone: 3223-4155<\/p>\n<p>&nbsp;<\/p>\n<p>UNIDADE DE CONTROLE INTERNO &#8211; UCI\/SEINFRA<\/p>\n<p><strong>LUIZ EDGARD DE ANDRADE E SILVA<\/strong><\/p>\n<p>E-mail:\u00a0<a href=\"mailto:luiz.edgard@riobranco.ac.gov.br\" target=\"_blank\">luiz.edgard@riobranco.ac.gov.br<\/a><\/p>\n<p>&nbsp;<\/p>\n<p>SECRETARIA ADJUNTA DE OBRAS<\/p>\n<p><strong>ALESSANDRO DO NASCIMENTO ROCHA<\/strong><\/p>\n<p>E-mail:\u00a0<a href=\"mailto:gabinete.seinfra@riobranco.ac.gov.br\">gabinete.seinfra@riobranco.ac.gov.br<\/a><\/p>\n<p>Telefone:\u00a0(68) 3223-6007<\/p>\n<p>&nbsp;<\/p>\n<p>&nbsp;<\/p>\n<hr \/>\n<p style=\"text-align: justify;\">Arquivos para Download<\/p>\n<p style=\"text-align: justify;\"><strong><a href=\"https:\/\/cgm.riobranco.ac.gov.br\/lai\/wp-content\/uploads\/2012\/05\/SEINFRA-COMPET\u00caNCIA.pdf\" target=\"_blank\">SEINFRA &#8211; COMPET\u00caNCIA<\/a><\/strong><\/p>\n<hr \/>\n<p style=\"text-align: justify;\">Estrutura Administrativa<\/p>\n<p style=\"text-align: justify;\"><strong><a href=\"https:\/\/cgm.riobranco.ac.gov.br\/lai\/wp-content\/uploads\/2012\/05\/DECRETO-N\u00ba-103-2024-Estrutura-Organizacional-B\u00e1sica-da-SEINFRA.pdf\" target=\"_blank\">DECRETO N\u00ba 103 DE 22 DE JANEIRO DE 2024<\/a><\/strong><\/p>\n<p style=\"text-align: justify;\">\u201cEstabelece a Estrutura Organizacional B\u00e1sica da Secretaria Municipal de Infraestrutura e Mobilidade Urbana &#8211; SEINFRA.\u201d<\/p>\n<p style=\"text-align: justify;\"><strong><a href=\"https:\/\/cgm.riobranco.ac.gov.br\/lai\/wp-content\/uploads\/2012\/05\/DECRETO-N\u00ba-138-2023-Estrutura-Organizacional-da-SEINFRA.pdf\" target=\"_blank\">DECRETO N\u00ba 138 DE 06 DE JANEIRO DE 2023<\/a>\u00a0<\/strong><span style=\"color: #ff0000;\">(Revogado)<\/span><\/p>\n<p style=\"text-align: justify;\">\u201cEstabelece a Estrutura Organizacional B\u00e1sica da Secretaria Municipal de Infraestrutura e Mobilidade Urbana &#8211; SEINFRA.\u201d<\/p>\n<p style=\"text-align: justify;\"><strong><a href=\"https:\/\/cgm.riobranco.ac.gov.br\/lai\/wp-content\/uploads\/2012\/05\/DECRETO-N\u00ba-114-2022-Estrutura-Organizacional-da-SEINFRA.pdf\" target=\"_blank\">DECRETO N\u00ba 114 DE 10 DE FEVEREIRO DE 2022<\/a>\u00a0<\/strong><span style=\"color: #ff0000;\">(Revogado)<\/span><\/p>\n<p style=\"text-align: justify;\">\u201cEstabelece a Estrutura Organizacional B\u00e1sica da Secretaria Municipal de Infraestrutura e Mobilidade Urbana &#8211; SEINFRA.\u201d<\/p>\n<p style=\"text-align: justify;\"><strong><a href=\"https:\/\/cgm.riobranco.ac.gov.br\/lai\/wp-content\/uploads\/2012\/05\/DECRETO-N\u00ba-172-2020-Alterar-o-Decreto-n\u00ba-045-2019-Estrutura-SEINFRA.pdf\" target=\"_blank\">DECRETO N\u00ba 172 DE 06 DE MAR\u00c7O DE 2020<\/a>\u00a0<\/strong><\/p>\n<p style=\"text-align: justify;\">\u201cAltera o Decreto n\u00ba 045, de 16 de janeiro de 2019.\u201d<\/p>\n<p style=\"text-align: justify;\"><strong><a href=\"https:\/\/cgm.riobranco.ac.gov.br\/lai\/wp-content\/uploads\/2012\/05\/DECRETO-N\u00ba-040-2020-Altera-o-Decreto-n\u00ba-045-2019-Estrutura-SEINFRA.pdf\" target=\"_blank\">DECRETO N\u00ba 040 DE 14 DE JANEIRO DE 2020<\/a>\u00a0<\/strong><\/p>\n<p style=\"text-align: justify;\">&#8220;Altera o Decreto n\u00b0 045, de janeiro de 2019\u201d<\/p>\n<p style=\"text-align: justify;\"><strong><a href=\"https:\/\/cgm.riobranco.ac.gov.br\/lai\/wp-content\/uploads\/2012\/05\/DECRETO-N\u00ba-045-2019-Estrutura-Adm.-SEINFRA.pdf\" target=\"_blank\">DECRETO N\u00ba 045 DE 16 DE JANEIRO DE 2019<\/a>\u00a0<\/strong><span style=\"color: #ff0000;\">(Revogado)<\/span><\/p>\n<p style=\"text-align: justify;\">\u201cEstabelece a Estrutura Organizacional B\u00e1sica da Secretaria Municipal de Infraestrutura e Mobilidade Urbana \u2013 SEINFRA.\u201d<\/p>\n<p style=\"text-align: justify;\"><strong><a href=\"https:\/\/cgm.riobranco.ac.gov.br\/lai\/wp-content\/uploads\/2012\/05\/DECRETO-N\u00ba-1121-2016-Altera-o-Decreto-n\u00b0-708-2013-Estrutura-SEOP1.pdf\" target=\"_blank\">DECRETO N\u00ba 1.121 DE 09 DE DEZEMBRO DE 2016<\/a>\u00a0<\/strong><span style=\"color: #ff0000;\">(Revogado)<\/span><\/p>\n<p style=\"text-align: justify;\">&#8220;Altera o Decreto n\u00b0 708, de 11 de mar\u00e7o de 2013.\u201d<\/p>\n<p style=\"text-align: justify;\"><strong><a href=\"https:\/\/cgm.riobranco.ac.gov.br\/lai\/wp-content\/uploads\/2012\/05\/DECRETO-N\u00ba-840-DE-30-DE-JUNHO-DE-2014-Estrutur-da-SMDGU.pdf\" target=\"_blank\">DECRETO N\u00ba 840 DE 30 DE JUNHO DE 2014<\/a>\u00a0<\/strong><span style=\"color: #ff0000;\">(Revogado)<\/span><\/p>\n<p style=\"text-align: justify;\">&#8220;Reformula a Estrutura Organizacional B\u00e1sica da Secretaria Municipal de Desenvolvimento e Gest\u00e3o Urbana- SMDGU.&#8221;<\/p>\n<p style=\"text-align: justify;\"><a href=\"https:\/\/cgm.riobranco.ac.gov.br\/lai\/wp-content\/uploads\/2012\/05\/DECRETO-N\u00ba-840-DE-30-DE-JUNHO-DE-2014-ANEXO-Organograma-SMDGU.pdf\" target=\"_blank\">DECRETO N\u00ba 840 DE 30 DE JUNHO DE 2014 &#8211; Anexo<\/a>\u00a0<span style=\"color: #ff0000;\">(Revogado)<\/span><\/p>\n<p style=\"text-align: justify;\"><strong><a href=\"https:\/\/cgm.riobranco.ac.gov.br\/lai\/wp-content\/uploads\/2012\/05\/DECRETO-N\u00ba-713-2013-Estrutura\u00e7\u00e3o-Secretaria-Municipal-de-Desenvolvimento-Urbano-SMDGU.pdf\" target=\"_blank\">DECRETO N\u00ba 713 DE 11 DE MAR\u00c7O DE 2013<\/a>\u00a0<\/strong><span style=\"color: #ff0000;\">(Revogado)<\/span><\/p>\n<p style=\"text-align: justify;\">&#8220;Estabelece a Estrutura Organizacional B\u00e1sica da Secretaria Municipal de Desenvolvimento e Gest\u00e3o Urbana- SMDGU.&#8221;<\/p>\n<p style=\"text-align: justify;\"><strong><a href=\"https:\/\/cgm.riobranco.ac.gov.br\/lai\/wp-content\/uploads\/2012\/05\/DECRETO-N\u00ba-708-2013-Estrutura\u00e7\u00e3o-Secretaria-Municipal-de-Obras-SEOP.pdf\" target=\"_blank\">DECRETO N\u00ba 708 DE 11 DE MAR\u00c7O DE 2013<\/a>\u00a0<\/strong><span style=\"color: #ff0000;\">(Revogado)<\/span><\/p>\n<p style=\"text-align: justify;\">&#8220;Estabelece a Estrutura Organizacional B\u00e1sica da Secretaria de Obras P\u00fablicas &#8211; SEOP.&#8221;<\/p>\n<p style=\"text-align: justify;\"><strong><a href=\"https:\/\/cgm.riobranco.ac.gov.br\/lai\/wp-content\/uploads\/2012\/05\/LEI-N\u00ba-1.753-de-05.10.2009-Organiza\u00e7\u00e3o-da-SMDGU.pdf\" target=\"_blank\">LEI N\u00ba 1.753 DE 05 DE OUTUBRO DE 2009<\/a>\u00a0<\/strong><span style=\"color: #ff0000;\">(Revogado)<\/span><\/p>\n<p style=\"text-align: justify;\">&#8220;Disp\u00f5e sobre a organiza\u00e7\u00e3o da Secretaria\u00a0Municipal de Desenvolvimento e Gest\u00e3o Urbana, sua estrutura, diretrizes e princ\u00edpios; d\u00e1 nova reda\u00e7\u00e3o aos artigos e anexos, e revoga arts. da Lei Municipal n\u00b0 1.551, de 08 de novembro de 2005 e suas altera\u00e7\u00f5es e d\u00e1 outras provid\u00eancias.&#8221;<\/p>\n<hr \/>\n<p style=\"text-align: justify;\">Fundo Municipal de Habita\u00e7\u00e3o de Interesse Social \u2013 FMHIS<\/p>\n<p style=\"text-align: justify;\"><strong><a href=\"https:\/\/cgm.riobranco.ac.gov.br\/lai\/wp-content\/uploads\/2012\/05\/LEI-N\u00ba-1.834-de-25.03.2011-Transferencia-de-Direitos-e-Obriga\u00e7\u00f5es-do-FMHP-para-o-FMHIS.pdf\" target=\"_blank\">LEI N\u00b0 1.834 DE 25 DE MAR\u00c7O DE 2011<\/a><\/strong><\/p>\n<p style=\"text-align: justify;\">\u201cDisp\u00f5e sobre a transfer\u00eancia de direitos e obriga\u00e7\u00f5es do Fundo Municipal de Habita\u00e7\u00e3o Popular; altera e revoga dispositivos da Lei Municipal n\u00ba 1.724, de 17 de dezembro de 2008 e da Lei Municipal n\u00ba 1.753, de 05 de outubro de 2009 e d\u00e1 outras provid\u00eancias.\u201d<\/p>\n<p style=\"text-align: justify;\"><strong><a href=\"https:\/\/cgm.riobranco.ac.gov.br\/lai\/wp-content\/uploads\/2012\/05\/LEI-N\u00ba-1.724-de-17.12.2008-Cria-o-FMHIS.pdf\" target=\"_blank\">LEI N\u00ba 1.724 DE 17 DE DEZEMBRO DE 2008<\/a><\/strong><\/p>\n<p style=\"text-align: justify;\">\u201cCria o Fundo Municipal de Habita\u00e7\u00e3o de Interesse Social \u2013 FMHIS e institui o Conselho-Gestor do FMHIS, nos termos da Lei Federal n\u00b0 11.124 de 16\/06\/2005.\u201d<\/p>\n<p style=\"text-align: justify;\"><strong><a href=\"https:\/\/cgm.riobranco.ac.gov.br\/lai\/wp-content\/uploads\/2012\/05\/LEI-N\u00ba-1.449-de-28.11.2001-Altera-a-Lei-n\u00ba-1.445-2001-FMHP.pdf\">LEI N\u00ba 1.449 DE 28 DE NOVEMBRO DE 2001<\/a><\/strong><\/p>\n<p style=\"text-align: justify;\">\u201cAltera o Inciso 2\u00ba Artigo 6\u00ba, do Art.1\u00ba da Lei N\u00ba 1.445, de 25 de outubro de\u00a02001.\u201d<\/p>\n<p style=\"text-align: justify;\"><strong><a href=\"https:\/\/cgm.riobranco.ac.gov.br\/lai\/wp-content\/uploads\/2012\/05\/LEI-N\u00ba-1.445-de-25.10.2001-Cria-o-Conselho-Municipal-de-Habita\u00e7\u00e3o-Popular-CMHP.pdf\" target=\"_blank\">LEI N\u00ba 1.445 DE 25 DE OUTUBRO DE 2001<\/a><\/strong><\/p>\n<p style=\"text-align: justify;\">\u201cAltera dispositivos da Lei n.\u00b0 1.085, de 18 de maio de 1993, que cria o Fundo Municipal de Habita\u00e7\u00e3o Popular e institui o Conselho Municipal de Habita\u00e7\u00e3o Popular &#8211; CCHP e d\u00e1 outras provid\u00eancias.\u201d<\/p>\n<p style=\"text-align: justify;\"><strong><a href=\"https:\/\/cgm.riobranco.ac.gov.br\/lai\/wp-content\/uploads\/2012\/05\/LEI-N\u00ba-1.085-de-18.05.1993-Cria-o-Fundo-Municipal-de-Habita\u00e7\u00e3o-Popular-FMHP.pdf\" target=\"_blank\">LEI N\u00ba 1.085 DE 18 DE MAIO DE 1993<\/a><\/strong><\/p>\n<p style=\"text-align: justify;\">&#8220;Cria o Fundo Municipal de Habita\u00e7\u00e3o Popular &#8211; FMHP.&#8221;<\/p>\n<hr \/>\n<p style=\"text-align: justify;\"><strong><a href=\"https:\/\/cgm.riobranco.ac.gov.br\/lai\/wp-content\/uploads\/2012\/05\/SEINFRA-INSTRU\u00c7\u00c3O-NORMATIVA-001-2023-DOE.pdf\" target=\"_blank\">SEINFRA &#8211; INSTRU\u00c7\u00c3O NORMATIVA N\u00ba 001\/2023<\/a><\/strong>\u00a0&#8211; DOE<\/p>\n<p style=\"text-align: justify;\">&#8220;Normatiza os procedimentos e a tramita\u00e7\u00e3o do processo administrativo de execu\u00e7\u00e3o do contrato de obras e servi\u00e7os de infraestrutura, no \u00e2mbito da Secretaria Municipal de Infraestrutura e Mobilidade Urbana \u2013 SEINFRA.&#8221;<\/p>\n<p style=\"text-align: justify;\"><strong><a href=\"https:\/\/cgm.riobranco.ac.gov.br\/lai\/wp-content\/uploads\/2012\/05\/SEINFRA-REGIMENTO-INTERNO-DA-COMISS\u00c3O-DE-RECURSOS-FISCAIS-DOE.pdf\" target=\"_blank\">SEINFRA &#8211; REGIMENTO INTERNO DA COMISS\u00c3O DE RECURSOS FISCAIS<\/a><\/strong>\u00a0&#8211; DOE<\/p>\n<p style=\"text-align: justify;\">&#8220;A Comiss\u00e3o de Recursos Fiscais \u2013 CRF \u00e9 \u00f3rg\u00e3o colegiado de julgamento institu\u00eddo pela Lei Complementar n\u00ba 48\/2018 &#8211; C\u00f3digo de Obras e Edifica\u00e7\u00f5es do Munic\u00edpio de Rio Branco, tendo por finalidade analisar e julgar as impugna\u00e7\u00f5es aos autos de infra\u00e7\u00e3o, e exercer\u00e1 suas compet\u00eancias legais nos termos do presente Regimento Interno, que estabelece as normas para a sua organiza\u00e7\u00e3o e funcionamento.&#8221;<\/p>\n<p style=\"text-align: justify;\"><strong><a href=\"https:\/\/cgm.riobranco.ac.gov.br\/lai\/wp-content\/uploads\/2012\/05\/SEINFRA-PORTARIA-N\u00ba-129-2021-HOR\u00c1RIO-DE-EXPEDIENTE.pdf\" target=\"_blank\">SEINFRA-PORTARIA N\u00ba 129\/2021<\/a><\/strong><\/p>\n<p style=\"text-align: justify;\">Disp\u00f5e sobre o hor\u00e1rio de funcionamento e a retomada das atividades presenciais e do atendimento ao p\u00fablico no \u00e2mbito Secretaria Municipal de Infraestrutura e Mobilidade Urbana.<\/p>\n<p style=\"text-align: justify;\"><strong><a href=\"https:\/\/cgm.riobranco.ac.gov.br\/lai\/wp-content\/uploads\/2012\/05\/DECRETO-N\u00ba-1136-2021-Estabelece-a-Revis\u00e3o-das-Instru\u00e7\u00f5es-e-Especifica\u00e7\u00f5es-Manut.-Vi\u00e1ria.pdf\" target=\"_blank\">DECRETO N\u00ba 1136 DE 16 DE JULHO DE 2021<\/a><\/strong><\/p>\n<p style=\"text-align: justify;\">&#8220;Fica institu\u00eddo o Comit\u00ea de elabora\u00e7\u00e3o da Instru\u00e7\u00e3o Normativa T\u00e9cnica para Execu\u00e7\u00e3o de Servi\u00e7os de Abertura, Conserva\u00e7\u00e3o, Manuten\u00e7\u00e3o e Recupera\u00e7\u00e3o de Vias, Ramais e Estradas do Munic\u00edpio de Rio Branco, a partir do ato da publica\u00e7\u00e3o deste Decreto.&#8221;<\/p>\n<p style=\"text-align: justify;\"><strong><a href=\"https:\/\/cgm.riobranco.ac.gov.br\/lai\/wp-content\/uploads\/2012\/05\/SEINFRA-PORTARIA-N\u00ba-093-2021.pdf\" target=\"_blank\">SEINFRA-PORTARIA N\u00ba 093\/2021<\/a><\/strong><\/p>\n<p style=\"text-align: justify;\">&#8220;Disp\u00f5e sobre o hor\u00e1rio de funcionamento e a retomada das atividades presenciais e do atendimento ao p\u00fablico no \u00e2mbito Secretaria Municipal de Infraestrutura e Mobilidade Urbana.&#8221;<\/p>\n<p style=\"text-align: justify;\"><strong><a href=\"https:\/\/cgm.riobranco.ac.gov.br\/lai\/wp-content\/uploads\/2012\/05\/SEINFRA-PORTARIA-N\u00ba-081-2021.pdf\" target=\"_blank\">SEINFRA-PORTARIA N\u00ba 081\/2021<\/a><\/strong><\/p>\n<p style=\"text-align: justify;\">&#8220;Disp\u00f5e sobre o hor\u00e1rio de funcionamento e a retomada das atividades presenciais e do atendimento ao p\u00fablico no \u00e2mbito Secretaria Municipal de Infraestrutura e Mobilidade Urbana.&#8221;<\/p>\n<p style=\"text-align: justify;\"><strong><a href=\"https:\/\/cgm.riobranco.ac.gov.br\/lai\/wp-content\/uploads\/2012\/05\/SEINFRA-PORTARIA-N\u00ba-200-DE-14-DE-DEZEMBRO-DE-2020.pdf\" target=\"_blank\">SEINFRA-PORTARIA N\u00ba 200\/2020<\/a><\/strong><\/p>\n<p style=\"text-align: justify;\">&#8220;Aprova o regimento interno da comiss\u00e3o de recursos fiscais.&#8221;<\/p>\n<p style=\"text-align: justify;\"><strong><a href=\"https:\/\/cgm.riobranco.ac.gov.br\/lai\/wp-content\/uploads\/2012\/05\/DECRETO-N\u00ba-714-2020-Altera-o-Decreto-n\u00ba-523-2020-Comiss\u00e3o-de-recursos-fiscais.pdf\" target=\"_blank\">DECRETO N\u00ba 714 DE 28 DE SETEMBRO DE 2020<\/a><\/strong><\/p>\n<p style=\"text-align: justify;\">\u201cAltera o Decreto n\u00ba 523, de 07 de agosto de 2020\u201d.<\/p>\n<p style=\"text-align: justify;\"><strong><a href=\"https:\/\/cgm.riobranco.ac.gov.br\/lai\/wp-content\/uploads\/2012\/05\/DECRETO-N\u00ba-523-2020-Nomeia-a-Comiss\u00e3o-de-Recursos-Fiscais-2020-2021.pdf\" target=\"_blank\">DECRETO N\u00ba 523 DE 07 DE AGOSTO DE 2020<\/a><\/strong><\/p>\n<p style=\"text-align: justify;\">\u201cNomeia os integrantes da Comiss\u00e3o de Recurso Fiscais, institu\u00edda pela Lei Complementar n\u00ba 48\/2018, art. 243, e d\u00e1 outras provid\u00eancias.\u201d<\/p>\n<p style=\"text-align: justify;\"><strong><a href=\"https:\/\/cgm.riobranco.ac.gov.br\/lai\/wp-content\/uploads\/2012\/05\/SEINFRA-IN-N\u00ba-004-2020-Cronograma-de-Obriga\u00e7\u00f5es-da-Gest\u00e3o-para-Presta\u00e7\u00e3o-de-Contas-ao-TCE-DOE.pdf\" target=\"_blank\">SEINFRA-INSTRU\u00c7\u00c3O NORMATIVA N\u00ba 004\/2020<\/a><\/strong><\/p>\n<p style=\"text-align: justify;\">&#8220;Institui no \u00e2mbito da Secretaria Municipal de Infraestrutura e Mobilidade Urbana &#8211; SEINFRA, o Cronograma de Obriga\u00e7\u00f5es da Gest\u00e3o para fins de presta\u00e7\u00e3o de contas ao TCE, em conformidade com o Decreto Municipal n\u00ba 28 de 10 janeiro de 2020 e d\u00e1 outras provid\u00eancias.&#8221;<\/p>\n<p style=\"text-align: justify;\"><strong><a href=\"https:\/\/cgm.riobranco.ac.gov.br\/lai\/wp-content\/uploads\/2012\/05\/SEINFRA-IN-N\u00ba-003-2020-Institui-a-regulamenta\u00e7\u00e3o-t\u00e9cnica-para-manuten\u00e7\u00e3o-de-vias-urbanas-DOE.pdf\" target=\"_blank\">S<\/a><\/strong><strong><a href=\"https:\/\/cgm.riobranco.ac.gov.br\/lai\/wp-content\/uploads\/2012\/05\/SEINFRA-IN-N\u00ba-003-2020-Institui-a-regulamenta\u00e7\u00e3o-t\u00e9cnica-para-manuten\u00e7\u00e3o-de-vias-urbanas-DOE.pdf\" target=\"_blank\">EINFRA-INSTRU\u00c7\u00c3O NORMATIVA N\u00ba 003\/2020<\/a><\/strong><\/p>\n<p style=\"text-align: justify;\">&#8220;Institui a regulamenta\u00e7\u00e3o t\u00e9cnica para realiza\u00e7\u00e3o de servi\u00e7os de conserva\u00e7\u00e3o, manuten\u00e7\u00e3o e recupera\u00e7\u00e3o e\/ou restaura\u00e7\u00e3o de vias urbanas no Munic\u00edpio de Rio Branco.&#8221;<\/p>\n<p style=\"text-align: justify;\"><strong><a href=\"https:\/\/cgm.riobranco.ac.gov.br\/lai\/wp-content\/uploads\/2012\/05\/SEINFRA-IN-N\u00ba-002-2020-Hor\u00e1rio-de-Funcionamento-da-SEINFRA-DOE.pdf\" target=\"_blank\">SEINFRA-INSTRU\u00c7\u00c3O NORMATIVA N\u00ba 002\/2020<\/a><\/strong><\/p>\n<p style=\"text-align: justify;\">&#8220;Estabelece o hor\u00e1rio de funcionamento da Secret\u00e1ria Municipal de Infraestrutura e Mobilidade Urbana e d\u00e1 outras provid\u00eancias.&#8221;<\/p>\n<p style=\"text-align: justify;\"><strong><a href=\"https:\/\/cgm.riobranco.ac.gov.br\/lai\/wp-content\/uploads\/2012\/05\/SEINFRA-IN-N\u00ba-001-2020-Normatiza-os-procedimentos-e-a-tramita\u00e7\u00e3o-de-processos-administrativos-de-execu\u00e7\u00e3o-de-contrato-DOE.pdf\" target=\"_blank\">SEINFRA-INSTRU\u00c7\u00c3O NORMATIVA N\u00ba 001\/2020<\/a><\/strong><\/p>\n<p style=\"text-align: justify;\">&#8220;Normatiza os procedimentos e a tramita\u00e7\u00e3o do processo administrativo de execu\u00e7\u00e3o do contrato de obras e servi\u00e7os de infraestrutura, no \u00e2mbito da Secretaria Municipal de Infraestrutura e Mobilidade Urbana \u2013 SEINFRA.&#8221;<\/p>\n<p style=\"text-align: justify;\"><strong><a href=\"https:\/\/cgm.riobranco.ac.gov.br\/lai\/wp-content\/uploads\/2012\/05\/DECRETO-N\u00ba-068-2014-REGIONAIS-URBANAS.pdf\" target=\"_blank\">DECRETO N\u00ba 068 DE 16 DE JANEIRO DE 2014<\/a><\/strong><\/p>\n<p style=\"text-align: justify;\">&#8220;Cria e nomeia o territ\u00f3rio do Munic\u00edpio em 10 (dez) Regionais Urbanas e 05 (cinco) Regionais Rurais para auxiliar o Sistema Municipal de Gest\u00e3o de Planejamento.&#8221;<\/p>\n<p style=\"text-align: justify;\"><strong><a href=\"https:\/\/cgm.riobranco.ac.gov.br\/lai\/wp-content\/uploads\/2012\/05\/LEI-N\u00ba-1.993-DE-19.07.2013-Disp\u00f5e-sobre-a-implanta\u00e7\u00e3o-de-loteamentos-fechados-e-de-condom\u00ednios-horizontais.pdf\" target=\"_blank\">LEI N\u00ba 1.993 DE 19 DE JULHO DE 2013<\/a><\/strong><\/p>\n<p style=\"text-align: justify;\">\u201cDisp\u00f5e sobre a implanta\u00e7\u00e3o de\u00a0loteamentos fechados e de condom\u00ednios horizontais de lotes em Rio Branco e d\u00e1 outras provid\u00eancias.\u201d<\/p>\n","protected":false},"excerpt":{"rendered":"<p>Endere\u00e7o:\u00a0Rua Rui Barbosa, 325 \u2013 CEP 69900-120 (Antigo Mira Shopping) E-mail: gabinete.seinfra@riobranco.ac.gov.br Telefone:\u00a0(68) 3223-6007 Hor\u00e1rio de funcionamento:\u00a007:00 \u00e0s 14:00 (DECRETO N\u00ba 2.010 DE 20 DE DEZEMBRO DE 2023) SECRET\u00c1RIO MUNICIPAL DE INFRAESTRUTURA E MOBILIDADE URBANA ANT\u00d4NIO CID RODRIGUES FERREIRA E-mail:\u00a0antonio.cid@riobranco.ac.gov.br Ant\u00f4nio Cid Rodrigues Ferreira\u00a0tem 60 anos, nasceu em Manaus \u2013 AM e mora h\u00e1 59 [&hellip;]<\/p>\n","protected":false},"author":2,"featured_media":0,"parent":12,"menu_order":15,"comment_status":"open","ping_status":"open","template":"","meta":{"footnotes":""},"class_list":["post-107","page","type-page","status-publish","hentry"],"_links":{"self":[{"href":"https:\/\/cgm.riobranco.ac.gov.br\/lai\/wp-json\/wp\/v2\/pages\/107","targetHints":{"allow":["GET"]}}],"collection":[{"href":"https:\/\/cgm.riobranco.ac.gov.br\/lai\/wp-json\/wp\/v2\/pages"}],"about":[{"href":"https:\/\/cgm.riobranco.ac.gov.br\/lai\/wp-json\/wp\/v2\/types\/page"}],"author":[{"embeddable":true,"href":"https:\/\/cgm.riobranco.ac.gov.br\/lai\/wp-json\/wp\/v2\/users\/2"}],"replies":[{"embeddable":true,"href":"https:\/\/cgm.riobranco.ac.gov.br\/lai\/wp-json\/wp\/v2\/comments?post=107"}],"version-history":[{"count":85,"href":"https:\/\/cgm.riobranco.ac.gov.br\/lai\/wp-json\/wp\/v2\/pages\/107\/revisions"}],"predecessor-version":[{"id":5729,"href":"https:\/\/cgm.riobranco.ac.gov.br\/lai\/wp-json\/wp\/v2\/pages\/107\/revisions\/5729"}],"up":[{"embeddable":true,"href":"https:\/\/cgm.riobranco.ac.gov.br\/lai\/wp-json\/wp\/v2\/pages\/12"}],"wp:attachment":[{"href":"https:\/\/cgm.riobranco.ac.gov.br\/lai\/wp-json\/wp\/v2\/media?parent=107"}],"curies":[{"name":"wp","href":"https:\/\/api.w.org\/{rel}","templated":true}]}}