{"id":112,"date":"2012-05-11T15:38:17","date_gmt":"2012-05-11T15:38:17","guid":{"rendered":"http:\/\/portalcgm.riobranco.ac.gov.br\/lai\/gabinete-do-vice-prefeito\/"},"modified":"2024-01-09T15:52:31","modified_gmt":"2024-01-09T20:52:31","slug":"gabinete-do-vice-prefeito","status":"publish","type":"page","link":"https:\/\/cgm.riobranco.ac.gov.br\/lai\/institucional\/gabinete-do-vice-prefeito\/","title":{"rendered":"GABINETE DA VICE-PREFEITA &#8211; GABVICE"},"content":{"rendered":"<hr \/>\n<p style=\"text-align: justify;\">Endere\u00e7o:\u00a0Rua Rui Barbosa, N\u00ba 325, Rio Branco\/AC \u2013 CEP 69.900-120 (Antigo pr\u00e9dio do Mira Shopping)<\/p>\n<p style=\"text-align: justify;\">E-mail:<\/p>\n<p style=\"text-align: justify;\">Telefone: (68) 3211-2455<\/p>\n<p style=\"text-align: justify;\">Hor\u00e1rio de Funcionamento:\u00a007:00 \u00e0s 14:00 (DECRETO N\u00ba 2.010 DE 20 DE DEZEMBRO DE 2023)<\/p>\n<hr \/>\n<p>VICE-PREFEITA<\/p>\n<p style=\"text-align: justify;\"><strong><a href=\"https:\/\/cgm.riobranco.ac.gov.br\/lai\/wp-content\/uploads\/2012\/05\/Vice-Marfisa.jpeg\"><img loading=\"lazy\" decoding=\"async\" class=\"alignnone size-medium wp-image-4530\" src=\"https:\/\/cgm.riobranco.ac.gov.br\/lai\/wp-content\/uploads\/2012\/05\/Vice-Marfisa-200x300.jpeg\" alt=\"vice-marfisa\" width=\"200\" height=\"300\" srcset=\"https:\/\/cgm.riobranco.ac.gov.br\/lai\/wp-content\/uploads\/2012\/05\/Vice-Marfisa-200x300.jpeg 200w, https:\/\/cgm.riobranco.ac.gov.br\/lai\/wp-content\/uploads\/2012\/05\/Vice-Marfisa.jpeg 552w\" sizes=\"auto, (max-width: 200px) 100vw, 200px\" \/><\/a><\/strong><\/p>\n<p style=\"text-align: justify;\"><strong>MARFISA DE LIMA GALV\u00c3O<\/strong><\/p>\n<p style=\"text-align: justify;\">E-mail:\u00a0<a href=\"mailto:marfisa.galvao@riobranco.ac.gov.br\">marfisa.galvao@riobranco.ac.gov.br<\/a><\/p>\n<p style=\"text-align: justify;\" data-uw-styling-context=\"true\"><strong>Marfisa de Lima Galv\u00e3o<\/strong>\u00a0tem 41 anos, nasceu em Rio Branco (AC). \u00c9 casada com o Senador Sergio Petec\u00e3o, com quem tem tr\u00eas filhos. \u00c9 professora, formada em Educa\u00e7\u00e3o F\u00edsica pela Universidade Federal do Acre (UFAC).<\/p>\n<p style=\"text-align: justify;\" data-uw-styling-context=\"true\">Ap\u00f3s a gradua\u00e7\u00e3o, trabalhou no Servi\u00e7o Social do Com\u00e9rcio (SESC) como professora de Educa\u00e7\u00e3o F\u00edsica por dez anos. Al\u00e9m disso, sempre esteve envolvida com iniciativas e servi\u00e7os em prol da capital Rio Branco e do Acre.<\/p>\n<p style=\"text-align: justify;\" data-uw-styling-context=\"true\">Em 2014 participou das elei\u00e7\u00f5es como candidata a deputada federal pelo PSD e se tornou primeira suplente na C\u00e2mara dos Deputados, em Bras\u00edlia. Em janeiro de 2019 assumiu o mandato.<\/p>\n<p style=\"text-align: justify;\" data-uw-styling-context=\"true\">Atualmente \u00e9 Vice-Prefeita de Rio Branco, eleita para 2021\/2024.<\/p>\n<p>&nbsp;<\/p>\n<p>CHEFIA DE GABINETE<\/p>\n<p><strong>SAMANTHA LARISSA DA SILVA CASTRO<\/strong><\/p>\n<p>E-mail:\u00a0<a href=\"mailto:samantha.castro@riobranco.ac.gov.br\" target=\"_blank\">samantha.castro@riobranco.ac.gov.br<\/a><\/p>\n<p>&nbsp;<\/p>\n<hr \/>\n<p style=\"text-align: justify;\">Arquivos para Download<\/p>\n<p style=\"text-align: justify;\"><strong><a href=\"https:\/\/cgm.riobranco.ac.gov.br\/lai\/wp-content\/uploads\/2012\/05\/TERMO-DE-POSSE-PREFEITO-E-VICE-PREFEITA-2021-REP.pdf\" target=\"_blank\">TERMO DE POSSE DO PREFEITO E VICE-PREFEITA<\/a><\/strong>\u00a0(2021)<\/p>\n<p style=\"text-align: justify;\"><strong><a href=\"https:\/\/cgm.riobranco.ac.gov.br\/lai\/wp-content\/uploads\/2012\/05\/GABVPREF-COMPET\u00caNCIA.pdf\" target=\"_blank\">GABVPRE &#8211; COMPET\u00caNCIAS<\/a><\/strong><\/p>\n<hr \/>\n<p style=\"text-align: justify;\">Estrutura Organizacional<\/p>\n<p style=\"text-align: justify;\"><strong><a href=\"https:\/\/cgm.riobranco.ac.gov.br\/lai\/wp-content\/uploads\/2012\/05\/DECRETO-N\u00ba-105-2022-Estrutura-Organizacional-do-GABVICE.pdf\" target=\"_blank\">DECRETO N\u00ba 105 DE 08 DE FEVEREIRO DE 2022<\/a><\/strong><\/p>\n<p style=\"text-align: justify;\">\u201cEstabelece a Estrutura Organizacional B\u00e1sica do Gabinete da Vice-Prefeita &#8211; GABVICE.\u201d<\/p>\n<p style=\"text-align: justify;\"><strong><a href=\"https:\/\/cgm.riobranco.ac.gov.br\/lai\/wp-content\/uploads\/2012\/05\/DECRETO-N\u00ba-037-2019-Estrutura-Adm.-GABVPRE.pdf\" target=\"_blank\">DECRETO N\u00ba 037 DE 16 DE JANEIRO DE 2019<\/a>\u00a0<\/strong><span style=\"color: #ff0000;\">(Revogado)<\/span><\/p>\n<p style=\"text-align: justify;\">\u201cEstabelece a Estrutura Organizacional B\u00e1sica do Gabinete do Vice-Prefeito \u2013 GABVPRE.\u201d<\/p>\n<p style=\"text-align: justify;\"><strong><a href=\"https:\/\/cgm.riobranco.ac.gov.br\/lai\/wp-content\/uploads\/2012\/05\/DECRETO-N\u00ba-708-2017-Disp\u00f5e-sobre-a-organiza\u00e7\u00e3o-e-estrutura\u00e7\u00e3o-do-GGI-M-GABVICE.pdf\" target=\"_blank\">DECRETO N\u00ba 708 DE 02 DE MAR\u00c7O DE 2017<\/a><\/strong><\/p>\n<p style=\"text-align: justify;\">\u201cDisp\u00f5e sobre a organiza\u00e7\u00e3o e estrutura\u00e7\u00e3o do Gabinete de Gest\u00e3o Integrada Municipal \u2013 GGI-M\u201d<\/p>\n","protected":false},"excerpt":{"rendered":"<p>Endere\u00e7o:\u00a0Rua Rui Barbosa, N\u00ba 325, Rio Branco\/AC \u2013 CEP 69.900-120 (Antigo pr\u00e9dio do Mira Shopping) E-mail: Telefone: (68) 3211-2455 Hor\u00e1rio de Funcionamento:\u00a007:00 \u00e0s 14:00 (DECRETO N\u00ba 2.010 DE 20 DE DEZEMBRO DE 2023) VICE-PREFEITA MARFISA DE LIMA GALV\u00c3O E-mail:\u00a0marfisa.galvao@riobranco.ac.gov.br Marfisa de Lima Galv\u00e3o\u00a0tem 41 anos, nasceu em Rio Branco (AC). \u00c9 casada com o Senador [&hellip;]<\/p>\n","protected":false},"author":2,"featured_media":0,"parent":12,"menu_order":3,"comment_status":"open","ping_status":"open","template":"","meta":{"footnotes":""},"class_list":["post-112","page","type-page","status-publish","hentry"],"_links":{"self":[{"href":"https:\/\/cgm.riobranco.ac.gov.br\/lai\/wp-json\/wp\/v2\/pages\/112","targetHints":{"allow":["GET"]}}],"collection":[{"href":"https:\/\/cgm.riobranco.ac.gov.br\/lai\/wp-json\/wp\/v2\/pages"}],"about":[{"href":"https:\/\/cgm.riobranco.ac.gov.br\/lai\/wp-json\/wp\/v2\/types\/page"}],"author":[{"embeddable":true,"href":"https:\/\/cgm.riobranco.ac.gov.br\/lai\/wp-json\/wp\/v2\/users\/2"}],"replies":[{"embeddable":true,"href":"https:\/\/cgm.riobranco.ac.gov.br\/lai\/wp-json\/wp\/v2\/comments?post=112"}],"version-history":[{"count":74,"href":"https:\/\/cgm.riobranco.ac.gov.br\/lai\/wp-json\/wp\/v2\/pages\/112\/revisions"}],"predecessor-version":[{"id":5527,"href":"https:\/\/cgm.riobranco.ac.gov.br\/lai\/wp-json\/wp\/v2\/pages\/112\/revisions\/5527"}],"up":[{"embeddable":true,"href":"https:\/\/cgm.riobranco.ac.gov.br\/lai\/wp-json\/wp\/v2\/pages\/12"}],"wp:attachment":[{"href":"https:\/\/cgm.riobranco.ac.gov.br\/lai\/wp-json\/wp\/v2\/media?parent=112"}],"curies":[{"name":"wp","href":"https:\/\/api.w.org\/{rel}","templated":true}]}}