{"id":113,"date":"2012-05-11T15:38:46","date_gmt":"2012-05-11T15:38:46","guid":{"rendered":"http:\/\/portalcgm.riobranco.ac.gov.br\/lai\/gabinete-do-prefeito\/"},"modified":"2024-01-09T15:52:18","modified_gmt":"2024-01-09T20:52:18","slug":"gabinete-do-prefeito","status":"publish","type":"page","link":"https:\/\/cgm.riobranco.ac.gov.br\/lai\/institucional\/gabinete-do-prefeito\/","title":{"rendered":"GABINETE DO PREFEITO &#8211; GABPRE"},"content":{"rendered":"<hr \/>\n<p style=\"text-align: justify;\">Endere\u00e7o:\u00a0Rua Rui Barbosa, 285, Centro \u2013 CEP:\u00a069.900-120 \u2013 Rio Branco, Acre<\/p>\n<p style=\"text-align: justify;\">E-mail:\u00a0<a href=\"mailto:prefeitura@riobranco.ac.gov.br\">prefeitura@riobranco.ac.gov.br<\/a><\/p>\n<p style=\"text-align: justify;\">E-mail: <a href=\"mailto:prefeitura.riobranco@gmail.com\" target=\"_blank\">prefeitura.riobranco@gmail.com<\/a><\/p>\n<p style=\"text-align: justify;\">Telefone: (68)\u00a03212-7039<\/p>\n<p style=\"text-align: justify;\">Hor\u00e1rio de Funcionamento:\u00a007:00 \u00e0s 14:00 (DECRETO N\u00ba 2.010 DE 20 DE DEZEMBRO DE 2023)<\/p>\n<hr \/>\n<p>CHEFIA DE GABINETE<\/p>\n<p><strong>ARTUR LIBOR\u00cdNIO DOS SANTOS LIMA NETO<\/strong><\/p>\n<p>Telefone:\u00a0(68) 3212-7039<\/p>\n<p>E-mail: <a href=\"mailto:arthur.neto@riobranco.ac.gov.br\" target=\"_blank\">artur.neto@riobranco.ac.gov.br<\/a><\/p>\n<p>&nbsp;<\/p>\n<p>ASSESSORIA ESPECIAL PARA ASSUNTOS JUR\u00cdDICOS<\/p>\n<p><strong>JORGE EDUARDO BEZERRA DE SOUZA SOBRINHO<\/strong><\/p>\n<p>Telefone:\u00a0(68)\u00a03212-7009<\/p>\n<p>E-mail:\u00a0<a href=\"mailto:jorge.sobrinho@riobranco.ac.gov.br\">jorge.sobrinho@riobranco.ac.gov.br<\/a><\/p>\n<p>&nbsp;<\/p>\n<hr \/>\n<p style=\"text-align: justify;\">Arquivos para Download<\/p>\n<h4 style=\"text-align: justify;\"><a href=\"https:\/\/cgm.riobranco.ac.gov.br\/lai\/wp-content\/uploads\/2012\/05\/GABPREF-COMPET\u00caNCIA.pdf\" target=\"_blank\">GABPRE &#8211; COMPET\u00caNCIAS<\/a><\/h4>\n<hr \/>\n<p style=\"text-align: justify;\">Estrutura Organizacional<\/p>\n<p style=\"text-align: justify;\"><strong><a href=\"https:\/\/cgm.riobranco.ac.gov.br\/lai\/wp-content\/uploads\/2012\/05\/DECRETO-N\u00ba-1753-2022-Estrutura-Organizacional-do-GABPRE.pdf\" target=\"_blank\">DECRETO N\u00ba 1.753 DE 29 DE NOVEMBRO DE 2022<\/a><\/strong><\/p>\n<p style=\"text-align: justify;\">\u201cEstabelece a Estrutura Organizacional B\u00e1sica do Gabinete do Prefeito \u2013 GABPRE.\u201d<\/p>\n<p style=\"text-align: justify;\"><strong><a href=\"https:\/\/cgm.riobranco.ac.gov.br\/lai\/wp-content\/uploads\/2012\/05\/DECRETO-N\u00ba-1333-2022-Estabelece-a-Estrutura-Organizacioal-do-GABPRE.pdf\" target=\"_blank\">DECRETO N\u00ba 1.333 DE 1\u00b0 DE SETEMBRO DE 2022 <\/a>\u00a0<\/strong><span style=\"color: #ff0000;\">(Revogado)<\/span><\/p>\n<p style=\"text-align: justify;\">\u201cEstabelece a Estrutura Organizacional B\u00e1sica do Gabinete do Prefeito \u2013 GABPRE.\u201d<\/p>\n<p style=\"text-align: justify;\"><strong><a href=\"https:\/\/cgm.riobranco.ac.gov.br\/lai\/wp-content\/uploads\/2012\/05\/DECRETO-N\u00ba-838-2022-Estrutura-Organizacional-do-GABPRE.pdf\" target=\"_blank\">DECRETO N\u00ba 838 DE 27 DE MAIO DE 2022<\/a>\u00a0<\/strong><span style=\"color: #ff0000;\">(Revogado)<\/span><\/p>\n<p style=\"text-align: justify;\">\u201cEstabelece a Estrutura Organizacional B\u00e1sica do Gabinete do Prefeito \u2013 GABPRE.\u201d<\/p>\n<p style=\"text-align: justify;\"><strong><a href=\"https:\/\/cgm.riobranco.ac.gov.br\/lai\/wp-content\/uploads\/2012\/05\/DECRETO-N\u00ba-094-2022-Estrutura-Organizacional-do-GABPRE.pdf\" target=\"_blank\">DECRETO N\u00ba 094 DE 04 DE FEVEREIRO DE 2022<\/a>\u00a0<\/strong><span style=\"color: #ff0000;\">(Revogado)<\/span><\/p>\n<p style=\"text-align: justify;\">\u201cEstabelece a Estrutura Organizacional B\u00e1sica do Gabinete do Prefeito \u2013 GABPRE.\u201d<\/p>\n<p><strong><a href=\"https:\/\/cgm.riobranco.ac.gov.br\/lai\/wp-content\/uploads\/2012\/05\/DECRETO-N\u00ba-1138-2021-Estrutura-da-GABPRE.pdf\" target=\"_blank\">DECRETO N\u00ba 1.138 DE 21 DE JULHO DE 2021<\/a><\/strong><\/p>\n<p>\u201cEstabelece a Estrutura Organizacional B\u00e1sica do Gabinete do Prefeito \u2013\u00a0GABPRE.\u201d<\/p>\n<p><strong><a href=\"https:\/\/cgm.riobranco.ac.gov.br\/lai\/wp-content\/uploads\/2012\/05\/DECRETO-N\u00ba-006-2019-Estrutura-GABPRE.pdf\" target=\"_blank\">DECRETO N\u00ba 006 DE 09 DE JANEIRO DE 2019<\/a>\u00a0<\/strong><span style=\"color: #ff0000;\">(Revogado)<\/span><\/p>\n<p>\u201cEstabelece a Estrutura Organizacional B\u00e1sica do Gabinete do Prefeito \u2013 GABPRE.\u201d<\/p>\n<hr \/>\n<p style=\"text-align: justify;\">Arquivos para Download<\/p>\n<p style=\"text-align: justify;\"><strong><a href=\"https:\/\/cgm.riobranco.ac.gov.br\/lai\/wp-content\/uploads\/2012\/05\/CMRB-DECRETO-LEGISLATIVO-N\u00b0-003-2022-Afastamento-do-Prefeito-DOE.pdf\" target=\"_blank\">CMRB-DECRETO LEGISLATIVO N\u00b0 003\/2022<\/a><\/strong>\u00a0&#8211; DOE<\/p>\n<p style=\"text-align: justify;\">&#8220;Disp\u00f5e sobre autoriza\u00e7\u00e3o de viagem ao Prefeito do Munic\u00edpio de Rio Branco.&#8221;<\/p>\n<p style=\"text-align: justify;\"><strong><a href=\"https:\/\/cgm.riobranco.ac.gov.br\/lai\/wp-content\/uploads\/2012\/05\/GABPRE-PORTARIA-N\u00ba-153-2021-DOE.pdf\" target=\"_blank\">GABPRE-PORTARIA N\u00ba 153\/2021<\/a><\/strong>\u00a0&#8211; DOE<\/p>\n<p style=\"text-align: justify;\">&#8220;Ficam estabelecidas, na forma prevista nesta Portaria, as normas t\u00e9cnicas e os\u00a0 Procedimentos para elabora\u00e7\u00e3o e envio das mat\u00e9rias, objeto de publica\u00e7\u00e3o no Di\u00e1rio Oficial do Estado do Acre.&#8221;<\/p>\n<p style=\"text-align: justify;\"><strong><a href=\"https:\/\/cgm.riobranco.ac.gov.br\/lai\/wp-content\/uploads\/2012\/05\/ATOS-OFICIAIS-PORTARIA-N\u00ba-001-2021.pdf\" target=\"_blank\">COORDENADORIA DE ASSUNTOS JUR\u00cdDICOS E ATOS OFICIAIS &#8211; PORTARIA N\u00ba 001\/2021<\/a><\/strong><\/p>\n<p style=\"text-align: justify;\">&#8220;Fica institu\u00edda a obrigatoriedade da formata\u00e7\u00e3o dos arquivos para serem enviados para a publica\u00e7\u00e3o no Di\u00e1rio Oficial do Estado.&#8221;<\/p>\n","protected":false},"excerpt":{"rendered":"<p>Endere\u00e7o:\u00a0Rua Rui Barbosa, 285, Centro \u2013 CEP:\u00a069.900-120 \u2013 Rio Branco, Acre E-mail:\u00a0prefeitura@riobranco.ac.gov.br E-mail: prefeitura.riobranco@gmail.com Telefone: (68)\u00a03212-7039 Hor\u00e1rio de Funcionamento:\u00a007:00 \u00e0s 14:00 (DECRETO N\u00ba 2.010 DE 20 DE DEZEMBRO DE 2023) CHEFIA DE GABINETE ARTUR LIBOR\u00cdNIO DOS SANTOS LIMA NETO Telefone:\u00a0(68) 3212-7039 E-mail: artur.neto@riobranco.ac.gov.br &nbsp; ASSESSORIA ESPECIAL PARA ASSUNTOS JUR\u00cdDICOS JORGE EDUARDO BEZERRA DE SOUZA SOBRINHO [&hellip;]<\/p>\n","protected":false},"author":2,"featured_media":0,"parent":12,"menu_order":2,"comment_status":"open","ping_status":"open","template":"","meta":{"footnotes":""},"class_list":["post-113","page","type-page","status-publish","hentry"],"_links":{"self":[{"href":"https:\/\/cgm.riobranco.ac.gov.br\/lai\/wp-json\/wp\/v2\/pages\/113","targetHints":{"allow":["GET"]}}],"collection":[{"href":"https:\/\/cgm.riobranco.ac.gov.br\/lai\/wp-json\/wp\/v2\/pages"}],"about":[{"href":"https:\/\/cgm.riobranco.ac.gov.br\/lai\/wp-json\/wp\/v2\/types\/page"}],"author":[{"embeddable":true,"href":"https:\/\/cgm.riobranco.ac.gov.br\/lai\/wp-json\/wp\/v2\/users\/2"}],"replies":[{"embeddable":true,"href":"https:\/\/cgm.riobranco.ac.gov.br\/lai\/wp-json\/wp\/v2\/comments?post=113"}],"version-history":[{"count":75,"href":"https:\/\/cgm.riobranco.ac.gov.br\/lai\/wp-json\/wp\/v2\/pages\/113\/revisions"}],"predecessor-version":[{"id":5526,"href":"https:\/\/cgm.riobranco.ac.gov.br\/lai\/wp-json\/wp\/v2\/pages\/113\/revisions\/5526"}],"up":[{"embeddable":true,"href":"https:\/\/cgm.riobranco.ac.gov.br\/lai\/wp-json\/wp\/v2\/pages\/12"}],"wp:attachment":[{"href":"https:\/\/cgm.riobranco.ac.gov.br\/lai\/wp-json\/wp\/v2\/media?parent=113"}],"curies":[{"name":"wp","href":"https:\/\/api.w.org\/{rel}","templated":true}]}}