{"id":114,"date":"2012-05-12T19:48:22","date_gmt":"2012-05-12T19:48:22","guid":{"rendered":"http:\/\/portalcgm.riobranco.ac.gov.br\/lai\/secretaria-de-servicos-urbanos\/"},"modified":"2024-11-27T13:05:31","modified_gmt":"2024-11-27T18:05:31","slug":"secretaria-de-servicos-urbanos","status":"publish","type":"page","link":"https:\/\/cgm.riobranco.ac.gov.br\/lai\/institucional\/secretaria-de-servicos-urbanos\/","title":{"rendered":"SECRETARIA MUNICIPAL DE CUIDADOS COM A CIDADE &#8211; SMCCI"},"content":{"rendered":"<hr \/>\n<p>Endere\u00e7o:\u00a0Estrada da Sobral, 70, Sobral, Rio Branco \u2013 AC, CEP 69.903-705.<\/p>\n<p>E-mail: <a href=\"mailto:smzc@riobranco.ac.gov.br\" target=\"_blank\" rel=\"noopener\">smzc@riobranco.ac.gov.br<\/a><\/p>\n<p>E-mail:\u00a0<a href=\"mailto:smcci@riobranco.ac.gov.br\" target=\"_blank\" rel=\"noopener\">smcci@riobranco.ac.gov.br<\/a><\/p>\n<p>Telefone:\u00a0(68) 3225-3167 \/ 3225-5513<\/p>\n<p>Hor\u00e1rio de funcionamento:\u00a007:00 \u00e0s 14:00 (DECRETO N\u00ba 2.010 DE 20 DE DEZEMBRO DE 2023)<\/p>\n<hr \/>\n<p>SECRET\u00c1RIO MUNICIPAL DE CUIDADOS COM A CIDADE<\/p>\n<p><strong>JOABE LIRA DE QUEIROZ<\/strong><\/p>\n<p>E-mail:\u00a0<a href=\"mailto:joabe.queiroz@riobranco.ac.gov.br\">joabe.queiroz@riobranco.ac.gov.br<\/a><\/p>\n<p>&nbsp;<\/p>\n<p>SECRET\u00c1RIO ADJUNTO DA SMCCI<\/p>\n<p>&nbsp;<\/p>\n<p>&nbsp;<\/p>\n<p>CHEFIA DE GABINETE<\/p>\n<p><strong>VALCILENA MARIA SOCORRO SANTOS DE OLIVEIRA<\/strong><\/p>\n<p>E-mail:<\/p>\n<p>Telefone: (68) 3212-7469<\/p>\n<p>&nbsp;<\/p>\n<p>UNIDADE DE CONTROLE INTERNO \u2013 USCI\/SMCCI<\/p>\n<p><strong>ANDERSON CLEYTON NONATO DA SILVA<\/strong><\/p>\n<p>E-mail:\u00a0<a href=\"mailto:anderson.cleyton@riobranco.ac.gov.br\">anderson.cleyton@riobranco.ac.gov.br<\/a><\/p>\n<p>&nbsp;<\/p>\n<hr \/>\n<p>Arquivos para Download<\/p>\n<p><strong><a href=\"https:\/\/cgm.riobranco.ac.gov.br\/lai\/wp-content\/uploads\/2012\/05\/SMCCI-COMPET\u00caNCIA.pdf\" target=\"_blank\" rel=\"noopener\">SMCCI &#8211; COMPET\u00caNCIA<\/a><\/strong><\/p>\n<hr \/>\n<p>Estrutura Organizacional<\/p>\n<p><strong><a href=\"https:\/\/cgm.riobranco.ac.gov.br\/lai\/wp-content\/uploads\/2012\/05\/DECRETO-N\u00ba-108-2022-Estrutura-Organizacional-da-SMCCI.pdf\" target=\"_blank\" rel=\"noopener\">DECRETO N\u00ba 108 DE 09 DE FEVEREIRO DE 2022<\/a><\/strong><\/p>\n<p>\u201cEstabelece a Estrutura Organizacional B\u00e1sica da Secretaria Municipal de Cuidados com a Cidade \u2013 SMCCI.\u201d<\/p>\n<p><strong><a href=\"https:\/\/cgm.riobranco.ac.gov.br\/lai\/wp-content\/uploads\/2012\/05\/DECRETO-N\u00ba-050-2019-Estrutura-Adm.-SMZC-rep.pdf\" target=\"_blank\" rel=\"noopener\">DECRETO N\u00ba 050 DE 16 DE JANEIRO DE 2019<\/a>\u00a0<\/strong><span style=\"color: #ff0000;\">(Revogado)<\/span><\/p>\n<p>\u201cEstabelece a Estrutura Organizacional B\u00e1sica da Secretaria Municipal de Zeladoria da Cidade \u2013 SMZC.\u201d<\/p>\n<hr \/>\n<p>Arquivos para Download<\/p>\n<p style=\"text-align: justify;\"><strong><a href=\"https:\/\/cgm.riobranco.ac.gov.br\/lai\/wp-content\/uploads\/2012\/05\/SMZC-PORTARIA-INTERNA-CONJUNTA-N\u00b0-135-DE-14-DE-MAIO-DE-2021.pdf\" target=\"_blank\" rel=\"noopener\">PORTARIA INTERNA CONJUNTA N\u00b0 135 DE 14 DE MAIO DE 2021<\/a>\u00a0<\/strong>&#8211; DOE<\/p>\n<p style=\"text-align: justify;\">&#8220;Os procedimentos administrativos internos dever\u00e3o ocorrer de forma escrita, por meio f\u00edsico ou eletr\u00f4nico, sejam expedientes de institui\u00e7\u00f5es, solicita\u00e7\u00f5es de mun\u00edcipes, requerimentos de servidores ou expedientes entre unidades internas.&#8221;<\/p>\n<p style=\"text-align: justify;\"><strong><a href=\"https:\/\/cgm.riobranco.ac.gov.br\/lai\/wp-content\/uploads\/2012\/05\/SMZC-PORTARIA-INTERNA-CONJUNTA-N\u00ba-001-2021.pdf\" target=\"_blank\" rel=\"noopener\">PORTARIA INTERNA CONJUNTA N\u00b0 001 DE 31 DE MAR\u00c7O DE 2021<\/a>\u00a0<\/strong>&#8211; DOE<\/p>\n<p style=\"text-align: justify;\">&#8220;Os procedimentos administrativos internos dever\u00e3o ocorrer de forma escrita, por meio f\u00edsico ou eletr\u00f4nico, sejam expedientes de institui\u00e7\u00f5es, solicita\u00e7\u00f5es de mun\u00edcipes, requerimentos de servidores ou expedientes entre unidades internas.&#8221;<\/p>\n","protected":false},"excerpt":{"rendered":"<p>Endere\u00e7o:\u00a0Estrada da Sobral, 70, Sobral, Rio Branco \u2013 AC, CEP 69.903-705. E-mail: smzc@riobranco.ac.gov.br E-mail:\u00a0smcci@riobranco.ac.gov.br Telefone:\u00a0(68) 3225-3167 \/ 3225-5513 Hor\u00e1rio de funcionamento:\u00a007:00 \u00e0s 14:00 (DECRETO N\u00ba 2.010 DE 20 DE DEZEMBRO DE 2023) SECRET\u00c1RIO MUNICIPAL DE CUIDADOS COM A CIDADE JOABE LIRA DE QUEIROZ E-mail:\u00a0joabe.queiroz@riobranco.ac.gov.br &nbsp; SECRET\u00c1RIO ADJUNTO DA SMCCI &nbsp; &nbsp; CHEFIA DE GABINETE VALCILENA [&hellip;]<\/p>\n","protected":false},"author":2,"featured_media":0,"parent":12,"menu_order":19,"comment_status":"open","ping_status":"open","template":"","meta":{"footnotes":""},"class_list":["post-114","page","type-page","status-publish","hentry"],"_links":{"self":[{"href":"https:\/\/cgm.riobranco.ac.gov.br\/lai\/wp-json\/wp\/v2\/pages\/114","targetHints":{"allow":["GET"]}}],"collection":[{"href":"https:\/\/cgm.riobranco.ac.gov.br\/lai\/wp-json\/wp\/v2\/pages"}],"about":[{"href":"https:\/\/cgm.riobranco.ac.gov.br\/lai\/wp-json\/wp\/v2\/types\/page"}],"author":[{"embeddable":true,"href":"https:\/\/cgm.riobranco.ac.gov.br\/lai\/wp-json\/wp\/v2\/users\/2"}],"replies":[{"embeddable":true,"href":"https:\/\/cgm.riobranco.ac.gov.br\/lai\/wp-json\/wp\/v2\/comments?post=114"}],"version-history":[{"count":48,"href":"https:\/\/cgm.riobranco.ac.gov.br\/lai\/wp-json\/wp\/v2\/pages\/114\/revisions"}],"predecessor-version":[{"id":5865,"href":"https:\/\/cgm.riobranco.ac.gov.br\/lai\/wp-json\/wp\/v2\/pages\/114\/revisions\/5865"}],"up":[{"embeddable":true,"href":"https:\/\/cgm.riobranco.ac.gov.br\/lai\/wp-json\/wp\/v2\/pages\/12"}],"wp:attachment":[{"href":"https:\/\/cgm.riobranco.ac.gov.br\/lai\/wp-json\/wp\/v2\/media?parent=114"}],"curies":[{"name":"wp","href":"https:\/\/api.w.org\/{rel}","templated":true}]}}