{"id":115,"date":"2012-05-12T19:50:10","date_gmt":"2012-05-12T19:50:10","guid":{"rendered":"http:\/\/portalcgm.riobranco.ac.gov.br\/lai\/procuradoria-juridica\/"},"modified":"2024-01-24T11:58:50","modified_gmt":"2024-01-24T16:58:50","slug":"procuradoria-juridica","status":"publish","type":"page","link":"https:\/\/cgm.riobranco.ac.gov.br\/lai\/institucional\/procuradoria-juridica\/","title":{"rendered":"PROCURADORIA GERAL DO MUNIC\u00cdPIO &#8211; PGM"},"content":{"rendered":"<hr \/>\n<p style=\"text-align: justify;\">Endere\u00e7o:\u00a0Avenida Get\u00falio Vargas, N\u00ba 1522, Bosque, Rio Branco\/AC &#8211;\u00a0 CEP:\u00a069.908-250 (Antigo Pr\u00e9dio da Ocidental Center &#8211; 2\u00ba Piso)<\/p>\n<p style=\"text-align: justify;\">E-mail: <a href=\"mailto:riobranco.pgm@gmail.com\">riobranco.pgm@gmail.com<\/a><\/p>\n<p style=\"text-align: justify;\">Telefone: (68) 3223-7157<\/p>\n<p style=\"text-align: justify;\">Hor\u00e1rio de Funcionamento:\u00a007:00 \u00e0s 14:00 (DECRETO N\u00ba 2.010 DE 20 DE DEZEMBRO DE 2023)<\/p>\n<hr \/>\n<p>PROCURADOR GERAL DO MUNIC\u00cdPIO<\/p>\n<p><a href=\"https:\/\/cgm.riobranco.ac.gov.br\/lai\/wp-content\/uploads\/2012\/05\/PGM-Joseney.jpg\"><img loading=\"lazy\" decoding=\"async\" class=\"alignnone size-medium wp-image-4553\" src=\"https:\/\/cgm.riobranco.ac.gov.br\/lai\/wp-content\/uploads\/2012\/05\/PGM-Joseney-300x294.jpg\" alt=\"pgm-joseney\" width=\"300\" height=\"294\" \/><\/a><\/p>\n<p><strong>JOSENEY CORDEIRO DA COSTA<\/strong><\/p>\n<p>E-mail:\u00a0<a href=\"mailto:joseney.costa@riobranco.ac.gov.br\">joseney.costa@riobranco.ac.gov.br<\/a><\/p>\n<p style=\"text-align: justify;\">Bacharel em Direito, graduado pela Universidade Federal do Acre (1999). Tem experi\u00eancia na \u00e1rea de Direito, com \u00eanfase em Direito Administrativo , Processual Civil e Direito Municipal. Possui P\u00f3s-Gradua\u00e7\u00e3o pela UNISUL (2010) em Direito Processual Civil e em P\u00f3s- Gradua\u00e7\u00e3o ( MBA) pela Universidade C\u00e2ndido Mendes (2006) em Direito Penal e Processual Penal. Atualmente exerce o cargo de Procurador Geral do Munic\u00edpio de Rio Branco e Docente do curso de Direito do Centro Universit\u00e1rio Uninorte, ministrando as disciplinas de Direito Processual Constitucional, Processo Civil e Direito das rela\u00e7\u00f5es de Consumo.<\/p>\n<p>&nbsp;<\/p>\n<p>PROCURADOR GERAL ADJUNTO<\/p>\n<p><strong>JAMES ANTUNES RIBEIRO AGUIAR<\/strong><\/p>\n<p>E-mail: <a href=\"mailto:james.aguiar@riobranco.ac.gov.br\">james.aguiar@riobranco.ac.gov.br<\/a><\/p>\n<p>&nbsp;<\/p>\n<p>CHEFIA DE GABINETE<\/p>\n<p><strong>LAURA CRISTINA DE PAIVA MELO GON\u00c7ALVES<\/strong><\/p>\n<p>E-mail:\u00a0<a href=\"mailto:laura.goncalves@riobranco.ac.gov.br\">laura.goncalves@riobranco.ac.gov.br<\/a><\/p>\n<p>&nbsp;<\/p>\n<p>UNIDADE DE CONTROLE INTERNO &#8211; UCI\/PGM<\/p>\n<p><strong>NARCISO C\u00c2NDIDO LIMA NETO<\/strong><\/p>\n<p>E-mail:\u00a0<a href=\"mailto:narciso.neto@riobranco.ac.gov.br\">narciso.neto@riobranco.ac.gov.br<\/a><\/p>\n<p>&nbsp;<\/p>\n<hr \/>\n<p style=\"text-align: justify;\">Arquivos para Download<\/p>\n<p style=\"text-align: justify;\"><strong><a href=\"https:\/\/cgm.riobranco.ac.gov.br\/lai\/wp-content\/uploads\/2012\/05\/PGM-COMPET\u00caNCIA.pdf\" target=\"_blank\">PGM &#8211; COMPET\u00caNCIAS<\/a><\/strong><\/p>\n<hr \/>\n<p style=\"text-align: justify;\">Estrutura Organizacional<\/p>\n<p style=\"text-align: justify;\"><strong><a href=\"https:\/\/cgm.riobranco.ac.gov.br\/lai\/wp-content\/uploads\/2012\/05\/DECRETO-N\u00ba-744-2022-Estrutura-Organizacional-da-PGM.pdf\" target=\"_blank\">DECRETO N\u00ba 744 DE 09 DE MAIO DE 2022<\/a><\/strong><\/p>\n<p style=\"text-align: justify;\">\u201cEstabelece a Estrutura Organizacional B\u00e1sica da Procuradoria Geral do Munic\u00edpio \u2013 PGM.\u201d<\/p>\n<p><strong><a href=\"https:\/\/cgm.riobranco.ac.gov.br\/lai\/wp-content\/uploads\/2012\/05\/DECRETO-N\u00ba-039-2019-Estrutura-Adm.-PGM.pdf\" target=\"_blank\">DECRETO N\u00ba 039 DE 16 DE JANEIRO DE 2019<\/a>\u00a0<\/strong><span style=\"color: #ff0000;\">(Revogado)<\/span><\/p>\n<p>\u201cEstabelece a Estrutura Organizacional B\u00e1sica da Procuradoria Geral do Munic\u00edpio \u2013 PGM.\u201d<\/p>\n<p><strong><a href=\"https:\/\/cgm.riobranco.ac.gov.br\/lai\/wp-content\/uploads\/2012\/05\/DECRETO-N\u00ba-703-2013-Estrutura\u00e7\u00e3o-Procuradoria-Geral-do-Municipio-PROJURI.pdf\" target=\"_blank\">DECRETO N\u00ba 703 DE 07 DE MAR\u00c7O DE 2013<\/a>\u00a0<\/strong><span style=\"color: #ff0000;\">(Revogado)<\/span><\/p>\n<p>&#8220;Estabelece a Estrutura Organizacional B\u00e1sica da Procuradoria Geral do\u00a0Munic\u00edpio.&#8221;<\/p>\n<hr \/>\n<p>Arquivos para Download<\/p>\n<p><strong><a href=\"https:\/\/cgm.riobranco.ac.gov.br\/lai\/wp-content\/uploads\/2012\/05\/LEI-COMPLEMENTAR-N\u00ba-278-DE-20-DE-DEZEMBRO-DE-2023-Altera-a-Lei-Municipal-n\u00ba-1.629-2006-PGM.pdf\" target=\"_blank\">LEI COMPLEMENTAR N\u00ba 278 DE 20 DE DEZEMBRO DE 2023<\/a><\/strong><\/p>\n<p style=\"text-align: justify;\">\u201cAltera a Lei Municipal n\u00ba 1.629, de 29 de dezembro de 2006, modificada pela Lei Municipal n\u00ba 1.640, de 05 de julho de 2007; Lei Municipal n\u00ba 1.786, de 21 de dezembro de 2009; Lei Municipal n\u00ba 1.885, de 30 de dezembro de 2011; Lei Municipal 2.035, de 21 de mar\u00e7o de 2014, Lei Municipal n\u00ba 2.176, de 01 de abril de 2016, Lei Complementar n\u00b0 41, de 22 de dezembro de 2017 e Lei Complementar n\u00b0 200, de 27 de dezembro de 2022\u201d.<\/p>\n<p style=\"text-align: justify;\"><strong><a href=\"https:\/\/cgm.riobranco.ac.gov.br\/lai\/wp-content\/uploads\/2012\/05\/LEI-COMPLEMENTAR-N\u00ba-200-DE-27.12.2022-Altera-a-Lei-n\u00ba-1.629-2006-PGM.pdf\" target=\"_blank\">LEI COMPLEMENTAR N\u00ba 200 DE 27 DE DEZEMBRO DE 2022<\/a><\/strong><\/p>\n<p style=\"text-align: justify;\">\u201cAltera a Lei Municipal n\u00ba 1.629, de 29 de dezembro de 2006, modificada pela Lei Municipal n\u00ba 1.640, de 05 de julho de 2007; Lei Municipal n\u00ba 1.786, de 21 de dezembro de 2009; Lei Municipal n\u00ba 1.885, de 30 de dezembro de 2011; Lei Municipal 2.035, de 21 de mar\u00e7o de 2014, Lei Municipal n\u00ba 2.176, de 01 de abril de 2016 e Lei Complementar n\u00ba 41, de 22 de dezembro de 2017\u201d.<\/p>\n<p style=\"text-align: justify;\"><strong><a href=\"https:\/\/cgm.riobranco.ac.gov.br\/portal\/wp-content\/uploads\/2013\/10\/LEI-COMPLEMENTAR-N%C2%BA-187-DE-31.10.2022-Direito-do-contribuinte-para-realizar-a-compensa%C3%A7%C3%A3o-de-d%C3%A9bitos-tribut%C3%A1rios-e-n%C3%A3o-tribut%C3%A1rios.pdf\" target=\"_blank\">LEI COMPLEMENTAR N\u00ba 187 DE 31 DE OUTUBRO DE 2022<\/a><\/strong><\/p>\n<p style=\"text-align: justify;\">\u201cDisp\u00f5e sobre o direito do contribuinte para realizar a compensa\u00e7\u00e3o de d\u00e9bitos tribut\u00e1rios e n\u00e3o tribut\u00e1rios com o Munic\u00edpio de Rio Branco, inscritos em D\u00edvida Ativa, com cr\u00e9ditos objeto de Precat\u00f3rio Judicial\u201d.<\/p>\n<p style=\"text-align: justify;\"><strong><a href=\"https:\/\/cgm.riobranco.ac.gov.br\/portal\/wp-content\/uploads\/2013\/10\/LEI-COMPLEMENTAR-N%C2%BA-145-DE-29.04.2022-Reajuste-no-vencimento-base-do-cargo-de-Procurador-do-Munic%C3%ADpio.pdf\" target=\"_blank\">LEI COMPLEMENTAR N\u00ba 145 DE 29 DE ABRIL DE 2022<\/a><\/strong><\/p>\n<p style=\"text-align: justify;\">&#8220;Concede reajuste no vencimento-base dos servidores ocupantes do cargo de Procurador do Munic\u00edpio\u201d.<\/p>\n<p style=\"text-align: justify;\"><strong><a href=\"https:\/\/cgm.riobranco.ac.gov.br\/lai\/wp-content\/uploads\/2012\/05\/PGM-PORTARIA-N\u00ba-056-2022-Hor\u00e1rio-DOE.pdf\" target=\"_blank\">PGM &#8211; PORTARIA N\u00ba 056\/2022<\/a><\/strong>\u00a0&#8211; DOE<\/p>\n<p style=\"text-align: justify;\">&#8220;Fica determinado que o hor\u00e1rio de expediente e de atendimento ao p\u00fablico na Procuradoria Geral do Munic\u00edpio de Rio Branco ser\u00e1 das 07h \u00e0s 17h.&#8221;<\/p>\n<p style=\"text-align: justify;\"><strong><a href=\"https:\/\/cgm.riobranco.ac.gov.br\/lai\/wp-content\/uploads\/2012\/05\/PGM-PORTARIA-N\u00ba-043-2022-DOE.pdf\" target=\"_blank\">PGM &#8211; PORTARIA N\u00ba 043\/2022<\/a><\/strong>\u00a0&#8211; DOE<\/p>\n<p style=\"text-align: justify;\">&#8220;Disciplinar os regramentos b\u00e1sicos de compet\u00eancia, atua\u00e7\u00e3o, atribui\u00e7\u00f5es e funcionamento do \u00f3rg\u00e3o auxiliar Divis\u00e3o de C\u00e1lculos, vinculado ao \u00f3rg\u00e3o de execu\u00e7\u00e3o Procuradoria Judicial, nos termos do artigo 1\u00ba, inciso II, al\u00ednea \u201ce\u201d do Decreto Municipal n\u00ba 744\/2022.&#8221;<\/p>\n<p style=\"text-align: justify;\"><strong><a href=\"https:\/\/cgm.riobranco.ac.gov.br\/lai\/wp-content\/uploads\/2012\/05\/PGM-PORTARIA-N\u00ba-032-2022-HORARIO-PGM-DOE.pdf\" target=\"_blank\">PGM &#8211; PORTARIA N\u00ba 032\/2022<\/a><\/strong>\u00a0&#8211; DOE<\/p>\n<p style=\"text-align: justify;\">&#8220;A jornada de trabalho dos Servidores e Procuradores vinculados a Procuradoria-Geral do Munic\u00edpio de Rio Branco\/AC ser\u00e1 de 30h (trinta) horas semanais, observado o limite m\u00e1ximo de 06 (seis) horas di\u00e1rias, que ser\u00e3o cumpridas das 08h \u00e0s 14h ou das 12h \u00e0s 18h, a depender da necessidade deste \u00f3rg\u00e3o.&#8221;<\/p>\n<p style=\"text-align: justify;\"><strong><a href=\"https:\/\/cgm.riobranco.ac.gov.br\/lai\/wp-content\/uploads\/2012\/05\/PGM-IN-N\u00ba-001-2019-Dispensa-a-Tramita\u00e7\u00e3o-na-PGM-processos-administrativos-oriundos-da-SEGATI-DOE.pdf\" target=\"_blank\">INSTRU\u00c7\u00c3O NORMATIVA N\u00ba 001 DE 11 DE JUNHO DE 2019<\/a><\/strong><\/p>\n<p style=\"text-align: justify;\">&#8220;Ficam dispensados de tramitar na Procuradoria Geral do Munic\u00edpio, para emiss\u00e3o de parecer, processos administrativos que veiculem requerimentos de servidores relacionados a adicional de titula\u00e7\u00e3o por especializa\u00e7\u00e3o latu sensu, mestrado, doutorado e cursos Extracurriculares, adicional de forma\u00e7\u00e3o por p\u00f3s-gradua\u00e7\u00e3o dos servidores de cargos de n\u00edvel fundamental e m\u00e9dio, e ainda gratifica\u00e7\u00e3o de sexta parte, sobre os quais n\u00e3o haja d\u00favida ou complexidade jur\u00eddica.&#8221;<\/p>\n<p style=\"text-align: justify;\"><strong><a href=\"https:\/\/cgm.riobranco.ac.gov.br\/lai\/wp-content\/uploads\/2012\/05\/DECRETO-N\u00ba-1350-2018-Institui-a-Carteira-de-Identidade-Funcional-dos-Procuradores-do-Munic\u00edpio.pdf\" target=\"_blank\">DECRETO N\u00ba 1.350 DE 27 DE DEZEMBRO DE 2018<\/a><\/strong><\/p>\n<p style=\"text-align: justify;\">\u201cRegulamenta o art. 62, III, da Lei Municipal n\u00b0 1.629\/2006, para instituir a Carteira de Identidade Funcional dos Procuradores do Munic\u00edpio de Rio Branco.\u201d<\/p>\n<p style=\"text-align: justify;\"><strong><a href=\"https:\/\/cgm.riobranco.ac.gov.br\/lai\/wp-content\/uploads\/2012\/05\/PGM-IN-N\u00ba-001-2018-Procuradoria-de-Pessoal-DOE.pdf\" target=\"_blank\">INSTRU\u00c7\u00c3O NORMATIVA N\u00ba 001 DE 10 DE MAIO DE 2018<\/a><\/strong><\/p>\n<p style=\"text-align: justify;\">&#8220;Disp\u00f5e sobre o procedimento administrativo a ser seguido nos casos de licen\u00e7a maternidade, licen\u00e7a paternidade, requerimentos de adicional de forma\u00e7\u00e3o, aux\u00edlio natalidade, aux\u00edlio funeral, licen\u00e7a pr\u00eamio, adicional de titula\u00e7\u00e3o por curso t\u00e9cnico ou p\u00f3s t\u00e9cnico e abono de perman\u00eancia.&#8221;<\/p>\n<p style=\"text-align: justify;\"><strong><a href=\"https:\/\/cgm.riobranco.ac.gov.br\/portal\/wp-content\/uploads\/2013\/10\/LEI-COMPLEMENTAR-N%C2%BA-41-DE-22.12.2017-Altera-a-Lei-Municipal-n%C2%BA-1.629-de-29-de-dezembro-de-2006.pdf\" target=\"_blank\">LEI COMPLEMENTAR N\u00ba 41 DE 22 DE DEZEMBRO DE 2017<\/a><\/strong><\/p>\n<p style=\"text-align: justify;\">\u201cAltera a Lei Municipal n\u00ba 1.629, de 29 de dezembro de 2006, modificada pela Lei Municipal n\u00ba 1.640, de 05 de julho de 2007; Lei Municipal n\u00ba 1.786, de 21 de dezembro de 2009; Lei Municipal n\u00ba 1.885, de 30 de dezembro de 2011; Lei Municipal 2.035, de 21 de mar\u00e7o de 2014 e Lei Municipal n\u00ba 2.176, de 01 de abril de 2016.\u201d<\/p>\n<p style=\"text-align: justify;\"><strong><a href=\"https:\/\/cgm.riobranco.ac.gov.br\/lai\/wp-content\/uploads\/2012\/05\/LEI-N\u00ba-2.266-de-15-de-dezembro-de-2017-Altera-a-Lei-Municipal-n\u00ba-2.120-2015.pdf\" target=\"_blank\">LEI N\u00ba 2.266 DE 15 DE DEZEMBRO DE 2017<\/a><\/strong><\/p>\n<p style=\"text-align: justify;\">\u201cAltera a Lei Municipal n\u00ba 2.120, de 21\u00a0de julho de 2015.&#8221;<\/p>\n<p style=\"text-align: justify;\"><strong><a href=\"https:\/\/cgm.riobranco.ac.gov.br\/lai\/wp-content\/uploads\/2012\/05\/LEI-N\u00ba-2.176-de-01-de-Abril-de-2016-Altera-a-Lei-Municipal-n\u00ba-1.629-2006-PROJURI.pdf\" target=\"_blank\">LEI N\u00ba 2.176 DE 01 DE ABRIL DE 2016<\/a><\/strong><\/p>\n<p style=\"text-align: justify;\">\u201cAltera a Lei Municipal n\u00b0 1.629, de 29\u00a0de dezembro de 2006.\u201d<\/p>\n<p style=\"text-align: justify;\"><strong><a href=\"https:\/\/cgm.riobranco.ac.gov.br\/lai\/wp-content\/uploads\/2012\/05\/LEI-N\u00ba-2.120-de-21-de-Julho-de-2015-Institui-a-C\u00e2mara-de-Concilia\u00e7\u00e3o-de-Precat\u00f3rios.pdf\" target=\"_blank\">LEI MUNICIPAL N\u00ba 2.120 DE 21 DE JULHO DE 2015<\/a>\u00a0<\/strong><span style=\"color: #ff0000;\">(Alterada pela\u00a0Lei n\u00ba 2.266 de 15 de dezembro de 2017)<\/span><\/p>\n<p style=\"text-align: justify;\">\u201cInstitui a C\u00e2mara de Concilia\u00e7\u00e3o de Precat\u00f3rios, nos termos do art. 97 do Ato das Disposi\u00e7\u00f5es Constitucionais Transit\u00f3rias (ADCT) da Constitui\u00e7\u00e3o Federal de 1988 e disp\u00f5e sobre a destina\u00e7\u00e3o de recursos depositados em conta especial para pagamento de precat\u00f3rios.\u201d<\/p>\n<p style=\"text-align: justify;\"><strong><a href=\"https:\/\/cgm.riobranco.ac.gov.br\/lai\/wp-content\/uploads\/2012\/05\/LEI-N\u00ba-2.035-DE-20-DE-MAR\u00c7O-DE-2014-Revoga-anexo-\u00fanico-da-Lei-1.629.pdf\" target=\"_blank\">LEI N\u00ba 2.035 DE 21 DE MAR\u00c7O DE 2014<\/a><\/strong><\/p>\n<p style=\"text-align: justify;\">\u201cRevoga o anexo \u00fanico da Lei n\u00ba 1.629, de 29 de dezembro de 2006.\u201d<\/p>\n<p style=\"text-align: justify;\"><strong><a href=\"https:\/\/cgm.riobranco.ac.gov.br\/lai\/wp-content\/uploads\/2012\/05\/PGM-IN-N\u00ba-001-2013-Procedimento-Administrativo-para-solicita\u00e7\u00e3o-de-Licen\u00e7as-DOE.pdf\" target=\"_blank\">INSTRU\u00c7\u00c3O NORMATIVA N\u00ba 001 DE 01 DE ABRIL DE 2013<\/a><\/strong><\/p>\n<p style=\"text-align: justify;\">&#8220;Disp\u00f5e sobre o procedimento administrativo a ser seguido nos casos de licen\u00e7a maternidade, licen\u00e7a paternidade, requerimentos de adicional de forma\u00e7\u00e3o, aux\u00edlio natalidade, aux\u00edlio funeral, licen\u00e7a pr\u00eamio e adicional de titula\u00e7\u00e3o por curso t\u00e9cnico dos Grupos 1 e 2.&#8221;<\/p>\n<p style=\"text-align: justify;\"><strong><a href=\"https:\/\/cgm.riobranco.ac.gov.br\/lai\/wp-content\/uploads\/2012\/05\/LEI-N\u00ba-1.885-de-30.12.2011-Altera-a-Lei-n\u00ba-1.629-PROJURI.pdf\" target=\"_blank\">LEI N\u00ba 1.885 DE 30 DE DEZEMBRO DE 2011<\/a><\/strong><\/p>\n<p style=\"text-align: justify;\">\u201cAltera o artigo 54, acresce os \u00a7 \u00a7 1\u00ba e 2\u00ba ao artigo 51, o artigo 55-A e revoga o par\u00e1grafo \u00fanico do artigo 51 da Lei Municipal n\u00ba. 1.629\/2006 e d\u00e1 outras provid\u00eancias\u201d.<\/p>\n<p style=\"text-align: justify;\"><strong><a href=\"https:\/\/cgm.riobranco.ac.gov.br\/lai\/wp-content\/uploads\/2012\/05\/LEI-N\u00ba-1.786-de-21.12.2009-Altera-a-Lei-n\u00ba-1.629-2006-PROJURI.pdf\" target=\"_blank\">LEI N\u00ba 1.786 DE 21 DE DEZEMBRO DE 2009<\/a><\/strong><\/p>\n<p style=\"text-align: justify;\">&#8220;Altera dispositivos dos arts. 87, 88, 40, 50, 51, 54, altera a reda\u00e7\u00e3o do Cap\u00edtulo VI, altera o inciso I do art. 56, acresce os incisos VII e VIII ao art. 40, acresce os incisos VII e VIII ao art. 51, acresce os arts. 51-A, 51-B, 51-C, 88-A, 25-A, acresce a al\u00ednea \u201ch\u201d ao inciso III do art. 2\u00ba, acresce o inciso VIII ao art. 19, acresce o Par\u00e1grafo \u00danico ao art. 54 da Lei Municipal n\u00ba. 1.629\/06 e d\u00e1 outras provid\u00eancias.&#8221;<\/p>\n<p style=\"text-align: justify;\"><strong><a href=\"https:\/\/cgm.riobranco.ac.gov.br\/lai\/wp-content\/uploads\/2012\/05\/LEI-N\u00ba-1.640-de-05.07.2007-Altera-a-Lei-Municipal-n.\u00ba-1.629-2006-PROJURI.pdf\" target=\"_blank\">LEI N\u00ba 1.640 DE 05 DE JULHO DE 2007<\/a><\/strong><\/p>\n<p style=\"text-align: justify;\">\u201cAltera dispositivos dos arts. 19, 21, 37, 40, 41 e 44 da Lei Municipal n.\u00ba 1.629, de 29 de dezembro de 2006, acrescenta o inciso VII ao art. 19 a d\u00e1 outras provid\u00eancias.\u201d<\/p>\n<p style=\"text-align: justify;\"><strong><a href=\"https:\/\/cgm.riobranco.ac.gov.br\/lai\/wp-content\/uploads\/2012\/05\/LEI-N\u00ba-1.629-de-29.12.2006-Institui-a-Organiza\u00e7\u00e3o-da-PROJURI1.pdf\" target=\"_blank\">LEI N\u00ba 1.629 DE 29 DE DEZEMBRO DE 2006<\/a>\u00a0<\/strong><span style=\"color: #ff0000;\">(Alterada pela Lei Complementar n\u00ba 200 de 27 de dezembro de 2022,\u00a0modificada pela Lei Municipal n\u00ba 1.640, de 05 de julho de 2007; Lei Municipal n\u00ba 1.786, de 21 de dezembro de 2009; Lei Municipal n\u00ba 1.885, de 30 de dezembro de 2011; Lei Municipal 2.035, de 21 de mar\u00e7o de 2014, Lei Municipal n\u00ba 2.176, de 01 de abril de 2016 e Lei Complementar n\u00ba 41, de 22 de dezembro de 2017.)<\/span><\/p>\n<p style=\"text-align: justify;\">\u201cInstitui a organiza\u00e7\u00e3o da Procuradoria Geral do Munic\u00edpio, nos termos do art. 64 \u00a7 3\u00ba, da Lei Org\u00e2nica do Munic\u00edpio de Rio Branco e d\u00e1 outras provid\u00eancias.\u201d<\/p>\n<p style=\"text-align: justify;\"><strong><a href=\"https:\/\/cgm.riobranco.ac.gov.br\/lai\/wp-content\/uploads\/2012\/05\/LEI-N\u00ba-1.567-de-08.12.2005-Altera-a-Lei-N\u00ba-1.458-2002-Remunera\u00e7\u00e3o-Procurador-Municipal.pdf\" target=\"_blank\">LEI N\u00ba 1.567 DE 08 DE DEZEMBRO DE 2005<\/a><\/strong>\u00a0<span style=\"color: #ff0000;\">(Revogada)<\/span><\/p>\n<p style=\"text-align: justify;\">\u201cAltera o artigo 40 da Lei Municipal n\u00ba 1.458, de 16 de janeiro de 2002.\u201d<\/p>\n<p style=\"text-align: justify;\"><strong><a href=\"https:\/\/cgm.riobranco.ac.gov.br\/lai\/wp-content\/uploads\/2012\/05\/LEI-N\u00ba-1.458-de-16.01.2002-Organiza\u00e7\u00e3o-da-Procuradoria-Geral-do-Munic\u00edpio-PROJURI.pdf\">LEI N\u00ba 1.458 DE 16 DE JANEIRO DE 2002<\/a>\u00a0<\/strong><span style=\"color: #ff0000;\">(Revogada)<\/span><\/p>\n<p style=\"text-align: justify;\">\u201cInstitui a organiza\u00e7\u00e3o da Procuradoria Geral do Munic\u00edpio, nos termos do art. 64 \u00a7 3\u00ba, da Lei Org\u00e2nica do Munic\u00edpio de Rio Branco e d\u00e1 outras provid\u00eancias.\u201d<\/p>\n","protected":false},"excerpt":{"rendered":"<p>Endere\u00e7o:\u00a0Avenida Get\u00falio Vargas, N\u00ba 1522, Bosque, Rio Branco\/AC &#8211;\u00a0 CEP:\u00a069.908-250 (Antigo Pr\u00e9dio da Ocidental Center &#8211; 2\u00ba Piso) E-mail: riobranco.pgm@gmail.com Telefone: (68) 3223-7157 Hor\u00e1rio de Funcionamento:\u00a007:00 \u00e0s 14:00 (DECRETO N\u00ba 2.010 DE 20 DE DEZEMBRO DE 2023) PROCURADOR GERAL DO MUNIC\u00cdPIO JOSENEY CORDEIRO DA COSTA E-mail:\u00a0joseney.costa@riobranco.ac.gov.br Bacharel em Direito, graduado pela Universidade Federal do Acre [&hellip;]<\/p>\n","protected":false},"author":2,"featured_media":0,"parent":12,"menu_order":10,"comment_status":"open","ping_status":"open","template":"","meta":{"footnotes":""},"class_list":["post-115","page","type-page","status-publish","hentry"],"_links":{"self":[{"href":"https:\/\/cgm.riobranco.ac.gov.br\/lai\/wp-json\/wp\/v2\/pages\/115","targetHints":{"allow":["GET"]}}],"collection":[{"href":"https:\/\/cgm.riobranco.ac.gov.br\/lai\/wp-json\/wp\/v2\/pages"}],"about":[{"href":"https:\/\/cgm.riobranco.ac.gov.br\/lai\/wp-json\/wp\/v2\/types\/page"}],"author":[{"embeddable":true,"href":"https:\/\/cgm.riobranco.ac.gov.br\/lai\/wp-json\/wp\/v2\/users\/2"}],"replies":[{"embeddable":true,"href":"https:\/\/cgm.riobranco.ac.gov.br\/lai\/wp-json\/wp\/v2\/comments?post=115"}],"version-history":[{"count":55,"href":"https:\/\/cgm.riobranco.ac.gov.br\/lai\/wp-json\/wp\/v2\/pages\/115\/revisions"}],"predecessor-version":[{"id":5607,"href":"https:\/\/cgm.riobranco.ac.gov.br\/lai\/wp-json\/wp\/v2\/pages\/115\/revisions\/5607"}],"up":[{"embeddable":true,"href":"https:\/\/cgm.riobranco.ac.gov.br\/lai\/wp-json\/wp\/v2\/pages\/12"}],"wp:attachment":[{"href":"https:\/\/cgm.riobranco.ac.gov.br\/lai\/wp-json\/wp\/v2\/media?parent=115"}],"curies":[{"name":"wp","href":"https:\/\/api.w.org\/{rel}","templated":true}]}}