{"id":117,"date":"2012-05-12T19:51:16","date_gmt":"2012-05-12T19:51:16","guid":{"rendered":"http:\/\/portalcgm.riobranco.ac.gov.br\/lai\/empresa-de-urbanismo-emurb\/"},"modified":"2024-02-29T15:50:46","modified_gmt":"2024-02-29T20:50:46","slug":"empresa-de-urbanismo-emurb","status":"publish","type":"page","link":"https:\/\/cgm.riobranco.ac.gov.br\/lai\/institucional\/empresa-de-urbanismo-emurb\/","title":{"rendered":"EMPRESA MUNICIPAL DE URBANIZA\u00c7\u00c3O DE RIO BRANCO \u2013 EMURB"},"content":{"rendered":"<hr \/>\n<p>Endere\u00e7o:\u00a0Rua Rio Janeiro, n\u00ba 1292, Bairro Abra\u00e3o Alab &#8211;\u00a0CEP: 69.919-048<\/p>\n<p>E-mail: <a href=\"mailto:emurb.gabinete@gmail.com\" target=\"_blank\">emurb.gabinete@gmail.com<\/a><\/p>\n<p>Telefone: (68) 3227-6510<\/p>\n<p>Hor\u00e1rio de funcionamento:\u00a007:00 \u00e0s 14:00 (DECRETO N\u00ba 2.010 DE 20 DE DEZEMBRO DE 2023)<\/p>\n<hr \/>\n<p>DIRETOR-PRESIDENTE DA EMPRESA MUNICIPAL DE URBANIZA\u00c7\u00c3O DE RIO BRANCO<\/p>\n<p><a href=\"https:\/\/cgm.riobranco.ac.gov.br\/lai\/wp-content\/uploads\/2012\/05\/emurb-foto1.jpg\"><img loading=\"lazy\" decoding=\"async\" class=\"alignnone size-medium wp-image-3686\" src=\"https:\/\/cgm.riobranco.ac.gov.br\/lai\/wp-content\/uploads\/2012\/05\/emurb-foto1-285x300.jpg\" alt=\"emurb-foto\" width=\"285\" height=\"300\" srcset=\"https:\/\/cgm.riobranco.ac.gov.br\/lai\/wp-content\/uploads\/2012\/05\/emurb-foto1-285x300.jpg 285w, https:\/\/cgm.riobranco.ac.gov.br\/lai\/wp-content\/uploads\/2012\/05\/emurb-foto1.jpg 520w\" sizes=\"auto, (max-width: 285px) 100vw, 285px\" \/><\/a><\/p>\n<p><strong>JOS\u00c9 ASSIS BENVINDO<\/strong><\/p>\n<p>E-mail: <a href=\"mailto:jose.benvindo@riobranco.ac.gov.br\" target=\"_blank\">jose.benvindo@riobranco.ac.gov.br<\/a><\/p>\n<p style=\"text-align: justify;\">Jos\u00e9 Assis Benvindo tem 58 anos, nasceu em 17 de julho de 1963 na Cidade de Rio Branco no Estado do Acre, \u00e0s margens do rio que leva o nome do Estado, no Bairro Cadeia Velha. Ca\u00e7ula do casal Francisco de Assis Benvindo e Albertina Pereira Benvindo, teve seis irm\u00e3os. \u00a0No ano de 1985 graduou-se em Tecnologia da Constru\u00e7\u00e3o Civil, modalidade Topografia e Estradas. Em 1986 ingressou, por meio de concurso p\u00fablico, no Departamento de Estradas de Rodagem do Acre, no cargo de Tecn\u00f3logo em Estradas e Topografia. A partir dessa data, desenvolveu v\u00e1rios trabalhos e participou de cursos de aperfei\u00e7oamento profissional, tais como, Manuten\u00e7\u00e3o Rodovi\u00e1ria, Licita\u00e7\u00e3o, Contrata\u00e7\u00e3o e Fiscaliza\u00e7\u00e3o de Obras P\u00fablicas; Sistema de projeto de edifica\u00e7\u00e3o em concreto armado; Extens\u00e3o Universit\u00e1ria em Gest\u00e3o P\u00fablica e Responsabilidade Social; Elabora\u00e7\u00e3o de projetos Aeroportu\u00e1rios; Extens\u00e3o Universit\u00e1ria em grandes obras, energia e meio ambiente, e Recursos H\u00eddricos, na UFAC. Graduou-se em Engenharia Civil pela Universidade Federal do Acre, na primeira turma, nesta modalidade (1998\/1999). P\u00f3s-graduado em Engenharia de Seguran\u00e7a do Trabalho pela UNINORTE (2005). Presta\u00e7\u00e3o de consultoria e fiscaliza\u00e7\u00e3o nas obras do SESC \u2013 Servi\u00e7o Social do Com\u00e9rcio do Acre como: Constru\u00e7\u00e3o da Escola e Parque Aqu\u00e1tico do SESC em Pl\u00e1cido de Castro \u2013 Ac; Constru\u00e7\u00e3o da Escola e Parque Aqu\u00e1tico do SESC em Senador\u00a0 Guiomard \u2013 Ac;<strong>\u00a0 <\/strong>Constru\u00e7\u00e3o de edif\u00edcio comercial em cinco pavimentos mais subsolo, para a Federa\u00e7\u00e3o do Com\u00e9rcio do Estado do Acre; Constru\u00e7\u00e3o do Hotel e Parque Aqu\u00e1tico do SESC em Cruzeiro do Sul -Ac; SESC \u2013 Xapuri \u2013AC; SESC \u2013 Brasileia \u2013 AC. Professor de n\u00edvel superior nas institui\u00e7\u00f5es Uni\u00e3o Educacional do Norte \u2013 UNINORTE, Brasil; Faculdades Integradas Rio Branco, FIRB, Brasil e Universidade Federal do Acre, UFAC, Brasil.<\/p>\n<p>&nbsp;<\/p>\n<p>CHEFIA DE GABINETE<\/p>\n<p><strong>MARIA DELC\u00cdDIA DE FREITAS SOUSA<\/strong><\/p>\n<p>E-mail:\u00a0<a href=\"mailto:emurb.gabinete@gmail.com\" target=\"_blank\">emurb.gabinete@gmail.com<\/a><\/p>\n<p>Telefone:\u00a0(68) 3227-6510<\/p>\n<p>&nbsp;<\/p>\n<p>COORDENADORIA DE CONTROLE INTERNO &#8211; EMURB<\/p>\n<p><strong>THALYTA MORAIS BENTO\u00a0<\/strong><\/p>\n<p>E-mail: <a href=\"mailto:thalyta.bento@riobranco.ac.gov.br\" target=\"_blank\">thalyta.bento@riobranco.ac.gov.br<\/a><\/p>\n<p>&nbsp;<\/p>\n<p>DIRETOR ADMINISTRATIVO E FINANCEIRO<\/p>\n<p><strong>ELIAS MARTINS EVANGELISTA<\/strong><\/p>\n<p>E-mail: <a href=\"mailto:elias.evangelista@riobranco.ac.br\" target=\"_blank\">elias.evangelista@riobranco.ac.br<\/a><\/p>\n<p>&nbsp;<\/p>\n<p>DIRETORIA DE OPERA\u00c7\u00d5ES &#8211; EMURB<\/p>\n<p><strong>ABDEL BARBOSA DERZE\u00a0<\/strong><\/p>\n<p>E-mail: <a href=\"mailto:abdelderze@hotmail.com\" target=\"_blank\">abdel.derze@riobranco.ac.gov.br<\/a><\/p>\n<hr \/>\n<p style=\"text-align: justify;\">Arquivos para Download<\/p>\n<h4 style=\"text-align: justify;\"><a href=\"https:\/\/cgm.riobranco.ac.gov.br\/lai\/wp-content\/uploads\/2012\/05\/ESTATUTO-DA-EMURB.pdf\" target=\"_blank\">ESTATUTO SOCIAL DA EMURB<\/a><\/h4>\n<h4 style=\"text-align: justify;\"><a href=\"\/lai\/wp-content\/uploads\/images\/ARQUIVOS\/501_EMURB\/EMURB.rar\" target=\"_blank\">Estrutura Organizacional e Compet\u00eancias<\/a><\/h4>\n<h4 style=\"text-align: justify;\"><a href=\"https:\/\/cgm.riobranco.ac.gov.br\/lai\/wp-content\/uploads\/2012\/05\/ORGANOGRAMA-EMURB.docx\" target=\"_blank\">ORGANOGRAMA &#8211; EMURB<\/a><\/h4>\n<hr \/>\n<h4 style=\"text-align: justify;\"><a href=\"https:\/\/cgm.riobranco.ac.gov.br\/lai\/wp-content\/uploads\/2012\/05\/EMURB-RESOLU\u00c7\u00c3O-N\u00b0-001-2022-Estrutura-Organizacional-da-EMURB-DOE.pdf\">RESOLU\u00c7\u00c3O N\u00ba 001\/2022<\/a>\u00a0&#8211; DOE<\/h4>\n<p style=\"text-align: justify;\">&#8220;Fica alterada a estrutura organizacional b\u00e1sica, quantidade e\u00a0valores definidos na Resolu\u00e7\u00e3o n.\u00ba 001\/2017, conforme Anexo I. Por oportuno, em aten\u00e7\u00e3o \u00e0 Conven\u00e7\u00e3o Trabalhista (acordo coletivo), fica redefinida a nomenclatura e quantidades de cargos tempor\u00e1rios, bem como seus respectivos sal\u00e1rios, conforme estabelecidos no Anexo II, a seguir especificados.&#8221;<\/p>\n<h4 style=\"text-align: justify;\"><a href=\"https:\/\/cgm.riobranco.ac.gov.br\/lai\/wp-content\/uploads\/2012\/05\/DECRETO-N\u00ba-695-2019-Nomear-os-membros-do-Conselho-Fiscal-Emurb-bi\u00eanio-2019-2020.pdf\" target=\"_blank\">DECRETO N\u00ba 695 DE 27 DE FEVEREIRO DE 2019<\/a><\/h4>\n<p style=\"text-align: justify;\">&#8220;Nomear os membros titulares e respectivos suplentes, para desempenho\u00a0do mandato\/bi\u00eanio 2019\/2020 no Conselho Fiscal da Empresa Municipal de Urbaniza\u00e7\u00e3o de Rio Branco \u2013 EMURB.&#8221;<\/p>\n<h4 style=\"text-align: justify;\"><a href=\"https:\/\/cgm.riobranco.ac.gov.br\/lai\/wp-content\/uploads\/2012\/05\/EMURB-RESOLU\u00c7\u00c3O-N\u00ba-001-2017.pdf\" target=\"_blank\">RESOLU\u00c7\u00c3O N\u00ba 003-2017<\/a><\/h4>\n<p style=\"text-align: justify;\">\u201cFica alterada a quantidade e valores conforme estabelecidos no Anexo I, preservando-se a estrutura organizacional b\u00e1sica definida na Resolu\u00e7\u00e3o n\u00ba 003-2016.\u201d<\/p>\n<h4 style=\"text-align: justify;\"><a href=\"https:\/\/cgm.riobranco.ac.gov.br\/lai\/wp-content\/uploads\/2012\/05\/LEI-N\u00ba-2.155-de-22-de-Dezembro-de-2015-Subven\u00e7\u00e3o-Econ\u00f4mica-a-EMURB.pdf\" target=\"_blank\">LEI N\u00b0 2.155 DE 22 DE DEZEMBRO DE 2015<\/a><\/h4>\n<p style=\"text-align: justify;\">\u201cAutoriza o Munic\u00edpio de Rio Branco a conceder subven\u00e7\u00e3o econ\u00f4mica \u00e0 Empresa Municipal de Urbaniza\u00e7\u00e3o de Rio Branco \u2013 EMURB\u201d.<\/p>\n<h4 style=\"text-align: justify;\"><a href=\"\/lai\/wp-content\/uploads\/images\/ARQUIVOS\/501_EMURB\/Lei%20Municipal%20n\u00ba%201.783%20de%2018.12.2009%20-%20Contrata\u00e7\u00e3o%20Temporaria%20-%20EMURB.pdf\" target=\"_blank\">LEI N\u00ba 1.783 DE 18 DE DEZEMBRO DE 2009<\/a><\/h4>\n<p style=\"text-align: justify;\">&#8220;Disp\u00f5e sobre a contrata\u00e7\u00e3o de pessoal por tempo determinado&#8221;.<\/p>\n<h4 style=\"text-align: justify;\"><a href=\"https:\/\/cgm.riobranco.ac.gov.br\/lai\/wp-content\/uploads\/2012\/05\/LEI-N\u00ba-0.327-de-27.11.1981-Altera-a-Lei-319-de-12.06.1981-EMURB.pdf\" target=\"_blank\">LEI N\u00ba 327 DE 27 DE NOVEMBRO DE 1981<\/a><\/h4>\n<p style=\"text-align: justify;\">&#8220;Altera e introduz dispositivos na Lei n\u00ba 319 de 12.06.1981, que criou a Empresa Municipal de Urbaniza\u00e7\u00e3o &#8211; EMURB.&#8221;<\/p>\n<h4 style=\"text-align: justify;\"><a href=\"https:\/\/cgm.riobranco.ac.gov.br\/lai\/wp-content\/uploads\/2012\/05\/LEI-N\u00ba-0.319-de-12.06.1981-Cria-a-EMURB.pdf\" target=\"_blank\">LEI N\u00b0 319 DE 12 DE JUNHO DE 1981<\/a><\/h4>\n<p style=\"text-align: justify;\">&#8220;Autoriza o Poder Executivo a Constituir a Empresa Municipal de Urbaniza\u00e7\u00e3o &#8211; EMURB e d\u00e1 outras provid\u00eancias.&#8221;<\/p>\n","protected":false},"excerpt":{"rendered":"<p>Endere\u00e7o:\u00a0Rua Rio Janeiro, n\u00ba 1292, Bairro Abra\u00e3o Alab &#8211;\u00a0CEP: 69.919-048 E-mail: emurb.gabinete@gmail.com Telefone: (68) 3227-6510 Hor\u00e1rio de funcionamento:\u00a007:00 \u00e0s 14:00 (DECRETO N\u00ba 2.010 DE 20 DE DEZEMBRO DE 2023) DIRETOR-PRESIDENTE DA EMPRESA MUNICIPAL DE URBANIZA\u00c7\u00c3O DE RIO BRANCO JOS\u00c9 ASSIS BENVINDO E-mail: jose.benvindo@riobranco.ac.gov.br Jos\u00e9 Assis Benvindo tem 58 anos, nasceu em 17 de julho de [&hellip;]<\/p>\n","protected":false},"author":2,"featured_media":0,"parent":12,"menu_order":27,"comment_status":"open","ping_status":"open","template":"","meta":{"footnotes":""},"class_list":["post-117","page","type-page","status-publish","hentry"],"_links":{"self":[{"href":"https:\/\/cgm.riobranco.ac.gov.br\/lai\/wp-json\/wp\/v2\/pages\/117","targetHints":{"allow":["GET"]}}],"collection":[{"href":"https:\/\/cgm.riobranco.ac.gov.br\/lai\/wp-json\/wp\/v2\/pages"}],"about":[{"href":"https:\/\/cgm.riobranco.ac.gov.br\/lai\/wp-json\/wp\/v2\/types\/page"}],"author":[{"embeddable":true,"href":"https:\/\/cgm.riobranco.ac.gov.br\/lai\/wp-json\/wp\/v2\/users\/2"}],"replies":[{"embeddable":true,"href":"https:\/\/cgm.riobranco.ac.gov.br\/lai\/wp-json\/wp\/v2\/comments?post=117"}],"version-history":[{"count":48,"href":"https:\/\/cgm.riobranco.ac.gov.br\/lai\/wp-json\/wp\/v2\/pages\/117\/revisions"}],"predecessor-version":[{"id":5550,"href":"https:\/\/cgm.riobranco.ac.gov.br\/lai\/wp-json\/wp\/v2\/pages\/117\/revisions\/5550"}],"up":[{"embeddable":true,"href":"https:\/\/cgm.riobranco.ac.gov.br\/lai\/wp-json\/wp\/v2\/pages\/12"}],"wp:attachment":[{"href":"https:\/\/cgm.riobranco.ac.gov.br\/lai\/wp-json\/wp\/v2\/media?parent=117"}],"curies":[{"name":"wp","href":"https:\/\/api.w.org\/{rel}","templated":true}]}}