{"id":119,"date":"2012-05-12T19:52:14","date_gmt":"2012-05-12T19:52:14","guid":{"rendered":"http:\/\/portalcgm.riobranco.ac.gov.br\/lai\/fundacao-garibaldi-brasil\/"},"modified":"2024-02-29T15:49:13","modified_gmt":"2024-02-29T20:49:13","slug":"fundacao-garibaldi-brasil","status":"publish","type":"page","link":"https:\/\/cgm.riobranco.ac.gov.br\/lai\/institucional\/fundacao-garibaldi-brasil\/","title":{"rendered":"FUNDA\u00c7\u00c3O MUNICIPAL DE CULTURA, ESPORTE E LAZER GARIBALDI BRASIL &#8211; FGB"},"content":{"rendered":"<hr \/>\n<p style=\"text-align: justify;\">Endere\u00e7o:\u00a0Rua Luiz Z da Silva, n\u00ba 499, Bairro Manoel Juli\u00e3o, Rio Branco\/AC \u2013 CEP 69.918-452<\/p>\n<p style=\"text-align: justify;\">E-mail:\u00a0<a href=\"mailto:fgb.gabinete@gmail.com\" target=\"_blank\">fgb.gabinete@gmail.com<\/a><\/p>\n<p style=\"text-align: justify;\">Telefone:(68)\u00a03228-7892 \/ 3223-5202<\/p>\n<p style=\"text-align: justify;\">Hor\u00e1rio de Atendimento:\u00a007:00 \u00e0s 14:00 (DECRETO N\u00ba 2.010 DE 20 DE DEZEMBRO DE 2023)<\/p>\n<hr \/>\n<p>PRESIDENTE DA FUNDA\u00c7\u00c3O MUNICIPAL DE CULTURA, ESPORTE E LAZER GARIBALDI BRASIL<\/p>\n<p>&nbsp;<\/p>\n<p><strong>KLOWSBEY VIEGAS PEREIRA<\/strong><\/p>\n<p>E-mail:<\/p>\n<p>&nbsp;<\/p>\n<p>CHEFE DE GABINETE:<\/p>\n<p><strong>REGINA GARCIA SOARES CUNHA<\/strong><\/p>\n<p>E-mail: <a href=\"mailto:regina.cunha@riobranco.ac.gov.br\">regina.cunha@riobranco.ac.gov.br<\/a><\/p>\n<p>&nbsp;<\/p>\n<p>UNIDADE SECCIONAL DE CONTROLE INTERNO &#8211; USCI\/FGB<\/p>\n<p><strong>EDNISSE GALV\u00c3O LAMEIRA BRAND\u00c3O<\/strong><\/p>\n<p>E-mail: <a href=\"mailto:edinisse.brandao@riobranco.ac.gov.br\" target=\"_blank\">edinisse.brandao@riobranco.ac.gov.br<\/a><\/p>\n<p>&nbsp;<\/p>\n<hr \/>\n<p>Arquivos para Download<\/p>\n<p><strong><a href=\"https:\/\/cgm.riobranco.ac.gov.br\/lai\/wp-content\/uploads\/2012\/05\/FGB-COMPET\u00caNCIA.pdf\" target=\"_blank\">FGB &#8211; COMPET\u00caNCIA<\/a>\u00a0<\/strong><\/p>\n<hr \/>\n<p style=\"text-align: justify;\">Estrutura Organizacional<\/p>\n<p style=\"text-align: justify;\"><strong><a href=\"https:\/\/cgm.riobranco.ac.gov.br\/lai\/wp-content\/uploads\/2012\/05\/LEI-COMPLEMENTAR-N\u00ba-57-DE-14.12.2018-Reestrutura\u00e7\u00e3o-da-Funda\u00e7ao-Municipal-de-Cultura-Esporte-e-Lazer-Garibaldi-Brasil-FGB.pdf\" target=\"_blank\">LEI COMPLEMENTAR N\u00ba 57 DE 14 DE DEZEMBRO DE 2018<\/a><\/strong><\/p>\n<p style=\"text-align: justify;\">\u201cDisp\u00f5e sobre a Reestrutura\u00e7\u00e3o da Funda\u00e7\u00e3o Municipal de Cultura, Esporte e Lazer Garibaldi Brasil \u2013 FGB e d\u00e1 outras provid\u00eancias.\u201d<\/p>\n<p style=\"text-align: justify;\"><strong><a href=\"https:\/\/cgm.riobranco.ac.gov.br\/lai\/wp-content\/uploads\/2012\/05\/LEI-N\u00ba-2.126-de-14-de-setembro-de-2015-Disp\u00f5e-sobre-a-reestrutura\u00e7\u00e3o-da-FGB.pdf\" target=\"_blank\">LEI N\u00ba 2.126 DE 14 DE SETEMBRO DE 2015<\/a>\u00a0<\/strong><span style=\"color: #ff0000;\">(Revogada)<\/span><\/p>\n<p style=\"text-align: justify;\">\u201cDisp\u00f5e sobre a Reestrutura\u00e7\u00e3o da Funda\u00e7\u00e3o Municipal de Cultura Garibaldi Brasil \u2013 FGB e d\u00e1 outras provid\u00eancias.\u201d<\/p>\n<p style=\"text-align: justify;\"><strong><a href=\"https:\/\/cgm.riobranco.ac.gov.br\/lai\/wp-content\/uploads\/2012\/05\/1995-Lei-Municipal-n\u00ba-1.218-de-29.12.1995-Estrutura-Adm-da-FMC.pdf\" target=\"_blank\">LEI N\u00ba 1.218 DE 29 DE DEZEMBRO DE 1995<\/a>\u00a0<\/strong><span style=\"color: #ff0000;\">(Revogada)<\/span><\/p>\n<p style=\"text-align: justify;\">&#8220;Disp\u00f5e sobre a estrutura administrativa da Funda\u00e7\u00e3o Municipal de Cultura.&#8221;<\/p>\n<p style=\"text-align: justify;\"><strong><a href=\"https:\/\/cgm.riobranco.ac.gov.br\/lai\/wp-content\/uploads\/2012\/05\/1990-Lei-Municipal-n\u00ba-0.855-de-20.04.1990-Cria-a-FMC.pdf\" target=\"_blank\">LEI N\u00ba 855 DE 20 DE ABRIL DE 1990<\/a><\/strong><\/p>\n<p style=\"text-align: justify;\">&#8220;Cria a Funda\u00e7\u00e3o Municipal de Cultura e d\u00e1 outras provid\u00eancias.&#8221;<\/p>\n<hr \/>\n<p style=\"text-align: justify;\">Arquivos para Download<\/p>\n<p style=\"text-align: justify;\"><strong><a href=\"https:\/\/www.planalto.gov.br\/ccivil_03\/leis\/lcp\/Lcp202.htm\" target=\"_blank\">LEI COMPLEMENTAR FEDERAL N\u00ba 202, DE 15 DE DEZEMBRO DE 2023<\/a>\u00a0<\/strong>(Lei Aldir Blanc)<\/p>\n<p style=\"text-align: justify;\">&#8220;Altera a Lei Complementar n\u00ba 195, de 8 de julho de 2022 (Lei Paulo Gustavo), para prorrogar at\u00e9 31 de dezembro de 2024 o prazo de execu\u00e7\u00e3o dos recursos por Estados, Distrito Federal e Munic\u00edpios.&#8221;<\/p>\n<p style=\"text-align: justify;\"><strong><a href=\"https:\/\/cgm.riobranco.ac.gov.br\/lai\/wp-content\/uploads\/2012\/05\/DECRETO-N\u00ba-1265-2023-Regulamenta-no-ambito-Municipal-a-Lei-Federal-Complementar-n\u00ba-195-2022-FGB-2.pdf\" target=\"_blank\">DECRETO N\u00ba 1.265 DE 24 DE JULHO DE 2023<\/a><\/strong><\/p>\n<p style=\"text-align: justify;\">\u201cREGULAMENTA, EM \u00c2MBITO MUNICIPAL, O COMIT\u00ca GESTOR DE ACOMPANHAMENTO E FISCALIZA\u00c7\u00c3O DA LEI FEDERAL COMPLEMENTAR N\u00ba 195, DE 8 DE JULHO DE 2022, QUE DISP\u00d5E SOBRE O APOIO FINANCEIRO DA UNI\u00c3O AOS ESTADOS, AO DISTRITO FEDERAL E AOS MUNIC\u00cdPIOS PARA GARANTIR A\u00c7\u00d5ES EMERGENCIAIS DIRECIONADAS AO SETOR CULTURAL REGULAMENTADA PELO DECRETO PRESIDENCIAL N\u00ba 11.525, DE 11 DE MAIO DE 2023 PARA O MUNIC\u00cdPIO DE RIO BRANCO E D\u00c1 OUTRAS PROVID\u00caNCIAS\u201d.<\/p>\n<p style=\"text-align: justify;\"><strong><a href=\"https:\/\/cgm.riobranco.ac.gov.br\/lai\/wp-content\/uploads\/2012\/05\/FGB-PORTARIA-N\u00ba-112-2023-CCM-DOE.pdf\" target=\"_blank\">FGB &#8211; PORTARIA N\u00ba 112\/2023<\/a><\/strong>\u00a0&#8211; DOE<\/p>\n<p style=\"text-align: justify;\">&#8220;Disp\u00f5e sobre a Regulamenta\u00e7\u00e3o do CADASTRO CULTURAL DO MUNIC\u00cdPIO DE RIO BRANCO \u2013 CCM, de conformidade com o Cap\u00edtulo II da Lei do Sistema Municipal de Cultura n\u00ba 1.676\/2007.&#8221;<\/p>\n<p style=\"text-align: justify;\"><strong><a href=\"https:\/\/cgm.riobranco.ac.gov.br\/lai\/wp-content\/uploads\/2012\/05\/DECRETO-N\u00ba-1097-2022-Regulamenta-o-procedimento-de-Presta\u00e7\u00e3o-de-Contas-de-Projetos-de-Esportes-e-Lazer-na-FGB.pdf\" target=\"_blank\">DECRETO N\u00ba 1.097 DE 11 DE JULHO DE 2022<\/a><\/strong><\/p>\n<p style=\"text-align: justify;\">\u201cRegulamenta o procedimento de Presta\u00e7\u00e3o de Contas de Projetos de Esporte e Lazer no \u00e2mbito da Funda\u00e7\u00e3o Municipal de Cultura, Esporte e Lazer Garibaldi Brasil.\u201d<\/p>\n<p style=\"text-align: justify;\"><strong><a href=\"https:\/\/cgm.riobranco.ac.gov.br\/lai\/wp-content\/uploads\/2012\/05\/DECRETO-N\u00ba-721-2020-FGB-Regulamenta-a-Lei-n\u00ba.-14.017-2020-Lei-Aldir-Blanc.pdf\" target=\"_blank\">DECRETO N\u00ba 721 DE 29 DE SETEMBRO DE 2020<\/a>\u00a0<\/strong>(Lei Aldir Blanc)<\/p>\n<p style=\"text-align: justify;\">\u201cRegulamenta no \u00e2mbito do Munic\u00edpio de Rio\u00a0Branco, a aplica\u00e7\u00e3o dos recursos or\u00e7ament\u00e1rios provenientes da Lei Federal n\u00ba 14.017, de 29 de junho de 2020, regulamentada pelo Decreto Federal n\u00ba 10.464, de 17 de agosto de 2020, e d\u00e1 outras provid\u00eancias.\u201d<\/p>\n<p style=\"text-align: justify;\"><strong><a href=\"https:\/\/cgm.riobranco.ac.gov.br\/lai\/wp-content\/uploads\/2012\/05\/DECRETO-N\u00ba-522-2020-FGB-Regulamenta-a-Lei-Federal-N\u00ba-14.017-2020-Lei-Aldir-Blanc.pdf\" target=\"_blank\">DECRETO N\u00b0 522 DE 07 DE AGOSTO DE 2020<\/a>\u00a0<\/strong>(Lei Aldir Blanc)<\/p>\n<p style=\"text-align: justify;\">\u201cRegulamenta, em \u00e2mbito municipal, a Lei Federal n\u00b0 14.017, de 29 de junho de 2020, que disp\u00f5e sobre a\u00e7\u00f5es emergenciais destinadas ao setor cultural a serem adotadas durante o estado de calamidade p\u00fablica reconhecido pelo Decreto Legislativo n\u00b0 6, de 20 de mar\u00e7o de 2020.\u201d<\/p>\n<p style=\"text-align: justify;\"><strong><a href=\"http:\/\/www.planalto.gov.br\/ccivil_03\/_ato2019-2022\/2020\/lei\/L14017.htm\" target=\"_blank\">LEI FEDERAL N\u00ba 14.017 DE 29 DE JUNHO DE 2020<\/a>\u00a0<\/strong>(Lei Aldir Blanc)<\/p>\n<p style=\"text-align: justify;\">&#8220;Disp\u00f5e sobre a\u00e7\u00f5es emergenciais destinadas ao setor cultural a serem adotadas durante o estado de calamidade p\u00fablica reconhecido pelo Decreto Legislativo n\u00ba 6, de 20 de mar\u00e7o de 2020.&#8221;<\/p>\n<p><strong><a href=\"https:\/\/cgm.riobranco.ac.gov.br\/lai\/wp-content\/uploads\/2012\/05\/DECRETO-N\u00ba-1230-2018-Regulamenta-o-procedimento-de-Presta\u00e7\u00e3o-de-Contas-de-Projetos-Culturais-da-FGB.pdf\" target=\"_blank\">DECRETO N\u00ba 1.230 DE 13 DE DEZEMBRO DE 2018<\/a><\/strong><\/p>\n<p style=\"text-align: justify;\">\u201cRegulamenta o procedimento de Presta\u00e7\u00e3o de Contas de Projetos Culturais no \u00e2mbito da Funda\u00e7\u00e3o Municipal de Cultura Garibaldi Brasil.\u201d<\/p>\n<p style=\"text-align: justify;\"><strong><a href=\"https:\/\/cgm.riobranco.ac.gov.br\/lai\/wp-content\/uploads\/2012\/05\/LEI-N\u00ba-2.249-de-04-de-setembro-de-2017-Concede-\u00e0s-pessoas-com-defici\u00eancias-o-benef\u00edcio-de-meia-entrada.pdf\" target=\"_blank\">LEI N\u00ba 2.249 DE 04 DE SETEMBRO DE 2017<\/a><\/strong><\/p>\n<p style=\"text-align: justify;\">&#8220;Concede \u00e0s pessoas com defici\u00eancia o benef\u00edcio de meia-entrada em sess\u00f5es de cinema, teatro, espet\u00e1culos esportivos, shows e eventos culturais realizados em gin\u00e1sios, arenas, salas e casas de espet\u00e1culo no Munic\u00edpio de Rio Branco.&#8221;<\/p>\n<p style=\"text-align: justify;\"><strong><a href=\"https:\/\/cgm.riobranco.ac.gov.br\/lai\/wp-content\/uploads\/2012\/05\/2014-DECRETO-N\u00ba-1015-2014-Regulamenta-o-cr\u00e9dito-de-b\u00f4nus-concedido-pela-Lei-n\u00ba-1.324-1999.pdf\" target=\"_blank\">DECRETO N\u00ba 1.015 DE 13 DE AGOSTO DE 2014<\/a><\/strong><\/p>\n<p style=\"text-align: justify;\">\u201cRegulamenta o cr\u00e9dito de b\u00f4nus concedido pela Lei Municipal n\u00b0 1.324, de 20 de julho de 1999 que institui o Incentivo \u00e0 Cultura, ao Desporto, Preserva\u00e7\u00e3o e Manuten\u00e7\u00e3o do Patrim\u00f4nio Hist\u00f3rico e Cultural e pela Lei Municipal n\u00b0 1.961, de 20 de fevereiro de 2013 que institui o Incentivo Fiscal ao Esporte e Lazer.\u201d<\/p>\n<p style=\"text-align: justify;\"><strong><a href=\"https:\/\/cgm.riobranco.ac.gov.br\/lai\/wp-content\/uploads\/2012\/05\/2013-LEI-N\u00ba-1.990-DE-12.07.2013-Institui-o-desconto-de-50%-do-valor-cobrado-para-o-ingresso-em-casas.pdf\" target=\"_blank\">LEI N\u00ba 1.990 DE 17 DE JULHO DE 2013<\/a><\/strong><\/p>\n<p style=\"text-align: justify;\">\u201cInstitui o desconto de 50% (cinquenta por cento) do valor cobrado para o ingresso em casas que proporcionem eventos culturais, para professores do ensino infantil e fundamental da rede p\u00fablica e privada no \u00e2mbito do Munic\u00edpio de Rio Branco-Acre.\u201d<\/p>\n<p style=\"text-align: justify;\"><strong><a href=\"https:\/\/cgm.riobranco.ac.gov.br\/lai\/wp-content\/uploads\/2012\/05\/DECRETO-N\u00ba-937-2013-Unidade-Gestora-Local.pdf\" target=\"_blank\">DECRETO N\u00ba 937 DE 18 DE MAR\u00c7O DE 2013<\/a><\/strong><\/p>\n<p style=\"text-align: justify;\">&#8220;Disp\u00f5e sobre a nomea\u00e7\u00e3o dos membros da Unidade Gestora do Local &#8211; UGL para acompanhamento e interlocu\u00e7\u00e3o junto ao Minist\u00e9rio da Cultura e outros respons\u00e1veis pela Gest\u00e3o da Pra\u00e7a de Esporte e Cultura &#8211; PEC.&#8221;<\/p>\n<p style=\"text-align: justify;\"><strong><a href=\"https:\/\/cgm.riobranco.ac.gov.br\/lai\/wp-content\/uploads\/2012\/05\/LEI-N\u00ba-1.961-DE-20.02.2013-Institui-a-Lei-Municipal-de-Incentivo-ao-Esporte-e-ao-Lazer-do-Munic\u00edpio.pdf\" target=\"_blank\">LEI N\u00ba 1.961 DE 20 DE FEVEREIRO DE 2013<\/a><\/strong><\/p>\n<p style=\"text-align: justify;\">&#8220;Institui a Lei Municipal de Incentivo ao Esporte e ao Lazer do Munic\u00edpio de Rio Branco e d\u00e1 outras provid\u00eancias.&#8221;<\/p>\n<p style=\"text-align: justify;\"><strong><a href=\"https:\/\/cgm.riobranco.ac.gov.br\/lai\/wp-content\/uploads\/2012\/05\/LEI-N\u00ba-1.953-de-27.12.2012-INSTITUI-O-PLANO-MUNICIPAL-DE-CULTURA.pdf\" target=\"_blank\">LEI N\u00ba 1.953 DE 27 DE DEZEMBRO DE 2012<\/a><\/strong><\/p>\n<p style=\"text-align: justify;\">\u201cInstitui o Plano Municipal de Cultura de Rio Branco para o dec\u00eanio de 2013-2022.\u201d<\/p>\n<p style=\"text-align: justify;\"><strong><a href=\"https:\/\/cgm.riobranco.ac.gov.br\/lai\/wp-content\/uploads\/2012\/05\/LEI-N\u00ba-1.839-de-10.05.2011-Sistema-Municipal-de-Esporte-e-Lazer-de-Rio-Branco1.pdf\" target=\"_blank\">LEI N\u00ba 1.839 DE 10 DE MAIO DE 2011<\/a><\/strong><\/p>\n<p style=\"text-align: justify;\">\u201cInstitui o Sistema Municipal de Esporte e Lazer de Rio Branco, estabelece diretrizes para as Pol\u00edticas Municipais de Esporte e Lazer, e d\u00e1 outras Provid\u00eancias.\u201d<\/p>\n<p style=\"text-align: justify;\"><strong><a href=\"https:\/\/cgm.riobranco.ac.gov.br\/lai\/wp-content\/uploads\/2012\/05\/LEI-N\u00ba-1.677-de-20.12.2007-Lei-do-Patrim\u00f4nio-Cultural1.pdf\" target=\"_blank\">LEI N\u00ba 1.677 DE 20 DE DEZEMBRO DE 2007<\/a><\/strong><\/p>\n<p style=\"text-align: justify;\">\u201cInstitui a Lei do Patrim\u00f4nio Cultural, estabelece diretrizes para a Pol\u00edtica Municipal de Preserva\u00e7\u00e3o e Manuten\u00e7\u00e3o do Patrim\u00f4nio Cultural, e d\u00e1 outras provid\u00eancias.\u201d<\/p>\n<p style=\"text-align: justify;\"><strong><a href=\"https:\/\/cgm.riobranco.ac.gov.br\/lai\/wp-content\/uploads\/2012\/05\/LEI-N\u00ba-1.676-de-20.12.2007-Sistema-Municipal-de-Cultura1.pdf\" target=\"_blank\">LEI N\u00ba 1.676 DE 20 DE DEZEMBRO DE 2007<\/a><\/strong><\/p>\n<p style=\"text-align: justify;\">\u201cInstitui o Sistema Municipal de Cultura, estabelece diretrizes para as Pol\u00edticas Municipais de Cultura, e d\u00e1 outras provid\u00eancias.\u201d<\/p>\n<p style=\"text-align: justify;\"><strong><a href=\"https:\/\/cgm.riobranco.ac.gov.br\/lai\/wp-content\/uploads\/2012\/05\/1999-LEI-N\u00ba-1324-de-20.06.1999-Lei-de-Incentivo-\u00e0-Cultura-e-ao-P.-Cultural.pdf\" target=\"_blank\">LEI N\u00ba 1.324 DE 20 DE JULHO DE 1999<\/a><\/strong><\/p>\n<p style=\"text-align: justify;\">&#8220;Institui a Lei Municipal de Incentivo \u00e1 Cultura, ao Desporto, Preserva\u00e7\u00e3o e Manuten\u00e7\u00e3o do Patrim\u00f4nio Hist\u00f3rico e Cultural do Munic\u00edpio de Rio Branco e d\u00e1 outras provid\u00eancias.&#8221;<\/p>\n","protected":false},"excerpt":{"rendered":"<p>Endere\u00e7o:\u00a0Rua Luiz Z da Silva, n\u00ba 499, Bairro Manoel Juli\u00e3o, Rio Branco\/AC \u2013 CEP 69.918-452 E-mail:\u00a0fgb.gabinete@gmail.com Telefone:(68)\u00a03228-7892 \/ 3223-5202 Hor\u00e1rio de Atendimento:\u00a007:00 \u00e0s 14:00 (DECRETO N\u00ba 2.010 DE 20 DE DEZEMBRO DE 2023) PRESIDENTE DA FUNDA\u00c7\u00c3O MUNICIPAL DE CULTURA, ESPORTE E LAZER GARIBALDI BRASIL &nbsp; KLOWSBEY VIEGAS PEREIRA E-mail: &nbsp; CHEFE DE GABINETE: REGINA GARCIA [&hellip;]<\/p>\n","protected":false},"author":2,"featured_media":0,"parent":12,"menu_order":23,"comment_status":"open","ping_status":"open","template":"","meta":{"footnotes":""},"class_list":["post-119","page","type-page","status-publish","hentry"],"_links":{"self":[{"href":"https:\/\/cgm.riobranco.ac.gov.br\/lai\/wp-json\/wp\/v2\/pages\/119","targetHints":{"allow":["GET"]}}],"collection":[{"href":"https:\/\/cgm.riobranco.ac.gov.br\/lai\/wp-json\/wp\/v2\/pages"}],"about":[{"href":"https:\/\/cgm.riobranco.ac.gov.br\/lai\/wp-json\/wp\/v2\/types\/page"}],"author":[{"embeddable":true,"href":"https:\/\/cgm.riobranco.ac.gov.br\/lai\/wp-json\/wp\/v2\/users\/2"}],"replies":[{"embeddable":true,"href":"https:\/\/cgm.riobranco.ac.gov.br\/lai\/wp-json\/wp\/v2\/comments?post=119"}],"version-history":[{"count":74,"href":"https:\/\/cgm.riobranco.ac.gov.br\/lai\/wp-json\/wp\/v2\/pages\/119\/revisions"}],"predecessor-version":[{"id":5605,"href":"https:\/\/cgm.riobranco.ac.gov.br\/lai\/wp-json\/wp\/v2\/pages\/119\/revisions\/5605"}],"up":[{"embeddable":true,"href":"https:\/\/cgm.riobranco.ac.gov.br\/lai\/wp-json\/wp\/v2\/pages\/12"}],"wp:attachment":[{"href":"https:\/\/cgm.riobranco.ac.gov.br\/lai\/wp-json\/wp\/v2\/media?parent=119"}],"curies":[{"name":"wp","href":"https:\/\/api.w.org\/{rel}","templated":true}]}}