{"id":125,"date":"2013-08-23T21:34:21","date_gmt":"2013-08-23T21:34:21","guid":{"rendered":"http:\/\/portalcgm.riobranco.ac.gov.br\/lai\/controladoria-geral-do-municipio\/"},"modified":"2024-03-25T15:21:17","modified_gmt":"2024-03-25T20:21:17","slug":"controladoria-geral-do-municipio","status":"publish","type":"page","link":"https:\/\/cgm.riobranco.ac.gov.br\/lai\/institucional\/controladoria-geral-do-municipio\/","title":{"rendered":"CONTROLADORIA GERAL DO MUNIC\u00cdPIO &#8211; CGM"},"content":{"rendered":"<hr \/>\n<p style=\"text-align: justify;\">Endere\u00e7o: Rua Alvorada, n\u00ba 281, 5\u00ba andar (antigo Hotel Guapindaia), Bairro Bosque &#8211; CEP:\u00a069.909-380.<\/p>\n<p style=\"text-align: justify;\">E-mail:\u00a0 <a href=\"mailto:cgmrb@riobranco.ac.gov.br\">cgmrb@riobranco.ac.gov.br<\/a><\/p>\n<p style=\"text-align: justify;\">Telefone: (68)\u00a03212-7385<\/p>\n<p style=\"text-align: justify;\">Hor\u00e1rio de Funcionamento:\u00a007:00 \u00e0s 14:00 (DECRETO N\u00ba 2.010 DE 20 DE DEZEMBRO DE 2023)<\/p>\n<hr \/>\n<p>AUDITOR-CHEFE<\/p>\n<p><a href=\"https:\/\/cgm.riobranco.ac.gov.br\/lai\/wp-content\/uploads\/2013\/08\/Willian.jpg\"><img loading=\"lazy\" decoding=\"async\" class=\"alignnone size-medium wp-image-3748\" src=\"https:\/\/cgm.riobranco.ac.gov.br\/lai\/wp-content\/uploads\/2013\/08\/Willian-227x300.jpg\" alt=\"willian\" width=\"227\" height=\"300\" srcset=\"https:\/\/cgm.riobranco.ac.gov.br\/lai\/wp-content\/uploads\/2013\/08\/Willian-227x300.jpg 227w, https:\/\/cgm.riobranco.ac.gov.br\/lai\/wp-content\/uploads\/2013\/08\/Willian-776x1024.jpg 776w, https:\/\/cgm.riobranco.ac.gov.br\/lai\/wp-content\/uploads\/2013\/08\/Willian.jpg 1515w\" sizes=\"auto, (max-width: 227px) 100vw, 227px\" \/><\/a><\/p>\n<p><strong>WILLIAN ALFONSO FERREIRA FILGUEIRA<\/strong><\/p>\n<p><span style=\"text-align: justify;\">E-mail:\u00a0<a href=\"mailto:willian.filgueira@riobranco.ac.gov.br\">willian.filgueira@riobranco.ac.gov.br<\/a><\/span><\/p>\n<p style=\"text-align: justify;\"><span style=\"text-align: justify;\">P\u00f3s-graduado Lato Sensu em Gerente de Cidade pela Funda\u00e7\u00e3o Armando Alvares Penteado &#8211; FAAP (2012) e em Finan\u00e7as, Auditoria e Controladoria pela Uni\u00e3o Educacional do Norte\/Faculdade Bar\u00e3o do Rio Branco \u2013 UNINORTE (2008). Possui gradua\u00e7\u00e3o em Complementa\u00e7\u00e3o Pedag\u00f3gica, Esquema I a n\u00edvel de Licenciatura Plena pela Universidade Federal do Acre (1996), Licenciatura Curta em Ci\u00eancias Pr\u00e9-Op\u00e7\u00e3o Matem\u00e1tica pela Universidade Federal do Acre (1990) e Tecn\u00f3logo em Estradas e Topografia pela Universidade Federal do Acre (1983). Possui forma\u00e7\u00e3o a n\u00edvel de Ensino M\u00e9dio em T\u00e9cnico em Contabilidade pela Escola de 1\u00ba e 2\u00ba Grau Prof. Jos\u00e9 Rodrigues Leite (1980). \u00c9 servidor do Munic\u00edpio de Rio Branco, integrante da carreira de Auditor Municipal de Controle Interno, onde ocupa o cargo de Auditor Chefe da Controladoria-Geral do Munic\u00edpio.<\/span><\/p>\n<p>&nbsp;<\/p>\n<p>CHEFIA DE GABINETE<\/p>\n<p><strong>LAURO TINOCO DANTAS<\/strong><\/p>\n<p>E-mail: <a href=\"mailto:lauro.dantas@riobranco.ac.gov.br\">lauro.dantas@riobranco.ac.gov.br<\/a><\/p>\n<p>Telefone: (68) 3224-6320<\/p>\n<p>&nbsp;<\/p>\n<p>SERVI\u00c7O DE INFORMA\u00c7\u00c3O AO CIDAD\u00c3O &#8211; SIC<\/p>\n<p><strong>ANDREATO DE OLIVEIRA ABOMORAD<\/strong><\/p>\n<p>E-mail: <a href=\"mailto:andreato.oliveira@riobranco.ac.gov.br\">andreato.oliveira@riobranco.ac.gov.br<\/a><\/p>\n<p>Telefone: (68) 3224-9978<\/p>\n<p>&nbsp;<\/p>\n<hr \/>\n<p style=\"text-align: justify;\">Arquivos para Download<\/p>\n<p style=\"text-align: justify;\"><strong><a href=\"https:\/\/cgm.riobranco.ac.gov.br\/lai\/wp-content\/uploads\/2013\/08\/CGM-COMPET\u00caNCIA.pdf\" target=\"_blank\">CGM &#8211; COMPET\u00caNCIA<\/a><\/strong><\/p>\n<hr \/>\n<p>Estrutura Organizacional<\/p>\n<p><strong><a href=\"https:\/\/cgm.riobranco.ac.gov.br\/lai\/wp-content\/uploads\/2013\/08\/DECRETO-N\u00ba-138-2024-Estrutura-Organizacional-da-CGM.pdf\" target=\"_blank\">DECRETO N\u00ba 138 DE 30 DE JANEIRO DE 2024<\/a><\/strong><\/p>\n<p>\u2018\u2019Estabelece a Estrutura Organizacional B\u00e1sica da Controladoria Geral do Munic\u00edpio &#8211; CGM.\u2019\u2019<\/p>\n<p><strong><a href=\"https:\/\/cgm.riobranco.ac.gov.br\/lai\/wp-content\/uploads\/2013\/08\/DECRETO-N\u00ba-109-2022-Estrutura-Organizacional-da-CGM.pdf\" target=\"_blank\">DECRETO N\u00ba 109 DE 09 DE FEVEREIRO DE 2022<\/a>\u00a0<\/strong><span style=\"color: #ff0000;\">(Revogado)<\/span><\/p>\n<p>\u201cEstabelece a Estrutura Organizacional B\u00e1sica da Controladoria Geral do Munic\u00edpio &#8211; CGM.\u201d<\/p>\n<p><strong><a href=\"https:\/\/cgm.riobranco.ac.gov.br\/lai\/wp-content\/uploads\/2013\/08\/DECRETO-N\u00ba-034-2019-Estrutura-Adm.-CGM.pdf\" target=\"_blank\">DECRETO N\u00ba 034 DE 16 DE JANEIRO DE 2019<\/a>\u00a0<\/strong><span style=\"color: #ff0000;\">(Revogado)<\/span><\/p>\n<p>\u201cEstabelece a Estrutura Organizacional B\u00e1sica da Controladoria Geral do Munic\u00edpio \u2013 CGM.\u201d<\/p>\n<p><strong><a href=\"https:\/\/cgm.riobranco.ac.gov.br\/lai\/wp-content\/uploads\/2013\/08\/DECRETO-N\u00ba-702-2013-Estrutura\u00e7\u00e3o-Controladoria-Geral-do-Municipio-CGM.pdf\" target=\"_blank\">DECRETO N\u00ba 702 DE 04 DE MAR\u00c7O DE 2013<\/a>\u00a0<\/strong><span style=\"color: #ff0000;\">(Revogado)<\/span><\/p>\n<p>&#8220;Estabelece a Estrutura Organizacional B\u00e1sica da Controladoria Geral do Munic\u00edpio &#8211; CGM.&#8221;<\/p>\n<hr \/>\n<p>Arquivos para Download<\/p>\n<p><strong><a href=\"https:\/\/cgm.riobranco.ac.gov.br\/lai\/wp-content\/uploads\/2013\/08\/CGM-MANUAL-DE-AUDITORIA-INTERNA-2024.pdf\" target=\"_blank\">MANUAL DE AUDITORIA INTERNA DA CGM 2024<\/a><\/strong><\/p>\n<p><strong><a href=\"https:\/\/cgm.riobranco.ac.gov.br\/lai\/wp-content\/uploads\/2013\/08\/LEI-COMPLEMENTAR-N\u00ba-269-DE-18-DE-DEZEMBRO-DE-2023-Altera-a-Lei-Municipal-n\u00b0-1.785-de-21-de-dezembro-de-2009.pdf\" target=\"_blank\">LEI COMPLEMENTAR N\u00ba 269 DE 18 DE DEZEMBRO DE 2023<\/a><\/strong><\/p>\n<p>\u201cAltera a Lei Municipal n\u00b0 1.785, de 21 de dezembro de 2009\u201d.<\/p>\n<p style=\"text-align: justify;\"><strong><a href=\"https:\/\/cgm.riobranco.ac.gov.br\/lai\/wp-content\/uploads\/2013\/08\/GABPRE-PORTARIA-N\u00ba-255-2023-CGM-PAAAI-2023-DOE.pdf\" target=\"_blank\">GABPRE &#8211; PORTARIA N\u00ba 255\/2023<\/a><\/strong>\u00a0&#8211; DOE<\/p>\n<p style=\"text-align: justify;\">&#8220;Aprova o Plano Anual de Atividades de Auditoria Interna e d\u00e1 outras provid\u00eancias.&#8221;<\/p>\n<p style=\"text-align: justify;\"><strong><a href=\"https:\/\/cgm.riobranco.ac.gov.br\/lai\/wp-content\/uploads\/2013\/08\/DECRETO-N\u00ba-1582-2022-CGM-CADIMP-DOE.pdf\" target=\"_blank\">DECRETO N\u00ba 1.582 DE 24 DE OUTUBRO DE 2022<\/a><\/strong>\u00a0&#8211; DOE<\/p>\n<p style=\"text-align: justify;\">&#8220;Designar os servidores da Controladoria-Geral do Munic\u00edpio de Rio Branco como respons\u00e1veis pelos registros de fornecedores impedidos de licitar e contratar com a Administra\u00e7\u00e3o P\u00fablica do Munic\u00edpio de Rio Branco, no Sistema Integrado de Registro do CEIS\/CNEP \u2013 SIRCAD\/Portaria CGU n\u00ba 1.332 de 22\/07\/2016.&#8221;<\/p>\n<p><strong><a href=\"https:\/\/cgm.riobranco.ac.gov.br\/lai\/wp-content\/uploads\/2013\/08\/DECRETO-N\u00ba-1299-2022-Regimento-Interno-da-Controladoria-Geral-do-Munic\u00edpio-CGM.pdf\" target=\"_blank\">D<\/a><\/strong><strong><a href=\"https:\/\/cgm.riobranco.ac.gov.br\/lai\/wp-content\/uploads\/2013\/08\/DECRETO-N\u00ba-1299-2022-Regimento-Interno-da-Controladoria-Geral-do-Munic\u00edpio-CGM.pdf\" target=\"_blank\">ECRETO N\u00ba 1.299 DE 29 DE AGOSTO DE 2022<\/a><\/strong><\/p>\n<p>\u201cDisp\u00f5e sobre o Regimento Interno da Controladoria Geral do Munic\u00edpio de Rio Branco \u2013 CGM\u201d.<\/p>\n<p><strong><a href=\"https:\/\/cgm.riobranco.ac.gov.br\/lai\/wp-content\/uploads\/2013\/08\/DECRETO-N\u00ba-1116-2022-Aprovar-o-C\u00f3digo-de-\u00c9tica-e-Conduta-dos-Servidores-da-CGM.pdf\" target=\"_blank\">DECRETO N\u00ba 1.116 DE 22 DE JULHO DE 2022<\/a><\/strong><\/p>\n<p style=\"text-align: justify;\">\u201cAprova o C\u00f3digo de \u00c9tica e Conduta dos Servidores da Controladoria-Geral do Munic\u00edpio \u2013 CGM\u201d.<\/p>\n<p style=\"text-align: justify;\"><strong><a href=\"https:\/\/cgm.riobranco.ac.gov.br\/lai\/wp-content\/uploads\/2013\/08\/LEI-COMPLEMENTAR-N\u00ba-144-DE-29.04.2022-Reajuste-no-vencimento-base-do-cargo-de-Auditor-Municipal-de-Controle-Interno.pdf\" target=\"_blank\">LEI COMPLEMENTAR N\u00ba 144 DE 29 DE ABRIL DE 2022<\/a><\/strong><\/p>\n<p>\u201cConcede reajuste no vencimento-base dos servidores ocupantes do cargo de Auditor Municipal de Controle Interno.\u201d<\/p>\n<p style=\"text-align: justify;\"><strong><a href=\"https:\/\/cgm.riobranco.ac.gov.br\/lai\/wp-content\/uploads\/2013\/08\/CGM-PORTARIA-N\u00ba-004-2022-PLANO-ANUAL-DE-ATIVIDADES-DOE.pdf\" target=\"_blank\">CGM- PORTARIA N\u00ba 004 DE 08 DE MAR\u00c7O DE 2022<\/a><\/strong>\u00a0&#8211; DOE<\/p>\n<p style=\"text-align: justify;\">&#8220;Aprova o Plano Anual de Atividades de Auditoria Interna e d\u00e1 outras provid\u00eancias.&#8221;<\/p>\n<p style=\"text-align: justify;\"><strong><a href=\"https:\/\/cgm.riobranco.ac.gov.br\/lai\/wp-content\/uploads\/2013\/08\/LEI-N\u00ba-2.154-de-22-de-Dezembro-de-2015-Altera-a-Lei-Municipal-1.785-2009-CGM.pdf\" target=\"_blank\">LEI N\u00ba 2.154 DE 22 DE DEZEMBRO DE 2015<\/a><\/strong><\/p>\n<p style=\"text-align: justify;\">\u201cAltera a Lei Municipal n\u00ba 1.785, de 21 de dezembro de 2009 e d\u00e1 outras provid\u00eancias.\u201d<\/p>\n<p style=\"text-align: justify;\"><strong><a href=\"\/lai\/wp-content\/uploads\/images\/ARQUIVOS\/28_Controladoria\/DECRETO_3.294_2012_-_REGULAMENTA_O_SCI.pdf\" target=\"_blank\">DECRETO N\u00ba 3.294, DE 23 DE FEVEREIRO DE 2012<\/a><\/strong><\/p>\n<p style=\"text-align: justify;\">\u201cRegulamenta o Sistema de Controle Interno e a atua\u00e7\u00e3o das Unidades de Controle Interno na estrutura organizacional do Poder Executivo do Munic\u00edpio de Rio Branco, na forma da Lei n\u00ba 1.785, de 21 de dezembro de 2009 e d\u00e1 outras provid\u00eancias\u201d.<\/p>\n<p style=\"text-align: justify;\"><strong><a href=\"https:\/\/cgm.riobranco.ac.gov.br\/lai\/wp-content\/uploads\/2013\/08\/CGM-IN-N\u00ba-003-2011-PROCESSOS-SUBMETIDOS-\u00c0-CGM.pdf\" target=\"_blank\">INSTRU\u00c7\u00c3O NORMATIVA CGM N\u00ba 003 DE 1\u00ba DE FEVEREIRO DE 2011<\/a><\/strong><\/p>\n<p style=\"text-align: justify;\">&#8220;Disp\u00f5e sobre processo administrativo no \u00e2mbito da Controladoria Geral do Munic\u00edpio de Rio Branco.&#8221;<\/p>\n<p style=\"text-align: justify;\"><strong><a href=\"https:\/\/cgm.riobranco.ac.gov.br\/lai\/wp-content\/uploads\/2013\/08\/Decreto-N\u00ba-1499-de-09.07.2010-Promo\u00e7ao-Auditoria.pdf\" target=\"_blank\">DECRETO N\u00ba 1.499 DE 09 DE JULHO DE 2010<\/a><\/strong><\/p>\n<p style=\"text-align: justify;\"><a href=\"https:\/\/cgm.riobranco.ac.gov.br\/lai\/wp-content\/uploads\/2013\/08\/Decreto-N\u00ba-1499-de-09.07.2010-Promo\u00e7ao-Auditoria-ANEXOS.pdf\" target=\"_blank\">ANEXO<\/a><\/p>\n<p style=\"text-align: justify;\">\u201cDisciplina os requisitos e condi\u00e7\u00f5es de promo\u00e7\u00e3o\u00a0na Carreira de Auditor Municipal de Controle Interno, de que trata o art. 32 da Lei Municipal n\u00ba 1.785, de 21 de dezembro de 2009.\u201d<\/p>\n<p style=\"text-align: justify;\"><strong><a href=\"\/lai\/wp-content\/uploads\/images\/ARQUIVOS\/28_Controladoria\/LEI_N\u00ba_1.785_de_21.12.2009_-_Sistema_de_Controle_Interno_do_Poder_Executivo_Municipal.pdf\" target=\"_blank\">LEI N\u00ba 1.785, DE 21 DE DEZEMBRO DE 2009<\/a>\u00a0<\/strong><span style=\"color: #ff0000;\">(Alterada pela <a style=\"color: #ff0000;\" href=\"https:\/\/cgm.riobranco.ac.gov.br\/lai\/wp-content\/uploads\/2013\/08\/LEI-N\u00ba-2.154-de-22-de-Dezembro-de-2015-Altera-a-Lei-Municipal-1.785-2009-CGM.pdf\" target=\"_blank\">LEI N\u00ba 2.154 DE 22 DE DEZEMBRO DE 2015<\/a>\u00a0e pela <a style=\"color: #ff0000;\" href=\"https:\/\/cgm.riobranco.ac.gov.br\/lai\/wp-content\/uploads\/2013\/08\/LEI-COMPLEMENTAR-N\u00ba-269-DE-18-DE-DEZEMBRO-DE-2023-Altera-a-Lei-1.785-2009-CGM.pdf\" target=\"_blank\">LEI COMPLEMENTAR N\u00ba 269 DE 18 DE DEZEMBRO DE 2023<\/a>)<\/span><\/p>\n<p style=\"text-align: justify;\">&#8220;Disp\u00f5e sobre o Sistema de Controle Interno do Poder Executivo Municipal, a organiza\u00e7\u00e3o da Controladoria-Geral do Munic\u00edpio &#8211; CGM, cria a Carreira de Auditor Municipal de Controle Interno, revoga a Lei Municipal n\u00ba 1.426, de 06 de julho de 2001 e o art. 48 da Lei Municipal n\u00ba 1.551, de 08 de novembro de 2005 e d\u00e1 outras provid\u00eancias.&#8221;<\/p>\n<p><strong><a href=\"https:\/\/cgm.riobranco.ac.gov.br\/lai\/wp-content\/uploads\/2013\/08\/2001-LEI-N\u00ba-1.444-de-25.10.2001-Altera-a-Lei-N\u00ba-1.426-2001-Controle-Interno-CGM.pdf\" target=\"_blank\">LEI N\u00ba 1.444 DE 25 DE OUTUBRO DE 2001<\/a>\u00a0<\/strong><\/p>\n<p>\u201cAltera dispositivos da Lei n\u00ba 1.426\/2001 e cria o \u00d3rg\u00e3o Gestor do Sistema de Controle Interno.\u201d<\/p>\n<p style=\"text-align: justify;\"><span style=\"color: #ff0000;\"><strong><a href=\"https:\/\/cgm.riobranco.ac.gov.br\/lai\/wp-content\/uploads\/2013\/08\/LEI-N\u00ba-1.426-de-06.07.2001-Institui-o-Sistema-de-Controle-interno.pdf\" target=\"_blank\">LEI N\u00ba1.426, DE 06 DE JULHO DE 2001<\/a><\/strong>\u00a0(Revogada pela Lei n\u00ba 1.785 de 21 de dezembro de 2009)<\/span><\/p>\n<p style=\"text-align: justify;\">\u201c Institui o Sistema de controle Interno do Poder Executivo Municipal, de que trata o artigo 31 da Constitui\u00e7\u00e3o Federal, e d\u00e1 outras provid\u00eancias\u201d.<\/p>\n","protected":false},"excerpt":{"rendered":"<p>Endere\u00e7o: Rua Alvorada, n\u00ba 281, 5\u00ba andar (antigo Hotel Guapindaia), Bairro Bosque &#8211; CEP:\u00a069.909-380. E-mail:\u00a0 cgmrb@riobranco.ac.gov.br Telefone: (68)\u00a03212-7385 Hor\u00e1rio de Funcionamento:\u00a007:00 \u00e0s 14:00 (DECRETO N\u00ba 2.010 DE 20 DE DEZEMBRO DE 2023) AUDITOR-CHEFE WILLIAN ALFONSO FERREIRA FILGUEIRA E-mail:\u00a0willian.filgueira@riobranco.ac.gov.br P\u00f3s-graduado Lato Sensu em Gerente de Cidade pela Funda\u00e7\u00e3o Armando Alvares Penteado &#8211; FAAP (2012) e em [&hellip;]<\/p>\n","protected":false},"author":2,"featured_media":0,"parent":12,"menu_order":8,"comment_status":"open","ping_status":"open","template":"","meta":{"footnotes":""},"class_list":["post-125","page","type-page","status-publish","hentry"],"_links":{"self":[{"href":"https:\/\/cgm.riobranco.ac.gov.br\/lai\/wp-json\/wp\/v2\/pages\/125","targetHints":{"allow":["GET"]}}],"collection":[{"href":"https:\/\/cgm.riobranco.ac.gov.br\/lai\/wp-json\/wp\/v2\/pages"}],"about":[{"href":"https:\/\/cgm.riobranco.ac.gov.br\/lai\/wp-json\/wp\/v2\/types\/page"}],"author":[{"embeddable":true,"href":"https:\/\/cgm.riobranco.ac.gov.br\/lai\/wp-json\/wp\/v2\/users\/2"}],"replies":[{"embeddable":true,"href":"https:\/\/cgm.riobranco.ac.gov.br\/lai\/wp-json\/wp\/v2\/comments?post=125"}],"version-history":[{"count":79,"href":"https:\/\/cgm.riobranco.ac.gov.br\/lai\/wp-json\/wp\/v2\/pages\/125\/revisions"}],"predecessor-version":[{"id":5733,"href":"https:\/\/cgm.riobranco.ac.gov.br\/lai\/wp-json\/wp\/v2\/pages\/125\/revisions\/5733"}],"up":[{"embeddable":true,"href":"https:\/\/cgm.riobranco.ac.gov.br\/lai\/wp-json\/wp\/v2\/pages\/12"}],"wp:attachment":[{"href":"https:\/\/cgm.riobranco.ac.gov.br\/lai\/wp-json\/wp\/v2\/media?parent=125"}],"curies":[{"name":"wp","href":"https:\/\/api.w.org\/{rel}","templated":true}]}}