{"id":127,"date":"2013-08-26T19:16:59","date_gmt":"2013-08-26T19:16:59","guid":{"rendered":"http:\/\/portalcgm.riobranco.ac.gov.br\/lai\/secretaria-administracao-gestao-pessoas\/"},"modified":"2024-01-09T15:54:17","modified_gmt":"2024-01-09T20:54:17","slug":"secretaria-administracao-gestao-pessoas","status":"publish","type":"page","link":"https:\/\/cgm.riobranco.ac.gov.br\/lai\/institucional\/secretaria-administracao-gestao-pessoas\/","title":{"rendered":"SECRETARIA MUNICIPAL DE GEST\u00c3O ADMINISTRATIVA &#8211; SMGA"},"content":{"rendered":"<hr \/>\n<p style=\"text-align: justify;\">Endere\u00e7o:\u00a0Rua Alvorada, 411, 2\u00ba Piso, Bosque, Rio Branco\/AC &#8211; CEP 69.900-631 (Antigo Hotel Guapindaia Bosque)<\/p>\n<p style=\"text-align: justify;\">E-mail:\u00a0<a href=\"mailto:smga@riobranco.ac.gov.br\" target=\"_blank\">smga@riobranco.ac.gov.br<\/a><\/p>\n<p style=\"text-align: justify;\">Telefone: (68) 3223-6304 \/ 3222-7739<\/p>\n<p style=\"text-align: justify;\">Hor\u00e1rio de funcionamento:\u00a007:00 \u00e0s 14:00 (DECRETO N\u00ba 2.010 DE 20 DE DEZEMBRO DE 2023)<\/p>\n<hr \/>\n<p>SECRET\u00c1RIO MUNICIPAL DE GEST\u00c3O ADMINISTRATIVA<\/p>\n<p><a href=\"https:\/\/cgm.riobranco.ac.gov.br\/lai\/wp-content\/uploads\/2013\/08\/SMGA.jpeg\"><img loading=\"lazy\" decoding=\"async\" class=\"alignnone size-medium wp-image-4557\" src=\"https:\/\/cgm.riobranco.ac.gov.br\/lai\/wp-content\/uploads\/2013\/08\/SMGA-200x300.jpeg\" alt=\"smga\" width=\"200\" height=\"300\" \/><\/a><\/p>\n<p><strong>DOUGLLAS JONATHAN SANTIAGO DE SOUZA<\/strong><\/p>\n<p>E-mail: <a href=\"mailto:dougllas.souza@riobranco.ac.gov.br\">dougllas.souza@riobranco.ac.gov.br<\/a><\/p>\n<p style=\"text-align: justify;\">DOUGLLAS JONATHAN SANTIAGO DE SOUZA, tem 49 anos, nasceu na cidade de Fortaleza, Cear\u00e1 e mora em Rio Branco h\u00e1 mais de 25 anos. \u00c9 Casado com a Defensora P\u00fablica Dr\u00aa Simone Jaques de Azambuja Santiago h\u00e1 27 anos, com quem tem um filho. \u00c9 Cientista Social com a habilita\u00e7\u00e3o em Ci\u00eancias Pol\u00edticas, formado pela Universidade Federal do Acre (1999), Advogado, formado pela Faculdade da Amaz\u00f4nia Ocidental \u2013 FAAO (2007) e especialista em Rela\u00e7\u00f5es do Trabalho (2008). Foi militar de Carreira do Ex\u00e9rcito Brasileiro (1992-1999), foi professor de Ensino Superior por 10 anos, nos cursos de gradua\u00e7\u00f5es em Direito, contabilidade, administra\u00e7\u00e3o e gest\u00e3o de pessoas. Entre 1999 a 2002, foi Diretor Administrativo da extinta Secretaria de Estado de Administra\u00e7\u00e3o e Recursos Humanos, bem como Diretor do sistema Comprev\/Parsep. Entre 2005 a 2008 foi Diretor da Escola Municipal de Governo do Mun\u00edcipio de Rio Branco. Desempenhou ainda, entre os anos de 2004 a 2012 o mister de Presidente Regional do Partido Trabalhista do Brasil. \u00c9 advogado militante, s\u00f3cio de Sociedade de Advogados desde 2008 at\u00e9 os dias atuais, estando afastado para o exerc\u00edcio do cargo de Secret\u00e1rio Municipal.<\/p>\n<p>&nbsp;<\/p>\n<p>CHEFIA DE GABINETE<\/p>\n<p><strong>LUCIBETH FARIAS FALC\u00c3O<\/strong><\/p>\n<p>E-mail: <a href=\"lucibeth.falcao@riobranco.ac.gov.br\">lucibeth.falcao@riobranco.ac.gov.br<\/a><\/p>\n<p>Telefone:\u00a0(68) 3223-7736<\/p>\n<p>&nbsp;<\/p>\n<p>UNIDADE DE CONTROLE INTERNO &#8211; UCI\/SMGA<\/p>\n<p><strong>LUCIANA DE SOUZA SILVA<\/strong><\/p>\n<p>E-mail:\u00a0<a href=\"mailto:luciana.souza@riobranco.ac.gov.br\" target=\"_blank\">luciana.souza@riobranco.ac.gov.br<\/a><\/p>\n<p>&nbsp;<\/p>\n<hr \/>\n<p>Arquivos para Download<\/p>\n<p><strong><a href=\"https:\/\/cgm.riobranco.ac.gov.br\/lai\/wp-content\/uploads\/2013\/08\/SMGA-COMPET\u00caNCIA.pdf\" target=\"_blank\">SMGA &#8211; COMPET\u00caNCIAS<\/a><\/strong><\/p>\n<hr \/>\n<p>Estrutura Organizacional<\/p>\n<p><strong><a href=\"https:\/\/cgm.riobranco.ac.gov.br\/lai\/wp-content\/uploads\/2013\/08\/DECRETO-N\u00ba-111-2022-Estrutura-Organizacional-da-SMGA.pdf\" target=\"_blank\">DECRETO N\u00ba 111 DE 09 DE FEVEREIRO DE 2022<\/a><\/strong><\/p>\n<p>\u201cEstabelece a Estrutura Organizacional B\u00e1sica da Secretaria Municipal de Gest\u00e3o Administrativa &#8211; SMGA.\u201d<\/p>\n<p><strong><a href=\"https:\/\/cgm.riobranco.ac.gov.br\/lai\/wp-content\/uploads\/2013\/08\/DECRETO-N\u00ba-044-2019-Estrutura-Adm.-SEGATI.pdf\" target=\"_blank\">DECRETO N\u00ba 044 DE 16 DE JANEIRO DE 2019<\/a>\u00a0<\/strong><span style=\"color: #ff0000;\">(Revogado)<\/span><\/p>\n<p>\u201cEstabelece a Estrutura Organizacional da Secretaria Municipal de Gest\u00e3o Administrativa e Tecnologia da Informa\u00e7\u00e3o &#8211; SEGATI.\u201d<\/p>\n<p><strong><a href=\"https:\/\/cgm.riobranco.ac.gov.br\/lai\/wp-content\/uploads\/2013\/08\/DECRETO-N\u00ba-1134-2017-Estrutura-Organizacional-da-SEAD.pdf\" target=\"_blank\">DECRETO N\u00ba 1.134 DE 03 DE ABRIL DE 2017<\/a><\/strong><\/p>\n<p>&#8220;Estabelece a Estrutura Organizacional B\u00e1sica da Secretaria Municipal de Administra\u00e7\u00e3o e Gest\u00e3o de Pessoas &#8211; SEAD.&#8221;<\/p>\n<p><strong><a href=\"https:\/\/cgm.riobranco.ac.gov.br\/lai\/wp-content\/uploads\/2013\/08\/DECRETO_N_865-2014_-_ESTRUTURA_ORGANIZACIONAL_-_SEAD.pdf\" target=\"_blank\">DECRETO N\u00ba 865 DE 07 DE JULHO DE 2014<\/a><\/strong>\u00a0<span style=\"color: #ff0000;\">(Revogado)<\/span><\/p>\n<p>&#8220;Reformula a Estrutura Organizacional B\u00e1sica da Secretaria Municipal de Administra\u00e7\u00e3o e Gest\u00e3o de Pessoas-SEAD.&#8221;<\/p>\n<p><strong><a href=\"https:\/\/cgm.riobranco.ac.gov.br\/lai\/wp-content\/uploads\/2013\/08\/DECRETO-N\u00ba-704-2013-Estrutura\u00e7\u00e3o-SEAD2.pdf\" target=\"_blank\">DECRETO N\u00ba 704 DE 04 DE MAR\u00c7O DE 2013<\/a><\/strong>\u00a0<span style=\"color: #ff0000;\">(Revogado)<\/span><\/p>\n<p>&#8220;Estabelece a Estrutura Organizacional B\u00e1sica da Secretaria Municipal de Administra\u00e7\u00e3o e Gest\u00e3o de Pessoas-SEAD.&#8221;<\/p>\n<hr \/>\n<p>Arquivos para Download<\/p>\n<p><strong><a href=\"https:\/\/cgm.riobranco.ac.gov.br\/lai\/wp-content\/uploads\/2013\/08\/DECRETO-N\u00ba-1330-2022-Altera-o-Decreto-n\u00ba-2009-2010-Junta-M\u00e9dica-do-Munic\u00edpio.pdf\" target=\"_blank\">DECRETO N\u00ba 1.330 DE 31 DE AGOSTO DE 2022<\/a><\/strong><\/p>\n<p>\u201cAltera o Decreto n\u00ba 2.009, de 30 de dezembro de 2010, que disp\u00f5e sobre a constitui\u00e7\u00e3o e o estabelecimento de normas para o funcionamento da Junta M\u00e9dica do Munic\u00edpio de<br \/>\nRio Branco, e d\u00e1 outras provid\u00eancias.\u201d<\/p>\n<p><strong><a href=\"https:\/\/cgm.riobranco.ac.gov.br\/lai\/wp-content\/uploads\/2013\/08\/DECRETO-N\u00ba-1172-2022-Nomear-a-Junta-M\u00e9dica-Oficial-do-Munic\u00edpio.pdf\" target=\"_blank\">DECRETO N\u00ba 1.172 DE 1\u00ba DE AGOSTO DE 2022<\/a><\/strong><\/p>\n<p>&#8220;Nomear os servidores abaixo relacionados, ocupante do cargo de m\u00e9dico, para compor a Junta M\u00e9dica Oficial do Munic\u00edpio de Rio Branco&#8221;<\/p>\n<p><strong><a href=\"https:\/\/cgm.riobranco.ac.gov.br\/lai\/wp-content\/uploads\/2013\/08\/DECRETO-N\u00ba-1061-2022-Disp\u00f5e-sobre-o-regramento-da-Comiss\u00e3o-de-An\u00e1lise-de-Conformidade-da-Folha-de-Pagamento-de-Pessoal.pdf\" target=\"_blank\">DECRETO N\u00ba 1.061 DE 06 DE JULHO DE 2022<\/a><\/strong><\/p>\n<p>\u201cDisp\u00f5e sobre o regramento da Comiss\u00e3o de An\u00e1lise de Conformidade da Folha de Pagamento de Pessoal do Munic\u00edpio de Rio Branco\u201d.<\/p>\n<p><strong><a href=\"https:\/\/cgm.riobranco.ac.gov.br\/lai\/wp-content\/uploads\/2013\/08\/SEGATI-IN-N\u00ba-001-2007-Procedimentos-para-transferencia-de-Arquivo-para-o-Arquivo-Municipal.pdf\" target=\"_blank\">INSTRU\u00c7\u00c3O NORMATIVA N\u00ba 001\/2007<\/a><\/strong><\/p>\n<p>&#8220;Estabelecem os procedimentos a serem adotados na transfer\u00eancia ou no recolhimento de acervo documental para o Arquivo Municipal.&#8221;<\/p>\n","protected":false},"excerpt":{"rendered":"<p>Endere\u00e7o:\u00a0Rua Alvorada, 411, 2\u00ba Piso, Bosque, Rio Branco\/AC &#8211; CEP 69.900-631 (Antigo Hotel Guapindaia Bosque) E-mail:\u00a0smga@riobranco.ac.gov.br Telefone: (68) 3223-6304 \/ 3222-7739 Hor\u00e1rio de funcionamento:\u00a007:00 \u00e0s 14:00 (DECRETO N\u00ba 2.010 DE 20 DE DEZEMBRO DE 2023) SECRET\u00c1RIO MUNICIPAL DE GEST\u00c3O ADMINISTRATIVA DOUGLLAS JONATHAN SANTIAGO DE SOUZA E-mail: dougllas.souza@riobranco.ac.gov.br DOUGLLAS JONATHAN SANTIAGO DE SOUZA, tem 49 anos, [&hellip;]<\/p>\n","protected":false},"author":2,"featured_media":0,"parent":12,"menu_order":11,"comment_status":"open","ping_status":"open","template":"","meta":{"footnotes":""},"class_list":["post-127","page","type-page","status-publish","hentry"],"_links":{"self":[{"href":"https:\/\/cgm.riobranco.ac.gov.br\/lai\/wp-json\/wp\/v2\/pages\/127","targetHints":{"allow":["GET"]}}],"collection":[{"href":"https:\/\/cgm.riobranco.ac.gov.br\/lai\/wp-json\/wp\/v2\/pages"}],"about":[{"href":"https:\/\/cgm.riobranco.ac.gov.br\/lai\/wp-json\/wp\/v2\/types\/page"}],"author":[{"embeddable":true,"href":"https:\/\/cgm.riobranco.ac.gov.br\/lai\/wp-json\/wp\/v2\/users\/2"}],"replies":[{"embeddable":true,"href":"https:\/\/cgm.riobranco.ac.gov.br\/lai\/wp-json\/wp\/v2\/comments?post=127"}],"version-history":[{"count":64,"href":"https:\/\/cgm.riobranco.ac.gov.br\/lai\/wp-json\/wp\/v2\/pages\/127\/revisions"}],"predecessor-version":[{"id":5535,"href":"https:\/\/cgm.riobranco.ac.gov.br\/lai\/wp-json\/wp\/v2\/pages\/127\/revisions\/5535"}],"up":[{"embeddable":true,"href":"https:\/\/cgm.riobranco.ac.gov.br\/lai\/wp-json\/wp\/v2\/pages\/12"}],"wp:attachment":[{"href":"https:\/\/cgm.riobranco.ac.gov.br\/lai\/wp-json\/wp\/v2\/media?parent=127"}],"curies":[{"name":"wp","href":"https:\/\/api.w.org\/{rel}","templated":true}]}}