{"id":129,"date":"2013-09-03T20:15:37","date_gmt":"2013-09-03T20:15:37","guid":{"rendered":"http:\/\/portalcgm.riobranco.ac.gov.br\/lai\/junta-militar\/"},"modified":"2024-01-09T15:57:08","modified_gmt":"2024-01-09T20:57:08","slug":"junta-militar","status":"publish","type":"page","link":"https:\/\/cgm.riobranco.ac.gov.br\/lai\/institucional\/junta-militar\/","title":{"rendered":"JUNTA DO SERVI\u00c7O MILITAR"},"content":{"rendered":"<hr \/>\n<p>Endere\u00e7o:\u00a0Estrada Santa In\u00eas, n\u00ba 112, Bairro Avi\u00e1rio, Rio Branco\/AC (ap\u00f3s o Posto de Gasolina &#8220;Posto Tropical&#8221;)<\/p>\n<p>Fone: 3223-8318<\/p>\n<p>Hor\u00e1rio de Atendimento:\u00a007:00 \u00e0s 14:00 (DECRETO N\u00ba 2.010 DE 20 DE DEZEMBRO DE 2023)<\/p>\n<hr \/>\n<p>DIVIS\u00c3O DE GEST\u00c3O DA JUNTA DO SERVI\u00c7O MILITAR<\/p>\n<p><strong>WYLEISON SILVA DE OLIVEIRA<\/strong><\/p>\n<p>E-mail:\u00a0<a href=\"mailto:wyleison.oliveira@riobranco.ac.gov.br\" target=\"_blank\">wyleison.oliveira@riobranco.ac.gov.br<\/a><\/p>\n<hr \/>\n<p>Arquivos para Download<\/p>\n<p><strong><a href=\"http:\/\/www.planalto.gov.br\/ccivil_03\/leis\/l4375.htm\" target=\"_blank\">LEI DO SERVI\u00c7O MILITAR<\/a><\/strong><\/p>\n<p><strong><a href=\"\/lai\/wp-content\/uploads\/images\/ARQUIVOS\/32_Junta%20Militar\/Atribui\u00e7\u00f5es%20da%20JUNTA%20MILITAR.pdf\" target=\"_blank\">ATRIBUI\u00c7\u00d5ES DA JUNTA MILITAR<\/a><\/strong><\/p>\n<p>&nbsp;<\/p>\n","protected":false},"excerpt":{"rendered":"<p>Endere\u00e7o:\u00a0Estrada Santa In\u00eas, n\u00ba 112, Bairro Avi\u00e1rio, Rio Branco\/AC (ap\u00f3s o Posto de Gasolina &#8220;Posto Tropical&#8221;) Fone: 3223-8318 Hor\u00e1rio de Atendimento:\u00a007:00 \u00e0s 14:00 (DECRETO N\u00ba 2.010 DE 20 DE DEZEMBRO DE 2023) DIVIS\u00c3O DE GEST\u00c3O DA JUNTA DO SERVI\u00c7O MILITAR WYLEISON SILVA DE OLIVEIRA E-mail:\u00a0wyleison.oliveira@riobranco.ac.gov.br Arquivos para Download LEI DO SERVI\u00c7O MILITAR ATRIBUI\u00c7\u00d5ES DA JUNTA [&hellip;]<\/p>\n","protected":false},"author":2,"featured_media":0,"parent":12,"menu_order":28,"comment_status":"open","ping_status":"open","template":"","meta":{"footnotes":""},"class_list":["post-129","page","type-page","status-publish","hentry"],"_links":{"self":[{"href":"https:\/\/cgm.riobranco.ac.gov.br\/lai\/wp-json\/wp\/v2\/pages\/129","targetHints":{"allow":["GET"]}}],"collection":[{"href":"https:\/\/cgm.riobranco.ac.gov.br\/lai\/wp-json\/wp\/v2\/pages"}],"about":[{"href":"https:\/\/cgm.riobranco.ac.gov.br\/lai\/wp-json\/wp\/v2\/types\/page"}],"author":[{"embeddable":true,"href":"https:\/\/cgm.riobranco.ac.gov.br\/lai\/wp-json\/wp\/v2\/users\/2"}],"replies":[{"embeddable":true,"href":"https:\/\/cgm.riobranco.ac.gov.br\/lai\/wp-json\/wp\/v2\/comments?post=129"}],"version-history":[{"count":18,"href":"https:\/\/cgm.riobranco.ac.gov.br\/lai\/wp-json\/wp\/v2\/pages\/129\/revisions"}],"predecessor-version":[{"id":5551,"href":"https:\/\/cgm.riobranco.ac.gov.br\/lai\/wp-json\/wp\/v2\/pages\/129\/revisions\/5551"}],"up":[{"embeddable":true,"href":"https:\/\/cgm.riobranco.ac.gov.br\/lai\/wp-json\/wp\/v2\/pages\/12"}],"wp:attachment":[{"href":"https:\/\/cgm.riobranco.ac.gov.br\/lai\/wp-json\/wp\/v2\/media?parent=129"}],"curies":[{"name":"wp","href":"https:\/\/api.w.org\/{rel}","templated":true}]}}