{"id":134,"date":"2013-09-09T18:15:52","date_gmt":"2013-09-09T18:15:52","guid":{"rendered":"http:\/\/portalcgm.riobranco.ac.gov.br\/lai\/instituto-previdencia\/"},"modified":"2024-02-29T15:50:33","modified_gmt":"2024-02-29T20:50:33","slug":"instituto-previdencia","status":"publish","type":"page","link":"https:\/\/cgm.riobranco.ac.gov.br\/lai\/institucional\/instituto-previdencia\/","title":{"rendered":"INSTITUTO DE PREVID\u00caNCIA DO MUNIC\u00cdPIO DE RIO BRANCO &#8211; RBPREV"},"content":{"rendered":"<hr \/>\n<p>Endere\u00e7o:\u00a0Travessa Campo do Rio Branco, 412, Capoeira, Rio Branco\/AC \u2013 CEP 69.905-022<\/p>\n<p>E-mail:\u00a0<a href=\"mailto:rbprev@riobranco.ac.gov.br\">rbprev@riobranco.ac.gov.br<\/a><\/p>\n<p>Telefone: (68) 3222-8493<\/p>\n<p>Hor\u00e1rio de funcionamento:\u00a007:00 \u00e0s 14:00 (DECRETO N\u00ba 2.010 DE 20 DE DEZEMBRO DE 2023)<\/p>\n<hr \/>\n<p>DIRETOR-PRESIDENTE DO INSTITUTO PREVIDENCI\u00c1RIO\u00a0DO MUNIC\u00cdPIO DE RIO BRANCO &#8211; DIPRE<\/p>\n<p><a href=\"https:\/\/cgm.riobranco.ac.gov.br\/lai\/wp-content\/uploads\/2013\/09\/Osvaldo-Santiago-Diretor-presidente-da-RBPrev-1-scaled.jpg\"><img loading=\"lazy\" decoding=\"async\" class=\"alignnone size-medium wp-image-3634\" src=\"https:\/\/cgm.riobranco.ac.gov.br\/lai\/wp-content\/uploads\/2013\/09\/Osvaldo-Santiago-Diretor-presidente-da-RBPrev-1-scaled-300x200.jpg\" alt=\"osvaldo-santiago-diretor-presidente-da-rbprev-1-scaled\" width=\"300\" height=\"200\" \/><\/a><\/p>\n<p><strong>OSVALDO RODRIGUES SANTIAGO\u00a0<\/strong><\/p>\n<p>E-mail:\u00a0<a href=\"mailto:osvaldo.santiago@riobranco.ac.gov.br\" target=\"_blank\">osvaldo.santiago@riobranco.ac.gov.br<\/a><\/p>\n<p style=\"text-align: justify;\">Osvaldo Rodrigues Santiago tem 53 anos e nasceu em Cruzeiro do Sul &#8211; Acre. Filho do servidor p\u00fablico C\u00edcero Rodrigues Santiago e Maria Eufr\u00e1zia Santiago. Casado com Sulamita Heiderich Lopes Santiago, tem tr\u00eas filhos, Daniele Santiago, Michele Santiago e Bruno Santiago. Estudou no Col\u00e9gio Agr\u00edcola em Rio Branco &#8211; Acre, formou-se em Avia\u00e7\u00e3o Civil pelo Aeroclube de Rond\u00f4nia, Gest\u00e3o P\u00fablica na Faculdade Tecnol\u00f3gica Internacional de Curitiba, Direito na Faculdade da Amaz\u00f4nia Ocidental \u2013 FAAO e p\u00f3s-gradua\u00e7\u00e3o em Direito Previdenci\u00e1rio na Faculdade Venda Nova do Imigrante \u2013 FAVENI. Foi Diretor de Esporte na R\u00e1dio Difusora Acreana, Chefe do Departamento Jur\u00eddico da Secretaria de Estado de Desenvolvimento Urbano e Regional \u2013 SEDUR, \u00e9 o atual Diretor-Presidente do Instituto de Previd\u00eancia do Munic\u00edpio de Rio Branco \u2013 RBPREV.<\/p>\n<p>&nbsp;<\/p>\n<p>CHEFIA DE GABINETE<\/p>\n<p><strong>ELISSANDRA FERREIRA DA SILVA<\/strong><\/p>\n<p>E-mail<strong>:\u00a0<\/strong><a href=\"mailto:elissandra.silva@riobranco.ac.gov.br\" target=\"_blank\">elissandra.silva@riobranco.ac.gov.br<\/a><\/p>\n<p>Telefone:\u00a03222-8493<\/p>\n<p>&nbsp;<\/p>\n<p>PROCURADORIA JUR\u00cdDICA<\/p>\n<p><strong>VANUZA MARIA FELIX DOS REIS FEITOSA<\/strong><\/p>\n<p>E-mail:\u00a0<a href=\"mailto:vanuza.feitosa@riobranco.ac.gov.br\" target=\"_blank\">vanuza.feitosa@riobranco.ac.gov.br<\/a><\/p>\n<p>Telefone:\u00a03222-7341<\/p>\n<p>&nbsp;<\/p>\n<p>UNIDADE SECCIONAL DE CONTROLE INTERNO &#8211; CI\/RBPREV<\/p>\n<p><strong>ANTONIO FREITAS FERREIRA COELHO<\/strong><\/p>\n<p>E-mail: <a href=\"mailto:antonio.freitas@riobranco.ac.gov.br\" target=\"_blank\">antonio.freitas@riobranco.ac.gov.br<\/a><\/p>\n<p>Telefone:\u00a03222-7341<\/p>\n<p>&nbsp;<\/p>\n<p>DIRETORIA DE PREVID\u00caNCIA &#8211; DIPREV<\/p>\n<p><strong>AN\u00cdZIO CL\u00c1UDIO OLIVEIRA DE ALC\u00c2NTARA<\/strong><\/p>\n<p>E-mail:<strong>\u00a0<\/strong><a href=\"mailto:anizio.alcantara@riobranco.ac.gov.br\" target=\"_blank\">anizio.alcantara@riobranco.ac.gov.br<\/a><\/p>\n<p>Telefone:\u00a03222-7542<\/p>\n<p>&nbsp;<\/p>\n<p>DIRETORIA DE ADMINISTRA\u00c7\u00c3O E FINAN\u00c7AS &#8211; DAF<\/p>\n<p><strong>FELIPE MOURA SALES<\/strong><\/p>\n<p>E-mail:<strong>\u00a0<\/strong><a href=\"mailto:felipe.sales@riobranco.ac.gov.br\" target=\"_blank\">felipe.sales@riobranco.ac.gov.br<\/a><\/p>\n<p>Telefone:\u00a0<strong>:<\/strong>\u00a03222-7542<\/p>\n<p>&nbsp;<\/p>\n<hr \/>\n<p style=\"text-align: justify;\">Estrutura Organizacional<\/p>\n<p><strong><a href=\"https:\/\/cgm.riobranco.ac.gov.br\/portal\/wp-content\/uploads\/2013\/10\/LEI-COMPLEMENTAR-N%C2%BA-202-DE-27-DE-DEZEMBRO-DE-2022-DOE.pdf\" target=\"_blank\">LEI COMPLEMENTAR N\u00ba 202 DE 27 DE DEZEMBRO DE 2022<\/a><\/strong>\u00a0&#8211; DOE<\/p>\n<p>\u201cAltera a Lei Municipal n\u00b0 1.963, de 20 de fevereiro de 2013, que disp\u00f5e sobre a cria\u00e7\u00e3o do Instituto de Previd\u00eancia do Munic\u00edpio de Rio Branco \u2013 RBPREV, e d\u00e1 outras provid\u00eancias\u201d.<\/p>\n<p><strong><a href=\"https:\/\/cgm.riobranco.ac.gov.br\/lai\/wp-content\/uploads\/2013\/09\/DECRETO-N\u00ba-1607-2019-Estrutura-organizacional-b\u00e1sica-do-RBPREV.pdf\" target=\"_blank\">DECRETO N\u00ba 1.607 DE 18 DE OUTUBRO DE 2019<\/a><\/strong><\/p>\n<p style=\"text-align: justify;\">\u201cDisp\u00f5e sobre a estrutura organizacional b\u00e1sica do INSTITUTO DE PREVID\u00caNCIA DO MUNIC\u00cdPIO DE RIO BRANCO \u2013 RBPREV\u201d.<\/p>\n<p style=\"text-align: justify;\"><strong><a href=\"https:\/\/cgm.riobranco.ac.gov.br\/lai\/wp-content\/uploads\/2013\/09\/DECRETO-N\u00ba-661-ESTRUTURA-ORGANIZACIONAL-RBPREV.pdf\" target=\"_blank\">DECRETO N\u00ba 661 DE 01 DE MAR\u00c7O DE 2013<\/a><\/strong><span style=\"color: #ff0000;\">\u00a0(Revogado)<\/span><\/p>\n<p style=\"text-align: justify;\">&#8220;Estrutura Organizacional da RBPREV.&#8221;<\/p>\n<p><strong><a href=\"https:\/\/cgm.riobranco.ac.gov.br\/lai\/wp-content\/uploads\/2013\/09\/LEI-N\u00ba-1.963-DE-20.02.2013-Cria\u00e7\u00e3o-do-Instituto-de-Previd\u00eancia-do-Munic\u00edpio-de-Rio-Branco-RBPREV.pdf\" target=\"_blank\">LEI N\u00ba 1.963 DE 20 DE FEVEREIRO DE 2013<\/a>\u00a0<\/strong><span style=\"color: #ff0000;\">(Alterada pela\u00a0Lei Complementar n\u00ba 202 de 27 de dezembro de 2022)<\/span><\/p>\n<p>\u201cDisp\u00f5e sobre a cria\u00e7\u00e3o do Instituto de Previd\u00eancia do Munic\u00edpio de Rio Branco &#8211; RBPREV, e d\u00e1 outras provid\u00eancias.\u201d<\/p>\n<hr \/>\n<p>Plano de Cargos, Carreira e\u00a0Remunera\u00e7\u00e3o \u2013 PCCR\/RBPREV<\/p>\n<p><strong><a href=\"https:\/\/cgm.riobranco.ac.gov.br\/lai\/wp-content\/uploads\/2013\/09\/2022-LEI-COMPLEMENTAR-N\u00ba-201-DE-27.12.2022-Altera-a-Lei-Complementar-n\u00ba-072-2019-PCCR-RBPREV.pdf\" target=\"_blank\">LEI COMPLEMENTAR N\u00ba 201 DE 27 DE DEZEMBRO DE 2022<\/a><\/strong><\/p>\n<p>\u201cAltera a Lei Complementar n\u00b0 72, de 05 de novembro de 2019, que disp\u00f5e sobre PCCR do Instituto de Previd\u00eancia do Munic\u00edpio de Rio Branco \u2013 RBPREV, e d\u00e1 outras provid\u00eancias.\u201d<\/p>\n<p><strong><a href=\"https:\/\/cgm.riobranco.ac.gov.br\/lai\/wp-content\/uploads\/2013\/09\/LEI-COMPLEMENTAR-N\u00ba-072-DE-05.11.2019-Institui-o-Plano-de-Cargos-Carreira-e-Remunera\u00e7\u00e3o-do-RBPREV.pdf\" target=\"_blank\">LEI COMPLEMENTAR N\u00ba 72 DE 05 DE NOVEMBRO DE 2019<\/a>\u00a0<\/strong><span style=\"color: #ff0000;\">(Alterada pela\u00a0Lei Complementar n\u00ba 201 de 27 de dezembro de 2022)<\/span><\/p>\n<p>\u201cInstitui o Plano de Cargos, Carreira e\u00a0Remunera\u00e7\u00e3o \u2013 PCCR dos Servidores do Instituto de Previd\u00eancia do Munic\u00edpio de Rio Branco &#8211; RBPREV\u201d.<\/p>\n<hr \/>\n<p>Regime Pr\u00f3prio de Previd\u00eancia Social dos servidores do Munic\u00edpio de Rio Branco<\/p>\n<p><strong><a href=\"https:\/\/cgm.riobranco.ac.gov.br\/lai\/wp-content\/uploads\/2013\/09\/LEI-COMPLEMENTAR-N\u00ba-091-DE-03.07.2020-Altera-a-Lei-Municipal-n\u00b0-1.793-2009-14%-RBPREV.pdf\" target=\"_blank\">LEI COMPLEMENTAR N\u00ba 91 DE 03 DE JULHO DE 2020<\/a><\/strong><\/p>\n<p>\u201cAltera a Lei Municipal n\u00b0 1.793, de 23 de dezembro de 2009, alterada pelas Leis Municipais n\u00b0 1.798, de 17 de mar\u00e7o de 2010; n\u00b0 1.816, de 22 de setembro de 2010; n\u00b0 1.909, de 17 de maio de 2012 e n\u00b0 1.963, de 20 de fevereiro de 2013.\u201d<\/p>\n<p><strong><a href=\"https:\/\/cgm.riobranco.ac.gov.br\/lai\/wp-content\/uploads\/2013\/09\/2012-LEI-N\u00ba-1.909-de-17.05.2012-Altera-a-Lei-N\u00ba-1.793-2009-RBPREV.pdf\" target=\"_blank\">LEI N\u00ba 1.909 DE 17 DE MAIO DE 2012<\/a><\/strong><\/p>\n<p>\u201cAltera disposi\u00e7\u00f5es da Lei Municipal n\u00ba 1.793, de 23 de dezembro de 2009.\u201d<\/p>\n<p><strong><a href=\"https:\/\/cgm.riobranco.ac.gov.br\/lai\/wp-content\/uploads\/2013\/09\/2010-LEI-N\u00ba-1.816-de-22.09.2010-Altera-a-Lei-1.793-RPPS.pdf\" target=\"_blank\">LEI N\u00ba 1.816 DE 22 DE SETEMBRO DE 2010<\/a><\/strong><\/p>\n<p>&#8220;D\u00e1 nova reda\u00e7\u00e3o aos arts. 20, 45, 51, 53, 60, 65, 77,78 e 83, revoga o artigo 10 e \u00a7 1\u00ba do artigo 34 todos da Lei Municipal n\u00ba 1.793, de 23 de dezembro de 2009, e d\u00e1 outras provid\u00eancias.&#8221;<\/p>\n<p><strong><a href=\"https:\/\/cgm.riobranco.ac.gov.br\/portal\/wp-content\/uploads\/2015\/05\/LEI-N%C2%BA-1.793-DE-23-DE-DEZEMBRO-DE-2009.pdf\" target=\"_blank\">LEI N\u00ba 1.793 DE 23 DE DEZEMBRO DE 2009<\/a>\u00a0<\/strong><span style=\"color: #ff0000;\">(Alterada pelas Leis Municipais N\u00b0 1.816, de 22 de setembro de 2010; Lei N\u00b0 1.909, de 17 de maio de 2012 e N\u00b0 1.963, de 20 de fevereiro de 2013 e Lei Complementar n\u00ba 091 de 03 de julho de 2020)<\/span><\/p>\n<p>\u201cDisp\u00f5e sobre a institui\u00e7\u00e3o e organiza\u00e7\u00e3o do Regime Pr\u00f3prio de Previd\u00eancia Social dos servidores do Munic\u00edpio de Rio Branco \u2013 Rio Branco Previd\u00eancia \u2013 RBPREV, sua estrutura administrativa, cria os Fundos de Previd\u00eancia Social, institui a contribui\u00e7\u00e3o previdenci\u00e1ria do regime e disciplina as aposentadorias e pens\u00f5es dos servidores do Munic\u00edpio de Rio Branco.\u201d<\/p>\n<hr \/>\n<p>Arquivos para Download<\/p>\n<p style=\"text-align: justify;\"><strong><a href=\"https:\/\/cgm.riobranco.ac.gov.br\/lai\/wp-content\/uploads\/2013\/09\/RBPREV-PORTARIA-N\u00ba-010-2024-DOE.pdf\" target=\"_blank\">RBPREV &#8211; PORTARIA N\u00ba 010 DE 25 DE JANEIRO DE 2024<\/a><\/strong>\u00a0&#8211; DOE<\/p>\n<p style=\"text-align: justify;\">&#8220;Instituir a Pol\u00edtica de Seguran\u00e7a da Informa\u00e7\u00e3o &#8211; PSI do Instituto de Previd\u00eancia do Munic\u00edpio de Rio Branco &#8211; RBPREV, constitu\u00edda por um conjunto de conceitos, objetivos, princ\u00edpios, diretrizes, responsabilidades e veda\u00e7\u00f5es, disciplinados nos termos desta Portaria.&#8221;<\/p>\n<p style=\"text-align: justify;\"><strong><a href=\"https:\/\/cgm.riobranco.ac.gov.br\/lai\/wp-content\/uploads\/2013\/09\/2022-LEI-COMPLEMENTAR-N\u00ba-204-DE-28.12.2022-Plano-de-Incentivo-a-Aposentadoria-PIA-2022.pdf\" target=\"_blank\">LEI COMPLEMENTAR N\u00ba 204 DE 28 DE DEZEMBRO DE 2022<\/a><\/strong><\/p>\n<p>\u201cInstitui no \u00e2mbito da Administra\u00e7\u00e3o P\u00fablica Municipal de Rio Branco o Plano de Incentivo \u00e0 Aposentadoria \u2013 PIA\/2022\u201d<\/p>\n<p style=\"text-align: justify;\"><strong><a href=\"https:\/\/cgm.riobranco.ac.gov.br\/lai\/wp-content\/uploads\/2013\/09\/2022-LEI-COMPLEMENTAR-N\u00ba-203-DE-27.12.2022-Alterar-a-Lei-n\u00ba-1.965-2013-RBPREV-Plano-Atuarial.pdf\" target=\"_blank\">LEI COMPLEMENTAR N\u00ba 203 DE 27 DE DEZEMBRO DE 2022<\/a><\/strong><\/p>\n<p style=\"text-align: justify;\">\u201cAltera o Anexo \u00danico da Lei n\u00b0 1.965, de 26 de mar\u00e7o de 2013, modificado pelas\u00a0 Leis n\u00b0 2.071, de 17 de julho de 2014, pela Lei 2.199 de 04 de julho de 2016, pela Lei n\u00b0 2.231, de 4 de maio de 2017 e pela Lei Complementar de n\u00b0 95 de 02 de outubro de 2020.\u201d<\/p>\n<p style=\"text-align: justify;\"><strong><a href=\"https:\/\/cgm.riobranco.ac.gov.br\/lai\/wp-content\/uploads\/2013\/09\/RBPREV-PORTARIA-N\u00ba-112-Hor\u00e1rio-DOE.pdf\" target=\"_blank\">RBPREV &#8211; PORTARIA N\u00ba 112 DE 21 DE SETEMBRO DE 2022<\/a><\/strong>\u00a0&#8211; DOE<\/p>\n<p style=\"text-align: justify;\">&#8220;Estabelecer o hor\u00e1rio de expediente do Instituto de Previd\u00eancia do Munic\u00edpio de Rio Branco &#8211; RBPREV, de segunda a sexta-feira, das 7h30min \u00e0s 13h30min.&#8221;<\/p>\n<p style=\"text-align: justify;\"><strong><a href=\"https:\/\/cgm.riobranco.ac.gov.br\/lai\/wp-content\/uploads\/2013\/09\/DECRETO-N\u00ba-460-2022-Comiss\u00e3o-para-a-execu\u00e7\u00e3o-do-EFPC.pdf\" target=\"_blank\">DECRETO N\u00ba 460 DE 17 DE MAR\u00c7O DE 2022<\/a><\/strong><\/p>\n<p style=\"text-align: justify;\">\u201cInstitui a Comiss\u00e3o para a execu\u00e7\u00e3o dos procedimentos necess\u00e1rios \u00e0 sele\u00e7\u00e3o p\u00fablica de Entidade Fechada de Previd\u00eancia Complementar \u2013 EFPC, que administrar\u00e1 o Regime de Previd\u00eancia<br \/>\nComplementar no \u00e2mbito da Administra\u00e7\u00e3o Direta dos Poderes Executivo e Legislativo do Munic\u00edpio de Rio Branco.\u201d<\/p>\n<p style=\"text-align: justify;\"><strong><a href=\"https:\/\/cgm.riobranco.ac.gov.br\/lai\/wp-content\/uploads\/2013\/09\/RBPREV-PORTARIA-N\u00ba-002-2022-Reajuste-de-benef\u00edcios-previdenci\u00e1rios-DOE.pdf\" target=\"_blank\">RBPREV &#8211; PORTARIA N\u00ba 002 DE 24 DE JANEIRO DE 2022<\/a><\/strong>\u00a0&#8211; DOE<\/p>\n<p style=\"text-align: justify;\">\u201cTorna p\u00fablico o reajuste dos benef\u00edcios previdenci\u00e1rios, calculados com base na m\u00e9dia aritm\u00e9tica das remunera\u00e7\u00f5es de contribui\u00e7\u00e3o, e demais valores reajust\u00e1veis concomitantemente com os do Instituto Nacional do Seguro Social \u2013 INSS.\u201d<\/p>\n<p style=\"text-align: justify;\"><strong><a href=\"https:\/\/cgm.riobranco.ac.gov.br\/lai\/wp-content\/uploads\/2013\/09\/DECRETO-N\u00ba-1093-2021-Grupo-de-Trabalho-Previd\u00eancia-Complementar-\u2013-RPC.pdf\" target=\"_blank\">DECRETO N\u00ba 1093 DE 30 DE JUNHO DE 2021<\/a><\/strong><\/p>\n<p style=\"text-align: justify;\">&#8220;Instituir e nomear o Grupo de Trabalho para tratar da cria\u00e7\u00e3o da Previd\u00eancia Complementar \u2013 RPC, do Munic\u00edpio de Rio Branco- Acre, em conformidade ao que determina a PEC 103\/2019.&#8221;<\/p>\n<p style=\"text-align: justify;\"><strong><a href=\"https:\/\/cgm.riobranco.ac.gov.br\/lai\/wp-content\/uploads\/2013\/09\/RBPREV-PORTARIA-N\u00ba-013-2021.pdf\" target=\"_blank\">RBPREV &#8211; PORTARIA N\u00ba 13 DE 19 DE JANEIRO DE 2021<\/a><\/strong><\/p>\n<p style=\"text-align: justify;\">\u201cTorna p\u00fablico o reajuste dos benef\u00edcios previdenci\u00e1rios, calculados com base na m\u00e9dia aritm\u00e9tica das remunera\u00e7\u00f5es de contribui\u00e7\u00e3o, e demais valores reajust\u00e1veis concomitantemente com os do Instituto Nacional do Seguro Social \u2013 INSS.\u201d<\/p>\n<p style=\"text-align: justify;\"><strong><a href=\"https:\/\/cgm.riobranco.ac.gov.br\/lai\/wp-content\/uploads\/2013\/09\/RBPREV-PORTARIA-N\u00ba-065-DE-14-DE-DEZEMBRO-DE-2020.pdf\" target=\"_blank\">RBPREV &#8211; PORTARIA N\u00ba 65, DE 14 DE DEZEMBRO DE 2020<\/a><\/strong><\/p>\n<p style=\"text-align: justify;\">\u201cInstitui o programa de orienta\u00e7\u00e3o e acompanhamento para aposentadoria, Pouso Suave, do Instituto de Previd\u00eancia do Munic\u00edpio de Rio Branco \u2013 RBPREV\u201d.<\/p>\n<p style=\"text-align: justify;\"><strong><a href=\"https:\/\/cgm.riobranco.ac.gov.br\/portal\/wp-content\/uploads\/2013\/10\/LEI-COMPLEMENTAR-N%C2%BA-095-DE-02.10.2020-Altera-a-Lei-n%C2%B0-1.965-2013-Plano-de-Amortiza%C3%A7%C3%A3o-do-D%C3%A9ficit-T%C3%A9cnico-Atuarial-do-RPPS.pdf\" target=\"_blank\">LEI COMPLEMENTAR N\u00ba 95 DE 02 DE OUTUBRO DE 2020<\/a><\/strong><\/p>\n<p style=\"text-align: justify;\">\u201cAltera a Lei n\u00b0 1.965, de 26 de mar\u00e7o de 2013, que cria o Plano de Amortiza\u00e7\u00e3o do D\u00e9ficit T\u00e9cnico Atuarial do Regime Pr\u00f3prio de Previd\u00eancia Social dos Servidores P\u00fablicos do Munic\u00edpio de Rio Branco, modificada pelas Leis n\u00b0 2.071, de 17 de julho de 2014, pela Lei 2.199 de 4 de julho de 2016 e pela Lei n\u00b0 2.231, de 4 de maio de 2017.\u201d<\/p>\n<p><strong><a href=\"https:\/\/cgm.riobranco.ac.gov.br\/lai\/wp-content\/uploads\/2013\/09\/DECRETO-N\u00ba-1606-2019-Aprova-o-Regimento-Interno-do-RBPREV.pdf\" target=\"_blank\">DECRETO N\u00ba 1.606 DE 18 DE OUTUBRO DE 2019<\/a><\/strong><\/p>\n<p style=\"text-align: justify;\">&#8220;Fica aprovado o Regimento Interno do Instituto de Previd\u00eancia do Munic\u00edpio de Rio Branco &#8211; RBPREV, na forma do anexo \u00fanico deste Decreto.&#8221;<\/p>\n<p style=\"text-align: justify;\"><strong><a href=\"https:\/\/cgm.riobranco.ac.gov.br\/lai\/wp-content\/uploads\/2013\/09\/DECRETO-N\u00ba-1548-2019-Disp\u00f5e-sobre-a-Estrutura-composi\u00e7\u00e3o-e-funcionamento-do-Comit\u00ea-de-Investimentos-RBPREV.docx\">DECRETO N\u00ba 1.548 DE 30 DE SETEMBRO DE 2019<\/a><\/strong><\/p>\n<p style=\"text-align: justify;\">\u201cDisp\u00f5e sobre a estrutura, composi\u00e7\u00e3o e funcionamento do Comit\u00ea de Investimentos do Instituto de Previd\u00eancia do Munic\u00edpio de Rio Branco \u2013 RBPREV, e revoga o Decreto n\u00ba. 1.241, de 10 de abril de 2013.\u201d<\/p>\n<p style=\"text-align: justify;\"><strong><a href=\"https:\/\/cgm.riobranco.ac.gov.br\/lai\/wp-content\/uploads\/2013\/09\/DECRETO-N\u00ba-982-2019-Recadastramento-Previdenci\u00e1rio-dos-Servidores-Ativos-Efetivos-RPPS.doc\">DECRETO N\u00ba 982 DE 09 DE MAIO DE 2019<\/a><\/strong><\/p>\n<p style=\"text-align: justify;\">\u201cEstabelece regras para o Recadastramento Previdenci\u00e1rio dos Servidores Ativos Efetivos da Administra\u00e7\u00e3o Direta, Aut\u00e1rquica e Fundacional, vinculados ao Regime Pr\u00f3prio de Previd\u00eancia Social do Munic\u00edpio de Rio Branco \u2013 RPPS\u201d.<\/p>\n<p style=\"text-align: justify;\"><strong><a href=\"https:\/\/cgm.riobranco.ac.gov.br\/lai\/wp-content\/uploads\/2013\/09\/DECRETO-N\u00ba-455-2018-C\u00f3digo-de-\u00c9tica-dos-servidores-do-RBPREV.pdf\" target=\"_blank\">DECRETO N\u00ba 455 DE 27 DE ABRIL DE 2018<\/a><\/strong><\/p>\n<p style=\"text-align: justify;\">\u201cHomologa o C\u00f3digo de \u00c9tica dos Servidores do Instituto de Previd\u00eancia do Munic\u00edpio de Rio Branco &#8211; Acre. \u201d<\/p>\n<p style=\"text-align: justify;\"><strong><a href=\"https:\/\/cgm.riobranco.ac.gov.br\/lai\/wp-content\/uploads\/2013\/09\/2016-LEI-N\u00ba-2.199-de-04-de-Julho-de-2016-Altera-o-Anexo-\u00danico-da-Lei-n\u00ba-1.965-2013-modificada-pela-Lei-n\u00ba-2.071-2014-RBPREV.pdf\" target=\"_blank\">LEI N\u00ba 2.199 DE 04 DE JULHO DE 2016<\/a><\/strong><\/p>\n<p style=\"text-align: justify;\">\u201cAltera o Anexo \u00danico da Lei n\u00ba 1.965 de 26 de Mar\u00e7o de 2013, modificada pela Lei 2.071, de 17 de julho de 2014.&#8221;<\/p>\n<p style=\"text-align: justify;\"><strong><a href=\"https:\/\/cgm.riobranco.ac.gov.br\/lai\/wp-content\/uploads\/2013\/09\/RBPREV-PORTARIA-N\u00ba-172-2016-MANUAL-DE-PROCESSOS-ADMINISTRATIVOS-PREVIDENCIARIOS.pdf\" target=\"_blank\">RBPREV &#8211; PORTARIA N\u00ba 172\/2016<\/a><\/strong><\/p>\n<p style=\"text-align: justify;\">&#8220;Institui o Manual dos Processos Administrativos Previdenci\u00e1rios do Instituto de Previd\u00eancia do Munic\u00edpio de Rio Branco.&#8221;<\/p>\n<p style=\"text-align: justify;\"><strong><a href=\"https:\/\/cgm.riobranco.ac.gov.br\/lai\/wp-content\/uploads\/2013\/09\/2014-LEI-N\u00ba-2.071-DE-17-DE-JULHO-DE-2014-Altera-a-Lei-n\u00ba-1.965-de-26-de-mar\u00e7o-de-2013-RBPREV.pdf\" target=\"_blank\">LEI N\u00ba 2.071 DE 17 DE JULHO DE 2014<\/a><\/strong><\/p>\n<p style=\"text-align: justify;\">\u201cAltera a Lei n\u00ba 1.965, de 26 de mar\u00e7o de 2013, que cria o Plano de Amortiza\u00e7\u00e3o do D\u00e9ficit T\u00e9cnico Atuarial do Regime Pr\u00f3prio de Previd\u00eancia Social dos Servidores P\u00fablicos do Munic\u00edpio de Rio Branco.\u201d<\/p>\n<p style=\"text-align: justify;\"><strong><a href=\"https:\/\/cgm.riobranco.ac.gov.br\/lai\/wp-content\/uploads\/2013\/09\/Decreto-N\u00ba-1356-de-08.05.2013-CENSO-PREVIDENCI\u00c1RIO.pdf\" target=\"_blank\">DECRETO N\u00ba 1.356 DE 08 DE MAIO DE 2013<\/a><\/strong><\/p>\n<p style=\"text-align: justify;\">\u201cDisp\u00f5e sobre as regras e procedimentos a serem adotadas para a realiza\u00e7\u00e3o do Censo Previdenci\u00e1rio dos servidores ativos vinculados ao Regime Pr\u00f3prio de Previd\u00eancia Social do Munic\u00edpio de Rio Branco \u2013 RPPS.\u201d<\/p>\n<p><strong><a href=\"https:\/\/cgm.riobranco.ac.gov.br\/lai\/wp-content\/uploads\/2013\/09\/2013-DECRETO-N\u00ba-1241-2013-Cria-o-Comite-de-Investimento-do-RBPREV.pdf\" target=\"_blank\">DECRETO N\u00ba 1.241 DE 10 DE ABRIL DE 2013<\/a><\/strong><\/p>\n<p>&#8220;Fica criado o Comit\u00ea de Investimentos do Instituto de Previd\u00eancia do Munic\u00edpio de Rio Branco \u2013 RBPREV, \u00f3rg\u00e3o colegiado de car\u00e1ter consultivo e propositivo, cujas recomenda\u00e7\u00f5es ser\u00e3o por maioria simples.&#8221;<\/p>\n<p><strong><a href=\"https:\/\/cgm.riobranco.ac.gov.br\/lai\/wp-content\/uploads\/2013\/09\/LEI-N\u00ba-1.965-DE-26.03.2013-Plano-de-Amortiza\u00e7\u00e3o-do-D\u00e9ficit-RBPREV.pdf\" target=\"_blank\">LEI N\u00ba 1.965 DE 26 DE MAR\u00c7O DE 2013<\/a>\u00a0<\/strong><span style=\"color: #ff0000;\">(Alterada pela\u00a0Lei Complementar n\u00ba 203 de 27 de dezembro de 2022, modificada pelas\u00a0 Leis n\u00b0 2.071, de 17 de julho de 2014, pela Lei 2.199 de 04 de julho de 2016, pela Lei n\u00b0 2.231, de 4 de maio de 2017 e pela Lei Complementar de n\u00b0 95 de 02 de outubro de 2020)<\/span><\/p>\n<p>\u201cCria o Plano de Amortiza\u00e7\u00e3o do D\u00e9ficit T\u00e9cnico Atuarial do Regime Pr\u00f3prio de Previd\u00eancia Social dos Servidores P\u00fablicos do Munic\u00edpio de Rio Branco, na forma de contribui\u00e7\u00e3o suplementar do ente municipal.\u201d<\/p>\n<p><strong><a href=\"https:\/\/cgm.riobranco.ac.gov.br\/lai\/wp-content\/uploads\/2013\/09\/2011-LEI-N\u00ba-1.836-de-01.04.2011-Parcelamento-de-Valores-n\u00e3o-repassado-ao-RPPS-RBPREV.pdf\" target=\"_blank\">LEI N\u00b0 1.836 DE 01 DE ABRIL DE 2011<\/a><\/strong><\/p>\n<p>\u201cAutoriza o Poder Executivo a firmar parcelamento de d\u00e9bitos oriundos de aportes financeiros devidos e n\u00e3o repassados ao Regime Pr\u00f3prio da Previd\u00eancia Social \u2013 RPPS \u2013 a ser regularizado junto ao RBPREV.\u201d<\/p>\n<p><strong><a href=\"https:\/\/cgm.riobranco.ac.gov.br\/lai\/wp-content\/uploads\/2013\/09\/2006-LEI-N\u00ba-1.598-de-06.09.2006-Altera-a-Lei-N\u00ba-1.473-contribui\u00e7\u00e3o-de-11%-Aposentadorias-e-Pens\u00f5es.pdf\" target=\"_blank\">LEI N\u00ba 1.598 DE 06 DE SETEMBRO DE 2006<\/a><\/strong><\/p>\n<p>\u201cAltera a Lei Municipal n\u00b0 1.473 de 04 de julho de 2002 para estabelecer a contribui\u00e7\u00e3o de onze por cento do Munic\u00edpio de Rio Branco para o custeio das aposentadorias e pens\u00f5es de servidores estatut\u00e1rios e d\u00e1 outras provid\u00eancias.\u201d<\/p>\n<p><strong><a href=\"https:\/\/cgm.riobranco.ac.gov.br\/lai\/wp-content\/uploads\/2013\/09\/2006-LEI-N\u00ba-1.597-de-28.06.2006-Extingue-o-Regime-Pr\u00f3prio-de-Previd\u00eancia-dos-Servidores-P\u00fablicos-do-Munic\u00edpio.pdf\" target=\"_blank\">LEI N\u00ba 1.597 DE 28 DE JUNHO DE 2006<\/a><\/strong><\/p>\n<p>\u201cExtingue o Regime Pr\u00f3prio de Previd\u00eancia dos Servidores P\u00fablicos do Munic\u00edpio de Rio Branco, previsto na Lei Municipal n\u00ba 127, de 03 de setembro de 1971, alterada pelas Leis Municipais n\u00ba 488, de 29 de junho de 1984 e n\u00b0 509, de 20 de novembro de 1984, cria a al\u00edquota de contribui\u00e7\u00e3o para os servidores inativos e pensionistas e d\u00e1 outras provid\u00eancias.\u201d<\/p>\n<p><strong><a href=\"https:\/\/cgm.riobranco.ac.gov.br\/lai\/wp-content\/uploads\/2013\/09\/2001-LEI-N\u00ba-1.473-de-04.07.2001-Contribui\u00e7\u00e3o-para-custeio-da-Previd\u00eancia-Social-dos-Servidores-P\u00fablicos.pdf\" target=\"_blank\">LEI N\u00ba 1.473 DE 04 DE JULHO DE 2001<\/a>\u00a0<\/strong><span style=\"color: #ff0000;\">(Alterada pela\u00a0LEI N\u00ba 1.598 DE 06 DE SETEMBRO DE 2006)<\/span><\/p>\n<p>&#8220;Disp\u00f5e sobre a contribui\u00e7\u00e3o para o custeio da previd\u00eancia social dos servidores p\u00fablicos regidos pela Lei n\u00ba 127 de 03 de setembro de 1971, e d\u00e1 outras previd\u00eancias.&#8221;<\/p>\n","protected":false},"excerpt":{"rendered":"<p>Endere\u00e7o:\u00a0Travessa Campo do Rio Branco, 412, Capoeira, Rio Branco\/AC \u2013 CEP 69.905-022 E-mail:\u00a0rbprev@riobranco.ac.gov.br Telefone: (68) 3222-8493 Hor\u00e1rio de funcionamento:\u00a007:00 \u00e0s 14:00 (DECRETO N\u00ba 2.010 DE 20 DE DEZEMBRO DE 2023) DIRETOR-PRESIDENTE DO INSTITUTO PREVIDENCI\u00c1RIO\u00a0DO MUNIC\u00cdPIO DE RIO BRANCO &#8211; DIPRE OSVALDO RODRIGUES SANTIAGO\u00a0 E-mail:\u00a0osvaldo.santiago@riobranco.ac.gov.br Osvaldo Rodrigues Santiago tem 53 anos e nasceu em Cruzeiro do [&hellip;]<\/p>\n","protected":false},"author":2,"featured_media":0,"parent":12,"menu_order":26,"comment_status":"open","ping_status":"open","template":"","meta":{"footnotes":""},"class_list":["post-134","page","type-page","status-publish","hentry"],"_links":{"self":[{"href":"https:\/\/cgm.riobranco.ac.gov.br\/lai\/wp-json\/wp\/v2\/pages\/134","targetHints":{"allow":["GET"]}}],"collection":[{"href":"https:\/\/cgm.riobranco.ac.gov.br\/lai\/wp-json\/wp\/v2\/pages"}],"about":[{"href":"https:\/\/cgm.riobranco.ac.gov.br\/lai\/wp-json\/wp\/v2\/types\/page"}],"author":[{"embeddable":true,"href":"https:\/\/cgm.riobranco.ac.gov.br\/lai\/wp-json\/wp\/v2\/users\/2"}],"replies":[{"embeddable":true,"href":"https:\/\/cgm.riobranco.ac.gov.br\/lai\/wp-json\/wp\/v2\/comments?post=134"}],"version-history":[{"count":80,"href":"https:\/\/cgm.riobranco.ac.gov.br\/lai\/wp-json\/wp\/v2\/pages\/134\/revisions"}],"predecessor-version":[{"id":5620,"href":"https:\/\/cgm.riobranco.ac.gov.br\/lai\/wp-json\/wp\/v2\/pages\/134\/revisions\/5620"}],"up":[{"embeddable":true,"href":"https:\/\/cgm.riobranco.ac.gov.br\/lai\/wp-json\/wp\/v2\/pages\/12"}],"wp:attachment":[{"href":"https:\/\/cgm.riobranco.ac.gov.br\/lai\/wp-json\/wp\/v2\/media?parent=134"}],"curies":[{"name":"wp","href":"https:\/\/api.w.org\/{rel}","templated":true}]}}