{"id":140,"date":"2013-09-20T20:45:52","date_gmt":"2013-09-20T20:45:52","guid":{"rendered":"http:\/\/portalcgm.riobranco.ac.gov.br\/lai\/creches\/"},"modified":"2016-02-29T20:56:56","modified_gmt":"2016-02-29T20:56:56","slug":"creches","status":"publish","type":"page","link":"https:\/\/cgm.riobranco.ac.gov.br\/lai\/encontre-em-rio-branco\/creches\/","title":{"rendered":"Creches Municipais"},"content":{"rendered":"<hr \/>\n<p>&nbsp;<\/p>\n<p style=\"text-align: center;\"><img loading=\"lazy\" decoding=\"async\" style=\"border: 4px solid #ebebeb;\" src=\"\/lai\/wp-content\/uploads\/images\/ARQUIVOS\/37_Imagens\/Menu_Creches.jpg\" alt=\"\" width=\"500\" height=\"350\" \/><\/p>\n<p><strong>Centro Cultural Novarese<\/strong><\/p>\n<p><strong>Modalidade:<\/strong> Creche Comunit\u00e1ria<\/p>\n<p><strong>Endere\u00e7o:<\/strong> Ramal da Judia, S\/N &#8211; Bairro Cana\u00e3<\/p>\n<p><strong>Hor\u00e1rio de Funcionamento:<\/strong> 8h \u00e0s 18h<\/p>\n<p>&nbsp;<\/p>\n<p><strong>Creche Municipal Francisca Leite Ferreira<br \/>\n<\/strong><\/p>\n<p><strong>Modalidade: <\/strong>Creche<\/p>\n<p><strong>Endere\u00e7o:<\/strong> Rua Nossa Senhora da Concei\u00e7\u00e3o, n\u00ba 538 &#8211; Bairro\u00a0Quinze<\/p>\n<p><strong>Fone:<\/strong> 3224-2977<\/p>\n<p><strong>Hor\u00e1rio de Funcionamento:<\/strong> Integral\/ 7h \u00e0s 17h<\/p>\n<p>&nbsp;<\/p>\n<p><strong>Creche Municipal Francisca da Silva Maia<br \/>\n<\/strong><\/p>\n<p><strong><strong>Modalidade: <\/strong><\/strong>Creche<\/p>\n<p><strong>Endere\u00e7o:<\/strong> Rua V\u00eanus, n\u00b0451 &#8211; Bairro Morada do Sol<\/p>\n<p><strong>Fone:<\/strong> 3223-6489<\/p>\n<p><strong>Hor\u00e1rio de Funcionamento:<\/strong> Integral\/\u00a07h \u00e0s 17h<\/p>\n<p>&nbsp;<\/p>\n<p><strong>Creche Municipal Gumercindo Bessa<br \/>\n<\/strong><\/p>\n<p><strong><strong>Modalidade: <\/strong><\/strong>Creche<\/p>\n<p><strong>Endere\u00e7o:<\/strong>\u00a0Avenida M. Jos\u00e9 de Oliveira, n\u00ba 375 &#8211; Conjunto Universit\u00e1rio III &#8211; Bairro Distrito Industrial<\/p>\n<p><strong>Fone:<\/strong> 3229-2441<\/p>\n<p><strong>Hor\u00e1rio de Funcionamento:<\/strong> Integral\/\u00a07h \u00e0s 17h<\/p>\n<p>&nbsp;<\/p>\n<p><strong>Creche Municipal Hilda Braga<br \/>\n<\/strong><\/p>\n<p><strong><strong>Modalidade: <\/strong><\/strong>Creche<\/p>\n<p><strong>Endere\u00e7o:<\/strong> Rua 13 Quadra E, Conjunto Valdemar Maciel &#8211; Bairro Novo Calafate<\/p>\n<p><strong>Fone:<\/strong> 3225-0153<\/p>\n<p><strong>Hor\u00e1rio de Funcionamento:<\/strong> Integral\/\u00a07h \u00e0s 17h<\/p>\n<p>&nbsp;<\/p>\n<p style=\"text-align: center;\"><img loading=\"lazy\" decoding=\"async\" style=\"border: 4px solid #ebebeb;\" src=\"\/lai\/wp-content\/uploads\/images\/ARQUIVOS\/37_Imagens\/Creche_Areal_4.jpg\" alt=\"\" width=\"500\" height=\"350\" \/><\/p>\n<p><strong>Creche Municipal Jairo J\u00fanior<br \/>\n<\/strong><\/p>\n<p><strong><strong>Modalidade: <\/strong><\/strong>Creche<\/p>\n<p><strong>Endere\u00e7o:<\/strong> Rua Luiz Morais &#8211; Quadra 21, Casa 15 &#8211; Bairro Tancredo Neves<\/p>\n<p><strong>Fone:<\/strong> 3228-7691<\/p>\n<p><strong>Hor\u00e1rio de Funcionamento:<\/strong> Integral\/\u00a07h \u00e0s 17h<\/p>\n<p>&nbsp;<\/p>\n<p><strong>Creche Municipal Maria Auxiliadora Rocha Soler<br \/>\n<\/strong><\/p>\n<p><strong><strong>Modalidade: <\/strong><\/strong>Creche<\/p>\n<p><strong>Endere\u00e7o:<\/strong> Rua Flaviano Melo, n\u00ba 175 &#8211; BR 364 Km 9 &#8211; Vila Santa Cec\u00edlia<\/p>\n<p><strong>Fone:<\/strong> 3248-6236<\/p>\n<p><strong>Hor\u00e1rio de Funcionamento:<\/strong> Integral\/\u00a07h \u00e0s 17h<\/p>\n<p>&nbsp;<\/p>\n<p><strong>Creche Municipal Maria Jos\u00e9 Bezerra dos Reis<br \/>\n<\/strong><\/p>\n<p><strong><strong>Modalidade: <\/strong><\/strong>Creche<\/p>\n<p><strong>Endere\u00e7o:<\/strong> Rua Iolanda Lima, n\u00ba 147 &#8211; Bairro Pl\u00e1cido de Castro<\/p>\n<p><strong>Fone:<\/strong> 3225-1005<\/p>\n<p><strong>Hor\u00e1rio de Funcionamento:<\/strong> Integral\/\u00a07h \u00e0s 17h<\/p>\n<p>&nbsp;<\/p>\n<p><strong>Espa\u00e7o Alternativo M\u00e3es Amigas &#8211; AMA<br \/>\n<\/strong><\/p>\n<p><strong><strong>Modalidade: <\/strong><\/strong>Creche Comunit\u00e1ria<strong><br \/>\n<\/strong><\/p>\n<p><strong>Endere\u00e7o:<\/strong> Rua Eldorado, n\u00ba 103 &#8211; Bairro Bahia Velha<\/p>\n<p><strong>Fones:<\/strong> 3225-1934\/3225-7890<\/p>\n<p><strong>Hor\u00e1rio de Funcionamento:<\/strong> Integral\/\u00a07h \u00e0s 17h<\/p>\n<p>&nbsp;<\/p>\n<p><strong>Creche Municipal Irm\u00e3os Mi e Bino<br \/>\n<\/strong><\/p>\n<p><strong><strong>Modalidade: <\/strong><\/strong>Creche<\/p>\n<p><strong>Endere\u00e7o:<\/strong> Rua Banana,\u00a0 s\/n &#8211; Bairro Mocinha Magalh\u00e3es<\/p>\n<p><strong>Fone:<\/strong> 3229-3175<\/p>\n<p><strong>Hor\u00e1rio de Funcionamento:<\/strong> Integral\/\u00a07h \u00e0s 17h<\/p>\n<p>&nbsp;<\/p>\n<p style=\"text-align: center;\"><img loading=\"lazy\" decoding=\"async\" style=\"border: 4px solid #ebebeb;\" src=\"\/lai\/wp-content\/uploads\/images\/ARQUIVOS\/37_Imagens\/Menu_Creches_2.jpg\" alt=\"\" width=\"500\" height=\"350\" \/><\/p>\n<p><strong>Creche Municipal Sagrado Cora\u00e7\u00e3o de Maria<br \/>\n<\/strong><\/p>\n<p><strong><strong>Modalidade: <\/strong><\/strong>Creche<\/p>\n<p><strong>Endere\u00e7o:<\/strong> Rua Floriano Peixoto, n\u00ba 975 &#8211; Bairro Centro<\/p>\n<p><strong>Fones:<\/strong> 3229-3175\/9206-1234<\/p>\n<p><strong>Hor\u00e1rio de Funcionamento:<\/strong> Integral\/\u00a07h \u00e0s 17h<\/p>\n<p>&nbsp;<\/p>\n<p><strong>Creche Municipal Sorriso de Crian\u00e7a<br \/>\n<\/strong><\/p>\n<p><strong><strong>Modalidade: <\/strong><\/strong>Creche<\/p>\n<p><strong>Endere\u00e7o:<\/strong> Rua Osvaldo de Andrade, s\/n &#8211; Bairro\u00a0Palheiral<\/p>\n<p><strong>Fone:<\/strong> 3242-0162<\/p>\n<p><strong>Hor\u00e1rio de Funcionamento:<\/strong> Integral\/\u00a07h \u00e0s 17h<\/p>\n<p>&nbsp;<\/p>\n<p><strong>Creche e Pr\u00e9-escola Maria Estela Marques<\/strong><\/p>\n<p><strong>Modalidade: <\/strong>Creche e Pr\u00e9 Escola<\/p>\n<p><strong>Endere\u00e7o:<\/strong><\/p>\n<p><strong>Fone:<\/strong><\/p>\n<p><strong>Hor\u00e1rio de Funcionamento:<\/strong><\/p>\n","protected":false},"excerpt":{"rendered":"<p>&nbsp; Centro Cultural Novarese Modalidade: Creche Comunit\u00e1ria Endere\u00e7o: Ramal da Judia, S\/N &#8211; Bairro Cana\u00e3 Hor\u00e1rio de Funcionamento: 8h \u00e0s 18h &nbsp; Creche Municipal Francisca Leite Ferreira Modalidade: Creche Endere\u00e7o: Rua Nossa Senhora da Concei\u00e7\u00e3o, n\u00ba 538 &#8211; Bairro\u00a0Quinze Fone: 3224-2977 Hor\u00e1rio de Funcionamento: Integral\/ 7h \u00e0s 17h &nbsp; Creche Municipal Francisca da Silva Maia [&hellip;]<\/p>\n","protected":false},"author":2,"featured_media":0,"parent":18,"menu_order":26,"comment_status":"open","ping_status":"open","template":"","meta":{"footnotes":""},"class_list":["post-140","page","type-page","status-publish","hentry"],"_links":{"self":[{"href":"https:\/\/cgm.riobranco.ac.gov.br\/lai\/wp-json\/wp\/v2\/pages\/140","targetHints":{"allow":["GET"]}}],"collection":[{"href":"https:\/\/cgm.riobranco.ac.gov.br\/lai\/wp-json\/wp\/v2\/pages"}],"about":[{"href":"https:\/\/cgm.riobranco.ac.gov.br\/lai\/wp-json\/wp\/v2\/types\/page"}],"author":[{"embeddable":true,"href":"https:\/\/cgm.riobranco.ac.gov.br\/lai\/wp-json\/wp\/v2\/users\/2"}],"replies":[{"embeddable":true,"href":"https:\/\/cgm.riobranco.ac.gov.br\/lai\/wp-json\/wp\/v2\/comments?post=140"}],"version-history":[{"count":11,"href":"https:\/\/cgm.riobranco.ac.gov.br\/lai\/wp-json\/wp\/v2\/pages\/140\/revisions"}],"predecessor-version":[{"id":1305,"href":"https:\/\/cgm.riobranco.ac.gov.br\/lai\/wp-json\/wp\/v2\/pages\/140\/revisions\/1305"}],"up":[{"embeddable":true,"href":"https:\/\/cgm.riobranco.ac.gov.br\/lai\/wp-json\/wp\/v2\/pages\/18"}],"wp:attachment":[{"href":"https:\/\/cgm.riobranco.ac.gov.br\/lai\/wp-json\/wp\/v2\/media?parent=140"}],"curies":[{"name":"wp","href":"https:\/\/api.w.org\/{rel}","templated":true}]}}