{"id":142,"date":"2013-09-22T14:47:44","date_gmt":"2013-09-22T14:47:44","guid":{"rendered":"http:\/\/portalcgm.riobranco.ac.gov.br\/lai\/educacao-infantil\/"},"modified":"2016-02-29T20:24:02","modified_gmt":"2016-02-29T20:24:02","slug":"educacao-infantil","status":"publish","type":"page","link":"https:\/\/cgm.riobranco.ac.gov.br\/lai\/encontre-em-rio-branco\/educacao-infantil\/","title":{"rendered":"Escolas de Educa\u00e7\u00e3o Infantil"},"content":{"rendered":"<hr \/>\n<p>&nbsp;<\/p>\n<p><strong>Escola Municipal de Educa\u00e7\u00e3o Infantil Afonso Pinto de Medeiros<\/strong><\/p>\n<p><strong>Modalidade:<\/strong> Educa\u00e7\u00e3o Infantil<\/p>\n<p><strong>Endere\u00e7o:<\/strong> Rua Adalcides da Silva Gallo, n\u00ba 118 \u2013 Bairro Pl\u00e1cido de Castro<\/p>\n<p><strong>Fones:<\/strong> 3225-1685\/3225-5705<\/p>\n<p><strong>Hor\u00e1rio de Funcionamento (Dias \u00dateis):<\/strong> Parcial\/ 7h \u00e0s 17h<\/p>\n<p>&nbsp;<\/p>\n<p><strong>Escola Municipal de Educa\u00e7\u00e3o Infantil Dr\u00aa Ana Turan Machado Falc\u00e3o<\/strong><\/p>\n<p><strong><strong>Modalidade:<\/strong> <\/strong>Educa\u00e7\u00e3o Infantil<\/p>\n<p><strong>Endere\u00e7o:<\/strong> Rua Nossa Senhora da Concei\u00e7\u00e3o \u2013 \u00a0n\u00ba 464- Bairro\u00a0Quinze<\/p>\n<p><strong>Fone:<\/strong> 3244-2594<\/p>\n<p><strong>Hor\u00e1rio de Funcionamento (Dias \u00dateis):<\/strong> Parcial\/\u00a07h \u00e0s 17h<\/p>\n<p>&nbsp;<\/p>\n<p><strong>Escola Municipal de Educa\u00e7\u00e3o Infantil Angelina Gon\u00e7alves de Souza<\/strong><\/p>\n<p><strong><strong>Modalidade:<\/strong> <\/strong>Educa\u00e7\u00e3o Infantil<\/p>\n<p><strong>Endere\u00e7o:<\/strong> Rua 12 de Outubro\u00a0\u2013 n\u00ba 307\u00a0\u2013 Conjunto Esperan\u00e7a<\/p>\n<p><strong>Fone:<\/strong> 3226-1308<\/p>\n<p><strong>Hor\u00e1rio de Funcionamento (Dias \u00dateis):<\/strong> Parcial\/\u00a07h \u00e0s 17h<\/p>\n<p>&nbsp;<\/p>\n<p><strong>Escola Municipal de Educa\u00e7\u00e3o Infantil Professor Carmelita Barbosa Montenegro<\/strong><\/p>\n<p><strong><strong>Modalidade:<\/strong> <\/strong>Educa\u00e7\u00e3o Infantil<\/p>\n<p><strong>Endere\u00e7o:<\/strong> Trav. Seringueira, n\u00ba 271 \u2013 Vila Acre<\/p>\n<p><strong>Fone:<\/strong> 3221-6588<\/p>\n<p><strong>Hor\u00e1rio de Funcionamento (Dias \u00dateis):<\/strong> Parcial\/\u00a07h \u00e0s 17h<\/p>\n<p>&nbsp;<\/p>\n<p><strong>Escola Municipal de Educa\u00e7\u00e3o Infantil Cec\u00edlia Meireles<\/strong><\/p>\n<p><strong><strong>Modalidade:<\/strong> <\/strong>Educa\u00e7\u00e3o Infantil<\/p>\n<p><strong>Endere\u00e7o:<\/strong> Rua Ema, n\u00ba 12 \u2013 Bairro Nova Esperan\u00e7a<\/p>\n<p><strong>Fone:<\/strong> 3226-4093<\/p>\n<p><strong>Hor\u00e1rio de Funcionamento (Dias \u00dateis):<\/strong> Parcial\/\u00a07h \u00e0s 17h<\/p>\n<p>&nbsp;<\/p>\n<p><strong>Escola Municipal de Educa\u00e7\u00e3o Infantil Djanira Bezerra dos Reis<\/strong><\/p>\n<p><strong><strong>Modalidade:<\/strong> <\/strong>Educa\u00e7\u00e3o Infantil<\/p>\n<p><strong>Endere\u00e7o:<\/strong> Rua Loteamento do Amap\u00e1, S\/N \u2013 Bairro Taquari<\/p>\n<p><strong>Fone:<\/strong> 3221-6866<\/p>\n<p><strong>Hor\u00e1rio de Funcionamento (Dias \u00dateis):<\/strong> Parcial\/\u00a07h \u00e0s 17h<\/p>\n<p>&nbsp;<\/p>\n<p><strong>Escola Municipal de Educa\u00e7\u00e3o Infantil Dom Giocondo Maria Grotti<\/strong><\/p>\n<p><strong><strong>Modalidade:<\/strong> <\/strong>Educa\u00e7\u00e3o Infantil<\/p>\n<p><strong>Endere\u00e7o: <\/strong>Rua Servo Ribeiro, n\u00ba 24-\u00a0Conjunto Guiomard Santos I<\/p>\n<p><strong>Fone:<\/strong> 3223-5927<\/p>\n<p><strong>Hor\u00e1rio de Funcionamento (Dias \u00dateis):<\/strong> Parcial\/\u00a07h \u00e0s 17h<\/p>\n<p>&nbsp;<\/p>\n<p><strong>Escola Municipal de Educa\u00e7\u00e3o Infantil Professora Eufrosina Silva Oliveira<\/strong><\/p>\n<p><strong><strong>Modalidade:<\/strong> <\/strong>Educa\u00e7\u00e3o Infantil<\/p>\n<p><strong>Endere\u00e7o:<\/strong> Rua 7 de Setembro, n\u00ba 235 \u2013 Bairro Alto Alegre<\/p>\n<p><strong>Fones:<\/strong> 3228-4615\/3228-9633<\/p>\n<p><strong>Hor\u00e1rio de Funcionamento (Dias \u00dateis):<\/strong> Parcial\/\u00a07h \u00e0s 17h<\/p>\n<p>&nbsp;<\/p>\n<p><strong>Escola Municipal de Educa\u00e7\u00e3o Infantil Francisca Arag\u00e3o Silva<\/strong><\/p>\n<p><strong><strong>Modalidade:<\/strong> <\/strong>Educa\u00e7\u00e3o Infantil<\/p>\n<p><strong>Endere\u00e7o:<\/strong> Rua da Conquista, n\u00ba 217 \u2013 Bairro Geraldo Fleming<\/p>\n<p><strong>Fone:<\/strong> 3227-7744<\/p>\n<p><strong>Hor\u00e1rio de Funcionamento (Dias \u00dateis):<\/strong> Parcial\/\u00a07h \u00e0s 17h<\/p>\n<p>&nbsp;<\/p>\n<p><strong>Escola Municipal de Educa\u00e7\u00e3o Infantil Jess\u00e9 Santiago<\/strong><\/p>\n<p><strong><strong>Modalidade:<\/strong> <\/strong>Educa\u00e7\u00e3o Infantil<\/p>\n<p><strong>Endere\u00e7o:<\/strong> Rua Xangai \u2013 Conjunto Jorge Lavocat \u2013 Q 66 \u2013 Lot 1<\/p>\n<p><strong>Fone:<\/strong> 3228-6659<\/p>\n<p><strong>Hor\u00e1rio de Funcionamento (Dias \u00dateis):<\/strong> Parcial\/\u00a07h \u00e0s 17h<\/p>\n<p>&nbsp;<\/p>\n<p><strong>Escola Municipal de Educa\u00e7\u00e3o Infantil Luiza Carneiro Dantas<\/strong><\/p>\n<p><strong><strong>Modalidade:<\/strong> <\/strong>Educa\u00e7\u00e3o Infantil<\/p>\n<p><strong>Endere\u00e7o:<\/strong> Rua S\u00e3o Francisco, n\u00ba 1201 \u2013 Bairro S\u00e3o Francisco<\/p>\n<p><strong>Fone:<\/strong> 3223-5324<\/p>\n<p><strong>Hor\u00e1rio de Funcionamento (Dias \u00dateis):<\/strong> Parcial\/\u00a07h \u00e0s 17h<\/p>\n<p>&nbsp;<\/p>\n<p><strong>Escola Municipal de Educa\u00e7\u00e3o Infantil Maria Ade\u00edza Rodrigues Pereira<\/strong><\/p>\n<p><strong><strong>Modalidade:<\/strong> <\/strong>Educa\u00e7\u00e3o Infantil<\/p>\n<p><strong>Endere\u00e7o:<\/strong> Rua Ti\u00e3o Natureza, S\/N \u2013 Bairro Palheral<\/p>\n<p><strong>Fone:<\/strong> 3225-0009<\/p>\n<p><strong>Hor\u00e1rio de Funcionamento (Dias \u00dateis):<\/strong> Parcial\/ 8h \u00e0s 18h<\/p>\n<p>&nbsp;<\/p>\n<p><strong>Escola Municipal de Educa\u00e7\u00e3o Infantil Monteiro Lobato<\/strong><\/p>\n<p><strong><strong>Modalidade:<\/strong> <\/strong>Educa\u00e7\u00e3o Infantil<\/p>\n<p><strong>Endere\u00e7o:<\/strong>\u00a0Rua Alfredo Zaire, Conjunto Bela Vista, n\u00ba 102 \u2013 Q 20 \u2013 Bairro Floresta<\/p>\n<p><strong>Fone:<\/strong> 3227-8885<\/p>\n<p><strong>Hor\u00e1rio de Funcionamento (Dias \u00dateis):<\/strong> Parcial\/\u00a07h \u00e0s 17h<\/p>\n<p>&nbsp;<\/p>\n<p><strong>Escola Municipal de Educa\u00e7\u00e3o Infantil Maria Izaliz Correia Teixeira<\/strong><\/p>\n<p><strong><strong>Modalidade:<\/strong> <\/strong>Educa\u00e7\u00e3o Infantil<\/p>\n<p><strong>Endere\u00e7o:<\/strong>\u00a0Travessa Pelegrino,Loteamento Recanto dos Buritis \u2013 Bairro Santa In\u00eas<\/p>\n<p><strong>Fone:<\/strong> N\u00e3o Consta<\/p>\n<p><strong>Hor\u00e1rio de Funcionamento (Dias \u00dateis):<\/strong> Parcial\/\u00a07h \u00e0s 17h<\/p>\n<p>&nbsp;<\/p>\n","protected":false},"excerpt":{"rendered":"<p>&nbsp; Escola Municipal de Educa\u00e7\u00e3o Infantil Afonso Pinto de Medeiros Modalidade: Educa\u00e7\u00e3o Infantil Endere\u00e7o: Rua Adalcides da Silva Gallo, n\u00ba 118 \u2013 Bairro Pl\u00e1cido de Castro Fones: 3225-1685\/3225-5705 Hor\u00e1rio de Funcionamento (Dias \u00dateis): Parcial\/ 7h \u00e0s 17h &nbsp; Escola Municipal de Educa\u00e7\u00e3o Infantil Dr\u00aa Ana Turan Machado Falc\u00e3o Modalidade: Educa\u00e7\u00e3o Infantil Endere\u00e7o: Rua Nossa Senhora [&hellip;]<\/p>\n","protected":false},"author":2,"featured_media":0,"parent":18,"menu_order":30,"comment_status":"open","ping_status":"open","template":"","meta":{"footnotes":""},"class_list":["post-142","page","type-page","status-publish","hentry"],"_links":{"self":[{"href":"https:\/\/cgm.riobranco.ac.gov.br\/lai\/wp-json\/wp\/v2\/pages\/142","targetHints":{"allow":["GET"]}}],"collection":[{"href":"https:\/\/cgm.riobranco.ac.gov.br\/lai\/wp-json\/wp\/v2\/pages"}],"about":[{"href":"https:\/\/cgm.riobranco.ac.gov.br\/lai\/wp-json\/wp\/v2\/types\/page"}],"author":[{"embeddable":true,"href":"https:\/\/cgm.riobranco.ac.gov.br\/lai\/wp-json\/wp\/v2\/users\/2"}],"replies":[{"embeddable":true,"href":"https:\/\/cgm.riobranco.ac.gov.br\/lai\/wp-json\/wp\/v2\/comments?post=142"}],"version-history":[{"count":11,"href":"https:\/\/cgm.riobranco.ac.gov.br\/lai\/wp-json\/wp\/v2\/pages\/142\/revisions"}],"predecessor-version":[{"id":1299,"href":"https:\/\/cgm.riobranco.ac.gov.br\/lai\/wp-json\/wp\/v2\/pages\/142\/revisions\/1299"}],"up":[{"embeddable":true,"href":"https:\/\/cgm.riobranco.ac.gov.br\/lai\/wp-json\/wp\/v2\/pages\/18"}],"wp:attachment":[{"href":"https:\/\/cgm.riobranco.ac.gov.br\/lai\/wp-json\/wp\/v2\/media?parent=142"}],"curies":[{"name":"wp","href":"https:\/\/api.w.org\/{rel}","templated":true}]}}