{"id":143,"date":"2013-09-22T14:54:20","date_gmt":"2013-09-22T14:54:20","guid":{"rendered":"http:\/\/portalcgm.riobranco.ac.gov.br\/lai\/escolas-municipalizadas\/"},"modified":"2016-03-08T20:54:39","modified_gmt":"2016-03-08T20:54:39","slug":"escolas-municipalizadas","status":"publish","type":"page","link":"https:\/\/cgm.riobranco.ac.gov.br\/lai\/encontre-em-rio-branco\/escolas-municipalizadas\/","title":{"rendered":"Escolas Municipalizadas"},"content":{"rendered":"<hr \/>\n<p>&nbsp;<\/p>\n<p>&nbsp;<\/p>\n<p><strong>Escola Municipal de Educa\u00e7\u00e3o Infantil Alexandre dos Santos Leit\u00e3o<\/strong><\/p>\n<p><strong>Modalidade:<\/strong> Educa\u00e7\u00e3o Infantil<\/p>\n<p><strong>Endere\u00e7o:<\/strong> Av. Epaminondas J\u00e1come, n\u00ba 3037 \u2013 Bairro Centro<\/p>\n<p><strong>Fone:<\/strong> 3223-7516<\/p>\n<p><strong>Hor\u00e1rio de Funcionamento (Dias \u00dateis):<\/strong> Parcial\/\u00a07h \u00e0s 17h<\/p>\n<p>&nbsp;<\/p>\n<p><strong>Espa\u00e7o Alternativo Alexandre dos Santos Leit\u00e3o<\/strong><\/p>\n<p><strong>Modalidade: <\/strong>Educa\u00e7\u00e3o Infantil<\/p>\n<p><strong>Endere\u00e7o:<\/strong> Rua 16 de Outubro, n\u00ba 165 \u2013 Bairro Quinze<\/p>\n<p><strong>Fone:<\/strong> N\u00e3o Consta<\/p>\n<p><strong>Hor\u00e1rio de Funcionamento (Dias \u00dateis):<\/strong> Parcial\/\u00a07h \u00e0s 17h<\/p>\n<p>&nbsp;<\/p>\n<p><strong>Escola Municipal de Ensino Fundamental Benfica<\/strong><\/p>\n<p><strong>Modalidade: <\/strong>1\u00ba ao 5\u00ba ano<\/p>\n<p><strong>Endere\u00e7o:<\/strong> Rodovia AC 40, Km 08, Bairro Vila Acre<\/p>\n<p><strong>Fone:<\/strong> 3221-2797<\/p>\n<p><strong>Hor\u00e1rio de Funcionamento (Dias \u00dateis):<\/strong> Parcial\/ 7h \u00e0s 22h<\/p>\n<p>&nbsp;<\/p>\n<p><strong>Escola Municipal de Educa\u00e7\u00e3o Infantil Bem-te-vi<\/strong><\/p>\n<p><strong>Modalidade: <\/strong>Educa\u00e7\u00e3o Infantil<\/p>\n<p><strong>Endere\u00e7o:<\/strong>\u00a0, Rua Euclides da Cunha, n\u00ba245, Conjunto Esperan\u00e7a \u2013 Bairro Floresta<\/p>\n<p><strong>Fone:<\/strong> 3226-5123<\/p>\n<p><strong>Hor\u00e1rio de Funcionamento (Dias \u00dateis):<\/strong> Parcial\/\u00a07h \u00e0s 17h<\/p>\n<p>&nbsp;<\/p>\n<p><strong>Escola Municipal de Educa\u00e7\u00e3o Infantil Anita dos Santos Jangles<\/strong><\/p>\n<p><strong>Modalidade:\u00a0<\/strong>Educa\u00e7\u00e3o Infantil<\/p>\n<p><strong>Endere\u00e7o:<\/strong> Rua Princesinha, n\u00ba 401\u00a0\u2013 Bairro Belo Jardim I<\/p>\n<p><strong>Fones:<\/strong>\u00a03221-1877<\/p>\n<p><strong>Hor\u00e1rio de Funcionamento (Dias \u00dateis):<\/strong> Parcial\/\u00a07h \u00e0s 17h<\/p>\n<p>&nbsp;<\/p>\n<p><strong>Escola Municipal de Educa\u00e7\u00e3o Infantil Chrizarubina Leit\u00e3o Abrah\u00e3o<\/strong><\/p>\n<p><strong>Modalidade: <\/strong>Educa\u00e7\u00e3o Infantil<\/p>\n<p><strong>Endere\u00e7o:<\/strong> Rua Tenente Adherbal Brasil, n\u00ba 289 \u2013 Conjunto Manoel Juli\u00e3o<\/p>\n<p><strong>Fone:<\/strong> 3226-2837<\/p>\n<p><strong>Hor\u00e1rio de Funcionamento (Dias \u00dateis):<\/strong> Parcial\/\u00a07h \u00e0s 17h<\/p>\n<p>&nbsp;<\/p>\n<p><strong>Escola Municipal de Educa\u00e7\u00e3o Infantil Frei Pelegrino de Lima<\/strong><\/p>\n<p><strong>Modalidade: <\/strong>Educa\u00e7\u00e3o Infantil<\/p>\n<p><strong>Endere\u00e7o:<\/strong> Rua Acre, n\u00ba 309\u00a0\u2013\u00a0Bairro Aeroporto Velho<\/p>\n<p><strong>Fone:<\/strong> 3225-2101<\/p>\n<p><strong>Hor\u00e1rio de Funcionamento (Dias \u00dateis):<\/strong> Parcial\/\u00a07h \u00e0s 17h<\/p>\n<p>&nbsp;<\/p>\n<p><strong>Escola Municipal de Educa\u00e7\u00e3o Infantil H\u00e9lio Melo<\/strong><\/p>\n<p><strong>Modalidade: <\/strong>Educa\u00e7\u00e3o Infantil<\/p>\n<p><strong>Endere\u00e7o:<\/strong>\u00a0Estrada do Calafate, n\u00ba 4531, km 5 \u2013 Bairro Calafate<\/p>\n<p><strong>Fone:<\/strong> 3224-3745<\/p>\n<p><strong>Hor\u00e1rio de Funcionamento (Dias \u00dateis):<\/strong> Parcial\/\u00a07h \u00e0s 17h<\/p>\n<p>&nbsp;<\/p>\n<p><strong>Escola Municipal de Educa\u00e7\u00e3o Infantil Jorge F\u00e9lix Lavocat<\/strong><\/p>\n<p><strong>Modalidade: <\/strong>Educa\u00e7\u00e3o Infantil<\/p>\n<p><strong>Endere\u00e7o:<\/strong> Rua Ant\u00farios, n\u00ba 753 \u2013 Conjunto Jardim Tropical III<\/p>\n<p><strong>Fone:<\/strong> 3224-5215<\/p>\n<p><strong>Hor\u00e1rio de Funcionamento (Dias \u00dateis):<\/strong> Parcial\/\u00a07h \u00e0s 17h<\/p>\n<p>&nbsp;<\/p>\n<p><strong>Escola Municipal de Ensino Fundamental Luiz de Carvalho Fontenele<\/strong><\/p>\n<p><strong>Modalidade:\u00a0<\/strong>Educa\u00e7\u00e3o Infantil e 1\u00ba ao 5\u00ba ano<\/p>\n<p><strong>Endere\u00e7o:<\/strong>\u00a0Travessa Henrique Dias, n\u00ba 535 \u2013 Bairro Bosque<\/p>\n<p><strong>Fone:<\/strong> 3224-4702<\/p>\n<p><strong>Hor\u00e1rio de Funcionamento (Dias \u00dateis):<\/strong> Parcial\/\u00a07h \u00e0s 17h<\/p>\n<p>&nbsp;<\/p>\n<p><strong>Escola Municipal de Educa\u00e7\u00e3o Infantil Maria Ol\u00edvia de S\u00e1 Mesquita<\/strong><\/p>\n<p><strong>Modalidade: <\/strong>Educa\u00e7\u00e3o Infantil<\/p>\n<p><strong>Endere\u00e7o:<\/strong>\u00a0Avenida Noroeste, n\u00ba 434, Conjunto Tucum\u00e3 \u2013 Bairro Distrito Industrial<\/p>\n<p><strong>Fones:<\/strong> 3229-4009<\/p>\n<p><strong>Hor\u00e1rio de Funcionamento (Dias \u00dateis):<\/strong> Parcial\/\u00a07h \u00e0s 17h<\/p>\n<p>&nbsp;<\/p>\n<p><strong>Escola Municipal de Educa\u00e7\u00e3o Infantil Menino Jesus<\/strong><\/p>\n<p><strong>Modalidade: <\/strong>Educa\u00e7\u00e3o Infantil<\/p>\n<p><strong>Endere\u00e7o:<\/strong>\u00a0Rua Major Ladislau Ferreira, n\u00ba 234 \u2013 Bairro\u00a0Dom Giocondo<\/p>\n<p><strong>Fone:<\/strong> 3224-1143<\/p>\n<p><strong>Hor\u00e1rio de Funcionamento (Dias \u00dateis):<\/strong> Parcial\/\u00a07h \u00e0s 17h<\/p>\n<p>&nbsp;<\/p>\n<p><strong>Escola Municipal de Educa\u00e7\u00e3o Infantil Sheyla Maria Mendes Nasserala<\/strong><\/p>\n<p><strong>Modalidade: <\/strong>Educa\u00e7\u00e3o Infantil<\/p>\n<p><strong>Endere\u00e7o:<\/strong>\u00a0Avenida Edmundo Pinto, n\u00b0 423, Conjunto Tangar\u00e1<\/p>\n<p><strong>Fone:<\/strong> 3227-2761<\/p>\n<p><strong>Hor\u00e1rio de Funcionamento (Dias \u00dateis):<\/strong> Parcial\/\u00a07h \u00e0s 17h<\/p>\n<p>&nbsp;<\/p>\n<p><strong>Escola Municipal de Educa\u00e7\u00e3o Infantil Terezinha Kalume<\/strong><\/p>\n<p><strong>Modalidade: <\/strong>Educa\u00e7\u00e3o Infantil<\/p>\n<p><strong>Endere\u00e7o:\u00a0<\/strong>Rua Amoty Pascoal, n\u00ba 44<strong><span style=\"font-weight: normal;\">\u2013\u00a0Conjunto Ruy Lino<\/span><\/strong><\/p>\n<p><strong>Fone:<\/strong> 3229-1241<\/p>\n<p><strong>Hor\u00e1rio de Funcionamento (Dias \u00dateis):<\/strong> Parcial\/\u00a07h \u00e0s 17h<\/p>\n<p>&nbsp;<\/p>\n<p><strong>Escola Municipal de Educa\u00e7\u00e3o Infantil Valdiva de Castro Santos<\/strong><\/p>\n<p><strong>Modalidade: <\/strong>Educa\u00e7\u00e3o Infantil<\/p>\n<p><strong>Endere\u00e7o:<\/strong>\u00a0Rua Gurmercindo Bessa, Quadra F, n\u00ba 231, Conjunto Universit\u00e1rio III \u2013 Distrito Industrial<\/p>\n<p><strong>Fone:<\/strong> 3229-0432<\/p>\n<p><strong>Hor\u00e1rio de Funcionamento (Dias \u00dateis):<\/strong> Parcial\/\u00a07h \u00e0s 17h<\/p>\n<p>&nbsp;<\/p>\n<p><strong>Escola Municipal de Educa\u00e7\u00e3o Infantil Vov\u00f3 Mocinha<\/strong><\/p>\n<p><strong>Modalidade: <\/strong>Educa\u00e7\u00e3o Infantil<\/p>\n<p><strong>Endere\u00e7o:<\/strong>\u00a0Rua Ayrton Sena, n\u00ba 123, Conjunto Xavier Maia<\/p>\n<p><strong>Fones:<\/strong> 3228-4531<\/p>\n<p><strong>Hor\u00e1rio de Funcionamento (Dias \u00dateis):<\/strong> Parcial\/\u00a07h \u00e0s 17h<\/p>\n","protected":false},"excerpt":{"rendered":"<p>&nbsp; &nbsp; Escola Municipal de Educa\u00e7\u00e3o Infantil Alexandre dos Santos Leit\u00e3o Modalidade: Educa\u00e7\u00e3o Infantil Endere\u00e7o: Av. Epaminondas J\u00e1come, n\u00ba 3037 \u2013 Bairro Centro Fone: 3223-7516 Hor\u00e1rio de Funcionamento (Dias \u00dateis): Parcial\/\u00a07h \u00e0s 17h &nbsp; Espa\u00e7o Alternativo Alexandre dos Santos Leit\u00e3o Modalidade: Educa\u00e7\u00e3o Infantil Endere\u00e7o: Rua 16 de Outubro, n\u00ba 165 \u2013 Bairro Quinze Fone: N\u00e3o [&hellip;]<\/p>\n","protected":false},"author":2,"featured_media":0,"parent":18,"menu_order":33,"comment_status":"open","ping_status":"open","template":"","meta":{"footnotes":""},"class_list":["post-143","page","type-page","status-publish","hentry"],"_links":{"self":[{"href":"https:\/\/cgm.riobranco.ac.gov.br\/lai\/wp-json\/wp\/v2\/pages\/143","targetHints":{"allow":["GET"]}}],"collection":[{"href":"https:\/\/cgm.riobranco.ac.gov.br\/lai\/wp-json\/wp\/v2\/pages"}],"about":[{"href":"https:\/\/cgm.riobranco.ac.gov.br\/lai\/wp-json\/wp\/v2\/types\/page"}],"author":[{"embeddable":true,"href":"https:\/\/cgm.riobranco.ac.gov.br\/lai\/wp-json\/wp\/v2\/users\/2"}],"replies":[{"embeddable":true,"href":"https:\/\/cgm.riobranco.ac.gov.br\/lai\/wp-json\/wp\/v2\/comments?post=143"}],"version-history":[{"count":18,"href":"https:\/\/cgm.riobranco.ac.gov.br\/lai\/wp-json\/wp\/v2\/pages\/143\/revisions"}],"predecessor-version":[{"id":1338,"href":"https:\/\/cgm.riobranco.ac.gov.br\/lai\/wp-json\/wp\/v2\/pages\/143\/revisions\/1338"}],"up":[{"embeddable":true,"href":"https:\/\/cgm.riobranco.ac.gov.br\/lai\/wp-json\/wp\/v2\/pages\/18"}],"wp:attachment":[{"href":"https:\/\/cgm.riobranco.ac.gov.br\/lai\/wp-json\/wp\/v2\/media?parent=143"}],"curies":[{"name":"wp","href":"https:\/\/api.w.org\/{rel}","templated":true}]}}