{"id":145,"date":"2013-09-22T15:07:27","date_gmt":"2013-09-22T15:07:27","guid":{"rendered":"http:\/\/portalcgm.riobranco.ac.gov.br\/lai\/ensino-conveniadas\/"},"modified":"2015-06-11T19:24:58","modified_gmt":"2015-06-11T19:24:58","slug":"ensino-conveniadas","status":"publish","type":"page","link":"https:\/\/cgm.riobranco.ac.gov.br\/lai\/encontre-em-rio-branco\/ensino-conveniadas\/","title":{"rendered":"Inst. de Ensino Conveniadas"},"content":{"rendered":"<hr \/>\n<p><strong>Obras Sociais da Diocese de Rio Branco<br \/>\n<\/strong><\/p>\n<p><strong>Endere\u00e7o:<\/strong> Pra\u00e7a da Catedra, n\u00ba 4 &#8211; Bairro Centro<\/p>\n<p><strong>Fone:<\/strong> 3223-2200<\/p>\n<p><strong>Hor\u00e1rio de Funcionamento(Dias \u00dateis):<\/strong> Parcial\/7h \u00e0s 17h<\/p>\n<p>&nbsp;<\/p>\n<p><strong>Creche Lar da Crian\u00e7a<br \/>\n<\/strong><\/p>\n<p><strong>Endere\u00e7o:<\/strong> Trav. Campo do Rio Branco, n\u00ba 218 &#8211; Bairro Capoeira<\/p>\n<p><strong>Fone:<\/strong> 3224-7641<\/p>\n<p><strong>Hor\u00e1rio de Funcionamento(Dias \u00dateis):<\/strong> Integral\/7h \u00e0s 17h<\/p>\n<p>&nbsp;<\/p>\n<p><strong>Creche Cora\u00e7\u00e3o de Jesus<br \/>\n<\/strong><\/p>\n<p><strong>Endere\u00e7o:<\/strong> Rua do Barro, n\u00ba 399 &#8211; Bairro Airton Senna<\/p>\n<p><strong>Fone:<\/strong><\/p>\n<p><strong>Hor\u00e1rio de Funcionamento(Dias \u00dateis):<\/strong> Integral\/7h \u00e0s 17h<\/p>\n","protected":false},"excerpt":{"rendered":"<p>Obras Sociais da Diocese de Rio Branco Endere\u00e7o: Pra\u00e7a da Catedra, n\u00ba 4 &#8211; Bairro Centro Fone: 3223-2200 Hor\u00e1rio de Funcionamento(Dias \u00dateis): Parcial\/7h \u00e0s 17h &nbsp; Creche Lar da Crian\u00e7a Endere\u00e7o: Trav. Campo do Rio Branco, n\u00ba 218 &#8211; Bairro Capoeira Fone: 3224-7641 Hor\u00e1rio de Funcionamento(Dias \u00dateis): Integral\/7h \u00e0s 17h &nbsp; Creche Cora\u00e7\u00e3o de Jesus [&hellip;]<\/p>\n","protected":false},"author":2,"featured_media":0,"parent":18,"menu_order":45,"comment_status":"open","ping_status":"open","template":"","meta":{"footnotes":""},"class_list":["post-145","page","type-page","status-publish","hentry"],"_links":{"self":[{"href":"https:\/\/cgm.riobranco.ac.gov.br\/lai\/wp-json\/wp\/v2\/pages\/145","targetHints":{"allow":["GET"]}}],"collection":[{"href":"https:\/\/cgm.riobranco.ac.gov.br\/lai\/wp-json\/wp\/v2\/pages"}],"about":[{"href":"https:\/\/cgm.riobranco.ac.gov.br\/lai\/wp-json\/wp\/v2\/types\/page"}],"author":[{"embeddable":true,"href":"https:\/\/cgm.riobranco.ac.gov.br\/lai\/wp-json\/wp\/v2\/users\/2"}],"replies":[{"embeddable":true,"href":"https:\/\/cgm.riobranco.ac.gov.br\/lai\/wp-json\/wp\/v2\/comments?post=145"}],"version-history":[{"count":2,"href":"https:\/\/cgm.riobranco.ac.gov.br\/lai\/wp-json\/wp\/v2\/pages\/145\/revisions"}],"predecessor-version":[{"id":950,"href":"https:\/\/cgm.riobranco.ac.gov.br\/lai\/wp-json\/wp\/v2\/pages\/145\/revisions\/950"}],"up":[{"embeddable":true,"href":"https:\/\/cgm.riobranco.ac.gov.br\/lai\/wp-json\/wp\/v2\/pages\/18"}],"wp:attachment":[{"href":"https:\/\/cgm.riobranco.ac.gov.br\/lai\/wp-json\/wp\/v2\/media?parent=145"}],"curies":[{"name":"wp","href":"https:\/\/api.w.org\/{rel}","templated":true}]}}