{"id":147,"date":"2013-09-23T14:33:11","date_gmt":"2013-09-23T14:33:11","guid":{"rendered":"http:\/\/portalcgm.riobranco.ac.gov.br\/lai\/assistencia-social2\/"},"modified":"2023-10-17T09:20:39","modified_gmt":"2023-10-17T14:20:39","slug":"assistencia-social2","status":"publish","type":"page","link":"https:\/\/cgm.riobranco.ac.gov.br\/lai\/encontre-em-rio-branco\/assistencia-social2\/","title":{"rendered":"Centro de Refer\u00eancia de Assist\u00eancia Social &#8211; CRAS"},"content":{"rendered":"<hr \/>\n<p style=\"text-align: justify;\">O C<strong>entro de Refer\u00eancia de Assist\u00eancia Social &#8211; CRAS<\/strong>\u00a0trata-se da unidade p\u00fablica respons\u00e1vel por prestar servi\u00e7os socioassistenciais b\u00e1sicos \u00e0s fam\u00edlias e indiv\u00edduos em situa\u00e7\u00e3o de vulnerabilidade social. Tem como objetivo promover a inclus\u00e3o social e a melhoria da qualidade de vida das pessoas por meio do acesso a servi\u00e7os e benef\u00edcios socioassistenciais, tais como: atendimento psicossocial, encaminhamento para cursos profissionalizantes, orienta\u00e7\u00e3o e apoio para acesso a programas sociais, entre outros.<\/p>\n<p style=\"text-align: justify;\">A equipe do <strong>CRAS<\/strong> \u00e9 formada por coordenador,\u00a0assistentes sociais, psic\u00f3logos, t\u00e9cnicos entrevistadores do cadastro \u00fanico, recepcionista, motorista e servi\u00e7os gerais. S\u00e3o eles que organizam a\u00a0oferta\u00a0dos servi\u00e7os, programas, projetos e benef\u00edcios disponibilizados na unidade.<\/p>\n<hr \/>\n<p><strong>1) CRAS Calafate<\/strong><\/p>\n<p><strong>Endere\u00e7o:<\/strong> Estrada do Calafate, n\u00ba 3.937 \u2013 Bairro Calafate.<\/p>\n<p><strong>Fone:<\/strong>\u00a0(68) 3211-2450<\/p>\n<p><strong>Hor\u00e1rio de Funcionamento (Dias \u00dateis):<\/strong> 8h \u00e0s 12h e 14h \u00e0s 18h.<\/p>\n<p>&nbsp;<\/p>\n<p><strong>2) CRAS Cidade do Povo<\/strong><\/p>\n<p><strong>Endere\u00e7o:<\/strong> Rua Padre Jo\u00e3o Martins, s\/n, Cidade do Povo.<\/p>\n<p><strong>Telefone:<\/strong> (68) 3211-2450<\/p>\n<p><strong>Hor\u00e1rio de Funcionamento (Dias \u00dateis):<\/strong>\u00a08h \u00e0s 12h e 14h \u00e0s 18h.<\/p>\n<p>&nbsp;<\/p>\n<p><strong>3) CRAS Cidade Nova<\/strong><\/p>\n<p><strong>Endere\u00e7o:<\/strong> Av. Uirapuru, n\u00ba 424 \u2013 Pra\u00e7a da Juventude, Cidade Nova.<\/p>\n<p><strong> Telefone:<\/strong> (68) 3221-0826<\/p>\n<p><strong>Hor\u00e1rio de Funcionamento (Dias \u00dateis):<\/strong>\u00a08h \u00e0s 12h e 14h \u00e0s 18h.<\/p>\n<p>&nbsp;<\/p>\n<p><strong>4)\u00a0CRAS Rui Lino<\/strong><\/p>\n<p><strong>Endere\u00e7o:<\/strong> Av. Central, S\/N \u2013 Rui Lino, Distrito Industrial.<\/p>\n<p><strong>Telefone:<\/strong> (68) 3229-1061<\/p>\n<p><strong>Hor\u00e1rio de Funcionamento (Dias \u00dateis):<\/strong>\u00a08h \u00e0s 12h e 14h \u00e0s 18h.<\/p>\n<p>&nbsp;<\/p>\n<p><strong>5)\u00a0CRAS Santa Helena<\/strong><\/p>\n<p><strong>Endere\u00e7o:<\/strong> Rua Monte Sinai, n\u00ba 399, Bairro Santa Helena.<\/p>\n<p><strong>Telefone:<\/strong>\u00a0(68) 3221-8311<\/p>\n<p><strong>Hor\u00e1rio de Funcionamento (Dias \u00dateis):<\/strong>\u00a08h \u00e0s 12h e 14h \u00e0s 18h.<\/p>\n<p>&nbsp;<\/p>\n<p><strong>6) CRAS S\u00e3o Francisco<\/strong><\/p>\n<p><strong>Endere\u00e7o:<\/strong> Rua Cel. Alexandrino, n\u00ba 157, Bosque.<\/p>\n<p><strong>Telefone:<\/strong> (68) 3211-2450<\/p>\n<p><strong>Hor\u00e1rio de Funcionamento (Dias \u00dateis):<\/strong>\u00a08h \u00e0s 12h e 14h \u00e0s 18h.<\/p>\n<p>&nbsp;<\/p>\n<p><strong>7) CRAS Sobral<\/strong><\/p>\n<p><strong>Endere\u00e7o:<\/strong> Rua Osvaldo de Andrade S\/N, Bairro Palheiral.<\/p>\n<p><strong> Telefone:<\/strong> (68) 3225-0787<\/p>\n<p><strong>Hor\u00e1rio de Funcionamento (Dias \u00dateis):<\/strong>\u00a08h \u00e0s 12h e 14h \u00e0s 18h.<\/p>\n<p>&nbsp;<\/p>\n<p><strong>8) CRAS Tancredo Neves<\/strong><\/p>\n<p><strong>Endere\u00e7o:<\/strong> Av. Um, n\u00ba 810, Tancredo Neves.<\/p>\n<p><strong>Telefone:<\/strong> (68) 3228-1334<\/p>\n<p><strong>Hor\u00e1rio de Funcionamento (Dias \u00dateis):<\/strong>\u00a08h \u00e0s 12h e 14h \u00e0s 18h.<\/p>\n","protected":false},"excerpt":{"rendered":"<p>O Centro de Refer\u00eancia de Assist\u00eancia Social &#8211; CRAS\u00a0trata-se da unidade p\u00fablica respons\u00e1vel por prestar servi\u00e7os socioassistenciais b\u00e1sicos \u00e0s fam\u00edlias e indiv\u00edduos em situa\u00e7\u00e3o de vulnerabilidade social. Tem como objetivo promover a inclus\u00e3o social e a melhoria da qualidade de vida das pessoas por meio do acesso a servi\u00e7os e benef\u00edcios socioassistenciais, tais como: atendimento [&hellip;]<\/p>\n","protected":false},"author":2,"featured_media":0,"parent":18,"menu_order":18,"comment_status":"open","ping_status":"open","template":"","meta":{"footnotes":""},"class_list":["post-147","page","type-page","status-publish","hentry"],"_links":{"self":[{"href":"https:\/\/cgm.riobranco.ac.gov.br\/lai\/wp-json\/wp\/v2\/pages\/147","targetHints":{"allow":["GET"]}}],"collection":[{"href":"https:\/\/cgm.riobranco.ac.gov.br\/lai\/wp-json\/wp\/v2\/pages"}],"about":[{"href":"https:\/\/cgm.riobranco.ac.gov.br\/lai\/wp-json\/wp\/v2\/types\/page"}],"author":[{"embeddable":true,"href":"https:\/\/cgm.riobranco.ac.gov.br\/lai\/wp-json\/wp\/v2\/users\/2"}],"replies":[{"embeddable":true,"href":"https:\/\/cgm.riobranco.ac.gov.br\/lai\/wp-json\/wp\/v2\/comments?post=147"}],"version-history":[{"count":7,"href":"https:\/\/cgm.riobranco.ac.gov.br\/lai\/wp-json\/wp\/v2\/pages\/147\/revisions"}],"predecessor-version":[{"id":5393,"href":"https:\/\/cgm.riobranco.ac.gov.br\/lai\/wp-json\/wp\/v2\/pages\/147\/revisions\/5393"}],"up":[{"embeddable":true,"href":"https:\/\/cgm.riobranco.ac.gov.br\/lai\/wp-json\/wp\/v2\/pages\/18"}],"wp:attachment":[{"href":"https:\/\/cgm.riobranco.ac.gov.br\/lai\/wp-json\/wp\/v2\/media?parent=147"}],"curies":[{"name":"wp","href":"https:\/\/api.w.org\/{rel}","templated":true}]}}