{"id":148,"date":"2013-09-23T14:36:14","date_gmt":"2013-09-23T14:36:14","guid":{"rendered":"http:\/\/portalcgm.riobranco.ac.gov.br\/lai\/creas\/"},"modified":"2023-10-17T09:30:24","modified_gmt":"2023-10-17T14:30:24","slug":"creas","status":"publish","type":"page","link":"https:\/\/cgm.riobranco.ac.gov.br\/lai\/encontre-em-rio-branco\/creas\/","title":{"rendered":"Centro de Refer\u00eancia Especializado de Assist\u00eancia Social &#8211; CREAS"},"content":{"rendered":"<hr \/>\n<p style=\"text-align: justify;\">O<strong>\u00a0Centro de Refer\u00eancia Especializado de Assist\u00eancia Social &#8211; CREAS<\/strong>, desempenha um papel fundamental no atendimento\u00a0especializado\u00a0para casos que envolvem\u00a0fam\u00edlias e indiv\u00edduos em situa\u00e7\u00e3o de viol\u00eancia ou que tenham seus direitos violados.<\/p>\n<p style=\"text-align: justify;\">A Viola\u00e7\u00e3o de direito \u00e9 toda e qualquer a\u00e7\u00e3o que impe\u00e7a as pessoas de usufruir de seus direitos fundamentais, a exemplo da viol\u00eancia f\u00edsica, neglig\u00eancia, abandono, viol\u00eancia sexual, trabalho infantil, ou afastamento do conv\u00edvio familiar.<\/p>\n<p style=\"text-align: justify;\">No <strong>CREAS<\/strong> tamb\u00e9m podem ser atendidas pessoas em situa\u00e7\u00e3o de rua e indiv\u00edduos que sofrem discrimina\u00e7\u00e3o de qualquer natureza, como sexual, de g\u00eanero ou religiosa. Com equipes capacitadas e acolhimento humanizado, os <strong>CREAS<\/strong> asseguram que esses casos mais delicados recebam o suporte necess\u00e1rio para superar as dificuldades, ofertando acesso \u00e0 psic\u00f3logos, assistentes sociais, pedagogos, educadores e agentes sociais.<\/p>\n<p style=\"text-align: justify;\">Enquanto o\u00a0<strong>CRAS<\/strong>\u00a0atua na\u00a0preven\u00e7\u00e3o\u00a0e na promo\u00e7\u00e3o do bem-estar de fam\u00edlias em situa\u00e7\u00e3o de vulnerabilidade, o\u00a0<strong>CREAS<\/strong>\u00a0lida com\u00a0situa\u00e7\u00f5es mais complexas, oferecendo assist\u00eancia especializada a pessoas e fam\u00edlias que j\u00e1 enfrentam situa\u00e7\u00f5es de risco social mais intensas.<\/p>\n<hr \/>\n<p style=\"text-align: left;\"><strong>1) CREAS Manoel Juli\u00e3o<\/strong><\/p>\n<p style=\"text-align: left;\"><strong>Endere\u00e7o:<\/strong> Rua Tamisa n\u00ba 96, Residencial Irlanda.<\/p>\n<p style=\"text-align: left;\"><strong>Telefone:<\/strong>\u00a0(68) 3223-6768<\/p>\n<p style=\"text-align: left;\"><strong>Hor\u00e1rio de Funcionamento (Dias \u00dateis):<\/strong>\u00a08h \u00e0s 12h e 14h \u00e0s 18h.<\/p>\n<p style=\"text-align: left;\"><strong>2) CREAS\u00a0Parque<\/strong><\/p>\n<p style=\"text-align: left;\"><strong>Endere\u00e7o:<\/strong> Travessa Cremilda Castor n\u00ba 26 \u2013 Bairro Bosque.<\/p>\n<p style=\"text-align: left;\"><strong>Telefone:<\/strong> (68)<\/p>\n<p style=\"text-align: left;\"><strong>Hor\u00e1rio de Funcionamento (Dias \u00dateis):<\/strong>\u00a08h \u00e0s 12h e 14h \u00e0s 18h.<\/p>\n","protected":false},"excerpt":{"rendered":"<p>O\u00a0Centro de Refer\u00eancia Especializado de Assist\u00eancia Social &#8211; CREAS, desempenha um papel fundamental no atendimento\u00a0especializado\u00a0para casos que envolvem\u00a0fam\u00edlias e indiv\u00edduos em situa\u00e7\u00e3o de viol\u00eancia ou que tenham seus direitos violados. A Viola\u00e7\u00e3o de direito \u00e9 toda e qualquer a\u00e7\u00e3o que impe\u00e7a as pessoas de usufruir de seus direitos fundamentais, a exemplo da viol\u00eancia f\u00edsica, neglig\u00eancia, [&hellip;]<\/p>\n","protected":false},"author":2,"featured_media":0,"parent":18,"menu_order":19,"comment_status":"open","ping_status":"open","template":"","meta":{"footnotes":""},"class_list":["post-148","page","type-page","status-publish","hentry"],"_links":{"self":[{"href":"https:\/\/cgm.riobranco.ac.gov.br\/lai\/wp-json\/wp\/v2\/pages\/148","targetHints":{"allow":["GET"]}}],"collection":[{"href":"https:\/\/cgm.riobranco.ac.gov.br\/lai\/wp-json\/wp\/v2\/pages"}],"about":[{"href":"https:\/\/cgm.riobranco.ac.gov.br\/lai\/wp-json\/wp\/v2\/types\/page"}],"author":[{"embeddable":true,"href":"https:\/\/cgm.riobranco.ac.gov.br\/lai\/wp-json\/wp\/v2\/users\/2"}],"replies":[{"embeddable":true,"href":"https:\/\/cgm.riobranco.ac.gov.br\/lai\/wp-json\/wp\/v2\/comments?post=148"}],"version-history":[{"count":8,"href":"https:\/\/cgm.riobranco.ac.gov.br\/lai\/wp-json\/wp\/v2\/pages\/148\/revisions"}],"predecessor-version":[{"id":5399,"href":"https:\/\/cgm.riobranco.ac.gov.br\/lai\/wp-json\/wp\/v2\/pages\/148\/revisions\/5399"}],"up":[{"embeddable":true,"href":"https:\/\/cgm.riobranco.ac.gov.br\/lai\/wp-json\/wp\/v2\/pages\/18"}],"wp:attachment":[{"href":"https:\/\/cgm.riobranco.ac.gov.br\/lai\/wp-json\/wp\/v2\/media?parent=148"}],"curies":[{"name":"wp","href":"https:\/\/api.w.org\/{rel}","templated":true}]}}