{"id":152,"date":"2013-09-23T18:36:07","date_gmt":"2013-09-23T18:36:07","guid":{"rendered":"http:\/\/portalcgm.riobranco.ac.gov.br\/lai\/centro-comunitario\/"},"modified":"2015-06-11T19:04:58","modified_gmt":"2015-06-11T19:04:58","slug":"centro-comunitario","status":"publish","type":"page","link":"https:\/\/cgm.riobranco.ac.gov.br\/lai\/encontre-em-rio-branco\/centro-comunitario\/","title":{"rendered":"Centro Comunit\u00e1rio"},"content":{"rendered":"<hr \/>\n<p>&nbsp;<\/p>\n<p><strong>Centro Comunit\u00e1rio Mocinha Magalh\u00e3es<\/strong><\/p>\n<p><strong>Endere\u00e7o:<\/strong> Rua da Melancia, n\u00ba 650 &#8211; Mocinha Magalh\u00e3es<\/p>\n<p><strong>Fone:<\/strong> 3229-7159<\/p>\n<p><strong>Hor\u00e1rio de Funcionamento (Dias \u00dateis):<\/strong> 8h as 12h e 14h as 18h<\/p>\n","protected":false},"excerpt":{"rendered":"<p>&nbsp; Centro Comunit\u00e1rio Mocinha Magalh\u00e3es Endere\u00e7o: Rua da Melancia, n\u00ba 650 &#8211; Mocinha Magalh\u00e3es Fone: 3229-7159 Hor\u00e1rio de Funcionamento (Dias \u00dateis): 8h as 12h e 14h as 18h<\/p>\n","protected":false},"author":2,"featured_media":0,"parent":18,"menu_order":13,"comment_status":"open","ping_status":"open","template":"","meta":{"footnotes":""},"class_list":["post-152","page","type-page","status-publish","hentry"],"_links":{"self":[{"href":"https:\/\/cgm.riobranco.ac.gov.br\/lai\/wp-json\/wp\/v2\/pages\/152","targetHints":{"allow":["GET"]}}],"collection":[{"href":"https:\/\/cgm.riobranco.ac.gov.br\/lai\/wp-json\/wp\/v2\/pages"}],"about":[{"href":"https:\/\/cgm.riobranco.ac.gov.br\/lai\/wp-json\/wp\/v2\/types\/page"}],"author":[{"embeddable":true,"href":"https:\/\/cgm.riobranco.ac.gov.br\/lai\/wp-json\/wp\/v2\/users\/2"}],"replies":[{"embeddable":true,"href":"https:\/\/cgm.riobranco.ac.gov.br\/lai\/wp-json\/wp\/v2\/comments?post=152"}],"version-history":[{"count":1,"href":"https:\/\/cgm.riobranco.ac.gov.br\/lai\/wp-json\/wp\/v2\/pages\/152\/revisions"}],"predecessor-version":[{"id":343,"href":"https:\/\/cgm.riobranco.ac.gov.br\/lai\/wp-json\/wp\/v2\/pages\/152\/revisions\/343"}],"up":[{"embeddable":true,"href":"https:\/\/cgm.riobranco.ac.gov.br\/lai\/wp-json\/wp\/v2\/pages\/18"}],"wp:attachment":[{"href":"https:\/\/cgm.riobranco.ac.gov.br\/lai\/wp-json\/wp\/v2\/media?parent=152"}],"curies":[{"name":"wp","href":"https:\/\/api.w.org\/{rel}","templated":true}]}}