{"id":154,"date":"2013-09-23T18:43:12","date_gmt":"2013-09-23T18:43:12","guid":{"rendered":"http:\/\/portalcgm.riobranco.ac.gov.br\/lai\/centro-multimeios\/"},"modified":"2015-06-11T19:11:30","modified_gmt":"2015-06-11T19:11:30","slug":"centro-multimeios","status":"publish","type":"page","link":"https:\/\/cgm.riobranco.ac.gov.br\/lai\/encontre-em-rio-branco\/centro-multimeios\/","title":{"rendered":"Centro de Multimeios"},"content":{"rendered":"<hr \/>\n<p>&nbsp;<\/p>\n<p><strong>Centro de Multimeios &#8211; Apoio Pedag\u00f3gico na Arte e Educa\u00e7\u00e3o<br \/>\n<\/strong><\/p>\n<p><strong>Endere\u00e7o:<\/strong> Rua Luiz Z. da Silva, n\u00ba 499 &#8211; Bairro Manoel Juli\u00e3o<\/p>\n<p><strong>Fone:<\/strong> 3223-3923<\/p>\n<p><strong>Hor\u00e1rio de Funcionamento (Dias \u00dateis):<\/strong> 8h as 12h e 14h as 18h<\/p>\n","protected":false},"excerpt":{"rendered":"<p>&nbsp; Centro de Multimeios &#8211; Apoio Pedag\u00f3gico na Arte e Educa\u00e7\u00e3o Endere\u00e7o: Rua Luiz Z. da Silva, n\u00ba 499 &#8211; Bairro Manoel Juli\u00e3o Fone: 3223-3923 Hor\u00e1rio de Funcionamento (Dias \u00dateis): 8h as 12h e 14h as 18h<\/p>\n","protected":false},"author":2,"featured_media":0,"parent":18,"menu_order":17,"comment_status":"open","ping_status":"open","template":"","meta":{"footnotes":""},"class_list":["post-154","page","type-page","status-publish","hentry"],"_links":{"self":[{"href":"https:\/\/cgm.riobranco.ac.gov.br\/lai\/wp-json\/wp\/v2\/pages\/154","targetHints":{"allow":["GET"]}}],"collection":[{"href":"https:\/\/cgm.riobranco.ac.gov.br\/lai\/wp-json\/wp\/v2\/pages"}],"about":[{"href":"https:\/\/cgm.riobranco.ac.gov.br\/lai\/wp-json\/wp\/v2\/types\/page"}],"author":[{"embeddable":true,"href":"https:\/\/cgm.riobranco.ac.gov.br\/lai\/wp-json\/wp\/v2\/users\/2"}],"replies":[{"embeddable":true,"href":"https:\/\/cgm.riobranco.ac.gov.br\/lai\/wp-json\/wp\/v2\/comments?post=154"}],"version-history":[{"count":1,"href":"https:\/\/cgm.riobranco.ac.gov.br\/lai\/wp-json\/wp\/v2\/pages\/154\/revisions"}],"predecessor-version":[{"id":345,"href":"https:\/\/cgm.riobranco.ac.gov.br\/lai\/wp-json\/wp\/v2\/pages\/154\/revisions\/345"}],"up":[{"embeddable":true,"href":"https:\/\/cgm.riobranco.ac.gov.br\/lai\/wp-json\/wp\/v2\/pages\/18"}],"wp:attachment":[{"href":"https:\/\/cgm.riobranco.ac.gov.br\/lai\/wp-json\/wp\/v2\/media?parent=154"}],"curies":[{"name":"wp","href":"https:\/\/api.w.org\/{rel}","templated":true}]}}