{"id":155,"date":"2013-09-23T18:49:46","date_gmt":"2013-09-23T18:49:46","guid":{"rendered":"http:\/\/portalcgm.riobranco.ac.gov.br\/lai\/socioeducativas\/"},"modified":"2015-06-11T19:25:38","modified_gmt":"2015-06-11T19:25:38","slug":"socioeducativas","status":"publish","type":"page","link":"https:\/\/cgm.riobranco.ac.gov.br\/lai\/encontre-em-rio-branco\/socioeducativas\/","title":{"rendered":"Medidas Socioeducativas"},"content":{"rendered":"<hr \/>\n<p><strong>PSC &#8211; Presta\u00e7\u00e3o de Servi\u00e7o \u00e0 Comunidade<br \/>\n<\/strong><\/p>\n<p><strong>Endere\u00e7o:<\/strong> Rua Men de S\u00e1, n\u00ba 485 &#8211; Bairro Bahia Velha<\/p>\n<p><strong>Fone:<\/strong> 3225-4404<\/p>\n<p><strong>Hor\u00e1rio de Funcionamento(Dias \u00dateis):<\/strong> 8h \u00e0s 12h e 14h \u00e0s 18h<\/p>\n<p>&nbsp;<\/p>\n<p><strong>LA &#8211; Liberdade Assistida<br \/>\n<\/strong><\/p>\n<p><strong>Endere\u00e7o:<\/strong> Rua Men de S\u00e1, n\u00ba 485 &#8211; Bairro Bahia Velha<\/p>\n<p><strong>Fone:<\/strong> 3225-4404<\/p>\n<p><strong>Hor\u00e1rio de Funcionamento(Dias \u00dateis):<\/strong> 8h \u00e0s 12h e 14h \u00e0s 18h<\/p>\n","protected":false},"excerpt":{"rendered":"<p>PSC &#8211; Presta\u00e7\u00e3o de Servi\u00e7o \u00e0 Comunidade Endere\u00e7o: Rua Men de S\u00e1, n\u00ba 485 &#8211; Bairro Bahia Velha Fone: 3225-4404 Hor\u00e1rio de Funcionamento(Dias \u00dateis): 8h \u00e0s 12h e 14h \u00e0s 18h &nbsp; LA &#8211; Liberdade Assistida Endere\u00e7o: Rua Men de S\u00e1, n\u00ba 485 &#8211; Bairro Bahia Velha Fone: 3225-4404 Hor\u00e1rio de Funcionamento(Dias \u00dateis): 8h \u00e0s [&hellip;]<\/p>\n","protected":false},"author":2,"featured_media":0,"parent":18,"menu_order":49,"comment_status":"open","ping_status":"open","template":"","meta":{"footnotes":""},"class_list":["post-155","page","type-page","status-publish","hentry"],"_links":{"self":[{"href":"https:\/\/cgm.riobranco.ac.gov.br\/lai\/wp-json\/wp\/v2\/pages\/155","targetHints":{"allow":["GET"]}}],"collection":[{"href":"https:\/\/cgm.riobranco.ac.gov.br\/lai\/wp-json\/wp\/v2\/pages"}],"about":[{"href":"https:\/\/cgm.riobranco.ac.gov.br\/lai\/wp-json\/wp\/v2\/types\/page"}],"author":[{"embeddable":true,"href":"https:\/\/cgm.riobranco.ac.gov.br\/lai\/wp-json\/wp\/v2\/users\/2"}],"replies":[{"embeddable":true,"href":"https:\/\/cgm.riobranco.ac.gov.br\/lai\/wp-json\/wp\/v2\/comments?post=155"}],"version-history":[{"count":2,"href":"https:\/\/cgm.riobranco.ac.gov.br\/lai\/wp-json\/wp\/v2\/pages\/155\/revisions"}],"predecessor-version":[{"id":952,"href":"https:\/\/cgm.riobranco.ac.gov.br\/lai\/wp-json\/wp\/v2\/pages\/155\/revisions\/952"}],"up":[{"embeddable":true,"href":"https:\/\/cgm.riobranco.ac.gov.br\/lai\/wp-json\/wp\/v2\/pages\/18"}],"wp:attachment":[{"href":"https:\/\/cgm.riobranco.ac.gov.br\/lai\/wp-json\/wp\/v2\/media?parent=155"}],"curies":[{"name":"wp","href":"https:\/\/api.w.org\/{rel}","templated":true}]}}