{"id":156,"date":"2013-09-23T18:54:22","date_gmt":"2013-09-23T18:54:22","guid":{"rendered":"http:\/\/portalcgm.riobranco.ac.gov.br\/lai\/restaurante-popular\/"},"modified":"2015-06-11T19:32:48","modified_gmt":"2015-06-11T19:32:48","slug":"restaurante-popular","status":"publish","type":"page","link":"https:\/\/cgm.riobranco.ac.gov.br\/lai\/encontre-em-rio-branco\/restaurante-popular\/","title":{"rendered":"Restaurante Popular"},"content":{"rendered":"<hr \/>\n<p>&nbsp;<\/p>\n<p><strong>Restaurante Popular Jos\u00e9 Marques de Souza<\/strong><\/p>\n<p><strong>Endere\u00e7o:<\/strong> Rua Osvald de Andrade, n\u00ba 184 &#8211; Sobral<\/p>\n<p><strong>Fone:<\/strong> 3225-4323<\/p>\n<p><strong>Hor\u00e1rio de Funcionamento (Dias \u00dateis):<\/strong> 10h30 \u00e0s 14h<\/p>\n","protected":false},"excerpt":{"rendered":"<p>&nbsp; Restaurante Popular Jos\u00e9 Marques de Souza Endere\u00e7o: Rua Osvald de Andrade, n\u00ba 184 &#8211; Sobral Fone: 3225-4323 Hor\u00e1rio de Funcionamento (Dias \u00dateis): 10h30 \u00e0s 14h<\/p>\n","protected":false},"author":2,"featured_media":0,"parent":18,"menu_order":64,"comment_status":"open","ping_status":"open","template":"","meta":{"footnotes":""},"class_list":["post-156","page","type-page","status-publish","hentry"],"_links":{"self":[{"href":"https:\/\/cgm.riobranco.ac.gov.br\/lai\/wp-json\/wp\/v2\/pages\/156","targetHints":{"allow":["GET"]}}],"collection":[{"href":"https:\/\/cgm.riobranco.ac.gov.br\/lai\/wp-json\/wp\/v2\/pages"}],"about":[{"href":"https:\/\/cgm.riobranco.ac.gov.br\/lai\/wp-json\/wp\/v2\/types\/page"}],"author":[{"embeddable":true,"href":"https:\/\/cgm.riobranco.ac.gov.br\/lai\/wp-json\/wp\/v2\/users\/2"}],"replies":[{"embeddable":true,"href":"https:\/\/cgm.riobranco.ac.gov.br\/lai\/wp-json\/wp\/v2\/comments?post=156"}],"version-history":[{"count":1,"href":"https:\/\/cgm.riobranco.ac.gov.br\/lai\/wp-json\/wp\/v2\/pages\/156\/revisions"}],"predecessor-version":[{"id":390,"href":"https:\/\/cgm.riobranco.ac.gov.br\/lai\/wp-json\/wp\/v2\/pages\/156\/revisions\/390"}],"up":[{"embeddable":true,"href":"https:\/\/cgm.riobranco.ac.gov.br\/lai\/wp-json\/wp\/v2\/pages\/18"}],"wp:attachment":[{"href":"https:\/\/cgm.riobranco.ac.gov.br\/lai\/wp-json\/wp\/v2\/media?parent=156"}],"curies":[{"name":"wp","href":"https:\/\/api.w.org\/{rel}","templated":true}]}}