{"id":159,"date":"2013-09-27T14:42:06","date_gmt":"2013-09-27T14:42:06","guid":{"rendered":"http:\/\/portalcgm.riobranco.ac.gov.br\/lai\/parques\/"},"modified":"2021-05-25T11:08:48","modified_gmt":"2021-05-25T16:08:48","slug":"parques","status":"publish","type":"page","link":"https:\/\/cgm.riobranco.ac.gov.br\/lai\/encontre-em-rio-branco\/parques\/","title":{"rendered":"Parques"},"content":{"rendered":"<hr \/>\n<p><img loading=\"lazy\" decoding=\"async\" style=\"border: 4px solid #ebebeb; display: block; margin-left: auto; margin-right: auto;\" src=\"\/lai\/wp-content\/uploads\/images\/Parque_Capit\u00e3o.jpg\" alt=\"Parque Capit\u00e3o\" width=\"515\" height=\"350\" \/><\/p>\n<p style=\"text-align: center;\">Trapiche de Accesso ao Parque Capit\u00e3o Cir\u00edaco\/Dept\u00ba de Patrim\u00f4nio Hist\u00f3rico e Cultural &#8211; FEM<\/p>\n<p><strong>Parque Capit\u00e3o Cir\u00edaco<br \/>\n<\/strong><\/p>\n<p><strong>Endere\u00e7o:<\/strong> Av. Dr. Pereira Passos, n\u00ba 225 &#8211; Bairro 6 de Agosto &#8211; 2\u00ba Distrito<\/p>\n<p><strong>Fones:<\/strong> 3224-0899\/3224-7941<\/p>\n<p><strong>Hor\u00e1rio de Funcionamento:<\/strong> 7h as 12h e 14h as 18h<\/p>\n<p><img loading=\"lazy\" decoding=\"async\" style=\"text-align: center; border: 4px solid #ebebeb; display: block; margin-left: auto; margin-right: auto;\" src=\"\/lai\/wp-content\/uploads\/images\/ARQUIVOS\/37_Imagens\/Menu_Horto_Florestal.jpg\" alt=\"\" width=\"500\" height=\"350\" \/><span style=\"text-align: center;\">\u00a0<\/span><\/p>\n<p style=\"text-align: justify;\"><strong style=\"text-align: justify;\">Horto Florestal de Rio Branco<\/strong><\/p>\n<p><strong>Endere\u00e7o:<\/strong> Rua Antonio da Rocha Viana, S\/N &#8211; Bairro Procon<\/p>\n<p><strong>Fone:<\/strong> 3228-2894<\/p>\n<p><strong>Hor\u00e1rio de Funcionamento:<\/strong>\u00a005:00 \u00e0s 20:00<\/p>\n<p><strong>Servi\u00e7os:<\/strong> Viveiro de Plantas &#8211; Espa\u00e7o para Exerc\u00edcios Aer\u00f3bicos &#8211; Lagos. N\u00e3o h\u00e1 cobran\u00e7a de ingressos.<\/p>\n<p><img loading=\"lazy\" decoding=\"async\" style=\"border: 4px solid #ebebeb; display: block; margin-left: auto; margin-right: auto;\" src=\"\/lai\/wp-content\/uploads\/images\/Parque_S\u00e3o_Francisco.jpg\" alt=\"Parque S\u00e3o Francisco\" width=\"515\" height=\"350\" \/><\/p>\n<p style=\"text-align: center;\">Foto: Marcos Vicentti\/Asscom<\/p>\n<p><strong>Parque S\u00e3o Francisco<\/strong><\/p>\n<p><strong>Endere\u00e7o:<\/strong> Rua Benedito Maia com Get\u00falio Vargas &#8211; Bairro Placas<\/p>\n<p><strong>Fone:<\/strong> 3228-2394<\/p>\n<p><strong>Hor\u00e1rio de Funcionamento:<\/strong> 16h \u00e0s 22h<\/p>\n<p><strong>Servi\u00e7os:<\/strong> O hor\u00e1rio se refere ao funcionamento das lanchonetes. Espa\u00e7o para contempla\u00e7\u00e3o da natureza.<\/p>\n<p><img decoding=\"async\" style=\"border: 4px solid #ebebeb; display: block; margin-left: auto; margin-right: auto;\" src=\"\/lai\/wp-content\/uploads\/images\/Parque_Chico_Mendes.jpg\" alt=\"Parque Chico Mendes\" \/><\/p>\n<p style=\"text-align: center;\">Foto: Dept\u00ba de Patrim\u00f4nio Hist\u00f3rico e Cultural &#8211; FEM<\/p>\n<p><strong>Parque Chico Mendes<\/strong><\/p>\n<p><strong>Endere\u00e7o:<\/strong> Rodovia AC 40, Km 7 &#8211; Vila Acre<\/p>\n<p><strong>Fones:<\/strong> 3221-0961\/3221-1933<\/p>\n<p><strong>Hor\u00e1rio de Funcionamento:<\/strong> Ter\u00e7a-Feira a Domingo \/ 08:00 \u00e0s 17:00<\/p>\n<p><strong>Servi\u00e7os:<\/strong> Zool\u00f3gico &#8211; Trilhas &#8211; Mirante &#8211; Lanchonetes. N\u00e3o h\u00e1 Cobran\u00e7a de Ingressos. Estacionamento Pago: R$1,00 para Motocicleta \/ R$2,00 para Autom\u00f3veis de Passeio.<\/p>\n","protected":false},"excerpt":{"rendered":"<p>Trapiche de Accesso ao Parque Capit\u00e3o Cir\u00edaco\/Dept\u00ba de Patrim\u00f4nio Hist\u00f3rico e Cultural &#8211; FEM Parque Capit\u00e3o Cir\u00edaco Endere\u00e7o: Av. Dr. Pereira Passos, n\u00ba 225 &#8211; Bairro 6 de Agosto &#8211; 2\u00ba Distrito Fones: 3224-0899\/3224-7941 Hor\u00e1rio de Funcionamento: 7h as 12h e 14h as 18h \u00a0 Horto Florestal de Rio Branco Endere\u00e7o: Rua Antonio da Rocha [&hellip;]<\/p>\n","protected":false},"author":2,"featured_media":0,"parent":18,"menu_order":55,"comment_status":"open","ping_status":"open","template":"","meta":{"footnotes":""},"class_list":["post-159","page","type-page","status-publish","hentry"],"_links":{"self":[{"href":"https:\/\/cgm.riobranco.ac.gov.br\/lai\/wp-json\/wp\/v2\/pages\/159","targetHints":{"allow":["GET"]}}],"collection":[{"href":"https:\/\/cgm.riobranco.ac.gov.br\/lai\/wp-json\/wp\/v2\/pages"}],"about":[{"href":"https:\/\/cgm.riobranco.ac.gov.br\/lai\/wp-json\/wp\/v2\/types\/page"}],"author":[{"embeddable":true,"href":"https:\/\/cgm.riobranco.ac.gov.br\/lai\/wp-json\/wp\/v2\/users\/2"}],"replies":[{"embeddable":true,"href":"https:\/\/cgm.riobranco.ac.gov.br\/lai\/wp-json\/wp\/v2\/comments?post=159"}],"version-history":[{"count":4,"href":"https:\/\/cgm.riobranco.ac.gov.br\/lai\/wp-json\/wp\/v2\/pages\/159\/revisions"}],"predecessor-version":[{"id":2975,"href":"https:\/\/cgm.riobranco.ac.gov.br\/lai\/wp-json\/wp\/v2\/pages\/159\/revisions\/2975"}],"up":[{"embeddable":true,"href":"https:\/\/cgm.riobranco.ac.gov.br\/lai\/wp-json\/wp\/v2\/pages\/18"}],"wp:attachment":[{"href":"https:\/\/cgm.riobranco.ac.gov.br\/lai\/wp-json\/wp\/v2\/media?parent=159"}],"curies":[{"name":"wp","href":"https:\/\/api.w.org\/{rel}","templated":true}]}}