{"id":160,"date":"2013-09-29T14:58:41","date_gmt":"2013-09-29T14:58:41","guid":{"rendered":"http:\/\/portalcgm.riobranco.ac.gov.br\/lai\/correios-telegrafos\/"},"modified":"2015-06-11T19:15:42","modified_gmt":"2015-06-11T19:15:42","slug":"correios-telegrafos","status":"publish","type":"page","link":"https:\/\/cgm.riobranco.ac.gov.br\/lai\/encontre-em-rio-branco\/correios-telegrafos\/","title":{"rendered":"Correios e Tel\u00e9grafos"},"content":{"rendered":"<hr \/>\n<p>&nbsp;<\/p>\n<p><strong>Correios e Tel\u00e9grafos<\/strong><\/p>\n<p><strong>Endere\u00e7o:<\/strong> Av. Epaminondas J\u00e1come, n\u00ba 2.858 &#8211; Centro<\/p>\n<p><strong>Fone: <\/strong>3223-4408<\/p>\n<p><strong>Hor\u00e1rio de Funcionamento: <\/strong>8h \u00e0s 16h<\/p>\n","protected":false},"excerpt":{"rendered":"<p>&nbsp; Correios e Tel\u00e9grafos Endere\u00e7o: Av. Epaminondas J\u00e1come, n\u00ba 2.858 &#8211; Centro Fone: 3223-4408 Hor\u00e1rio de Funcionamento: 8h \u00e0s 16h<\/p>\n","protected":false},"author":2,"featured_media":0,"parent":18,"menu_order":25,"comment_status":"open","ping_status":"open","template":"","meta":{"footnotes":""},"class_list":["post-160","page","type-page","status-publish","hentry"],"_links":{"self":[{"href":"https:\/\/cgm.riobranco.ac.gov.br\/lai\/wp-json\/wp\/v2\/pages\/160","targetHints":{"allow":["GET"]}}],"collection":[{"href":"https:\/\/cgm.riobranco.ac.gov.br\/lai\/wp-json\/wp\/v2\/pages"}],"about":[{"href":"https:\/\/cgm.riobranco.ac.gov.br\/lai\/wp-json\/wp\/v2\/types\/page"}],"author":[{"embeddable":true,"href":"https:\/\/cgm.riobranco.ac.gov.br\/lai\/wp-json\/wp\/v2\/users\/2"}],"replies":[{"embeddable":true,"href":"https:\/\/cgm.riobranco.ac.gov.br\/lai\/wp-json\/wp\/v2\/comments?post=160"}],"version-history":[{"count":1,"href":"https:\/\/cgm.riobranco.ac.gov.br\/lai\/wp-json\/wp\/v2\/pages\/160\/revisions"}],"predecessor-version":[{"id":941,"href":"https:\/\/cgm.riobranco.ac.gov.br\/lai\/wp-json\/wp\/v2\/pages\/160\/revisions\/941"}],"up":[{"embeddable":true,"href":"https:\/\/cgm.riobranco.ac.gov.br\/lai\/wp-json\/wp\/v2\/pages\/18"}],"wp:attachment":[{"href":"https:\/\/cgm.riobranco.ac.gov.br\/lai\/wp-json\/wp\/v2\/media?parent=160"}],"curies":[{"name":"wp","href":"https:\/\/api.w.org\/{rel}","templated":true}]}}