{"id":162,"date":"2013-09-29T15:18:48","date_gmt":"2013-09-29T15:18:48","guid":{"rendered":"http:\/\/portalcgm.riobranco.ac.gov.br\/lai\/rosa-mulher\/"},"modified":"2015-06-11T19:03:42","modified_gmt":"2015-06-11T19:03:42","slug":"rosa-mulher","status":"publish","type":"page","link":"https:\/\/cgm.riobranco.ac.gov.br\/lai\/encontre-em-rio-branco\/rosa-mulher\/","title":{"rendered":"Casa Rosa Mulher"},"content":{"rendered":"<hr \/>\n<p><img loading=\"lazy\" decoding=\"async\" style=\"border: 4px solid #ebebeb; display: block; margin-left: auto; margin-right: auto;\" src=\"\/lai\/wp-content\/uploads\/images\/Casa_Rosa_Mulher.jpg\" alt=\"Casa Rosa Mulher\" width=\"515\" height=\"350\" \/><\/p>\n<p style=\"text-align: center;\">\u00a0Foto: Asscom\/PMRB<\/p>\n<p style=\"text-align: center;\"><strong>Endere\u00e7o:<\/strong> Rua Novo Andir\u00e1, n\u00ba 339 &#8211; Cidade Nova<\/p>\n<p style=\"text-align: center;\"><strong>Fone: <\/strong>3224-5117 \/ 3223-5492<strong><br \/>\n<\/strong><\/p>\n<p style=\"text-align: center;\"><strong>Hor\u00e1rio de Funcionamento:<\/strong> 8h \u00e0s 12h e 14h \u00e0s 18h<\/p>\n","protected":false},"excerpt":{"rendered":"<p>\u00a0Foto: Asscom\/PMRB Endere\u00e7o: Rua Novo Andir\u00e1, n\u00ba 339 &#8211; Cidade Nova Fone: 3224-5117 \/ 3223-5492 Hor\u00e1rio de Funcionamento: 8h \u00e0s 12h e 14h \u00e0s 18h<\/p>\n","protected":false},"author":2,"featured_media":0,"parent":18,"menu_order":9,"comment_status":"open","ping_status":"open","template":"","meta":{"footnotes":""},"class_list":["post-162","page","type-page","status-publish","hentry"],"_links":{"self":[{"href":"https:\/\/cgm.riobranco.ac.gov.br\/lai\/wp-json\/wp\/v2\/pages\/162","targetHints":{"allow":["GET"]}}],"collection":[{"href":"https:\/\/cgm.riobranco.ac.gov.br\/lai\/wp-json\/wp\/v2\/pages"}],"about":[{"href":"https:\/\/cgm.riobranco.ac.gov.br\/lai\/wp-json\/wp\/v2\/types\/page"}],"author":[{"embeddable":true,"href":"https:\/\/cgm.riobranco.ac.gov.br\/lai\/wp-json\/wp\/v2\/users\/2"}],"replies":[{"embeddable":true,"href":"https:\/\/cgm.riobranco.ac.gov.br\/lai\/wp-json\/wp\/v2\/comments?post=162"}],"version-history":[{"count":2,"href":"https:\/\/cgm.riobranco.ac.gov.br\/lai\/wp-json\/wp\/v2\/pages\/162\/revisions"}],"predecessor-version":[{"id":935,"href":"https:\/\/cgm.riobranco.ac.gov.br\/lai\/wp-json\/wp\/v2\/pages\/162\/revisions\/935"}],"up":[{"embeddable":true,"href":"https:\/\/cgm.riobranco.ac.gov.br\/lai\/wp-json\/wp\/v2\/pages\/18"}],"wp:attachment":[{"href":"https:\/\/cgm.riobranco.ac.gov.br\/lai\/wp-json\/wp\/v2\/media?parent=162"}],"curies":[{"name":"wp","href":"https:\/\/api.w.org\/{rel}","templated":true}]}}