{"id":164,"date":"2013-09-29T18:26:48","date_gmt":"2013-09-29T18:26:48","guid":{"rendered":"http:\/\/portalcgm.riobranco.ac.gov.br\/lai\/palacio\/"},"modified":"2015-06-11T19:29:57","modified_gmt":"2015-06-11T19:29:57","slug":"palacio","status":"publish","type":"page","link":"https:\/\/cgm.riobranco.ac.gov.br\/lai\/encontre-em-rio-branco\/palacio\/","title":{"rendered":"Pal\u00e1cio da Justi\u00e7a"},"content":{"rendered":"<hr \/>\n<p>&nbsp;<\/p>\n<p><strong>Pal\u00e1cio da Justi\u00e7a<\/strong><\/p>\n<p><strong>Endere\u00e7o:<\/strong> Rua Benjamin Constant, n\u00ba 277 &#8211; Centro<\/p>\n<p><strong>CEP: <\/strong>69.905-072<\/p>\n<p>&nbsp;<\/p>\n<p><strong>Se\u00e7\u00e3o de Acervo Bibliogr\u00e1fico e Arquivos<\/strong><\/p>\n<p><strong>Endere\u00e7o:<\/strong> Rua Benjamin Constant, n\u00ba 277 &#8211; Centro<\/p>\n<p><strong>CEP: <\/strong>69.905-072<\/p>\n<p><strong>Fone:<\/strong> 3211-5560<\/p>\n<p><strong>E-mail:<\/strong>seled@tjac.jus.br<\/p>\n<p>&nbsp;<\/p>\n<p><strong>Biblioteca Dr. Alberto Zaire<br \/>\n<\/strong><\/p>\n<p><strong>Endere\u00e7o:<\/strong> Rua Benjamin Constant, n\u00ba 277 &#8211; Centro<\/p>\n<p><strong>CEP: <\/strong>69.905-072<\/p>\n<p><strong>Fone:<\/strong> 3211-5561<\/p>\n","protected":false},"excerpt":{"rendered":"<p>&nbsp; Pal\u00e1cio da Justi\u00e7a Endere\u00e7o: Rua Benjamin Constant, n\u00ba 277 &#8211; Centro CEP: 69.905-072 &nbsp; Se\u00e7\u00e3o de Acervo Bibliogr\u00e1fico e Arquivos Endere\u00e7o: Rua Benjamin Constant, n\u00ba 277 &#8211; Centro CEP: 69.905-072 Fone: 3211-5560 E-mail:seled@tjac.jus.br &nbsp; Biblioteca Dr. Alberto Zaire Endere\u00e7o: Rua Benjamin Constant, n\u00ba 277 &#8211; Centro CEP: 69.905-072 Fone: 3211-5561<\/p>\n","protected":false},"author":2,"featured_media":0,"parent":18,"menu_order":54,"comment_status":"open","ping_status":"open","template":"","meta":{"footnotes":""},"class_list":["post-164","page","type-page","status-publish","hentry"],"_links":{"self":[{"href":"https:\/\/cgm.riobranco.ac.gov.br\/lai\/wp-json\/wp\/v2\/pages\/164","targetHints":{"allow":["GET"]}}],"collection":[{"href":"https:\/\/cgm.riobranco.ac.gov.br\/lai\/wp-json\/wp\/v2\/pages"}],"about":[{"href":"https:\/\/cgm.riobranco.ac.gov.br\/lai\/wp-json\/wp\/v2\/types\/page"}],"author":[{"embeddable":true,"href":"https:\/\/cgm.riobranco.ac.gov.br\/lai\/wp-json\/wp\/v2\/users\/2"}],"replies":[{"embeddable":true,"href":"https:\/\/cgm.riobranco.ac.gov.br\/lai\/wp-json\/wp\/v2\/comments?post=164"}],"version-history":[{"count":1,"href":"https:\/\/cgm.riobranco.ac.gov.br\/lai\/wp-json\/wp\/v2\/pages\/164\/revisions"}],"predecessor-version":[{"id":380,"href":"https:\/\/cgm.riobranco.ac.gov.br\/lai\/wp-json\/wp\/v2\/pages\/164\/revisions\/380"}],"up":[{"embeddable":true,"href":"https:\/\/cgm.riobranco.ac.gov.br\/lai\/wp-json\/wp\/v2\/pages\/18"}],"wp:attachment":[{"href":"https:\/\/cgm.riobranco.ac.gov.br\/lai\/wp-json\/wp\/v2\/media?parent=164"}],"curies":[{"name":"wp","href":"https:\/\/api.w.org\/{rel}","templated":true}]}}