{"id":165,"date":"2013-09-29T18:31:20","date_gmt":"2013-09-29T18:31:20","guid":{"rendered":"http:\/\/portalcgm.riobranco.ac.gov.br\/lai\/barao-do-rio-branco\/"},"modified":"2015-06-11T19:21:48","modified_gmt":"2015-06-11T19:21:48","slug":"barao-do-rio-branco","status":"publish","type":"page","link":"https:\/\/cgm.riobranco.ac.gov.br\/lai\/encontre-em-rio-branco\/barao-do-rio-branco\/","title":{"rendered":"F\u00f3rum Bar\u00e3o do Rio Branco"},"content":{"rendered":"<hr \/>\n<p>&nbsp;<\/p>\n<p><strong>F\u00f3rum Bar\u00e3o do Rio Branco<br \/>\n<\/strong><\/p>\n<p><strong>Endere\u00e7o:<\/strong> Rua Benjamin Constant, n\u00ba 1.165 &#8211; Centro<\/p>\n<p><strong>CEP: <\/strong>69.900-064<\/p>\n<p>&nbsp;<\/p>\n<p><strong>Balc\u00e3o de Informa\u00e7\u00f5es<\/strong><\/p>\n<p><strong>Fone:<\/strong> 3211-5450<\/p>\n<p>&nbsp;<\/p>\n<p><strong>Dire\u00e7\u00e3o do Foro<br \/>\n<\/strong><\/p>\n<p><strong>Endere\u00e7o:<\/strong> Rua Benjamin Constant, n\u00ba 1.165 &#8211; Centro<\/p>\n<p><strong>CEP: <\/strong>69.900-064<\/p>\n<p><strong>Fones:<\/strong> 3211-5436<\/p>\n<p><strong>E-mail:<\/strong>diref-rb@tjac.jus.br<\/p>\n<p>&nbsp;<\/p>\n<p><strong>1\u00aa Vara C\u00edvel<\/strong><\/p>\n<p><strong>Endere\u00e7o:<\/strong> Rua Benjamin Constant, n\u00ba 1.165 \u2013 Centro<\/p>\n<p><strong>CEP: <\/strong>69.900-064<\/p>\n<p><strong>Fones:<\/strong> 3211-5467<\/p>\n<p><strong>E-mail:<\/strong>vaciv1rb@tjac.jus.br<\/p>\n<p>&nbsp;<\/p>\n<p><strong>2\u00aa Vara C\u00edvel<\/strong><\/p>\n<p><strong>Endere\u00e7o:<\/strong> Rua Benjamin Constant, n\u00ba 1.165 \u2013 Centro<\/p>\n<p><strong>CEP: <\/strong>69.900-064<\/p>\n<p><strong>Fones:<\/strong> 3211-5471<\/p>\n<p><strong>E-mail:<\/strong>vaciv2rb @tjac.jus.br<\/p>\n<p>&nbsp;<\/p>\n<p><strong>3\u00aa Vara C\u00edvel<\/strong><\/p>\n<p><strong>Endere\u00e7o:<\/strong> Rua Benjamin Constant, n\u00ba 1.165 &#8211; Centro<\/p>\n<p><strong>Fones:<\/strong> 3211-5473<\/p>\n<p><strong>CEP: <\/strong>69.900-064<\/p>\n<p><strong>E-mail:<\/strong>vaciv3rb @tjac.jus.br<\/p>\n<p>&nbsp;<\/p>\n<p><strong>4\u00aa Vara C\u00edvel<\/strong><\/p>\n<p><strong>Endere\u00e7o:<\/strong> Rua Benjamin Constant, n\u00ba 1.165 \u2013 Centro<\/p>\n<p><strong>CEP: <\/strong>69.900-064<\/p>\n<p><strong>Fones:<\/strong> 3211-5488<\/p>\n<p><strong>E-mail:<\/strong>vaciv4rb @tjac.jus.br<\/p>\n<p>&nbsp;<\/p>\n<p><strong>5\u00aa Vara C\u00edvel<\/strong><\/p>\n<p><strong>Endere\u00e7o:<\/strong> Rua Benjamin Constant, n\u00ba 1.165 \u2013 Centro<\/p>\n<p><strong>CEP: <\/strong>69.900-064<\/p>\n<p><strong>Fones:<\/strong> 3211-5443<\/p>\n<p><strong>E-mail:<\/strong>vaciv5rb @tjac.jus.br<\/p>\n<p>&nbsp;<\/p>\n<p><strong>1\u00aa Vara de Fam\u00edlia<\/strong><\/p>\n<p><strong>Endere\u00e7o:<\/strong> Rua Benjamin Constant, n\u00ba 1.165 \u2013 Centro<\/p>\n<p><strong>CEP: <\/strong>69.900-064<\/p>\n<p><strong>Fones:<\/strong> 3211-5476<\/p>\n<p><strong>E-mail:<\/strong>vafam1rb@tjac.jus.br<\/p>\n<p>&nbsp;<\/p>\n<p><strong>2\u00aa Vara de Fam\u00edlia<\/strong><\/p>\n<p><strong>Endere\u00e7o:<\/strong> Rua Benjamin Constant, n\u00ba 1.165 \u2013 Centro<\/p>\n<p><strong>CEP: <\/strong>69.900-064<\/p>\n<p><strong>Fones:<\/strong> 3211-5478<\/p>\n<p><strong>E-mail:<\/strong>vafam2rb @tjac.jus.br<\/p>\n<p><strong><br \/>\n<\/strong><\/p>\n<p><strong>3\u00aa Vara de Fam\u00edlia<\/strong><\/p>\n<p><strong>Endere\u00e7o:<\/strong> Rua Benjamin Constant, n\u00ba 1.165 \u2013 Centro<\/p>\n<p><strong>CEP: <\/strong>69.900-064<\/p>\n<p><strong>Fones:<\/strong> 3211-5480<\/p>\n<p><strong>E-mail:<\/strong>vafam3rb @tjac.jus.br<\/p>\n<p>&nbsp;<\/p>\n<p><strong>1\u00aa Vara da Fazenda P\u00fablica<\/strong><\/p>\n<p><strong>Endere\u00e7o:<\/strong> Rua Benjamin Constant, n\u00ba 1.165 \u2013 Centro<\/p>\n<p><strong>CEP: <\/strong>69.900-064<\/p>\n<p><strong>Fones:<\/strong> 3211-5483<\/p>\n<p><strong>E-mail:<\/strong>vafaz1rb@tjac.jus.br<\/p>\n<p><strong><br \/>\n<\/strong><\/p>\n<p><strong>2\u00aa Vara da Fazenda P\u00fablica<\/strong><\/p>\n<p><strong>Endere\u00e7o:<\/strong> Rua Benjamin Constant, n\u00ba 1.165 \u2013 Centro<\/p>\n<p><strong>CEP: <\/strong>69.900-064<\/p>\n<p><strong>Fones:<\/strong> 3211-5485<\/p>\n<p><strong>E-mail:<\/strong>vafaz2rb @tjac.jus.br<\/p>\n<p><strong>\u00a0<\/strong><\/p>\n<p><strong>Vara de Registros P\u00fablicos<\/strong><\/p>\n<p><strong>Endere\u00e7o:<\/strong> Rua Benjamin Constant, n\u00ba 1.165 \u2013 Centro<\/p>\n<p><strong>CEP: <\/strong>69.900-064<\/p>\n<p><strong>Fones:<\/strong> 3211-5444<\/p>\n<p><strong>E-mail:<\/strong>vareg1rb@tjac.jus.br<\/p>\n<p>&nbsp;<\/p>\n<p><strong>Vara de \u00d3rf\u00e3os e Sucess\u00f5es<\/strong><\/p>\n<p><strong>Endere\u00e7o:<\/strong> Rua Benjamin Constant, n\u00ba 1.165 \u2013 Centro<\/p>\n<p><strong>CEP: <\/strong>69.900-064<\/p>\n<p><strong>Fones:<\/strong> 3211-5474<\/p>\n<p><strong>E-mail:<\/strong>vaorf1rb@tjac.jus.br<\/p>\n<p>&nbsp;<\/p>\n<p><strong>Vara de Delitos de Drogas e Acidentes de Tr\u00e2nsito<\/strong><\/p>\n<p><strong>Endere\u00e7o:<\/strong> Rua Benjamin Constant, n\u00ba 1.165 \u2013 Centro<\/p>\n<p><strong>CEP: <\/strong>69.900-064<\/p>\n<p><strong>Fones:<\/strong> 3211-5457<\/p>\n<p><strong>E-mail:<\/strong>vatox1rb@tjac.jus.br<\/p>\n<p><strong><br \/>\n<\/strong><\/p>\n<p><strong>1\u00aa Vara do Tribunal do J\u00fari<\/strong><\/p>\n<p><strong>Endere\u00e7o:<\/strong> Rua Benjamin Constant, n\u00ba 1.165 \u2013 Centro<\/p>\n<p><strong>CEP: <\/strong>69.900-064<\/p>\n<p><strong>Fones:<\/strong> 3211-5441<\/p>\n<p><strong>E-mail:<\/strong>vajur1rb@tjac.jus.br<\/p>\n<p><strong>\u00a0<\/strong><\/p>\n<p><strong>2\u00aa Vara do Tribunal do J\u00fari<\/strong><\/p>\n<p><strong>Endere\u00e7o:<\/strong> Rua Benjamin Constant, n\u00ba 1.165 \u2013 Centro<\/p>\n<p><strong>CEP: <\/strong>69.900-064<\/p>\n<p><strong>Fones:<\/strong> 3211-5460<\/p>\n<p>&nbsp;<\/p>\n<p><strong>Assessoria Militar &#8211; ASMIIL<\/strong><\/p>\n<p><strong>Endere\u00e7o:<\/strong> Rua Benjamin Constant, n\u00ba 1.165 \u2013 Centro<\/p>\n<p><strong>CEP: <\/strong>69.900-064<\/p>\n<p><strong>Fones:<\/strong> 3211-5431<\/p>\n<p><strong>E-mail:<\/strong>asmil@tjac.jus.br<\/p>\n<p>&nbsp;<\/p>\n<p><strong>Protocolo<\/strong><\/p>\n<p><strong>Endere\u00e7o:<\/strong> Rua Benjamin Constant, n\u00ba 1.165 \u2013 Centro<\/p>\n<p><strong>CEP: <\/strong>69.900-064<\/p>\n<p><strong>Fones:<\/strong> 3211-5458<\/p>\n","protected":false},"excerpt":{"rendered":"<p>&nbsp; F\u00f3rum Bar\u00e3o do Rio Branco Endere\u00e7o: Rua Benjamin Constant, n\u00ba 1.165 &#8211; Centro CEP: 69.900-064 &nbsp; Balc\u00e3o de Informa\u00e7\u00f5es Fone: 3211-5450 &nbsp; Dire\u00e7\u00e3o do Foro Endere\u00e7o: Rua Benjamin Constant, n\u00ba 1.165 &#8211; Centro CEP: 69.900-064 Fones: 3211-5436 E-mail:diref-rb@tjac.jus.br &nbsp; 1\u00aa Vara C\u00edvel Endere\u00e7o: Rua Benjamin Constant, n\u00ba 1.165 \u2013 Centro CEP: 69.900-064 Fones: 3211-5467 [&hellip;]<\/p>\n","protected":false},"author":2,"featured_media":0,"parent":18,"menu_order":40,"comment_status":"open","ping_status":"open","template":"","meta":{"footnotes":""},"class_list":["post-165","page","type-page","status-publish","hentry"],"_links":{"self":[{"href":"https:\/\/cgm.riobranco.ac.gov.br\/lai\/wp-json\/wp\/v2\/pages\/165","targetHints":{"allow":["GET"]}}],"collection":[{"href":"https:\/\/cgm.riobranco.ac.gov.br\/lai\/wp-json\/wp\/v2\/pages"}],"about":[{"href":"https:\/\/cgm.riobranco.ac.gov.br\/lai\/wp-json\/wp\/v2\/types\/page"}],"author":[{"embeddable":true,"href":"https:\/\/cgm.riobranco.ac.gov.br\/lai\/wp-json\/wp\/v2\/users\/2"}],"replies":[{"embeddable":true,"href":"https:\/\/cgm.riobranco.ac.gov.br\/lai\/wp-json\/wp\/v2\/comments?post=165"}],"version-history":[{"count":1,"href":"https:\/\/cgm.riobranco.ac.gov.br\/lai\/wp-json\/wp\/v2\/pages\/165\/revisions"}],"predecessor-version":[{"id":367,"href":"https:\/\/cgm.riobranco.ac.gov.br\/lai\/wp-json\/wp\/v2\/pages\/165\/revisions\/367"}],"up":[{"embeddable":true,"href":"https:\/\/cgm.riobranco.ac.gov.br\/lai\/wp-json\/wp\/v2\/pages\/18"}],"wp:attachment":[{"href":"https:\/\/cgm.riobranco.ac.gov.br\/lai\/wp-json\/wp\/v2\/media?parent=165"}],"curies":[{"name":"wp","href":"https:\/\/api.w.org\/{rel}","templated":true}]}}