{"id":166,"date":"2013-09-29T18:36:40","date_gmt":"2013-09-29T18:36:40","guid":{"rendered":"http:\/\/portalcgm.riobranco.ac.gov.br\/lai\/forum-ceara\/"},"modified":"2015-06-11T19:21:59","modified_gmt":"2015-06-11T19:21:59","slug":"forum-ceara","status":"publish","type":"page","link":"https:\/\/cgm.riobranco.ac.gov.br\/lai\/encontre-em-rio-branco\/forum-ceara\/","title":{"rendered":"F\u00f3rum da Avenida Cear\u00e1"},"content":{"rendered":"<hr \/>\n<p>&nbsp;<\/p>\n<p><strong>F\u00f3rum da Avenida Ceara <\/strong><\/p>\n<p><strong>Endere\u00e7o:<\/strong> Avenida Cear\u00e1, n\u00ba 2692 \u2013 Abra\u00e3o Alab<\/p>\n<p><strong>CEP: <\/strong>69.900-448<\/p>\n<p>&nbsp;<\/p>\n<p><strong>Vara de Execu\u00e7\u00e3o Fiscal<\/strong><\/p>\n<p><strong>Endere\u00e7o:<\/strong> Avenida Cear\u00e1, n\u00ba 2692 \u2013 Abra\u00e3o Alab<\/p>\n<p><strong>CEP: <\/strong>69.900-448<\/p>\n<p><strong>Fones: <\/strong>3211-5373\/3211-5374<\/p>\n<p>&nbsp;<\/p>\n<p><strong>N\u00facleo de Programas Sociais &#8211; NPROS<\/strong><\/p>\n<p><strong>Endere\u00e7o:<\/strong> Avenida Cear\u00e1, n\u00ba 2692 \u2013 Abra\u00e3o Alab<\/p>\n<p><strong>CEP: <\/strong>69.900-448<\/p>\n<p><strong>Fone:<\/strong> 3211-5389<\/p>\n<p>&nbsp;<\/p>\n<p><strong>Vara de Execu\u00e7\u00f5es de Penas e Medidas Alternativas de Rio Branco &#8211; VEPMA<\/strong><\/p>\n<p><strong>Endere\u00e7o:<\/strong> Avenida Cear\u00e1, n\u00ba 2692 \u2013 Abra\u00e3o Alab<\/p>\n<p><strong>CEP: <\/strong>69.900-448<\/p>\n<p><strong>Fones:<\/strong> 3211-5345\/3211-5342<\/p>\n<p>&nbsp;<\/p>\n<p><strong>Centro Judici\u00e1rio de Solu\u00e7\u00f5es de Conflitos e Cidadania &#8211; CEJUS<\/strong><\/p>\n<p><strong>Endere\u00e7o:<\/strong> Avenida Cear\u00e1, n\u00ba 2692 \u2013 Abra\u00e3o Alab<\/p>\n<p><strong>CEP: <\/strong>69.900-448<\/p>\n<p><strong>Fones:<\/strong> 3211-5412\/3211-5414<\/p>\n<p>&nbsp;<\/p>\n<p><strong>1\u00ba Juizado Especial Criminal<\/strong><\/p>\n<p><strong>Endere\u00e7o:<\/strong> Avenida Cear\u00e1, n\u00ba 2692 \u2013 Abra\u00e3o Alab<\/p>\n<p><strong>CEP: <\/strong>69.900-448<\/p>\n<p><strong>Fone:<\/strong> 3227-5425<\/p>\n<p><strong>E-mail:<\/strong>jecri1rb@tjac.jus.br<\/p>\n<p>&nbsp;<\/p>\n<p><strong>2\u00ba Juizado Especial Criminal<\/strong><\/p>\n<p><strong>Endere\u00e7o:<\/strong> Avenida Cear\u00e1, n\u00ba 2692 \u2013 Abra\u00e3o Alab<\/p>\n<p><strong>CEP: <\/strong>69.900-448<\/p>\n<p><strong>Fone:<\/strong> 3226-5432<\/p>\n<p><strong>E-mail:<\/strong>jecri2rb@tjac.jus.br<\/p>\n<p>&nbsp;<\/p>\n<p><strong>1\u00aa Turma Recursal<\/strong><\/p>\n<p><strong>Endere\u00e7o:<\/strong> Avenida Cear\u00e1, n\u00ba 2692 \u2013 Abra\u00e3o Alab<\/p>\n<p><strong>CEP: <\/strong>69.900-448<\/p>\n<p><strong>Fone:<\/strong> 3211-5407<\/p>\n<p><strong>E-mail:<\/strong>ptrec@tjac.jus.br<\/p>\n<p>&nbsp;<\/p>\n<p><strong>2\u00aa Turma Recursal<\/strong><\/p>\n<p><strong>Endere\u00e7o:<\/strong> Avenida Cear\u00e1, n\u00ba 2692 \u2013 Abra\u00e3o Alab<\/p>\n<p><strong>CEP: <\/strong>69.900-448<\/p>\n<p><strong>Fone:<\/strong> 3211-5408<\/p>\n<p><strong>E-mail:<\/strong>strec@tjac.jus.br<\/p>\n","protected":false},"excerpt":{"rendered":"<p>&nbsp; F\u00f3rum da Avenida Ceara Endere\u00e7o: Avenida Cear\u00e1, n\u00ba 2692 \u2013 Abra\u00e3o Alab CEP: 69.900-448 &nbsp; Vara de Execu\u00e7\u00e3o Fiscal Endere\u00e7o: Avenida Cear\u00e1, n\u00ba 2692 \u2013 Abra\u00e3o Alab CEP: 69.900-448 Fones: 3211-5373\/3211-5374 &nbsp; N\u00facleo de Programas Sociais &#8211; NPROS Endere\u00e7o: Avenida Cear\u00e1, n\u00ba 2692 \u2013 Abra\u00e3o Alab CEP: 69.900-448 Fone: 3211-5389 &nbsp; Vara de Execu\u00e7\u00f5es [&hellip;]<\/p>\n","protected":false},"author":2,"featured_media":0,"parent":18,"menu_order":42,"comment_status":"open","ping_status":"open","template":"","meta":{"footnotes":""},"class_list":["post-166","page","type-page","status-publish","hentry"],"_links":{"self":[{"href":"https:\/\/cgm.riobranco.ac.gov.br\/lai\/wp-json\/wp\/v2\/pages\/166","targetHints":{"allow":["GET"]}}],"collection":[{"href":"https:\/\/cgm.riobranco.ac.gov.br\/lai\/wp-json\/wp\/v2\/pages"}],"about":[{"href":"https:\/\/cgm.riobranco.ac.gov.br\/lai\/wp-json\/wp\/v2\/types\/page"}],"author":[{"embeddable":true,"href":"https:\/\/cgm.riobranco.ac.gov.br\/lai\/wp-json\/wp\/v2\/users\/2"}],"replies":[{"embeddable":true,"href":"https:\/\/cgm.riobranco.ac.gov.br\/lai\/wp-json\/wp\/v2\/comments?post=166"}],"version-history":[{"count":1,"href":"https:\/\/cgm.riobranco.ac.gov.br\/lai\/wp-json\/wp\/v2\/pages\/166\/revisions"}],"predecessor-version":[{"id":369,"href":"https:\/\/cgm.riobranco.ac.gov.br\/lai\/wp-json\/wp\/v2\/pages\/166\/revisions\/369"}],"up":[{"embeddable":true,"href":"https:\/\/cgm.riobranco.ac.gov.br\/lai\/wp-json\/wp\/v2\/pages\/18"}],"wp:attachment":[{"href":"https:\/\/cgm.riobranco.ac.gov.br\/lai\/wp-json\/wp\/v2\/media?parent=166"}],"curies":[{"name":"wp","href":"https:\/\/api.w.org\/{rel}","templated":true}]}}