{"id":168,"date":"2013-09-29T19:04:39","date_gmt":"2013-09-29T19:04:39","guid":{"rendered":"http:\/\/portalcgm.riobranco.ac.gov.br\/lai\/juizados-especiais-civeis\/"},"modified":"2015-06-11T19:25:18","modified_gmt":"2015-06-11T19:25:18","slug":"juizados-especiais-civeis","status":"publish","type":"page","link":"https:\/\/cgm.riobranco.ac.gov.br\/lai\/encontre-em-rio-branco\/juizados-especiais-civeis\/","title":{"rendered":"Juizados Especiais Civeis"},"content":{"rendered":"<hr \/>\n<p>&nbsp;<\/p>\n<p><strong>Juizados Especiais C\u00edveis<\/strong><\/p>\n<p><strong>Endere\u00e7o:<\/strong> Rua Manoel Rodrigues de Souza, n\u00ba 261 &#8211; Bosque<\/p>\n<p><strong>CEP: <\/strong>69.900-451<\/p>\n<p>&nbsp;<\/p>\n<p><strong>Informa\u00e7\u00f5es<\/strong><\/p>\n<p><strong>Endere\u00e7o:<\/strong> Rua Manoel Rodrigues de Souza, n\u00ba 261 &#8211; Bosque<\/p>\n<p><strong>CEP: <\/strong>69.900-451<\/p>\n<p><strong>Fone: <\/strong>3211-5500<\/p>\n<p>&nbsp;<\/p>\n<p><strong>Setor de Reclama\u00e7\u00e3o<\/strong><\/p>\n<p><strong>Endere\u00e7o:<\/strong> Rua Manoel Rodrigues de Souza, n\u00ba 261 &#8211; Bosque<\/p>\n<p><strong>CEP: <\/strong>69.900-451<\/p>\n<p><strong>Fone:<\/strong> 3211-5582<\/p>\n<p>&nbsp;<\/p>\n<p><strong>Setor de Distribui\u00e7\u00e3o<\/strong><\/p>\n<p><strong>Endere\u00e7o:<\/strong> Rua Manoel Rodrigues de Souza, n\u00ba 261 &#8211; Bosque<\/p>\n<p><strong>CEP: <\/strong>69.900-451<\/p>\n<p><strong>Fone:<\/strong> 3211-5517<\/p>\n<p>&nbsp;<\/p>\n<p><strong>Juizado de Tr\u00e2nsito<\/strong><\/p>\n<p><strong>Endere\u00e7o:<\/strong> Rua Manoel Rodrigues de Souza, n\u00ba 261 &#8211; Bosque<\/p>\n<p><strong>CEP: <\/strong>69.900-451<\/p>\n<p><strong>Fone:<\/strong> 3211-5566<\/p>\n<p><strong>E-mail:<\/strong>jetra1rb@tjac.jus.br<\/p>\n<p>&nbsp;<\/p>\n<p><strong>Unidade M\u00f3vel<\/strong><\/p>\n<p><strong>Endere\u00e7o:<\/strong> Rua Manoel Rodrigues de Souza, n\u00ba 261 &#8211; Bosque<\/p>\n<p><strong>CEP: <\/strong>69.900-451<\/p>\n<p><strong>Fone:<\/strong> 9985-2750<\/p>\n<p>&nbsp;<\/p>\n<p><strong>Projeto Cidad\u00e3o<\/strong><\/p>\n<p><strong>Endere\u00e7o:<\/strong> Rua Manoel Rodrigues de Souza, n\u00ba 261 &#8211; Bosque<\/p>\n<p><strong>CEP: <\/strong>69.900-451<\/p>\n<p><strong>Fone:<\/strong> 3211-5362<\/p>\n<p><strong>E-mail:<\/strong>projetocidadao@tjac.jus.br<\/p>\n","protected":false},"excerpt":{"rendered":"<p>&nbsp; Juizados Especiais C\u00edveis Endere\u00e7o: Rua Manoel Rodrigues de Souza, n\u00ba 261 &#8211; Bosque CEP: 69.900-451 &nbsp; Informa\u00e7\u00f5es Endere\u00e7o: Rua Manoel Rodrigues de Souza, n\u00ba 261 &#8211; Bosque CEP: 69.900-451 Fone: 3211-5500 &nbsp; Setor de Reclama\u00e7\u00e3o Endere\u00e7o: Rua Manoel Rodrigues de Souza, n\u00ba 261 &#8211; Bosque CEP: 69.900-451 Fone: 3211-5582 &nbsp; Setor de Distribui\u00e7\u00e3o Endere\u00e7o: [&hellip;]<\/p>\n","protected":false},"author":2,"featured_media":0,"parent":18,"menu_order":47,"comment_status":"open","ping_status":"open","template":"","meta":{"footnotes":""},"class_list":["post-168","page","type-page","status-publish","hentry"],"_links":{"self":[{"href":"https:\/\/cgm.riobranco.ac.gov.br\/lai\/wp-json\/wp\/v2\/pages\/168","targetHints":{"allow":["GET"]}}],"collection":[{"href":"https:\/\/cgm.riobranco.ac.gov.br\/lai\/wp-json\/wp\/v2\/pages"}],"about":[{"href":"https:\/\/cgm.riobranco.ac.gov.br\/lai\/wp-json\/wp\/v2\/types\/page"}],"author":[{"embeddable":true,"href":"https:\/\/cgm.riobranco.ac.gov.br\/lai\/wp-json\/wp\/v2\/users\/2"}],"replies":[{"embeddable":true,"href":"https:\/\/cgm.riobranco.ac.gov.br\/lai\/wp-json\/wp\/v2\/comments?post=168"}],"version-history":[{"count":1,"href":"https:\/\/cgm.riobranco.ac.gov.br\/lai\/wp-json\/wp\/v2\/pages\/168\/revisions"}],"predecessor-version":[{"id":373,"href":"https:\/\/cgm.riobranco.ac.gov.br\/lai\/wp-json\/wp\/v2\/pages\/168\/revisions\/373"}],"up":[{"embeddable":true,"href":"https:\/\/cgm.riobranco.ac.gov.br\/lai\/wp-json\/wp\/v2\/pages\/18"}],"wp:attachment":[{"href":"https:\/\/cgm.riobranco.ac.gov.br\/lai\/wp-json\/wp\/v2\/media?parent=168"}],"curies":[{"name":"wp","href":"https:\/\/api.w.org\/{rel}","templated":true}]}}