{"id":173,"date":"2013-09-29T23:07:26","date_gmt":"2013-09-29T23:07:26","guid":{"rendered":"http:\/\/portalcgm.riobranco.ac.gov.br\/lai\/ministerio-publico\/"},"modified":"2015-06-11T19:26:01","modified_gmt":"2015-06-11T19:26:01","slug":"ministerio-publico","status":"publish","type":"page","link":"https:\/\/cgm.riobranco.ac.gov.br\/lai\/encontre-em-rio-branco\/ministerio-publico\/","title":{"rendered":"Minist\u00e9rio P\u00fablico do Estado do Acre"},"content":{"rendered":"<hr \/>\n<p>&nbsp;<\/p>\n<p><strong>Minist\u00e9rio P\u00fablico do Estado do Acre<\/strong><\/p>\n<p><strong>Endere\u00e7o:<\/strong> Rua Marechal Deodoro, n\u00ba 472 &#8211; Ipase<\/p>\n<p><strong>CEP:<\/strong> 69.900-333<\/p>\n<p><strong>Fones:<\/strong> 3212-2000 \/ Fax: 3212-2065<\/p>\n","protected":false},"excerpt":{"rendered":"<p>&nbsp; Minist\u00e9rio P\u00fablico do Estado do Acre Endere\u00e7o: Rua Marechal Deodoro, n\u00ba 472 &#8211; Ipase CEP: 69.900-333 Fones: 3212-2000 \/ Fax: 3212-2065<\/p>\n","protected":false},"author":2,"featured_media":0,"parent":18,"menu_order":51,"comment_status":"open","ping_status":"open","template":"","meta":{"footnotes":""},"class_list":["post-173","page","type-page","status-publish","hentry"],"_links":{"self":[{"href":"https:\/\/cgm.riobranco.ac.gov.br\/lai\/wp-json\/wp\/v2\/pages\/173","targetHints":{"allow":["GET"]}}],"collection":[{"href":"https:\/\/cgm.riobranco.ac.gov.br\/lai\/wp-json\/wp\/v2\/pages"}],"about":[{"href":"https:\/\/cgm.riobranco.ac.gov.br\/lai\/wp-json\/wp\/v2\/types\/page"}],"author":[{"embeddable":true,"href":"https:\/\/cgm.riobranco.ac.gov.br\/lai\/wp-json\/wp\/v2\/users\/2"}],"replies":[{"embeddable":true,"href":"https:\/\/cgm.riobranco.ac.gov.br\/lai\/wp-json\/wp\/v2\/comments?post=173"}],"version-history":[{"count":1,"href":"https:\/\/cgm.riobranco.ac.gov.br\/lai\/wp-json\/wp\/v2\/pages\/173\/revisions"}],"predecessor-version":[{"id":377,"href":"https:\/\/cgm.riobranco.ac.gov.br\/lai\/wp-json\/wp\/v2\/pages\/173\/revisions\/377"}],"up":[{"embeddable":true,"href":"https:\/\/cgm.riobranco.ac.gov.br\/lai\/wp-json\/wp\/v2\/pages\/18"}],"wp:attachment":[{"href":"https:\/\/cgm.riobranco.ac.gov.br\/lai\/wp-json\/wp\/v2\/media?parent=173"}],"curies":[{"name":"wp","href":"https:\/\/api.w.org\/{rel}","templated":true}]}}