{"id":174,"date":"2013-09-29T23:20:20","date_gmt":"2013-09-29T23:20:20","guid":{"rendered":"http:\/\/portalcgm.riobranco.ac.gov.br\/lai\/ministerio-federal\/"},"modified":"2015-06-11T19:26:10","modified_gmt":"2015-06-11T19:26:10","slug":"ministerio-federal","status":"publish","type":"page","link":"https:\/\/cgm.riobranco.ac.gov.br\/lai\/encontre-em-rio-branco\/ministerio-federal\/","title":{"rendered":"Minist\u00e9rio P\u00fablico Federal &#8211; Procuradoria da Rep\u00fablica no Acre"},"content":{"rendered":"<hr \/>\n<p>&nbsp;<\/p>\n<p><strong>Minist\u00e9rio P\u00fablico Federal &#8211; Procuradoria da Rep\u00fablica no Acre<\/strong><\/p>\n<p><strong>Endere\u00e7o:<\/strong> Av. Epaminondas J\u00e1come, n\u00ba 3017 &#8211; Centro<\/p>\n<p><strong>CEP:<\/strong> 69.900-050<\/p>\n<p><strong>Fone:<\/strong> 3214-1100<\/p>\n","protected":false},"excerpt":{"rendered":"<p>&nbsp; Minist\u00e9rio P\u00fablico Federal &#8211; Procuradoria da Rep\u00fablica no Acre Endere\u00e7o: Av. Epaminondas J\u00e1come, n\u00ba 3017 &#8211; Centro CEP: 69.900-050 Fone: 3214-1100<\/p>\n","protected":false},"author":2,"featured_media":0,"parent":18,"menu_order":52,"comment_status":"open","ping_status":"open","template":"","meta":{"footnotes":""},"class_list":["post-174","page","type-page","status-publish","hentry"],"_links":{"self":[{"href":"https:\/\/cgm.riobranco.ac.gov.br\/lai\/wp-json\/wp\/v2\/pages\/174","targetHints":{"allow":["GET"]}}],"collection":[{"href":"https:\/\/cgm.riobranco.ac.gov.br\/lai\/wp-json\/wp\/v2\/pages"}],"about":[{"href":"https:\/\/cgm.riobranco.ac.gov.br\/lai\/wp-json\/wp\/v2\/types\/page"}],"author":[{"embeddable":true,"href":"https:\/\/cgm.riobranco.ac.gov.br\/lai\/wp-json\/wp\/v2\/users\/2"}],"replies":[{"embeddable":true,"href":"https:\/\/cgm.riobranco.ac.gov.br\/lai\/wp-json\/wp\/v2\/comments?post=174"}],"version-history":[{"count":1,"href":"https:\/\/cgm.riobranco.ac.gov.br\/lai\/wp-json\/wp\/v2\/pages\/174\/revisions"}],"predecessor-version":[{"id":378,"href":"https:\/\/cgm.riobranco.ac.gov.br\/lai\/wp-json\/wp\/v2\/pages\/174\/revisions\/378"}],"up":[{"embeddable":true,"href":"https:\/\/cgm.riobranco.ac.gov.br\/lai\/wp-json\/wp\/v2\/pages\/18"}],"wp:attachment":[{"href":"https:\/\/cgm.riobranco.ac.gov.br\/lai\/wp-json\/wp\/v2\/media?parent=174"}],"curies":[{"name":"wp","href":"https:\/\/api.w.org\/{rel}","templated":true}]}}