{"id":182,"date":"2013-09-30T01:09:04","date_gmt":"2013-09-30T01:09:04","guid":{"rendered":"http:\/\/portalcgm.riobranco.ac.gov.br\/lai\/vigilancia-sanitaria\/"},"modified":"2015-06-11T19:37:23","modified_gmt":"2015-06-11T19:37:23","slug":"vigilancia-sanitaria","status":"publish","type":"page","link":"https:\/\/cgm.riobranco.ac.gov.br\/lai\/encontre-em-rio-branco\/vigilancia-sanitaria\/","title":{"rendered":"Vigil\u00e2ncia Sanit\u00e1ria Estadual"},"content":{"rendered":"<hr \/>\n<p>&nbsp;<\/p>\n<p><strong>Ger\u00eancia de Vigil\u00e2ncia Sanit\u00e1ria Estadual &#8211; ACRE<\/strong><\/p>\n<p><strong>Endere\u00e7o:<\/strong> Avenida Ant\u00f4nio da Rocha Viana, n\u00ba 1.294 &#8211; Bairro Vila Ivonete<\/p>\n<p><strong>CEP:<\/strong> 69.914-610<\/p>\n<p><strong>Fone:<\/strong> 3223-3453<\/p>\n","protected":false},"excerpt":{"rendered":"<p>&nbsp; Ger\u00eancia de Vigil\u00e2ncia Sanit\u00e1ria Estadual &#8211; ACRE Endere\u00e7o: Avenida Ant\u00f4nio da Rocha Viana, n\u00ba 1.294 &#8211; Bairro Vila Ivonete CEP: 69.914-610 Fone: 3223-3453<\/p>\n","protected":false},"author":2,"featured_media":0,"parent":18,"menu_order":82,"comment_status":"open","ping_status":"open","template":"","meta":{"footnotes":""},"class_list":["post-182","page","type-page","status-publish","hentry"],"_links":{"self":[{"href":"https:\/\/cgm.riobranco.ac.gov.br\/lai\/wp-json\/wp\/v2\/pages\/182","targetHints":{"allow":["GET"]}}],"collection":[{"href":"https:\/\/cgm.riobranco.ac.gov.br\/lai\/wp-json\/wp\/v2\/pages"}],"about":[{"href":"https:\/\/cgm.riobranco.ac.gov.br\/lai\/wp-json\/wp\/v2\/types\/page"}],"author":[{"embeddable":true,"href":"https:\/\/cgm.riobranco.ac.gov.br\/lai\/wp-json\/wp\/v2\/users\/2"}],"replies":[{"embeddable":true,"href":"https:\/\/cgm.riobranco.ac.gov.br\/lai\/wp-json\/wp\/v2\/comments?post=182"}],"version-history":[{"count":1,"href":"https:\/\/cgm.riobranco.ac.gov.br\/lai\/wp-json\/wp\/v2\/pages\/182\/revisions"}],"predecessor-version":[{"id":406,"href":"https:\/\/cgm.riobranco.ac.gov.br\/lai\/wp-json\/wp\/v2\/pages\/182\/revisions\/406"}],"up":[{"embeddable":true,"href":"https:\/\/cgm.riobranco.ac.gov.br\/lai\/wp-json\/wp\/v2\/pages\/18"}],"wp:attachment":[{"href":"https:\/\/cgm.riobranco.ac.gov.br\/lai\/wp-json\/wp\/v2\/media?parent=182"}],"curies":[{"name":"wp","href":"https:\/\/api.w.org\/{rel}","templated":true}]}}