{"id":183,"date":"2013-09-30T01:29:30","date_gmt":"2013-09-30T01:29:30","guid":{"rendered":"http:\/\/portalcgm.riobranco.ac.gov.br\/lai\/hospital-clinicas\/"},"modified":"2015-06-11T19:22:56","modified_gmt":"2015-06-11T19:22:56","slug":"hospital-clinicas","status":"publish","type":"page","link":"https:\/\/cgm.riobranco.ac.gov.br\/lai\/encontre-em-rio-branco\/hospital-clinicas\/","title":{"rendered":"Hospitais"},"content":{"rendered":"<hr \/>\n<p>&nbsp;<\/p>\n<p><strong>Hospital das Cl\u00ednicas do Acre<\/strong><\/p>\n<p><strong>Endere\u00e7o:<\/strong> BR-364, Km 2 &#8211; Estrada Dias Martins &#8211; Distrito Industrial<\/p>\n<p><strong>Fone:<\/strong> 3222-4326\/3222-3306<\/p>\n<p>&nbsp;<\/p>\n<p><strong>Hospital de Sa\u00fade Mental &#8211; HOSMAC<\/strong><\/p>\n<p><strong>Endere\u00e7o:<\/strong> Rua Rio Grande do Sul &#8211; Aeroporto Velho<\/p>\n<p><strong>Fones:<\/strong> 3223-4422\/3223-8504<\/p>\n<p>&nbsp;<\/p>\n<p><strong>Hospital da Crian\u00e7a<\/strong><\/p>\n<p><strong>Endere\u00e7o:<\/strong> Rua Jos\u00e9 de Melo, S\/N &#8211; Centro<\/p>\n<p><strong>Fones:<\/strong> 3223-5829\/3223-9681<\/p>\n<p>&nbsp;<\/p>\n<p><strong>Hospital de Urg\u00eancia e Emerg\u00eancia de Rio Branco &#8211; HUERB<\/strong><\/p>\n<p><strong>Endere\u00e7o:<\/strong> Av. Na\u00e7\u00f5es Unidas, S\/N &#8211; Centro<\/p>\n<p><strong>Fones:<\/strong> 3223-3080\/3223-1897<\/p>\n<p>&nbsp;<\/p>\n<p><strong>Maternidade e Cl\u00ednica de Mulheres B\u00e1rba Heliodora<\/strong><\/p>\n<p><strong>Endere\u00e7o:<\/strong> Av. Get\u00falio Vargas, n\u00ba 811 &#8211; Centro<\/p>\n<p><strong>Fones:<\/strong> 3223-9681\/3224-1290<\/p>\n<p><strong>Hor\u00e1rio de Atendimento:<\/strong> 24h<\/p>\n<p>&nbsp;<\/p>\n<p><strong>Unidade Mista Ana Nery<\/strong><\/p>\n<p><strong>Endere\u00e7o:<\/strong> Rodovia BR-364, Km 61 &#8211; Vila Campinas<\/p>\n<p><strong>Fone:<\/strong> 3235-1040<\/p>\n<p>&nbsp;<\/p>\n<p><strong>Pronto Socorro de Rio Branco<\/strong><\/p>\n<p><strong>Endere\u00e7o:<\/strong> Rua Isaura Parente, n\u00ba 23 &#8211; Bairro Bosque<\/p>\n<p><strong>Fone:<\/strong> 3223-3080<\/p>\n<p><strong>Hor\u00e1rio de Funcionamento:<\/strong> 24h<\/p>\n","protected":false},"excerpt":{"rendered":"<p>&nbsp; Hospital das Cl\u00ednicas do Acre Endere\u00e7o: BR-364, Km 2 &#8211; Estrada Dias Martins &#8211; Distrito Industrial Fone: 3222-4326\/3222-3306 &nbsp; Hospital de Sa\u00fade Mental &#8211; HOSMAC Endere\u00e7o: Rua Rio Grande do Sul &#8211; Aeroporto Velho Fones: 3223-4422\/3223-8504 &nbsp; Hospital da Crian\u00e7a Endere\u00e7o: Rua Jos\u00e9 de Melo, S\/N &#8211; Centro Fones: 3223-5829\/3223-9681 &nbsp; Hospital de Urg\u00eancia [&hellip;]<\/p>\n","protected":false},"author":2,"featured_media":0,"parent":18,"menu_order":43,"comment_status":"open","ping_status":"open","template":"","meta":{"footnotes":""},"class_list":["post-183","page","type-page","status-publish","hentry"],"_links":{"self":[{"href":"https:\/\/cgm.riobranco.ac.gov.br\/lai\/wp-json\/wp\/v2\/pages\/183","targetHints":{"allow":["GET"]}}],"collection":[{"href":"https:\/\/cgm.riobranco.ac.gov.br\/lai\/wp-json\/wp\/v2\/pages"}],"about":[{"href":"https:\/\/cgm.riobranco.ac.gov.br\/lai\/wp-json\/wp\/v2\/types\/page"}],"author":[{"embeddable":true,"href":"https:\/\/cgm.riobranco.ac.gov.br\/lai\/wp-json\/wp\/v2\/users\/2"}],"replies":[{"embeddable":true,"href":"https:\/\/cgm.riobranco.ac.gov.br\/lai\/wp-json\/wp\/v2\/comments?post=183"}],"version-history":[{"count":1,"href":"https:\/\/cgm.riobranco.ac.gov.br\/lai\/wp-json\/wp\/v2\/pages\/183\/revisions"}],"predecessor-version":[{"id":370,"href":"https:\/\/cgm.riobranco.ac.gov.br\/lai\/wp-json\/wp\/v2\/pages\/183\/revisions\/370"}],"up":[{"embeddable":true,"href":"https:\/\/cgm.riobranco.ac.gov.br\/lai\/wp-json\/wp\/v2\/pages\/18"}],"wp:attachment":[{"href":"https:\/\/cgm.riobranco.ac.gov.br\/lai\/wp-json\/wp\/v2\/media?parent=183"}],"curies":[{"name":"wp","href":"https:\/\/api.w.org\/{rel}","templated":true}]}}