{"id":185,"date":"2013-09-30T19:41:51","date_gmt":"2013-09-30T19:41:51","guid":{"rendered":"http:\/\/portalcgm.riobranco.ac.gov.br\/lai\/mercados\/"},"modified":"2015-06-11T19:25:50","modified_gmt":"2015-06-11T19:25:50","slug":"mercados","status":"publish","type":"page","link":"https:\/\/cgm.riobranco.ac.gov.br\/lai\/encontre-em-rio-branco\/mercados\/","title":{"rendered":"Mercados"},"content":{"rendered":"<hr \/>\n<p>&nbsp;<\/p>\n<p><strong>Mercado Municipal \u00c1lvaro Rocha (Mercado do Bosque)<\/strong><\/p>\n<p><strong>Endere\u00e7o:<\/strong> Rua Coronel Alexandrino, n\u00ba 635 &#8211; Bosque<\/p>\n<p><strong>Fone:<\/strong> 3223-3124<\/p>\n<p>&nbsp;<\/p>\n<p><strong>Centro Comercial Jos\u00e9 J\u00falio Saldanha (Mercado do Quinze)<\/strong><\/p>\n<p><strong>Endere\u00e7o:<\/strong> Rua Boulevar Augusto Monteiro &#8211; Bairro Quinze<\/p>\n<p><strong>Fone:<\/strong><\/p>\n<p>&nbsp;<\/p>\n<p><strong>Mercado Velho (Antigo Mercado do Primeiro Distrito ou Mercado da Pra\u00e7a da Bandeira)<\/strong><\/p>\n<p><strong>Endere\u00e7o:<\/strong> Pra\u00e7a da Bandeira &#8211; Centro<\/p>\n<p><strong>Fone:<\/strong><\/p>\n<p>&nbsp;<\/p>\n<p><strong>Mercado Municipal Francisco Assis Marinheiro (Mercado da Esta\u00e7\u00e3o)<\/strong><\/p>\n<p><strong>Endere\u00e7o:<\/strong> Avenida Cear\u00e1, n\u00ba 4341<\/p>\n<p><strong>Fone:<\/strong> 3227-6396<\/p>\n<p>&nbsp;<\/p>\n<p><strong>Centro Comercial Fl\u00e1vio de Barros Pimentel (Mercado da Seis de Agosto)<\/strong><\/p>\n<p><strong>Endere\u00e7o:<\/strong> Rua Seis de Agosto, S\/N &#8211; Segundo Distrito<\/p>\n<p><strong>Fone:<\/strong><\/p>\n<p>&nbsp;<\/p>\n<p><strong>Centro Comercial Luiz Galvez (Mercado da Sobral)<\/strong><\/p>\n<p><strong>Endere\u00e7o:<\/strong> Rua S\u00e3o Salvador, S\/N &#8211; Bairro Sobral<\/p>\n<p><strong>Fone:<\/strong><\/p>\n<p>&nbsp;<\/p>\n<p><strong>Centro Comercial Aziz Abucater (Camel\u00f3dromo)<\/strong><\/p>\n<p><strong>Endere\u00e7o:<\/strong> Rua Benjamim Constant, S\/N &#8211; Centro<\/p>\n<p><strong>Fone:<\/strong> 3223-6073<\/p>\n<p>&nbsp;<\/p>\n<p><strong>Mercado Municipal Elias Mansour Sim\u00e3o (Mercado Novo)<\/strong><\/p>\n<p><strong>Endere\u00e7o:<\/strong> Rua Benjamim Constant, n\u00ba 236 &#8211; Centro<\/p>\n<p><strong>Fone:<\/strong> 3223-2535<\/p>\n<p>&nbsp;<\/p>\n<p><strong>Centro Comercial Eduardo Pinho (Conjunto Rui Lino)<\/strong><\/p>\n<p><strong>Endere\u00e7o:<\/strong> Rua Sebasti\u00e3o Galdino, S\/N &#8211; Bairro Distrito Industrial<\/p>\n<p><strong>Fone:<\/strong><\/p>\n","protected":false},"excerpt":{"rendered":"<p>&nbsp; Mercado Municipal \u00c1lvaro Rocha (Mercado do Bosque) Endere\u00e7o: Rua Coronel Alexandrino, n\u00ba 635 &#8211; Bosque Fone: 3223-3124 &nbsp; Centro Comercial Jos\u00e9 J\u00falio Saldanha (Mercado do Quinze) Endere\u00e7o: Rua Boulevar Augusto Monteiro &#8211; Bairro Quinze Fone: &nbsp; Mercado Velho (Antigo Mercado do Primeiro Distrito ou Mercado da Pra\u00e7a da Bandeira) Endere\u00e7o: Pra\u00e7a da Bandeira &#8211; [&hellip;]<\/p>\n","protected":false},"author":2,"featured_media":0,"parent":18,"menu_order":50,"comment_status":"open","ping_status":"open","template":"","meta":{"footnotes":""},"class_list":["post-185","page","type-page","status-publish","hentry"],"_links":{"self":[{"href":"https:\/\/cgm.riobranco.ac.gov.br\/lai\/wp-json\/wp\/v2\/pages\/185","targetHints":{"allow":["GET"]}}],"collection":[{"href":"https:\/\/cgm.riobranco.ac.gov.br\/lai\/wp-json\/wp\/v2\/pages"}],"about":[{"href":"https:\/\/cgm.riobranco.ac.gov.br\/lai\/wp-json\/wp\/v2\/types\/page"}],"author":[{"embeddable":true,"href":"https:\/\/cgm.riobranco.ac.gov.br\/lai\/wp-json\/wp\/v2\/users\/2"}],"replies":[{"embeddable":true,"href":"https:\/\/cgm.riobranco.ac.gov.br\/lai\/wp-json\/wp\/v2\/comments?post=185"}],"version-history":[{"count":1,"href":"https:\/\/cgm.riobranco.ac.gov.br\/lai\/wp-json\/wp\/v2\/pages\/185\/revisions"}],"predecessor-version":[{"id":376,"href":"https:\/\/cgm.riobranco.ac.gov.br\/lai\/wp-json\/wp\/v2\/pages\/185\/revisions\/376"}],"up":[{"embeddable":true,"href":"https:\/\/cgm.riobranco.ac.gov.br\/lai\/wp-json\/wp\/v2\/pages\/18"}],"wp:attachment":[{"href":"https:\/\/cgm.riobranco.ac.gov.br\/lai\/wp-json\/wp\/v2\/media?parent=185"}],"curies":[{"name":"wp","href":"https:\/\/api.w.org\/{rel}","templated":true}]}}