{"id":191,"date":"2013-10-01T13:51:10","date_gmt":"2013-10-01T13:51:10","guid":{"rendered":"http:\/\/portalcgm.riobranco.ac.gov.br\/lai\/feiras-livres\/"},"modified":"2015-06-11T19:21:01","modified_gmt":"2015-06-11T19:21:01","slug":"feiras-livres","status":"publish","type":"page","link":"https:\/\/cgm.riobranco.ac.gov.br\/lai\/encontre-em-rio-branco\/feiras-livres\/","title":{"rendered":"Feiras Livres"},"content":{"rendered":"<hr \/>\n<p style=\"text-align: center;\">\u00a0<img loading=\"lazy\" decoding=\"async\" style=\"border: 4px solid #ebebeb;\" src=\"\/lai\/wp-content\/uploads\/images\/ARQUIVOS\/37_Imagens\/Ferias_Livres.png\" alt=\"\" width=\"500\" height=\"350\" \/><\/p>\n<p><strong>Bairro:<\/strong> Santa In\u00eas<\/p>\n<p><strong>Dia da Semana:<\/strong> Ter\u00e7a-Feira<\/p>\n<p><strong>Endere\u00e7o:<\/strong> Rua da Sanacre \u2013 Travessa Santa Rita \u2013 Pr\u00f3x. Comercial Domingos<\/p>\n<p><strong>Hor\u00e1rio:<\/strong> 5h \u00e0s 12h<\/p>\n<p>&nbsp;<\/p>\n<p><strong>Bairro:<\/strong> Gameleira<\/p>\n<p><strong>Dia da Semana:<\/strong> Ter\u00e7a-Feira<\/p>\n<p><strong>Endere\u00e7o:<\/strong> Cal\u00e7ada da Rua 17 de Novembro, pr\u00f3ximo ao mastro da Bandeira Acreana<\/p>\n<p><strong>Hor\u00e1rio:<\/strong> 5h \u00e0s 18h<\/p>\n<p>&nbsp;<\/p>\n<p><strong>Bairro:<\/strong> Jos\u00e9 Augusto<\/p>\n<p><strong>Dia da Semana:<\/strong> Quarta-Feira<\/p>\n<p><strong>Endere\u00e7o:<\/strong> Rua Est\u00e1cio de S\u00e1, ao lado da Quadra Poliesportiva e Eletrofer<\/p>\n<p><strong>Hor\u00e1rio:<\/strong> 5h \u00e0s 12h<\/p>\n<p>&nbsp;<\/p>\n<p><strong>Bairro:<\/strong> Adalberto Sena<\/p>\n<p><strong>Dia da Semana:<\/strong> Quarta-Feira<\/p>\n<p><strong>Endere\u00e7o:<\/strong> Cal\u00e7ada ao lado do Supermercado Casa dos Cereais, in\u00edcio da Rod. AC 10<\/p>\n<p><strong>Hor\u00e1rio:<\/strong> 5h \u00c0s 12h<\/p>\n<p>&nbsp;<\/p>\n<p><strong>Bairro:<\/strong> Cohab do Bosque<\/p>\n<p><strong>Dia da Semana:<\/strong> Quinta-Feira<\/p>\n<p><strong>Endere\u00e7o:<\/strong> Rua S\u00e9rvulo Ribeiro, prox. a Eletroacre<\/p>\n<p><strong>Hor\u00e1rio:<\/strong> 5h \u00e0s 12h<\/p>\n<p>&nbsp;<\/p>\n<p><strong>Bairro:<\/strong> Base<\/p>\n<p><strong>Dia da Semana:<\/strong> Quinta-Feira<\/p>\n<p><strong>Endere\u00e7o:<\/strong> Av. Epaminondas J\u00e1come (em frente ao Sindicato dos Trabalhadores Rurais \u2013 STR)<\/p>\n<p><strong>Hor\u00e1rio:<\/strong> 5h \u00e0s 12h<\/p>\n<p>&nbsp;<\/p>\n<p><strong>Bairro:<\/strong> Universit\u00e1rio III<\/p>\n<p><strong>Dia da Semana:<\/strong> Sexta-Feira<\/p>\n<p><strong>Endere\u00e7o:<\/strong> Av. Maria Jos\u00e9 de Oliveira, prox. a caixa d\u2019\u00e1gua<\/p>\n<p><strong>Hor\u00e1rio:<\/strong> 5h \u00e0s 12h<\/p>\n<p>&nbsp;<\/p>\n<p><strong>Bairro:<\/strong> Tucum\u00e3<\/p>\n<p><strong>Dia da Semana:<\/strong> Sexta-Feira<\/p>\n<p><strong>Endere\u00e7o:<\/strong> Av. Oeste, em frente a Drogaria W<\/p>\n<p><strong>Hor\u00e1rio:<\/strong> 5h \u00e0s 13h<\/p>\n<p>&nbsp;<\/p>\n<p><strong>Bairro:<\/strong> Sobral<\/p>\n<p><strong>Dia da Semana:<\/strong> Sexta-Feira<\/p>\n<p><strong>Endere\u00e7o:<\/strong> Pra\u00e7a do Mercado Luiz Galvez \u2013 Rua S\u00e3o Salvador, S\/N<\/p>\n<p><strong>Hor\u00e1rio:<\/strong> 5h \u00e0s 12h<\/p>\n<p>&nbsp;<\/p>\n<p><strong>Bairro:<\/strong> Calafate<\/p>\n<p><strong>Dia da Semana:<\/strong> Sexta-Feira<\/p>\n<p><strong>Endere\u00e7o:<\/strong> Estrada do Calafate \u2013 Pra\u00e7a S\u00e3o Miguel, Cal\u00e7ada da Igreja Cat\u00f3lica<\/p>\n<p><strong>Hor\u00e1rio:<\/strong> 6h \u00e0s 14h<\/p>\n<p>&nbsp;<\/p>\n<p><strong>Bairro:<\/strong> Floresta (Bela Vista)<\/p>\n<p><strong>Dia da Semana:<\/strong> S\u00e1bado<\/p>\n<p><strong>Endere\u00e7o:<\/strong> Rua Edmundo Pinto, ao lado do Bar Uni\u00e3o<\/p>\n<p><strong>Hor\u00e1rio:<\/strong> 5h \u00e0s 13h<\/p>\n<p>&nbsp;<\/p>\n<p><strong>Bairro:<\/strong> Vila Ivonete<\/p>\n<p><strong>Dia da Semana:<\/strong> S\u00e1bado<\/p>\n<p><strong>Endere\u00e7o:<\/strong> Av. Antonio da Rocha Viana em frente ao Posto de Sa\u00fade<\/p>\n<p><strong>Hor\u00e1rio:<\/strong> 5h \u00e0s 14h<\/p>\n<p>&nbsp;<\/p>\n<p><strong>Bairro:<\/strong> Palheiral\/Jo\u00e3o Eduardo \u2013 \u201cQuatro Bocas\u201d<\/p>\n<p><strong>Dia da Semana:<\/strong> S\u00e1bado<\/p>\n<p><strong>Endere\u00e7o:<\/strong> Rua Ti\u00e3o Natureza, em frente a Escola Estadual Raimunda Balbino<\/p>\n<p><strong>Hor\u00e1rio:<\/strong> 5h \u00e0s 12h<\/p>\n<p>&nbsp;<\/p>\n<p><strong>Bairro:<\/strong> Seis de Agosto<\/p>\n<p><strong>Dia da Semana:<\/strong> S\u00e1bado<\/p>\n<p><strong>Endere\u00e7o:<\/strong> Mercado Fl\u00e1vio Barros Pimentel \u2013 Mercado da Seis \u2013 Rua 6 de Agosto, S\/N<\/p>\n<p><strong>Hor\u00e1rio:<\/strong> 5h \u00e0s 12h<\/p>\n<p>&nbsp;<\/p>\n<p><strong>Bairro:<\/strong> Vila Verde &#8211; Transacreana<\/p>\n<p><strong>Dia da Semana:<\/strong> S\u00e1bado<\/p>\n<p><strong>Endere\u00e7o:<\/strong> Estrada Transacreana, Km 58 \u2013 Quadra da Escola Municipal Terezinha Migu\u00e9is<\/p>\n<p><strong>Hor\u00e1rio:<\/strong> 5h \u00e0s 12h<\/p>\n<p>&nbsp;<\/p>\n<p><strong>Bairro:<\/strong> Tancredo Neves<\/p>\n<p><strong>Dia da Semana:<\/strong> Domingo<\/p>\n<p><strong>Endere\u00e7o:<\/strong> Rua S\u00e3o Luis de Morais \u2013 Ponto Final do \u00d4nibus<\/p>\n<p><strong>Hor\u00e1rio:<\/strong> 5h \u00e0s 12h<\/p>\n<p>&nbsp;<\/p>\n<p><strong>Bairro:<\/strong> Cidade Nova<\/p>\n<p><strong>Dia da Semana:<\/strong> Domingo<\/p>\n<p><strong>Endere\u00e7o:<\/strong> Rua Palmeiral \u2013 Ao lado da Rodovi\u00e1ria Interestadual Antiga<\/p>\n<p><strong>Hor\u00e1rio:<\/strong> 5h \u00e0s 13h<\/p>\n<p>&nbsp;<\/p>\n<p><strong>Bairro:<\/strong> 2\u00ba Distrito<\/p>\n<p><strong>Dia da Semana:<\/strong> Domingo<\/p>\n<p><strong>Endere\u00e7o:<\/strong> Cal\u00e7ada ao lado da Concession\u00e1ria Recol Ve\u00edculos em frente ao Supermercado Ara\u00fajo<\/p>\n<p><strong>Hor\u00e1rio:<\/strong> 5h \u00e0s 12h<\/p>\n","protected":false},"excerpt":{"rendered":"<p>\u00a0 Bairro: Santa In\u00eas Dia da Semana: Ter\u00e7a-Feira Endere\u00e7o: Rua da Sanacre \u2013 Travessa Santa Rita \u2013 Pr\u00f3x. Comercial Domingos Hor\u00e1rio: 5h \u00e0s 12h &nbsp; Bairro: Gameleira Dia da Semana: Ter\u00e7a-Feira Endere\u00e7o: Cal\u00e7ada da Rua 17 de Novembro, pr\u00f3ximo ao mastro da Bandeira Acreana Hor\u00e1rio: 5h \u00e0s 18h &nbsp; Bairro: Jos\u00e9 Augusto Dia da Semana: [&hellip;]<\/p>\n","protected":false},"author":2,"featured_media":0,"parent":18,"menu_order":39,"comment_status":"open","ping_status":"open","template":"","meta":{"footnotes":""},"class_list":["post-191","page","type-page","status-publish","hentry"],"_links":{"self":[{"href":"https:\/\/cgm.riobranco.ac.gov.br\/lai\/wp-json\/wp\/v2\/pages\/191","targetHints":{"allow":["GET"]}}],"collection":[{"href":"https:\/\/cgm.riobranco.ac.gov.br\/lai\/wp-json\/wp\/v2\/pages"}],"about":[{"href":"https:\/\/cgm.riobranco.ac.gov.br\/lai\/wp-json\/wp\/v2\/types\/page"}],"author":[{"embeddable":true,"href":"https:\/\/cgm.riobranco.ac.gov.br\/lai\/wp-json\/wp\/v2\/users\/2"}],"replies":[{"embeddable":true,"href":"https:\/\/cgm.riobranco.ac.gov.br\/lai\/wp-json\/wp\/v2\/comments?post=191"}],"version-history":[{"count":2,"href":"https:\/\/cgm.riobranco.ac.gov.br\/lai\/wp-json\/wp\/v2\/pages\/191\/revisions"}],"predecessor-version":[{"id":947,"href":"https:\/\/cgm.riobranco.ac.gov.br\/lai\/wp-json\/wp\/v2\/pages\/191\/revisions\/947"}],"up":[{"embeddable":true,"href":"https:\/\/cgm.riobranco.ac.gov.br\/lai\/wp-json\/wp\/v2\/pages\/18"}],"wp:attachment":[{"href":"https:\/\/cgm.riobranco.ac.gov.br\/lai\/wp-json\/wp\/v2\/media?parent=191"}],"curies":[{"name":"wp","href":"https:\/\/api.w.org\/{rel}","templated":true}]}}