{"id":192,"date":"2013-10-01T18:46:00","date_gmt":"2013-10-01T18:46:00","guid":{"rendered":"http:\/\/portalcgm.riobranco.ac.gov.br\/lai\/central-atendimento-cidadao\/"},"modified":"2021-10-18T12:14:16","modified_gmt":"2021-10-18T17:14:16","slug":"central-atendimento-cidadao","status":"publish","type":"page","link":"https:\/\/cgm.riobranco.ac.gov.br\/lai\/encontre-em-rio-branco\/central-atendimento-cidadao\/","title":{"rendered":"Central de Atendimento ao Cidad\u00e3o"},"content":{"rendered":"<hr \/>\n<p><img loading=\"lazy\" decoding=\"async\" style=\"border: 4px solid #ebebeb; display: block; margin-left: auto; margin-right: auto;\" src=\"\/lai\/wp-content\/uploads\/images\/OCA.jpg\" alt=\"OCA\" width=\"515\" height=\"350\" \/><\/p>\n<p style=\"text-align: center;\">Foto: S\u00e9rgio Vale<\/p>\n<hr \/>\n<p><strong>CAC &#8211; Centrais de Servi\u00e7os P\u00fablicos &#8211; OCA (Pra\u00e7a Vermelha &#8211; PMRB)<\/strong><\/p>\n<p>Endere\u00e7o: <strong>Rua Quintino Bocaiuva, n\u00ba 299 &#8211; Centro (Esquina com Avenida Brasil)<\/strong><\/p>\n<p>Fone:\u00a0<strong>(68) 3215-2438<\/strong><\/p>\n<p>Hor\u00e1rio de Funcionamento:\u00a0<strong>segunda a sexta-feira das 8h \u00e0s 16h<\/strong><\/p>\n<hr \/>\n<p><strong>CAC &#8211; Esta\u00e7\u00e3o\u00a0 (Mercado Francisco Marinheiro)<\/strong><\/p>\n<p>Endere\u00e7o: Rua Sorocaba, Box 03 e 04 &#8211; Bairro Esta\u00e7\u00e3o Experimental. (Esquina com Avenida Cear\u00e1)<\/p>\n<p>Hor\u00e1rio de Funcionamento:\u00a0<strong>segunda a sexta-feira das 7h \u00e0s 18h<\/strong><\/p>\n<p>Fone: <strong>(68) 3227-7039<\/strong><\/p>\n<hr \/>\n<p><strong>CAC &#8211; Sobral (Mercado Luiz Galvez)<\/strong><\/p>\n<p>Endere\u00e7o: <strong>Estrada da Sobra, Box 80 &#8211; Bairro Sobral<\/strong><\/p>\n<p>Hor\u00e1rio de Funcionamento:\u00a0<strong>segunda a sexta-feira das 7h \u00e0s 18h<\/strong><\/p>\n<p>Telefone:\u00a0<strong>(68) 3242-2132<\/strong><\/p>\n<hr \/>\n<p><strong>CAC &#8211; (Rodovi\u00e1ria Internacional de Rio Branco)<\/strong><\/p>\n<p>Endere\u00e7o: <strong>Rodovia BR-364, km-125, Via Verde, bairro Corrente\u00a0 \u2013 CEP.: 69.914-220\u00a0(em frente \u00e0 UPA do 2\u00ba distrito)<\/strong><\/p>\n<p>Hor\u00e1rio de Funcionamento e Atendimento:\u00a0<strong>segunda a sexta-feira das 7h \u00e0s 18h<\/strong><\/p>\n<p>Telefone:\u00a0<strong>(68) 3223-7289<\/strong><\/p>\n","protected":false},"excerpt":{"rendered":"<p>Foto: S\u00e9rgio Vale CAC &#8211; Centrais de Servi\u00e7os P\u00fablicos &#8211; OCA (Pra\u00e7a Vermelha &#8211; PMRB) Endere\u00e7o: Rua Quintino Bocaiuva, n\u00ba 299 &#8211; Centro (Esquina com Avenida Brasil) Fone:\u00a0(68) 3215-2438 Hor\u00e1rio de Funcionamento:\u00a0segunda a sexta-feira das 8h \u00e0s 16h CAC &#8211; Esta\u00e7\u00e3o\u00a0 (Mercado Francisco Marinheiro) Endere\u00e7o: Rua Sorocaba, Box 03 e 04 &#8211; Bairro Esta\u00e7\u00e3o Experimental. [&hellip;]<\/p>\n","protected":false},"author":2,"featured_media":0,"parent":18,"menu_order":12,"comment_status":"open","ping_status":"open","template":"","meta":{"footnotes":""},"class_list":["post-192","page","type-page","status-publish","hentry"],"_links":{"self":[{"href":"https:\/\/cgm.riobranco.ac.gov.br\/lai\/wp-json\/wp\/v2\/pages\/192","targetHints":{"allow":["GET"]}}],"collection":[{"href":"https:\/\/cgm.riobranco.ac.gov.br\/lai\/wp-json\/wp\/v2\/pages"}],"about":[{"href":"https:\/\/cgm.riobranco.ac.gov.br\/lai\/wp-json\/wp\/v2\/types\/page"}],"author":[{"embeddable":true,"href":"https:\/\/cgm.riobranco.ac.gov.br\/lai\/wp-json\/wp\/v2\/users\/2"}],"replies":[{"embeddable":true,"href":"https:\/\/cgm.riobranco.ac.gov.br\/lai\/wp-json\/wp\/v2\/comments?post=192"}],"version-history":[{"count":10,"href":"https:\/\/cgm.riobranco.ac.gov.br\/lai\/wp-json\/wp\/v2\/pages\/192\/revisions"}],"predecessor-version":[{"id":3499,"href":"https:\/\/cgm.riobranco.ac.gov.br\/lai\/wp-json\/wp\/v2\/pages\/192\/revisions\/3499"}],"up":[{"embeddable":true,"href":"https:\/\/cgm.riobranco.ac.gov.br\/lai\/wp-json\/wp\/v2\/pages\/18"}],"wp:attachment":[{"href":"https:\/\/cgm.riobranco.ac.gov.br\/lai\/wp-json\/wp\/v2\/media?parent=192"}],"curies":[{"name":"wp","href":"https:\/\/api.w.org\/{rel}","templated":true}]}}