{"id":193,"date":"2013-10-01T19:49:21","date_gmt":"2013-10-01T19:49:21","guid":{"rendered":"http:\/\/portalcgm.riobranco.ac.gov.br\/lai\/centros-saude\/"},"modified":"2016-02-01T19:01:43","modified_gmt":"2016-02-01T19:01:43","slug":"centros-saude","status":"publish","type":"page","link":"https:\/\/cgm.riobranco.ac.gov.br\/lai\/encontre-em-rio-branco\/centros-saude\/","title":{"rendered":"Centros de Sa\u00fade"},"content":{"rendered":"<hr \/>\n<p>&nbsp;<\/p>\n<p style=\"text-align: center;\"><img loading=\"lazy\" decoding=\"async\" style=\"border: 4px solid #ebebeb;\" src=\"\/lai\/wp-content\/uploads\/images\/ARQUIVOS\/37_Imagens\/Menu_Centro_de_Saude.JPG\" alt=\"\" width=\"500\" height=\"350\" \/><\/p>\n<p style=\"text-align: center;\">\u00a0Centro de Sa\u00fade Ary Rodrigues<\/p>\n<p><strong>Centro de Sa\u00fade Ary Rodrigues<\/strong><\/p>\n<p><strong>Endere\u00e7o:<\/strong> Rua Seis de Agosto, n\u00ba 1.095 &#8211; Bairro Seis de Agosto<\/p>\n<p><strong>Fone:<\/strong> 3224-9529<\/p>\n<p><strong>Hor\u00e1rio de Funcionamento:<\/strong> 7h \u00e0s 18h<\/p>\n<p>&nbsp;<\/p>\n<p><strong>Centro de Sa\u00fade Barral Y Barral<\/strong><\/p>\n<p><strong>Endere\u00e7o:<\/strong> Avenida Na\u00e7\u00f5es Unidas, n\u00ba 690 &#8211; Bairro Esta\u00e7\u00e3o Experimental<\/p>\n<p><strong>Fone:<\/strong> 3226-4202<\/p>\n<p><strong>Hor\u00e1rio de Funcionamento:<\/strong> 7h \u00e0s 18h<\/p>\n<p>&nbsp;<\/p>\n<p><strong>Centro de Sa\u00fade Eduardo Asmar<\/strong><\/p>\n<p><strong>Endere\u00e7o:\u00a0<\/strong>Rua Salim M. Faraht, S\/N, Bairro Quinze<\/p>\n<p><strong>Fone:\u00a0<\/strong>3221-0925<\/p>\n<p><strong>Hor\u00e1rio de Funcionamento<\/strong>: 7h \u00e0s 18h<\/p>\n<p>&nbsp;<\/p>\n<p><strong>Centro de Sa\u00fade Souza Ara\u00fajo<\/strong><\/p>\n<p><strong>Endere\u00e7o:<\/strong> BR 364, Km 12<\/p>\n<p><strong>Fone:<\/strong> 3248-6259<\/p>\n<p><strong>Hor\u00e1rio de Funcionamento:<\/strong> 7h \u00e0s 18h<\/p>\n<p>&nbsp;<\/p>\n<p><strong>Centro de Sa\u00fade Dr. M\u00e1rio Maia<\/strong><\/p>\n<p><strong>Endere\u00e7o:<\/strong> Rua Nova Andir\u00e1, n\u00ba 384 &#8211; Bairro Cidade Nova<\/p>\n<p><strong>Fone:<\/strong> 3223-7915<\/p>\n<p><strong>Hor\u00e1rio de Funcionamento:<\/strong> 7h \u00e0s 18h<\/p>\n<p>&nbsp;<\/p>\n<p><strong>Centro de Sa\u00fade Cl\u00e1udia Vitorino<\/strong><\/p>\n<p><strong>Endere\u00e7o:<\/strong> Rua Baguari, S\/N (Esquina c\/ Rod. AC 40) &#8211; Bairro Taquari<\/p>\n<p><strong>Fone:<\/strong> 3221-4717<\/p>\n<p><strong>Hor\u00e1rio de Funcionamento:<\/strong> 7h \u00e0s 18h<\/p>\n<p>&nbsp;<\/p>\n<p><strong>Centro de Sa\u00fade Vila Ivonete<\/strong><\/p>\n<p><strong>Endere\u00e7o: <\/strong>Avenida Antonio da Rocha Viana, S\/N<\/p>\n<p><strong>Fone:\u00a0<\/strong>3228-0554<\/p>\n<p><strong>Hor\u00e1rio de Funcionamento:<\/strong>\u00a07h \u00e0s 18h<\/p>\n<p>&nbsp;<\/p>\n<p><strong>Centro de Sa\u00fade Placas<\/strong><\/p>\n<p><strong>Endere\u00e7o:<\/strong> Antiga Estrada de Porto Acre, n\u00ba 912 &#8211; Bairro Placas<\/p>\n<p><strong>Fone:<\/strong> 3228-9336<\/p>\n<p><strong>Hor\u00e1rio de Funcionamento:<\/strong> 7h \u00e0s 18h<\/p>\n<p>&nbsp;<\/p>\n<p><strong>Centro de Sa\u00fade Rozangela Pimentel Figueira<\/strong><\/p>\n<p><strong>Endere\u00e7o:<\/strong>\u00a0Rua Maria Francisco, Km 6, S\/N &#8211; Bairro Calafate<\/p>\n<p><strong>Fone:<\/strong> 3225-6585<\/p>\n<p><strong>Hor\u00e1rio de Funcionamento:<\/strong> 7h \u00e0s 18h<\/p>\n<p>&nbsp;<\/p>\n<p><strong>Centro de Sa\u00fade Roney Meireles<\/strong><\/p>\n<p><strong>Endere\u00e7o:<\/strong> Rua Arara, n\u00ba 132 &#8211; Bairro Adalberto Sena<\/p>\n<p><strong>Fone:<\/strong> 3228-2329<\/p>\n<p><strong>Hor\u00e1rio de Funcionamento:<\/strong>\u00a07h \u00e0s 18h<\/p>\n","protected":false},"excerpt":{"rendered":"<p>&nbsp; \u00a0Centro de Sa\u00fade Ary Rodrigues Centro de Sa\u00fade Ary Rodrigues Endere\u00e7o: Rua Seis de Agosto, n\u00ba 1.095 &#8211; Bairro Seis de Agosto Fone: 3224-9529 Hor\u00e1rio de Funcionamento: 7h \u00e0s 18h &nbsp; Centro de Sa\u00fade Barral Y Barral Endere\u00e7o: Avenida Na\u00e7\u00f5es Unidas, n\u00ba 690 &#8211; Bairro Esta\u00e7\u00e3o Experimental Fone: 3226-4202 Hor\u00e1rio de Funcionamento: 7h \u00e0s [&hellip;]<\/p>\n","protected":false},"author":2,"featured_media":0,"parent":18,"menu_order":20,"comment_status":"open","ping_status":"open","template":"","meta":{"footnotes":""},"class_list":["post-193","page","type-page","status-publish","hentry"],"_links":{"self":[{"href":"https:\/\/cgm.riobranco.ac.gov.br\/lai\/wp-json\/wp\/v2\/pages\/193","targetHints":{"allow":["GET"]}}],"collection":[{"href":"https:\/\/cgm.riobranco.ac.gov.br\/lai\/wp-json\/wp\/v2\/pages"}],"about":[{"href":"https:\/\/cgm.riobranco.ac.gov.br\/lai\/wp-json\/wp\/v2\/types\/page"}],"author":[{"embeddable":true,"href":"https:\/\/cgm.riobranco.ac.gov.br\/lai\/wp-json\/wp\/v2\/users\/2"}],"replies":[{"embeddable":true,"href":"https:\/\/cgm.riobranco.ac.gov.br\/lai\/wp-json\/wp\/v2\/comments?post=193"}],"version-history":[{"count":5,"href":"https:\/\/cgm.riobranco.ac.gov.br\/lai\/wp-json\/wp\/v2\/pages\/193\/revisions"}],"predecessor-version":[{"id":1216,"href":"https:\/\/cgm.riobranco.ac.gov.br\/lai\/wp-json\/wp\/v2\/pages\/193\/revisions\/1216"}],"up":[{"embeddable":true,"href":"https:\/\/cgm.riobranco.ac.gov.br\/lai\/wp-json\/wp\/v2\/pages\/18"}],"wp:attachment":[{"href":"https:\/\/cgm.riobranco.ac.gov.br\/lai\/wp-json\/wp\/v2\/media?parent=193"}],"curies":[{"name":"wp","href":"https:\/\/api.w.org\/{rel}","templated":true}]}}