{"id":195,"date":"2013-10-02T18:09:10","date_gmt":"2013-10-02T18:09:10","guid":{"rendered":"http:\/\/portalcgm.riobranco.ac.gov.br\/lai\/feira-produtos-organicos\/"},"modified":"2015-06-11T19:20:39","modified_gmt":"2015-06-11T19:20:39","slug":"feira-produtos-organicos","status":"publish","type":"page","link":"https:\/\/cgm.riobranco.ac.gov.br\/lai\/encontre-em-rio-branco\/feira-produtos-organicos\/","title":{"rendered":"Feiras de Produtos Org\u00e2nicos"},"content":{"rendered":"<hr \/>\n<p><img loading=\"lazy\" decoding=\"async\" style=\"border: 4px solid #ebebeb; display: block; margin-left: auto; margin-right: auto;\" src=\"\/lai\/wp-content\/uploads\/images\/CEASA.jpg\" alt=\"CEASA\" width=\"515\" height=\"350\" \/><\/p>\n<p style=\"text-align: center;\">\u00a0Foto: Marcos Vicentti\/Asscom<\/p>\n<p><strong>Bairro:<\/strong> CEASA\/AC &#8211; Feira Org\u00e2nica<\/p>\n<p><strong>Dia da Semana:<\/strong> Sexta-Feira<\/p>\n<p><strong>Endere\u00e7o:<\/strong> Estrada da Sobral<\/p>\n<p><strong>Hor\u00e1rio:<\/strong> 3h30 \u00e0s 9h<\/p>\n<p>&nbsp;<\/p>\n<p><strong>Bairro:<\/strong> Centro (Feira Org\u00e2nica)<\/p>\n<p><strong>Dia da Semana:<\/strong> Sexta e S\u00e1bado<\/p>\n<p><strong>Endere\u00e7o:<\/strong> Rua Benjamin Constant com a Rua Sergipe, em frente ao Terminal Urbano<\/p>\n<p><strong>Hor\u00e1rio:<\/strong> Sextas \u2013 14h \u00e0s 18h \/ S\u00e1bado \u2013 5h \u00c0s 18h<\/p>\n","protected":false},"excerpt":{"rendered":"<p>\u00a0Foto: Marcos Vicentti\/Asscom Bairro: CEASA\/AC &#8211; Feira Org\u00e2nica Dia da Semana: Sexta-Feira Endere\u00e7o: Estrada da Sobral Hor\u00e1rio: 3h30 \u00e0s 9h &nbsp; Bairro: Centro (Feira Org\u00e2nica) Dia da Semana: Sexta e S\u00e1bado Endere\u00e7o: Rua Benjamin Constant com a Rua Sergipe, em frente ao Terminal Urbano Hor\u00e1rio: Sextas \u2013 14h \u00e0s 18h \/ S\u00e1bado \u2013 5h \u00c0s [&hellip;]<\/p>\n","protected":false},"author":2,"featured_media":0,"parent":18,"menu_order":37,"comment_status":"open","ping_status":"open","template":"","meta":{"footnotes":""},"class_list":["post-195","page","type-page","status-publish","hentry"],"_links":{"self":[{"href":"https:\/\/cgm.riobranco.ac.gov.br\/lai\/wp-json\/wp\/v2\/pages\/195","targetHints":{"allow":["GET"]}}],"collection":[{"href":"https:\/\/cgm.riobranco.ac.gov.br\/lai\/wp-json\/wp\/v2\/pages"}],"about":[{"href":"https:\/\/cgm.riobranco.ac.gov.br\/lai\/wp-json\/wp\/v2\/types\/page"}],"author":[{"embeddable":true,"href":"https:\/\/cgm.riobranco.ac.gov.br\/lai\/wp-json\/wp\/v2\/users\/2"}],"replies":[{"embeddable":true,"href":"https:\/\/cgm.riobranco.ac.gov.br\/lai\/wp-json\/wp\/v2\/comments?post=195"}],"version-history":[{"count":2,"href":"https:\/\/cgm.riobranco.ac.gov.br\/lai\/wp-json\/wp\/v2\/pages\/195\/revisions"}],"predecessor-version":[{"id":945,"href":"https:\/\/cgm.riobranco.ac.gov.br\/lai\/wp-json\/wp\/v2\/pages\/195\/revisions\/945"}],"up":[{"embeddable":true,"href":"https:\/\/cgm.riobranco.ac.gov.br\/lai\/wp-json\/wp\/v2\/pages\/18"}],"wp:attachment":[{"href":"https:\/\/cgm.riobranco.ac.gov.br\/lai\/wp-json\/wp\/v2\/media?parent=195"}],"curies":[{"name":"wp","href":"https:\/\/api.w.org\/{rel}","templated":true}]}}