{"id":203,"date":"2013-10-03T12:33:06","date_gmt":"2013-10-03T12:33:06","guid":{"rendered":"http:\/\/portalcgm.riobranco.ac.gov.br\/lai\/terminal-urbano\/"},"modified":"2015-06-11T19:33:12","modified_gmt":"2015-06-11T19:33:12","slug":"terminal-urbano","status":"publish","type":"page","link":"https:\/\/cgm.riobranco.ac.gov.br\/lai\/encontre-em-rio-branco\/terminal-urbano\/","title":{"rendered":"Terminal Urbano de Rio Branco"},"content":{"rendered":"<hr \/>\n<p><img loading=\"lazy\" decoding=\"async\" style=\"border: 4px solid #ebebeb; display: block; margin-left: auto; margin-right: auto;\" src=\"\/lai\/wp-content\/uploads\/images\/ARQUIVOS\/37_Imagens\/TU.JPG\" alt=\"\" width=\"500\" height=\"350\" \/><\/p>\n<p>&nbsp;<\/p>\n<p><strong>Terminal Urbano de Rio Branco &#8211; Francisco Alves Ribeiro<\/strong><\/p>\n<p><strong>Endere\u00e7o:<\/strong> Rua Sergipe, n\u00ba 321 &#8211;\u00a0 Centro<\/p>\n<p><strong>Hor\u00e1rio de Funcionamento Administrativo:<\/strong> Segunda a Sexta &#8211; 8h \u00e0s 13h e 15h \u00e0s 18h<\/p>\n<p><strong>Hor\u00e1rio de Funcionamento do Terminal:<\/strong> 5h \u00e0s 23h30<\/p>\n<p><strong>Fone:<\/strong> 3223-0979<\/p>\n<p>&nbsp;<\/p>\n<p style=\"text-align: center;\"><img loading=\"lazy\" decoding=\"async\" style=\"border: 4px solid #ebebeb;\" src=\"\/lai\/wp-content\/uploads\/images\/ARQUIVOS\/37_Imagens\/Menu_Terminal_Urbano_-_Marcus_Vicentti.jpg\" alt=\"\" width=\"515\" height=\"350\" \/><\/p>\n<p style=\"text-align: center;\">Foto:\u00a0Marcos Vicentti\/Asscom<\/p>\n<p style=\"text-align: center;\"><img loading=\"lazy\" decoding=\"async\" style=\"border: 4px solid #ebebeb;\" src=\"\/lai\/wp-content\/uploads\/images\/ARQUIVOS\/37_Imagens\/Terminal_Urbano_Foto_Marcos_Vicentti.jpg\" alt=\"\" width=\"500\" height=\"350\" \/><\/p>\n<p style=\"text-align: center;\"><span style=\"text-align: center;\">Foto:\u00a0<\/span><span style=\"text-align: center;\">Marcos Vicentti\/Asscom<\/span><\/p>\n","protected":false},"excerpt":{"rendered":"<p>&nbsp; Terminal Urbano de Rio Branco &#8211; Francisco Alves Ribeiro Endere\u00e7o: Rua Sergipe, n\u00ba 321 &#8211;\u00a0 Centro Hor\u00e1rio de Funcionamento Administrativo: Segunda a Sexta &#8211; 8h \u00e0s 13h e 15h \u00e0s 18h Hor\u00e1rio de Funcionamento do Terminal: 5h \u00e0s 23h30 Fone: 3223-0979 &nbsp; Foto:\u00a0Marcos Vicentti\/Asscom Foto:\u00a0Marcos Vicentti\/Asscom<\/p>\n","protected":false},"author":2,"featured_media":0,"parent":18,"menu_order":67,"comment_status":"open","ping_status":"open","template":"","meta":{"footnotes":""},"class_list":["post-203","page","type-page","status-publish","hentry"],"_links":{"self":[{"href":"https:\/\/cgm.riobranco.ac.gov.br\/lai\/wp-json\/wp\/v2\/pages\/203","targetHints":{"allow":["GET"]}}],"collection":[{"href":"https:\/\/cgm.riobranco.ac.gov.br\/lai\/wp-json\/wp\/v2\/pages"}],"about":[{"href":"https:\/\/cgm.riobranco.ac.gov.br\/lai\/wp-json\/wp\/v2\/types\/page"}],"author":[{"embeddable":true,"href":"https:\/\/cgm.riobranco.ac.gov.br\/lai\/wp-json\/wp\/v2\/users\/2"}],"replies":[{"embeddable":true,"href":"https:\/\/cgm.riobranco.ac.gov.br\/lai\/wp-json\/wp\/v2\/comments?post=203"}],"version-history":[{"count":2,"href":"https:\/\/cgm.riobranco.ac.gov.br\/lai\/wp-json\/wp\/v2\/pages\/203\/revisions"}],"predecessor-version":[{"id":954,"href":"https:\/\/cgm.riobranco.ac.gov.br\/lai\/wp-json\/wp\/v2\/pages\/203\/revisions\/954"}],"up":[{"embeddable":true,"href":"https:\/\/cgm.riobranco.ac.gov.br\/lai\/wp-json\/wp\/v2\/pages\/18"}],"wp:attachment":[{"href":"https:\/\/cgm.riobranco.ac.gov.br\/lai\/wp-json\/wp\/v2\/media?parent=203"}],"curies":[{"name":"wp","href":"https:\/\/api.w.org\/{rel}","templated":true}]}}