{"id":205,"date":"2013-10-03T18:20:26","date_gmt":"2013-10-03T18:20:26","guid":{"rendered":"http:\/\/portalcgm.riobranco.ac.gov.br\/lai\/vigilancia-sanitaria-municipal\/"},"modified":"2015-06-11T19:37:17","modified_gmt":"2015-06-11T19:37:17","slug":"vigilancia-sanitaria-municipal","status":"publish","type":"page","link":"https:\/\/cgm.riobranco.ac.gov.br\/lai\/encontre-em-rio-branco\/vigilancia-sanitaria-municipal\/","title":{"rendered":"Vigil\u00e2ncia Sanit\u00e1ria Municipal"},"content":{"rendered":"<hr \/>\n<p>&nbsp;<\/p>\n<p><strong>Vigil\u00e2ncia Sanit\u00e1ria Municipal<\/strong><\/p>\n<p><strong>Endere\u00e7o:<\/strong> Avenida Cear\u00e1, n\u00ba 3.188 &#8211; Bairro Abrah\u00e3o Alab<\/p>\n<p><strong>Fone:<\/strong> 3226-2113<\/p>\n<p><strong>Hor\u00e1rio de Funcionamento:<\/strong> 8h \u00e0s 17h<\/p>\n","protected":false},"excerpt":{"rendered":"<p>&nbsp; Vigil\u00e2ncia Sanit\u00e1ria Municipal Endere\u00e7o: Avenida Cear\u00e1, n\u00ba 3.188 &#8211; Bairro Abrah\u00e3o Alab Fone: 3226-2113 Hor\u00e1rio de Funcionamento: 8h \u00e0s 17h<\/p>\n","protected":false},"author":2,"featured_media":0,"parent":18,"menu_order":83,"comment_status":"open","ping_status":"open","template":"","meta":{"footnotes":""},"class_list":["post-205","page","type-page","status-publish","hentry"],"_links":{"self":[{"href":"https:\/\/cgm.riobranco.ac.gov.br\/lai\/wp-json\/wp\/v2\/pages\/205","targetHints":{"allow":["GET"]}}],"collection":[{"href":"https:\/\/cgm.riobranco.ac.gov.br\/lai\/wp-json\/wp\/v2\/pages"}],"about":[{"href":"https:\/\/cgm.riobranco.ac.gov.br\/lai\/wp-json\/wp\/v2\/types\/page"}],"author":[{"embeddable":true,"href":"https:\/\/cgm.riobranco.ac.gov.br\/lai\/wp-json\/wp\/v2\/users\/2"}],"replies":[{"embeddable":true,"href":"https:\/\/cgm.riobranco.ac.gov.br\/lai\/wp-json\/wp\/v2\/comments?post=205"}],"version-history":[{"count":1,"href":"https:\/\/cgm.riobranco.ac.gov.br\/lai\/wp-json\/wp\/v2\/pages\/205\/revisions"}],"predecessor-version":[{"id":407,"href":"https:\/\/cgm.riobranco.ac.gov.br\/lai\/wp-json\/wp\/v2\/pages\/205\/revisions\/407"}],"up":[{"embeddable":true,"href":"https:\/\/cgm.riobranco.ac.gov.br\/lai\/wp-json\/wp\/v2\/pages\/18"}],"wp:attachment":[{"href":"https:\/\/cgm.riobranco.ac.gov.br\/lai\/wp-json\/wp\/v2\/media?parent=205"}],"curies":[{"name":"wp","href":"https:\/\/api.w.org\/{rel}","templated":true}]}}