{"id":208,"date":"2013-10-03T20:10:52","date_gmt":"2013-10-03T20:10:52","guid":{"rendered":"http:\/\/portalcgm.riobranco.ac.gov.br\/lai\/transporte-transito\/"},"modified":"2021-11-18T14:55:46","modified_gmt":"2021-11-18T19:55:46","slug":"transporte-transito","status":"publish","type":"page","link":"https:\/\/cgm.riobranco.ac.gov.br\/lai\/encontre-em-rio-branco\/transporte-transito\/","title":{"rendered":"Transporte e Tr\u00e2nsito &#8211; Servi\u00e7os RBTRANS"},"content":{"rendered":"<hr \/>\n<p>&nbsp;<\/p>\n<p style=\"text-align: center;\"><img loading=\"lazy\" decoding=\"async\" style=\"border: 4px solid #ebebeb;\" src=\"\/lai\/wp-content\/uploads\/images\/Menu_Transporte_e_Transito.jpg\" alt=\"\" width=\"515\" height=\"350\" \/><\/p>\n<p>&nbsp;<\/p>\n<p><strong>Transporte e Tr\u00e2nsito &#8211; Servi\u00e7os RBTRANS<\/strong><\/p>\n<p><strong>Endere\u00e7o:<\/strong>\u00a0Via Verde 330, Praia do Amap\u00e1. CEP.: 69.906-644<\/p>\n<p><strong>CEP:<\/strong>\u00a069.907-420<\/p>\n<p><strong>Fones:<\/strong>\u00a03214-3315<\/p>\n<p><strong>Hor\u00e1rio de Funcionamento:<\/strong> Segunda \u00e0 Sexta &#8211; 8h \u00e0s 13h<\/p>\n<p>&nbsp;<\/p>\n<p><span style=\"text-decoration: underline;\"><strong>Servi\u00e7os de T\u00e1xi<\/strong><\/span><\/p>\n<ul>\n<li>Cadastro de permission\u00e1rio;<\/li>\n<li>Transfer\u00eancia de permiss\u00e3o;<\/li>\n<li>Renova\u00e7\u00e3o de permiss\u00e3o;<\/li>\n<li>Inser\u00e7\u00e3o de ve\u00edculo;<\/li>\n<li>Exclus\u00e3o de ve\u00edculo;<\/li>\n<li>Inser\u00e7\u00e3o de condutor auxiliar;<\/li>\n<li>Exclus\u00e3o de condutor auxiliar;<\/li>\n<li>Declara\u00e7\u00e3o que exerce a atividade de taxista;<\/li>\n<li>Declara\u00e7\u00e3o por tempo de servi\u00e7o;<\/li>\n<li>Atestado para isen\u00e7\u00e3o de IPI;<\/li>\n<li>Atestado para isen\u00e7\u00e3o de ICMS;<\/li>\n<li>Segunda via da credencial;<\/li>\n<li>Autoriza\u00e7\u00e3o para trafegar com ve\u00edculo sem as faixas e decalque;<\/li>\n<li>Autoriza\u00e7\u00e3o para o taxidoor.<\/li>\n<\/ul>\n<p>&nbsp;<\/p>\n<p><span style=\"text-decoration: underline;\"><strong>Servi\u00e7os de Moto-T\u00e1xi<\/strong><\/span><\/p>\n<ul>\n<li>Cadastro de permission\u00e1rio;<\/li>\n<li>Transfer\u00eancia de permiss\u00e3o;<\/li>\n<li>Renova\u00e7\u00e3o de permiss\u00e3o;<\/li>\n<li>Inser\u00e7\u00e3o de ve\u00edculo;<\/li>\n<li>Exclus\u00e3o de ve\u00edculo;<\/li>\n<li>Inser\u00e7\u00e3o de condutor auxiliar;<\/li>\n<li>Exclus\u00e3o de condutor auxiliar;<\/li>\n<li>Atestado de que exerce a atividade de moto-taxista;<\/li>\n<li>Declara\u00e7\u00e3o por tempo servi\u00e7o;<\/li>\n<li>Segunda via da credencial;<\/li>\n<li>Solicita\u00e7\u00e3o de mudan\u00e7a de ponto;<\/li>\n<li>Solicita\u00e7\u00e3o de prazo para inserir novo ve\u00edculo.<\/li>\n<\/ul>\n<p>&nbsp;<\/p>\n<p><span style=\"text-decoration: underline;\"><strong>Servi\u00e7os de Frete Pessoa F\u00edsica<\/strong><\/span><\/p>\n<ul>\n<li>Cadastro de permiss\u00e3o;<\/li>\n<li>Renova\u00e7\u00e3o de permiss\u00e3o;<\/li>\n<li>Inser\u00e7\u00e3o de ve\u00edculo;<\/li>\n<li>Exclus\u00e3o de ve\u00edculo;<\/li>\n<li>Declara\u00e7\u00e3o de que exerce a atividade de freteiro;<\/li>\n<li>Declara\u00e7\u00e3o por tempo de servi\u00e7o;<\/li>\n<li>Segunda via da Autoriza\u00e7\u00e3o \u2013 Frete.<\/li>\n<\/ul>\n<p>&nbsp;<\/p>\n<p><span style=\"text-decoration: underline;\"><strong>Servi\u00e7os de Frete Pessoa Jur\u00eddica<\/strong><\/span><\/p>\n<ul>\n<li>Inser\u00e7\u00e3o de ve\u00edculo;<\/li>\n<li>Exclus\u00e3o de ve\u00edculo.<\/li>\n<\/ul>\n<p>&nbsp;<\/p>\n<p><span style=\"text-decoration: underline;\"><strong>Outros Servi\u00e7os<\/strong><\/span><\/p>\n<ul>\n<li>Credencial de estacionamento vaga especial para idoso;<\/li>\n<li>Credencial de estacionamento vaga especial para pessoa com defici\u00eancia;<\/li>\n<li>Autoriza\u00e7\u00e3o Especial de Tr\u00e1fego \u2013 AET (pessoa f\u00edsica);<\/li>\n<li>Autoriza\u00e7\u00e3o Especial de Tr\u00e1fego \u2013 AET (pessoa jur\u00eddica);<\/li>\n<li>An\u00e1lise de projeto de sinaliza\u00e7\u00e3o de tr\u00e2nsito (pessoa f\u00edsica);<\/li>\n<li>An\u00e1lise de projeto de sinaliza\u00e7\u00e3o de tr\u00e2nsito (pessoa jur\u00eddica);<\/li>\n<li>Vistoria t\u00e9cnica de implanta\u00e7\u00e3o de projeto de tr\u00e2nsito ou melhorias vi\u00e1rias;<\/li>\n<li>Interdi\u00e7\u00e3o de via p\u00fablica (Pessoa F\u00edsica);<\/li>\n<li>Interdi\u00e7\u00e3o de via p\u00fablica (Pessoa Jur\u00eddica);<\/li>\n<li>Interdi\u00e7\u00e3o de via p\u00fablica por Entidades Religiosas ou Filantr\u00f3picas;<\/li>\n<li>Interdi\u00e7\u00e3o de via p\u00fablica por Associa\u00e7\u00f5es de Moradores de Bairro ou Sindicatos;<\/li>\n<li>Interdi\u00e7\u00e3o de via p\u00fablica por Organiza\u00e7\u00f5es N\u00e3o &#8211; Governamentais;<\/li>\n<li>Interdi\u00e7\u00e3o de via p\u00fablica por Institui\u00e7\u00f5es P\u00fablicas;<\/li>\n<li>Sinaliza\u00e7\u00e3o de tr\u00e2nsito (horizontal e vertical);<\/li>\n<li>Autoriza\u00e7\u00e3o para transporte de pessoas na carroceria;<\/li>\n<li>Autoriza\u00e7\u00e3o para publicidade nos coletivos;<\/li>\n<li>Aumento de frota dos coletivos;<\/li>\n<li>Mudan\u00e7a do itiner\u00e1rio das linhas dos coletivos;<\/li>\n<li>Demarca\u00e7\u00e3o de pontos OU abrigos dos coletivos, t\u00e1xi e moto-t\u00e1xi;<\/li>\n<li>Remo\u00e7\u00e3o de pontos OU abrigos dos coletivos, t\u00e1xi e moto-t\u00e1xi.<\/li>\n<\/ul>\n<p>&nbsp;<\/p>\n<p><strong>Servi\u00e7os RBTRANS, prestados na Central de Servi\u00e7o P\u00fablico &#8211; OCA RIO BRANCO<\/strong><\/p>\n<p><strong>Endere\u00e7o: <\/strong>Rua Quintino Bocai\u00fava, n\u00ba 299 &#8211; Centro &#8211; Pra\u00e7a Vermelha &#8211; 1\u00ba Piso<strong><br \/>\n<\/strong><\/p>\n<p><strong>Fone: <\/strong>3214-3310 \/ 3214-3311<\/p>\n<p><strong>Hor\u00e1rio de Funcionamento:<\/strong> Segunda a Sexta &#8211; 8h \u00e0s 18h<\/p>\n<p>&nbsp;<\/p>\n<p><strong><span style=\"text-decoration: underline;\">Servi\u00e7os de T\u00e1xi<\/span><br \/>\n<\/strong><\/p>\n<ul>\n<li>Atestado para isen\u00e7\u00e3o de ICMS;<\/li>\n<li>Atestado para isen\u00e7\u00e3o de IPI.<\/li>\n<\/ul>\n<p>&nbsp;<\/p>\n<p><span style=\"text-decoration: underline;\"><strong>Servi\u00e7os de Moto-t\u00e1xi<\/strong><\/span><\/p>\n<ul>\n<li>Atestado do exerc\u00edcio da atividade de moto-taxista.<\/li>\n<\/ul>\n<p>&nbsp;<\/p>\n<p><span style=\"text-decoration: underline;\"><strong>Outros Servi\u00e7os<\/strong><\/span><\/p>\n<ul>\n<li>AET \u2013 Autoriza\u00e7\u00e3o Especial de Tr\u00e1fego;<\/li>\n<li>Interdi\u00e7\u00e3o de vias p\u00fablicas;<\/li>\n<li>Credencial de estacionamento em vaga especial para idoso;<\/li>\n<li>Credencial de estacionamento em vaga especial para pessoa com defici\u00eancia.<\/li>\n<\/ul>\n","protected":false},"excerpt":{"rendered":"<p>&nbsp; &nbsp; Transporte e Tr\u00e2nsito &#8211; Servi\u00e7os RBTRANS Endere\u00e7o:\u00a0Via Verde 330, Praia do Amap\u00e1. CEP.: 69.906-644 CEP:\u00a069.907-420 Fones:\u00a03214-3315 Hor\u00e1rio de Funcionamento: Segunda \u00e0 Sexta &#8211; 8h \u00e0s 13h &nbsp; Servi\u00e7os de T\u00e1xi Cadastro de permission\u00e1rio; Transfer\u00eancia de permiss\u00e3o; Renova\u00e7\u00e3o de permiss\u00e3o; Inser\u00e7\u00e3o de ve\u00edculo; Exclus\u00e3o de ve\u00edculo; Inser\u00e7\u00e3o de condutor auxiliar; Exclus\u00e3o de condutor auxiliar; [&hellip;]<\/p>\n","protected":false},"author":2,"featured_media":0,"parent":18,"menu_order":68,"comment_status":"open","ping_status":"open","template":"","meta":{"footnotes":""},"class_list":["post-208","page","type-page","status-publish","hentry"],"_links":{"self":[{"href":"https:\/\/cgm.riobranco.ac.gov.br\/lai\/wp-json\/wp\/v2\/pages\/208","targetHints":{"allow":["GET"]}}],"collection":[{"href":"https:\/\/cgm.riobranco.ac.gov.br\/lai\/wp-json\/wp\/v2\/pages"}],"about":[{"href":"https:\/\/cgm.riobranco.ac.gov.br\/lai\/wp-json\/wp\/v2\/types\/page"}],"author":[{"embeddable":true,"href":"https:\/\/cgm.riobranco.ac.gov.br\/lai\/wp-json\/wp\/v2\/users\/2"}],"replies":[{"embeddable":true,"href":"https:\/\/cgm.riobranco.ac.gov.br\/lai\/wp-json\/wp\/v2\/comments?post=208"}],"version-history":[{"count":3,"href":"https:\/\/cgm.riobranco.ac.gov.br\/lai\/wp-json\/wp\/v2\/pages\/208\/revisions"}],"predecessor-version":[{"id":3581,"href":"https:\/\/cgm.riobranco.ac.gov.br\/lai\/wp-json\/wp\/v2\/pages\/208\/revisions\/3581"}],"up":[{"embeddable":true,"href":"https:\/\/cgm.riobranco.ac.gov.br\/lai\/wp-json\/wp\/v2\/pages\/18"}],"wp:attachment":[{"href":"https:\/\/cgm.riobranco.ac.gov.br\/lai\/wp-json\/wp\/v2\/media?parent=208"}],"curies":[{"name":"wp","href":"https:\/\/api.w.org\/{rel}","templated":true}]}}