{"id":209,"date":"2013-10-03T20:50:11","date_gmt":"2013-10-03T20:50:11","guid":{"rendered":"http:\/\/portalcgm.riobranco.ac.gov.br\/lai\/vigilancia-epidemiologica\/"},"modified":"2015-06-11T19:37:04","modified_gmt":"2015-06-11T19:37:04","slug":"vigilancia-epidemiologica","status":"publish","type":"page","link":"https:\/\/cgm.riobranco.ac.gov.br\/lai\/encontre-em-rio-branco\/vigilancia-epidemiologica\/","title":{"rendered":"Vigil\u00e2ncia Epidemiol\u00f3gica e Ambiental"},"content":{"rendered":"<hr \/>\n<p>&nbsp;<\/p>\n<p><strong>Vigil\u00e2ncia Epidemiol\u00f3gica e Ambiental<\/strong><\/p>\n<p><strong>Endere\u00e7o:<\/strong> Av. Cear\u00e1, n\u00ba 3.188 &#8211;\u00a0Bairro 7\u00ba BEC<\/p>\n<p><strong>Fones:<\/strong> 3227-3165 \/ 3227-2553<\/p>\n<p><strong>Hor\u00e1rio de Funcionamento: <\/strong>7h \u00e0s 18h<\/p>\n","protected":false},"excerpt":{"rendered":"<p>&nbsp; Vigil\u00e2ncia Epidemiol\u00f3gica e Ambiental Endere\u00e7o: Av. Cear\u00e1, n\u00ba 3.188 &#8211;\u00a0Bairro 7\u00ba BEC Fones: 3227-3165 \/ 3227-2553 Hor\u00e1rio de Funcionamento: 7h \u00e0s 18h<\/p>\n","protected":false},"author":2,"featured_media":0,"parent":18,"menu_order":81,"comment_status":"open","ping_status":"open","template":"","meta":{"footnotes":""},"class_list":["post-209","page","type-page","status-publish","hentry"],"_links":{"self":[{"href":"https:\/\/cgm.riobranco.ac.gov.br\/lai\/wp-json\/wp\/v2\/pages\/209","targetHints":{"allow":["GET"]}}],"collection":[{"href":"https:\/\/cgm.riobranco.ac.gov.br\/lai\/wp-json\/wp\/v2\/pages"}],"about":[{"href":"https:\/\/cgm.riobranco.ac.gov.br\/lai\/wp-json\/wp\/v2\/types\/page"}],"author":[{"embeddable":true,"href":"https:\/\/cgm.riobranco.ac.gov.br\/lai\/wp-json\/wp\/v2\/users\/2"}],"replies":[{"embeddable":true,"href":"https:\/\/cgm.riobranco.ac.gov.br\/lai\/wp-json\/wp\/v2\/comments?post=209"}],"version-history":[{"count":2,"href":"https:\/\/cgm.riobranco.ac.gov.br\/lai\/wp-json\/wp\/v2\/pages\/209\/revisions"}],"predecessor-version":[{"id":661,"href":"https:\/\/cgm.riobranco.ac.gov.br\/lai\/wp-json\/wp\/v2\/pages\/209\/revisions\/661"}],"up":[{"embeddable":true,"href":"https:\/\/cgm.riobranco.ac.gov.br\/lai\/wp-json\/wp\/v2\/pages\/18"}],"wp:attachment":[{"href":"https:\/\/cgm.riobranco.ac.gov.br\/lai\/wp-json\/wp\/v2\/media?parent=209"}],"curies":[{"name":"wp","href":"https:\/\/api.w.org\/{rel}","templated":true}]}}