{"id":210,"date":"2013-10-03T20:56:50","date_gmt":"2013-10-03T20:56:50","guid":{"rendered":"http:\/\/portalcgm.riobranco.ac.gov.br\/lai\/samu\/"},"modified":"2015-06-11T19:33:02","modified_gmt":"2015-06-11T19:33:02","slug":"samu","status":"publish","type":"page","link":"https:\/\/cgm.riobranco.ac.gov.br\/lai\/encontre-em-rio-branco\/samu\/","title":{"rendered":"SAMU"},"content":{"rendered":"<hr \/>\n<p>&nbsp;<\/p>\n<p><strong>SERVI\u00c7O DE ATENDIMENTO M\u00d3VEL DE URG\u00caNCIA &#8211; SAMU<\/strong><\/p>\n<p><strong>Endere\u00e7o:<\/strong> Rua Jos\u00e9 de Melo, n\u00ba 92 &#8211; Centro<\/p>\n<p><strong>Fone:<\/strong> 192 \/ 3244-2184<\/p>\n<p><strong>Hor\u00e1rio de Funcionamento: <\/strong>24h<\/p>\n","protected":false},"excerpt":{"rendered":"<p>&nbsp; SERVI\u00c7O DE ATENDIMENTO M\u00d3VEL DE URG\u00caNCIA &#8211; SAMU Endere\u00e7o: Rua Jos\u00e9 de Melo, n\u00ba 92 &#8211; Centro Fone: 192 \/ 3244-2184 Hor\u00e1rio de Funcionamento: 24h<\/p>\n","protected":false},"author":2,"featured_media":0,"parent":18,"menu_order":66,"comment_status":"open","ping_status":"open","template":"","meta":{"footnotes":""},"class_list":["post-210","page","type-page","status-publish","hentry"],"_links":{"self":[{"href":"https:\/\/cgm.riobranco.ac.gov.br\/lai\/wp-json\/wp\/v2\/pages\/210","targetHints":{"allow":["GET"]}}],"collection":[{"href":"https:\/\/cgm.riobranco.ac.gov.br\/lai\/wp-json\/wp\/v2\/pages"}],"about":[{"href":"https:\/\/cgm.riobranco.ac.gov.br\/lai\/wp-json\/wp\/v2\/types\/page"}],"author":[{"embeddable":true,"href":"https:\/\/cgm.riobranco.ac.gov.br\/lai\/wp-json\/wp\/v2\/users\/2"}],"replies":[{"embeddable":true,"href":"https:\/\/cgm.riobranco.ac.gov.br\/lai\/wp-json\/wp\/v2\/comments?post=210"}],"version-history":[{"count":1,"href":"https:\/\/cgm.riobranco.ac.gov.br\/lai\/wp-json\/wp\/v2\/pages\/210\/revisions"}],"predecessor-version":[{"id":392,"href":"https:\/\/cgm.riobranco.ac.gov.br\/lai\/wp-json\/wp\/v2\/pages\/210\/revisions\/392"}],"up":[{"embeddable":true,"href":"https:\/\/cgm.riobranco.ac.gov.br\/lai\/wp-json\/wp\/v2\/pages\/18"}],"wp:attachment":[{"href":"https:\/\/cgm.riobranco.ac.gov.br\/lai\/wp-json\/wp\/v2\/media?parent=210"}],"curies":[{"name":"wp","href":"https:\/\/api.w.org\/{rel}","templated":true}]}}