{"id":212,"date":"2013-10-04T16:10:13","date_gmt":"2013-10-04T16:10:13","guid":{"rendered":"http:\/\/portalcgm.riobranco.ac.gov.br\/lai\/projovem-urbano\/"},"modified":"2015-06-11T19:31:27","modified_gmt":"2015-06-11T19:31:27","slug":"projovem-urbano","status":"publish","type":"page","link":"https:\/\/cgm.riobranco.ac.gov.br\/lai\/encontre-em-rio-branco\/projovem-urbano\/","title":{"rendered":"PROJOVEM URBANO"},"content":{"rendered":"<hr \/>\n<p>&nbsp;<\/p>\n<p><strong>PROJOVEM URBANO<\/strong><\/p>\n<p><strong>Coordenadora do Programa:<\/strong> L\u00eddia Maria Mota Di\u00f3genes<\/p>\n<p><strong>Endere\u00e7o:<\/strong> Av. Get\u00falio Vargas, n\u00ba 2.061 &#8211; Bairro Bosque<\/p>\n<p><strong>CEP:<\/strong> 69.900-372<\/p>\n<p><strong>Fones:<\/strong> (68) 3223-1893 \/ 3211-2237 \/ 3211-2238<\/p>\n<p><strong>Hor\u00e1rio de Funcionamento:<\/strong> 7h30 \u00e0s 22h<\/p>\n","protected":false},"excerpt":{"rendered":"<p>&nbsp; PROJOVEM URBANO Coordenadora do Programa: L\u00eddia Maria Mota Di\u00f3genes Endere\u00e7o: Av. Get\u00falio Vargas, n\u00ba 2.061 &#8211; Bairro Bosque CEP: 69.900-372 Fones: (68) 3223-1893 \/ 3211-2237 \/ 3211-2238 Hor\u00e1rio de Funcionamento: 7h30 \u00e0s 22h<\/p>\n","protected":false},"author":2,"featured_media":0,"parent":18,"menu_order":61,"comment_status":"open","ping_status":"open","template":"","meta":{"footnotes":""},"class_list":["post-212","page","type-page","status-publish","hentry"],"_links":{"self":[{"href":"https:\/\/cgm.riobranco.ac.gov.br\/lai\/wp-json\/wp\/v2\/pages\/212","targetHints":{"allow":["GET"]}}],"collection":[{"href":"https:\/\/cgm.riobranco.ac.gov.br\/lai\/wp-json\/wp\/v2\/pages"}],"about":[{"href":"https:\/\/cgm.riobranco.ac.gov.br\/lai\/wp-json\/wp\/v2\/types\/page"}],"author":[{"embeddable":true,"href":"https:\/\/cgm.riobranco.ac.gov.br\/lai\/wp-json\/wp\/v2\/users\/2"}],"replies":[{"embeddable":true,"href":"https:\/\/cgm.riobranco.ac.gov.br\/lai\/wp-json\/wp\/v2\/comments?post=212"}],"version-history":[{"count":1,"href":"https:\/\/cgm.riobranco.ac.gov.br\/lai\/wp-json\/wp\/v2\/pages\/212\/revisions"}],"predecessor-version":[{"id":387,"href":"https:\/\/cgm.riobranco.ac.gov.br\/lai\/wp-json\/wp\/v2\/pages\/212\/revisions\/387"}],"up":[{"embeddable":true,"href":"https:\/\/cgm.riobranco.ac.gov.br\/lai\/wp-json\/wp\/v2\/pages\/18"}],"wp:attachment":[{"href":"https:\/\/cgm.riobranco.ac.gov.br\/lai\/wp-json\/wp\/v2\/media?parent=212"}],"curies":[{"name":"wp","href":"https:\/\/api.w.org\/{rel}","templated":true}]}}