{"id":214,"date":"2013-10-06T02:14:16","date_gmt":"2013-10-06T02:14:16","guid":{"rendered":"http:\/\/portalcgm.riobranco.ac.gov.br\/lai\/cemiterios\/"},"modified":"2015-06-11T19:04:12","modified_gmt":"2015-06-11T19:04:12","slug":"cemiterios","status":"publish","type":"page","link":"https:\/\/cgm.riobranco.ac.gov.br\/lai\/encontre-em-rio-branco\/cemiterios\/","title":{"rendered":"Cemit\u00e9rios"},"content":{"rendered":"<hr \/>\n<p>&nbsp;<\/p>\n<p><strong>Cemit\u00e9rio Cruz Milagrosa<\/strong><\/p>\n<p><strong>Endere\u00e7o:<\/strong> Estrada da Transacreana, Km 5 &#8211; Ramal Cruz Milagrosa<\/p>\n<p><strong>Fone:<\/strong> N\u00e3o Tem<\/p>\n<p><strong>Hor\u00e1rio de Funcionamento:<\/strong> Todos os dias &#8211; 7h \u00e0s 17h<\/p>\n<p>&nbsp;<\/p>\n<p><strong>Cemit\u00e9rio Jardim da Saudade<\/strong><\/p>\n<p><strong>Endere\u00e7o:<\/strong> Estrada Irineu Serra, n\u00ba 250 &#8211; Bairro Tancredo Neves<\/p>\n<p><strong>CEP:<\/strong> 69.909-460<\/p>\n<p><strong>Fone:<\/strong> (68) 3228-0904 \/ 3228-3414<\/p>\n<p><strong>Hor\u00e1rio de Funcionamento:<\/strong> Todos os dias &#8211; 7h \u00e0s 17h<\/p>\n<p>&nbsp;<\/p>\n<p><strong>Cemit\u00e9rio Morada da Paz<\/strong><\/p>\n<p><strong>Endere\u00e7o:<\/strong> Estrada para o Bairro Calafate, n\u00ba 2.965<\/p>\n<p><strong>Fone:<\/strong>\u00a0(68) 3225-0560<\/p>\n<p><strong>Hor\u00e1rio de Funcionamento:<\/strong> Todos os dias &#8211; 7h \u00e0s 17h<\/p>\n<p>&nbsp;<\/p>\n<p><strong>Cemit\u00e9rio S\u00e3o Francisco<\/strong><\/p>\n<p><strong>Endere\u00e7o:<\/strong> Rua Luiz Gonzaga, S\/N &#8211; Bairro S\u00e3o Francisco<\/p>\n<p><strong>CEP:<\/strong> 69.001-68<\/p>\n<p><strong>Fone:<\/strong> N\u00e3o tem<\/p>\n<p><strong>Hor\u00e1rio de Funcionamento:<\/strong> Todos os dias &#8211; 7h \u00e0s 17h<\/p>\n<p>&nbsp;<\/p>\n<p><strong>Cemit\u00e9rio S\u00e3o Jo\u00e3o Batista<\/strong><\/p>\n<p><strong>Endere\u00e7o:<\/strong> Rua Rio de Janeiro, n\u00ba 554 &#8211; Bairro Dom Giocondo<\/p>\n<p><strong>Fone:<\/strong> 3223-5038<\/p>\n<p><strong>Hor\u00e1rio de Funcionamento:<\/strong> Todos os dias &#8211; 7h \u00e0s 17h<\/p>\n","protected":false},"excerpt":{"rendered":"<p>&nbsp; Cemit\u00e9rio Cruz Milagrosa Endere\u00e7o: Estrada da Transacreana, Km 5 &#8211; Ramal Cruz Milagrosa Fone: N\u00e3o Tem Hor\u00e1rio de Funcionamento: Todos os dias &#8211; 7h \u00e0s 17h &nbsp; Cemit\u00e9rio Jardim da Saudade Endere\u00e7o: Estrada Irineu Serra, n\u00ba 250 &#8211; Bairro Tancredo Neves CEP: 69.909-460 Fone: (68) 3228-0904 \/ 3228-3414 Hor\u00e1rio de Funcionamento: Todos os dias [&hellip;]<\/p>\n","protected":false},"author":2,"featured_media":0,"parent":18,"menu_order":10,"comment_status":"open","ping_status":"open","template":"","meta":{"footnotes":""},"class_list":["post-214","page","type-page","status-publish","hentry"],"_links":{"self":[{"href":"https:\/\/cgm.riobranco.ac.gov.br\/lai\/wp-json\/wp\/v2\/pages\/214","targetHints":{"allow":["GET"]}}],"collection":[{"href":"https:\/\/cgm.riobranco.ac.gov.br\/lai\/wp-json\/wp\/v2\/pages"}],"about":[{"href":"https:\/\/cgm.riobranco.ac.gov.br\/lai\/wp-json\/wp\/v2\/types\/page"}],"author":[{"embeddable":true,"href":"https:\/\/cgm.riobranco.ac.gov.br\/lai\/wp-json\/wp\/v2\/users\/2"}],"replies":[{"embeddable":true,"href":"https:\/\/cgm.riobranco.ac.gov.br\/lai\/wp-json\/wp\/v2\/comments?post=214"}],"version-history":[{"count":1,"href":"https:\/\/cgm.riobranco.ac.gov.br\/lai\/wp-json\/wp\/v2\/pages\/214\/revisions"}],"predecessor-version":[{"id":341,"href":"https:\/\/cgm.riobranco.ac.gov.br\/lai\/wp-json\/wp\/v2\/pages\/214\/revisions\/341"}],"up":[{"embeddable":true,"href":"https:\/\/cgm.riobranco.ac.gov.br\/lai\/wp-json\/wp\/v2\/pages\/18"}],"wp:attachment":[{"href":"https:\/\/cgm.riobranco.ac.gov.br\/lai\/wp-json\/wp\/v2\/media?parent=214"}],"curies":[{"name":"wp","href":"https:\/\/api.w.org\/{rel}","templated":true}]}}