{"id":215,"date":"2013-10-08T18:53:48","date_gmt":"2013-10-08T18:53:48","guid":{"rendered":"http:\/\/portalcgm.riobranco.ac.gov.br\/lai\/junta-medica\/"},"modified":"2015-06-11T19:25:31","modified_gmt":"2015-06-11T19:25:31","slug":"junta-medica","status":"publish","type":"page","link":"https:\/\/cgm.riobranco.ac.gov.br\/lai\/encontre-em-rio-branco\/junta-medica\/","title":{"rendered":"Junta M\u00e9dica"},"content":{"rendered":"<hr \/>\n<p>&nbsp;<\/p>\n<p><strong>Junta M\u00e9dica Municipal<\/strong><\/p>\n<p><strong>Endere\u00e7o:<\/strong> Av. Cear\u00e1 n\u00ba 3319 &#8211; Bairro Esta\u00e7\u00e3o Experimental<\/p>\n<p><strong>Hor\u00e1rio de Funcionamento:<\/strong> Segunda \u00e0 Sexta-Feira &#8211; 8h \u00e0s 17h<\/p>\n<p><strong>Fones: <\/strong>3223-7737<\/p>\n","protected":false},"excerpt":{"rendered":"<p>&nbsp; Junta M\u00e9dica Municipal Endere\u00e7o: Av. Cear\u00e1 n\u00ba 3319 &#8211; Bairro Esta\u00e7\u00e3o Experimental Hor\u00e1rio de Funcionamento: Segunda \u00e0 Sexta-Feira &#8211; 8h \u00e0s 17h Fones: 3223-7737<\/p>\n","protected":false},"author":2,"featured_media":0,"parent":18,"menu_order":48,"comment_status":"open","ping_status":"open","template":"","meta":{"footnotes":""},"class_list":["post-215","page","type-page","status-publish","hentry"],"_links":{"self":[{"href":"https:\/\/cgm.riobranco.ac.gov.br\/lai\/wp-json\/wp\/v2\/pages\/215","targetHints":{"allow":["GET"]}}],"collection":[{"href":"https:\/\/cgm.riobranco.ac.gov.br\/lai\/wp-json\/wp\/v2\/pages"}],"about":[{"href":"https:\/\/cgm.riobranco.ac.gov.br\/lai\/wp-json\/wp\/v2\/types\/page"}],"author":[{"embeddable":true,"href":"https:\/\/cgm.riobranco.ac.gov.br\/lai\/wp-json\/wp\/v2\/users\/2"}],"replies":[{"embeddable":true,"href":"https:\/\/cgm.riobranco.ac.gov.br\/lai\/wp-json\/wp\/v2\/comments?post=215"}],"version-history":[{"count":2,"href":"https:\/\/cgm.riobranco.ac.gov.br\/lai\/wp-json\/wp\/v2\/pages\/215\/revisions"}],"predecessor-version":[{"id":557,"href":"https:\/\/cgm.riobranco.ac.gov.br\/lai\/wp-json\/wp\/v2\/pages\/215\/revisions\/557"}],"up":[{"embeddable":true,"href":"https:\/\/cgm.riobranco.ac.gov.br\/lai\/wp-json\/wp\/v2\/pages\/18"}],"wp:attachment":[{"href":"https:\/\/cgm.riobranco.ac.gov.br\/lai\/wp-json\/wp\/v2\/media?parent=215"}],"curies":[{"name":"wp","href":"https:\/\/api.w.org\/{rel}","templated":true}]}}