{"id":225,"date":"2013-10-10T21:51:50","date_gmt":"2013-10-10T21:51:50","guid":{"rendered":"http:\/\/portalcgm.riobranco.ac.gov.br\/lai\/servicos-meio-ambiente\/"},"modified":"2023-07-21T15:30:42","modified_gmt":"2023-07-21T20:30:42","slug":"servicos-meio-ambiente","status":"publish","type":"page","link":"https:\/\/cgm.riobranco.ac.gov.br\/lai\/orientacoes\/servicos-meio-ambiente\/","title":{"rendered":"Meio Ambiente"},"content":{"rendered":"<hr \/>\n<p style=\"text-align: justify;\"><strong><a href=\"https:\/\/cgm.riobranco.ac.gov.br\/lai\/wp-content\/uploads\/2013\/10\/2022-DECRETO-N\u00ba-1276-2022-SEMEIA-Altera-o-Decreto-n\u00ba-044-2022-GTCA.pdf\" target=\"_blank\">DECRETO N\u00ba 1.276 DE 24 DE AGOSTO DE 2022<\/a><\/strong><\/p>\n<p style=\"text-align: justify;\">&#8220;O art. 14 do Decreto n\u00ba 044, de 13 de janeiro de 2022, que estabelece diretrizes e procedimentos para aplica\u00e7\u00e3o da compensa\u00e7\u00e3o ambiental de empreendimentos ou atividades efetiva ou potencialmente causadoras de impacto ambiental local.&#8221;<\/p>\n<p style=\"text-align: justify;\"><strong><a href=\"https:\/\/cgm.riobranco.ac.gov.br\/lai\/wp-content\/uploads\/2013\/10\/2022-LEI-N\u00ba-2.422-DE-25-DE-JANEIRO-DE-2022-San\u00e7\u00f5es-administrativas-aplic\u00e1veis-as-condutas-lesivas-ao-meio-ambiente.pdf\" target=\"_blank\">LEI N\u00ba 2.422 DE 25 DE JANEIRO DE 2022<\/a><\/strong><\/p>\n<p style=\"text-align: justify;\">\u201cDisp\u00f5e sobre as san\u00e7\u00f5es administrativas aplic\u00e1veis \u00e0s condutas e atividades lesivas ao meio ambiente, complementando a Lei n\u00ba 1.330 de 23 de setembro de 1999, com suas altera\u00e7\u00f5es e d\u00e1 outras provid\u00eancias.\u201d<\/p>\n<p style=\"text-align: justify;\"><strong><a href=\"https:\/\/cgm.riobranco.ac.gov.br\/lai\/wp-content\/uploads\/2013\/10\/2022-DECRETO-N\u00ba-045-2022-Procedimentos-t\u00e9cnicos-a-serem-adotados-nas-execu\u00e7\u00e3o-de-n\u00edveis-de-press\u00e3o-sonora-em-ambiente.pdf\" target=\"_blank\">DECRETO N\u00b0 045 DE 13 DE JANEIRO DE 2022<\/a><\/strong><\/p>\n<p style=\"text-align: justify;\">\u201cDisp\u00f5e sobre os procedimentos t\u00e9cnicos a serem adotados na execu\u00e7\u00e3o de medi\u00e7\u00f5es de n\u00edveis de press\u00e3o sonora em ambientes externos \u00e0s edifica\u00e7\u00f5es de empreendimentos efetivos ou potencialmente causadores de polui\u00e7\u00e3o, bem como limites para avalia\u00e7\u00e3o dos resultados em fun\u00e7\u00e3o da finalidade de uso e ocupa\u00e7\u00e3o do solo no Munic\u00edpio de Rio Branco.\u201d<\/p>\n<p style=\"text-align: justify;\"><strong><a href=\"https:\/\/cgm.riobranco.ac.gov.br\/lai\/wp-content\/uploads\/2013\/10\/2022-DECRETO-N\u00ba-044-2022-Diretrizes-e-procedimentos-para-aplica\u00e7\u00e3o-da-compensa\u00e7\u00e3o-ambiental-de-empreendimentos.pdf\" target=\"_blank\">DECRETO N\u00ba 044 DE 13 JANEIRO DE 2022<\/a><\/strong><\/p>\n<p style=\"text-align: justify;\">\u201cEstabelece diretrizes e procedimentos para aplica\u00e7\u00e3o da compensa\u00e7\u00e3o ambiental de empreendimentos ou atividades efetiva ou potencialmente causadoras de impacto ambiental local.\u201d<\/p>\n<p style=\"text-align: justify;\"><strong><a href=\"https:\/\/cgm.riobranco.ac.gov.br\/lai\/wp-content\/uploads\/2013\/10\/2021-SEMEIA-IN-N\u00ba-002-2021-Press\u00e3o-Sonora-em-ambientes-externos-causadores-de-polui\u00e7\u00e3o-DOE.pdf\" target=\"_blank\">INSTRU\u00c7\u00c3O NORMATIVA N\u00b0 002\/2021<\/a><\/strong>\u00a0&#8211; DOE<\/p>\n<p style=\"text-align: justify;\">&#8220;Estabelece diretrizes gerais para regulamentar os procedimentos t\u00e9cnicos a serem adotados na execu\u00e7\u00e3o de medi\u00e7\u00f5es de n\u00edveis de press\u00e3o sonora em ambientes externos \u00e0s edifica\u00e7\u00f5es de empreendimentos efetivos ou potencialmente causadores de polui\u00e7\u00e3o, bem como limites para avalia\u00e7\u00e3o dos resultados em fun\u00e7\u00e3o da finalidade de uso e ocupa\u00e7\u00e3o do solo no Munic\u00edpio de Rio Branco.&#8221;<\/p>\n<p><strong><a href=\"https:\/\/cgm.riobranco.ac.gov.br\/lai\/wp-content\/uploads\/2013\/10\/2021-SEMEIA-IN-N\u00ba-001-2021-Disp\u00f5e-sobre-o-licenciamento-ambiental-relativo-ao-corte-de-\u00e1rvores-e-outros-DOE.pdf\" target=\"_blank\">INSTRU\u00c7\u00c3O NORMATIVA N\u00b0 001\/2021<\/a><\/strong>\u00a0&#8211; DOE<\/p>\n<p>&#8220;Disp\u00f5e sobre o licenciamento ambiental relativo ao corte de \u00e1rvores; \u00e0 supress\u00e3o de vegeta\u00e7\u00e3o em \u00e1reas p\u00fablicas e privadas e dos prestadores desses servi\u00e7os no munic\u00edpio de Rio Branco\/AC.&#8221;<\/p>\n<p style=\"text-align: justify;\"><strong><a href=\"https:\/\/cgm.riobranco.ac.gov.br\/lai\/wp-content\/uploads\/2013\/10\/2021-SEFIN-SEMSA-SEMEIA-INSTRU\u00c7\u00c3O-NORMATIVA-CONJUNTA-N\u00ba-001-2021-CNAE-DOE.pdf\" target=\"_blank\">INSTRU\u00c7\u00c3O NORMATIVA CONJUNTA N\u00ba 001\/2021<\/a>\u00a0<\/strong>&#8211; DOE<\/p>\n<p style=\"text-align: justify;\">Disp\u00f5e sobre a classifica\u00e7\u00e3o de risco das atividades econ\u00f4micas em baixo risco ou \u201cbaixo risco A\u201d, m\u00e9dio risco ou \u201cbaixo risco B\u201d e Alto Risco para fins de aplica\u00e7\u00e3o pelos auditores fiscais municipais da Prefeitura de Rio Branco\/AC.<\/p>\n<p><strong><a href=\"https:\/\/cgm.riobranco.ac.gov.br\/lai\/wp-content\/uploads\/2013\/10\/Lei-N\u00ba-2.396-de-04-de-janeiro-de-2021-Institui-a-pol\u00edtica-municipal-de-controle-de-natalidade-de-c\u00e3es-e-gatos.pdf\" target=\"_blank\">LEI N\u00ba 2.396 DE 04 DE JANEIRO DE 2021<\/a><\/strong><\/p>\n<p style=\"text-align: justify;\">\u201cInstitui a pol\u00edtica municipal de controle de natalidade de c\u00e3es e gatos no munic\u00edpio de Rio Branco.\u201d<\/p>\n<p style=\"text-align: justify;\"><a href=\"https:\/\/cgm.riobranco.ac.gov.br\/lai\/wp-content\/uploads\/2013\/10\/Lei-N\u00ba-2.395-de-04-de-janeiro-de-2021-Institui-a-contribui\u00e7\u00e3o-voluntaria-para-o-fundo-de-prote\u00e7\u00e3o-e-bem-estar-do-animal.pdf\" target=\"_blank\"><strong>LEI N\u00ba 2.395 DE 04 DE JANEIRO DE 2021<\/strong><\/a><\/p>\n<p style=\"text-align: justify;\">\u201cInstitui a contribui\u00e7\u00e3o volunt\u00e1ria para fundo de prote\u00e7\u00e3o e bem estar do animal do munic\u00edpio de Rio Branco e d\u00e1 outras provid\u00eancias.\u201d<\/p>\n<p style=\"text-align: justify;\"><strong><a href=\"https:\/\/cgm.riobranco.ac.gov.br\/lai\/wp-content\/uploads\/2013\/10\/Lei-N\u00ba-2.349-de-23-de-dezembro-de-2019-Institui-o-Programa-Municipal-de-Coleta-Tratamento-e-Reciclagem-de-\u00d3leos-de-Origem-Vegetal.pdf\" target=\"_blank\">LEI N\u00ba 2.349 DE 23 DE DEZEMBRO DE 2019<\/a><\/strong><\/p>\n<p style=\"text-align: justify;\">\u201cInstitui o Programa Municipal de Coleta, Tratamento e Reciclagem de \u00d3leos de Origem Vegetal e d\u00e1 outras provid\u00eancias.\u201d<\/p>\n<p style=\"text-align: justify;\"><strong><a href=\"https:\/\/cgm.riobranco.ac.gov.br\/lai\/wp-content\/uploads\/2013\/10\/2017-SEMEIA-IN-N\u00ba-001-2017-Regulamenta-o-procedimento-relativo-\u00e0-arboriza\u00e7\u00e3o-urbana-DOE.pdf\" target=\"_blank\">INSTRU\u00c7\u00c3O NORMATIVA N\u00b0. 001\/2017<\/a><\/strong>\u00a0&#8211; DOE<\/p>\n<p style=\"text-align: justify;\">&#8220;Regulamenta o procedimento relativo \u00e0 arboriza\u00e7\u00e3o urbana, servindo como base para an\u00e1lise e aprova\u00e7\u00e3o de projetos de loteamentos, condom\u00ednios, conjuntos habitacionais, distritos industriais e arruamentos, submetidos \u00e0 an\u00e1lise da SEMEIA.&#8221;<\/p>\n<p style=\"text-align: justify;\"><strong><a href=\"https:\/\/cgm.riobranco.ac.gov.br\/lai\/wp-content\/uploads\/2013\/10\/LEI-N\u00ba-2.215-de-10-de-Novembro-de-2016-Regulamenta-e-disciplina-a-cria\u00e7\u00e3o-de-animais-dom\u00e9sticos.pdf\" target=\"_blank\">LEI N\u00ba 2.215 DE 10 DE NOVEMBRO DE 2016<\/a><\/strong><\/p>\n<p style=\"text-align: justify;\">\u201cRegulamenta e disciplina a cria\u00e7\u00e3o, guarda, utiliza\u00e7\u00e3o e transporte de animais dom\u00e9sticos ou de estima\u00e7\u00e3o no Munic\u00edpio de Rio Branco.\u201d<\/p>\n<p style=\"text-align: justify;\"><strong><a href=\"https:\/\/cgm.riobranco.ac.gov.br\/lai\/wp-content\/uploads\/2013\/10\/2016-DECRETO-N\u00ba-018-2016-Altera-o-Decreto-n\u00b0-2.956-2008-Extra\u00e7\u00e3o-de-Areia.pdf\" target=\"_blank\">DECRETO N\u00ba 018 DE 12 DE JANEIRO DE 2016<\/a><\/strong><\/p>\n<p style=\"text-align: justify;\">&#8220;Altera o Decreto N\u00b0 2.956, de 13 de agosto de 2.008.\u201d<\/p>\n<p style=\"text-align: justify;\"><strong><a href=\"https:\/\/cgm.riobranco.ac.gov.br\/lai\/wp-content\/uploads\/2013\/10\/2009-LEI-N\u00ba-1.784-de-18.12.2009-Altera-a-Lei-n\u00ba-1.330-LICENCIAMENTO-AMBIENTAL-SIMPLIFICADO.pdf\" target=\"_blank\">LEI N\u00ba 1.784 DE 18 DE DEZEMBRO DE 2009<\/a><\/strong><\/p>\n<p style=\"text-align: justify;\">&#8220;Acrescenta incisos ao art. 21, da Lei Municipal n\u00ba 1.330, de 23 de setembro de 1999; Altera o art. 51; d\u00e1 nova reda\u00e7\u00e3o ao artigo 52 para autorizar a compensa\u00e7\u00e3o ambiental de impactos potencialmente ou efetivamente causados por empreendimentos ou atividades locais; e acrescenta par\u00e1grafos ao art. 53 para dispor sobre o Licenciamento Ambiental Simplificado, na forma que especifica.&#8221;<\/p>\n<p style=\"text-align: justify;\"><strong><a href=\"https:\/\/cgm.riobranco.ac.gov.br\/lai\/wp-content\/uploads\/2013\/10\/LEI-N\u00ba-1.543-de-29.07.2005-Doa\u00e7\u00e3o-de-Mudas-de-Arvore-para-as-Escolas.pdf\" target=\"_blank\">LEI N\u00ba 1.543 DE 29 DE JULHO DE 2005<\/a><\/strong><\/p>\n<p style=\"text-align: justify;\">\u201cDisp\u00f5e sobre a doa\u00e7\u00e3o de mudas de arvores \u00e0s crian\u00e7as matriculadas na primeira serie do 1.\u00ba grau na rede P\u00fablica Municipal.\u201d<\/p>\n<p style=\"text-align: justify;\"><strong><a href=\"https:\/\/cgm.riobranco.ac.gov.br\/lai\/wp-content\/uploads\/2013\/10\/2002-LEI-N\u00ba-1.465-de-16.01.2002-Altera-a-Lei-N\u00ba-1.330-1999-SEMEIA.pdf\" target=\"_blank\">LEI N\u00ba 1465 DE 16 DE JANEIRO DE 2002<\/a><\/strong><\/p>\n<p style=\"text-align: justify;\">\u201cAltera \u00edndices e par\u00e2metros referidos no artigo 50 da Lei Municipal n\u00ba1330\/99,que disp\u00f5e sobre empreendimentos na zona urbana do Munic\u00edpio de Rio Branco sujeitos \u00e0 licenciamento ambiental.\u201d<\/p>\n<p style=\"text-align: justify;\"><strong><a href=\"https:\/\/cgm.riobranco.ac.gov.br\/lai\/wp-content\/uploads\/2013\/10\/2002-LEI-N\u00ba-1.459-de-16.01.2002-San\u00e7\u00f5es-Adm.-\u00e0s-condutas-e-atividades-lesivas-ao-Meio-Ambiente.pdf\" target=\"_blank\">LEI N\u00ba 1.459 DE 16 DE JANEIRO DE 2002<\/a><\/strong><\/p>\n<p style=\"text-align: justify;\">&#8220;Disp\u00f5e sobre a especifica\u00e7\u00e3o das san\u00e7\u00f5es administrativas aplic\u00e1veis \u00e1s condutas e atividades lesivas ao meio ambiente, complementando a Lei n\u00ba 1.330 de 23 de setembro de 1999 e d\u00e1 outras provid\u00eancias.&#8221;<\/p>\n<p style=\"text-align: justify;\"><strong><a href=\"https:\/\/cgm.riobranco.ac.gov.br\/lai\/wp-content\/uploads\/2013\/10\/1999-LEI-N\u00ba-1.330-DE-23.09.1999-Pol\u00edtica-Municipal-de-Meio-Ambiente-PMMA.pdf\" target=\"_blank\">LEI N\u00ba 1.330 DE 23 DE SETEMBRO DE 1999<\/a><\/strong><\/p>\n<p style=\"text-align: justify;\">&#8220;Disp\u00f5e sobre a Pol\u00edtica Municipal de Meio Ambiente, seus fins e mecanismos de formula\u00e7\u00e3o e aplica\u00e7\u00e3o, instituindo o Sistema Municipal de Meio Ambiente e alterando as compet\u00eancias da SEMEIA e do COMDEMA, e d\u00e1 outras provid\u00eancias.&#8221;<\/p>\n","protected":false},"excerpt":{"rendered":"<p>DECRETO N\u00ba 1.276 DE 24 DE AGOSTO DE 2022 &#8220;O art. 14 do Decreto n\u00ba 044, de 13 de janeiro de 2022, que estabelece diretrizes e procedimentos para aplica\u00e7\u00e3o da compensa\u00e7\u00e3o ambiental de empreendimentos ou atividades efetiva ou potencialmente causadoras de impacto ambiental local.&#8221; LEI N\u00ba 2.422 DE 25 DE JANEIRO DE 2022 \u201cDisp\u00f5e sobre [&hellip;]<\/p>\n","protected":false},"author":2,"featured_media":0,"parent":20,"menu_order":25,"comment_status":"open","ping_status":"open","template":"","meta":{"footnotes":""},"class_list":["post-225","page","type-page","status-publish","hentry"],"_links":{"self":[{"href":"https:\/\/cgm.riobranco.ac.gov.br\/lai\/wp-json\/wp\/v2\/pages\/225","targetHints":{"allow":["GET"]}}],"collection":[{"href":"https:\/\/cgm.riobranco.ac.gov.br\/lai\/wp-json\/wp\/v2\/pages"}],"about":[{"href":"https:\/\/cgm.riobranco.ac.gov.br\/lai\/wp-json\/wp\/v2\/types\/page"}],"author":[{"embeddable":true,"href":"https:\/\/cgm.riobranco.ac.gov.br\/lai\/wp-json\/wp\/v2\/users\/2"}],"replies":[{"embeddable":true,"href":"https:\/\/cgm.riobranco.ac.gov.br\/lai\/wp-json\/wp\/v2\/comments?post=225"}],"version-history":[{"count":27,"href":"https:\/\/cgm.riobranco.ac.gov.br\/lai\/wp-json\/wp\/v2\/pages\/225\/revisions"}],"predecessor-version":[{"id":4858,"href":"https:\/\/cgm.riobranco.ac.gov.br\/lai\/wp-json\/wp\/v2\/pages\/225\/revisions\/4858"}],"up":[{"embeddable":true,"href":"https:\/\/cgm.riobranco.ac.gov.br\/lai\/wp-json\/wp\/v2\/pages\/20"}],"wp:attachment":[{"href":"https:\/\/cgm.riobranco.ac.gov.br\/lai\/wp-json\/wp\/v2\/media?parent=225"}],"curies":[{"name":"wp","href":"https:\/\/api.w.org\/{rel}","templated":true}]}}